{"id":5119,"date":"2024-09-18T08:34:11","date_gmt":"2024-09-18T06:34:11","guid":{"rendered":"https:\/\/bertrand.pl\/?post_type=product&#038;p=5119"},"modified":"2025-07-14T14:57:01","modified_gmt":"2025-07-14T12:57:01","slug":"mb-sr50n-iw","status":"publish","type":"product","link":"https:\/\/bertrand.pl\/nl\/produkt\/mb-sr50n-iw\/","title":{"rendered":"MB-SR50N IW"},"content":{"rendered":"<h3>MB-SR50N IW vliesgevelsysteem \u2013 moderne oplossingen voor kolom-balkgevels<\/h3>\n<p>&nbsp;<\/p>\n<p>Het MB-SR50N IW vliesgevelsysteem is een innovatieve oplossing die het gebruik van verschillende ramen in kolom-en-liggergevels mogelijk maakt en zowel esthetiek als functionaliteit biedt. Dankzij dit systeem kunnen architecten en investeerders moderne, energiebesparende en visueel aantrekkelijke gevels van gebouwen cre\u00ebren.<\/p>\n<h4>Verscheidenheid aan vensters in het MB-SR50N IW-systeem<\/h4>\n<p>&nbsp;<\/p>\n<p>Met het MB-SR50N IW-systeem kunnen verschillende soorten ramen worden ge\u00efnstalleerd die perfect voldoen aan de behoeften van moderne architectonische ontwerpen. De belangrijkste oplossingen zijn onder meer:<\/p>\n<ol>\n<li><strong>Ramen met zichtbaar frame<\/strong>:\n<ul>\n<li>Ze kunnen naar binnen of naar buiten worden geopend.<\/li>\n<li>Ze garanderen duurzaamheid en dichtheid, waardoor ze een ideale keuze zijn voor commerci\u00eble en kantoorgebouwen.<\/li>\n<\/ul>\n<\/li>\n<li><strong>Frameloze buitenramen<\/strong>:\n<ul>\n<li>Kantelt naar buiten door middel van structurele systeemprofielen.<\/li>\n<li>Minimalistisch design zorgt voor een elegante uitstraling van de gevel, wat cruciaal is voor gebouwen met een moderne stijl.<\/li>\n<\/ul>\n<\/li>\n<\/ol>\n<h4>Moderne naar binnen openende ramen<\/h4>\n<p>&nbsp;<\/p>\n<p>Ze zijn een speciale oplossing <strong>naar binnen openende ramen<\/strong>, die zich onderscheiden door hun unieke esthetiek. Dit komt omdat ze van buitenaf lijken op stationaire beglazing, waardoor de visuele uniformiteit van de gevel behouden blijft. Binnenin cre\u00ebren ze een uniform oppervlak met kolom- en liggerprofielen. Dankzij deze oplossing bereiken we zowel visuele consistentie als functionaliteit.<\/p>\n<h4>Structurele beglazing en thermische isolatie<\/h4>\n<p>&nbsp;<\/p>\n<p>Het MB-SR50 IW-systeem maakt gebruik van <strong>structurele beglazing<\/strong> met gelijmd glas zonder &quot;stap&quot;. Deze moderne aanpak zorgt voor:<\/p>\n<ul>\n<li>Unieke esthetiek \u2013 het ontbreken van zichtbare glasranden verhoogt de visuele waarde.<\/li>\n<li>Uitstekende thermische isolatie - warmteoverdrachtsco\u00ebffici\u00ebnt Uf=1,82 W\/m\u00b2K in de standaardversie. Hierdoor helpt het systeem de exploitatiekosten van gebouwen te verlagen.<\/li>\n<\/ul>\n<h4>Varianten beschikbaar in het MB-SR50N IW-systeem<\/h4>\n<p>&nbsp;<\/p>\n<p>Het systeem biedt verschillende varianten, waardoor u het kunt aanpassen aan individuele ontwerpbehoeften:<\/p>\n<ul>\n<li><strong>Standaard<\/strong> \u2013 klassieke uitstraling en functionaliteit.<\/li>\n<li><strong>Met platte strook<\/strong> \u2013 zorgen voor een minimalistisch ontwerp.<\/li>\n<li><strong>EFFECT<\/strong> \u2013 een oplossing speciaal voor projecten die de hoogste esthetiek vereisen.<\/li>\n<\/ul>\n<p>Dit systeem is een ideale keuze voor investeerders en architecten die op zoek zijn naar moderne oplossingen voor gevels met stijl en balken. De veelzijdigheid, esthetiek en uitstekende technische parameters maken het tot een van de meest gekozen oplossingen in de moderne bouw. De toepassing van dit systeem garandeert een visueel aantrekkelijke gevel die bovendien voldoet aan de hoogste thermische isolatienormen.<\/p>","protected":false},"excerpt":{"rendered":"<p><strong>GEVEL MET GE\u00cfNTEGREERD VENSTER<\/strong><\/p>\n<p>Een vliesgevelsysteem met een naar binnen openend raam en een onzichtbaar kozijn aan de buitenzijde.<\/p>","protected":false},"featured_media":5121,"template":"","meta":{"site-sidebar-layout":"default","site-content-layout":"","ast-site-content-layout":"default","site-content-style":"default","site-sidebar-style":"default","ast-global-header-display":"","ast-banner-title-visibility":"","ast-main-header-display":"","ast-hfb-above-header-display":"","ast-hfb-below-header-display":"","ast-hfb-mobile-header-display":"","site-post-title":"","ast-breadcrumbs-content":"","ast-featured-img":"","footer-sml-layout":"","ast-disable-related-posts":"","theme-transparent-header-meta":"default","adv-header-id-meta":"","stick-header-meta":"","header-above-stick-meta":"","header-main-stick-meta":"","header-below-stick-meta":"","astra-migrate-meta-layouts":"set","ast-page-background-enabled":"default","ast-page-background-meta":{"desktop":{"background-color":"var(--ast-global-color-4)","background-image":"","background-repeat":"repeat","background-position":"center center","background-size":"auto","background-attachment":"scroll","background-type":"","background-media":"","overlay-type":"","overlay-color":"","overlay-opacity":"","overlay-gradient":""},"tablet":{"background-color":"","background-image":"","background-repeat":"repeat","background-position":"center center","background-size":"auto","background-attachment":"scroll","background-type":"","background-media":"","overlay-type":"","overlay-color":"","overlay-opacity":"","overlay-gradient":""},"mobile":{"background-color":"","background-image":"","background-repeat":"repeat","background-position":"center center","background-size":"auto","background-attachment":"scroll","background-type":"","background-media":"","overlay-type":"","overlay-color":"","overlay-opacity":"","overlay-gradient":""}},"ast-content-background-meta":{"desktop":{"background-color":"var(--ast-global-color-5)","background-image":"","background-repeat":"repeat","background-position":"center center","background-size":"auto","background-attachment":"scroll","background-type":"","background-media":"","overlay-type":"","overlay-color":"","overlay-opacity":"","overlay-gradient":""},"tablet":{"background-color":"var(--ast-global-color-5)","background-image":"","background-repeat":"repeat","background-position":"center center","background-size":"auto","background-attachment":"scroll","background-type":"","background-media":"","overlay-type":"","overlay-color":"","overlay-opacity":"","overlay-gradient":""},"mobile":{"background-color":"var(--ast-global-color-5)","background-image":"","background-repeat":"repeat","background-position":"center center","background-size":"auto","background-attachment":"scroll","background-type":"","background-media":"","overlay-type":"","overlay-color":"","overlay-opacity":"","overlay-gradient":""}}},"product_brand":[],"product_cat":[20],"product_tag":[349,168,717,816,661,824,417,825,821,831,827,823,822,809,826,828,829,830],"class_list":{"0":"post-5119","1":"product","2":"type-product","3":"status-publish","4":"has-post-thumbnail","6":"product_cat-fasady","7":"product_tag-aluprof","8":"product_tag-bertrand","9":"product_tag-bertrand-okna-i-drzwi","10":"product_tag-elewacje","11":"product_tag-estetyka","12":"product_tag-fasada-bezramowa","13":"product_tag-fasady","14":"product_tag-izolacyjnosc-termiczna","15":"product_tag-mb-sr50-iw","16":"product_tag-nowoczesne-okna","17":"product_tag-okno-bezramowe","18":"product_tag-okno-otwierane-do-wewnatrz","19":"product_tag-sciana-oslonowa","20":"product_tag-slupowo-ryglowy","21":"product_tag-strukturalne-przeszklenie","22":"product_tag-system-efekt","23":"product_tag-szklenie-strukturalne","24":"product_tag-wspolczynnik-uf","25":"desktop-align-left","26":"tablet-align-left","27":"mobile-align-left","29":"first","30":"instock","31":"shipping-taxable","32":"product-type-simple"},"yoast_head":"<!-- This site is optimized with the Yoast SEO Premium plugin v27.2 (Yoast SEO v27.2) - https:\/\/yoast.com\/product\/yoast-seo-premium-wordpress\/ -->\n<title>MB-SR50N IW \u2013 funkcjonalno\u015b\u0107 ukryta w fasadzie<\/title>\n<meta name=\"description\" content=\"MB-SR50N IW. System \u015bciany os\u0142onowej z oknem otwieranym do wewn\u0105trz, z niewidoczn\u0105 ram\u0105 od strony zewn\u0119trznej. Dost\u0119pna w trzech wariantach.\" \/>\n<meta name=\"robots\" content=\"index, follow, max-snippet:-1, max-image-preview:large, max-video-preview:-1\" \/>\n<link rel=\"canonical\" href=\"https:\/\/bertrand.pl\/nl\/product-2\/mb-sr50n-iw\/\" \/>\n<meta property=\"og:locale\" content=\"nl_NL\" \/>\n<meta property=\"og:type\" content=\"article\" \/>\n<meta property=\"og:title\" content=\"MB-SR50N IW\" \/>\n<meta property=\"og:description\" content=\"MB-SR50N IW. System \u015bciany os\u0142onowej z oknem otwieranym do wewn\u0105trz, z niewidoczn\u0105 ram\u0105 od strony zewn\u0119trznej. Dost\u0119pna w trzech wariantach.\" \/>\n<meta property=\"og:url\" content=\"https:\/\/bertrand.pl\/nl\/product-2\/mb-sr50n-iw\/\" \/>\n<meta property=\"og:site_name\" content=\"Bertrand. Najwy\u017cszej jako\u015bci okna i drzwi. Certyfikowany producent od 1969 roku.\" \/>\n<meta property=\"article:publisher\" content=\"https:\/\/www.facebook.com\/bertrandpolska\/\" \/>\n<meta property=\"article:modified_time\" content=\"2025-07-14T12:57:01+00:00\" \/>\n<meta property=\"og:image\" content=\"https:\/\/bertrand.pl\/wp-content\/uploads\/2024\/09\/mb-sr50n-iw-75-pl.webp\" \/>\n\t<meta property=\"og:image:width\" content=\"613\" \/>\n\t<meta property=\"og:image:height\" content=\"614\" \/>\n\t<meta property=\"og:image:type\" content=\"image\/webp\" \/>\n<meta name=\"twitter:card\" content=\"summary_large_image\" \/>\n<meta name=\"twitter:label1\" content=\"Geschatte leestijd\" \/>\n\t<meta name=\"twitter:data1\" content=\"3 minuten\" \/>\n<script type=\"application\/ld+json\" class=\"yoast-schema-graph\">{\"@context\":\"https:\/\/schema.org\",\"@graph\":[{\"@type\":\"WebPage\",\"@id\":\"https:\/\/bertrand.pl\/produkt\/mb-sr50n-iw\/\",\"url\":\"https:\/\/bertrand.pl\/produkt\/mb-sr50n-iw\/\",\"name\":\"MB-SR50N IW \u2013 funkcjonalno\u015b\u0107 ukryta w fasadzie\",\"isPartOf\":{\"@id\":\"https:\/\/bertrand.pl\/#website\"},\"primaryImageOfPage\":{\"@id\":\"https:\/\/bertrand.pl\/produkt\/mb-sr50n-iw\/#primaryimage\"},\"image\":{\"@id\":\"https:\/\/bertrand.pl\/produkt\/mb-sr50n-iw\/#primaryimage\"},\"thumbnailUrl\":\"https:\/\/bertrand.pl\/wp-content\/uploads\/2024\/09\/mb-sr50n-iw-75-pl.webp\",\"datePublished\":\"2024-09-18T06:34:11+00:00\",\"dateModified\":\"2025-07-14T12:57:01+00:00\",\"description\":\"MB-SR50N IW. System \u015bciany os\u0142onowej z oknem otwieranym do wewn\u0105trz, z niewidoczn\u0105 ram\u0105 od strony zewn\u0119trznej. Dost\u0119pna w trzech wariantach.\",\"breadcrumb\":{\"@id\":\"https:\/\/bertrand.pl\/produkt\/mb-sr50n-iw\/#breadcrumb\"},\"inLanguage\":\"nl-NL\",\"potentialAction\":[{\"@type\":\"ReadAction\",\"target\":[\"https:\/\/bertrand.pl\/produkt\/mb-sr50n-iw\/\"]}]},{\"@type\":\"ImageObject\",\"inLanguage\":\"nl-NL\",\"@id\":\"https:\/\/bertrand.pl\/produkt\/mb-sr50n-iw\/#primaryimage\",\"url\":\"https:\/\/bertrand.pl\/wp-content\/uploads\/2024\/09\/mb-sr50n-iw-75-pl.webp\",\"contentUrl\":\"https:\/\/bertrand.pl\/wp-content\/uploads\/2024\/09\/mb-sr50n-iw-75-pl.webp\",\"width\":613,\"height\":614},{\"@type\":\"BreadcrumbList\",\"@id\":\"https:\/\/bertrand.pl\/produkt\/mb-sr50n-iw\/#breadcrumb\",\"itemListElement\":[{\"@type\":\"ListItem\",\"position\":1,\"name\":\"Strona g\u0142\u00f3wna\",\"item\":\"https:\/\/bertrand.pl\/\"},{\"@type\":\"ListItem\",\"position\":2,\"name\":\"Produits\",\"item\":\"https:\/\/bertrand.pl\/fr\/shop\/\"},{\"@type\":\"ListItem\",\"position\":3,\"name\":\"MB-SR50N IW\"}]},{\"@type\":\"WebSite\",\"@id\":\"https:\/\/bertrand.pl\/#website\",\"url\":\"https:\/\/bertrand.pl\/\",\"name\":\"Bertrand.pl\",\"description\":\"Firma Bertrand to certyfikowany i uznany producent najwy\u017cszej jako\u015bci okien z PVC, z drewna lub aluminium. Produkcja drzwi, rolet i bram gara\u017cowych.\",\"publisher\":{\"@id\":\"https:\/\/bertrand.pl\/#organization\"},\"potentialAction\":[{\"@type\":\"SearchAction\",\"target\":{\"@type\":\"EntryPoint\",\"urlTemplate\":\"https:\/\/bertrand.pl\/?s={search_term_string}\"},\"query-input\":{\"@type\":\"PropertyValueSpecification\",\"valueRequired\":true,\"valueName\":\"search_term_string\"}}],\"inLanguage\":\"nl-NL\"},{\"@type\":\"Organization\",\"@id\":\"https:\/\/bertrand.pl\/#organization\",\"name\":\"Bertrand.pl\",\"url\":\"https:\/\/bertrand.pl\/\",\"logo\":{\"@type\":\"ImageObject\",\"inLanguage\":\"nl-NL\",\"@id\":\"https:\/\/bertrand.pl\/#\/schema\/logo\/image\/\",\"url\":\"https:\/\/bertrand.pl\/wp-content\/uploads\/2024\/12\/logo_BB_TM_PL_black.png\",\"contentUrl\":\"https:\/\/bertrand.pl\/wp-content\/uploads\/2024\/12\/logo_BB_TM_PL_black.png\",\"width\":1831,\"height\":1831,\"caption\":\"Bertrand.pl\"},\"image\":{\"@id\":\"https:\/\/bertrand.pl\/#\/schema\/logo\/image\/\"},\"sameAs\":[\"https:\/\/www.facebook.com\/bertrandpolska\/\",\"https:\/\/www.instagram.com\/bertrand_okna_i_drzwi\/\",\"https:\/\/www.linkedin.com\/company\/bertrand\/\",\"https:\/\/www.tiktok.com\/@bertrand_okna_drzwi\"]}]}<\/script>\n<!-- \/ Yoast SEO Premium plugin. -->","yoast_head_json":{"title":"MB-SR50N IW \u2013 funkcjonalno\u015b\u0107 ukryta w fasadzie","description":"MB-SR50N IW. Een vliesgevelsysteem met een naar binnen openend raam en een onzichtbaar kozijn aan de buitenzijde. Verkrijgbaar in drie varianten.","robots":{"index":"index","follow":"follow","max-snippet":"max-snippet:-1","max-image-preview":"max-image-preview:large","max-video-preview":"max-video-preview:-1"},"canonical":"https:\/\/bertrand.pl\/nl\/product-2\/mb-sr50n-iw\/","og_locale":"nl_NL","og_type":"article","og_title":"MB-SR50N IW","og_description":"MB-SR50N IW. System \u015bciany os\u0142onowej z oknem otwieranym do wewn\u0105trz, z niewidoczn\u0105 ram\u0105 od strony zewn\u0119trznej. Dost\u0119pna w trzech wariantach.","og_url":"https:\/\/bertrand.pl\/nl\/product-2\/mb-sr50n-iw\/","og_site_name":"Bertrand. Najwy\u017cszej jako\u015bci okna i drzwi. Certyfikowany producent od 1969 roku.","article_publisher":"https:\/\/www.facebook.com\/bertrandpolska\/","article_modified_time":"2025-07-14T12:57:01+00:00","og_image":[{"width":613,"height":614,"url":"https:\/\/bertrand.pl\/wp-content\/uploads\/2024\/09\/mb-sr50n-iw-75-pl.webp","type":"image\/webp"}],"twitter_card":"summary_large_image","twitter_misc":{"Geschatte leestijd":"3 minuten"},"schema":{"@context":"https:\/\/schema.org","@graph":[{"@type":"WebPage","@id":"https:\/\/bertrand.pl\/produkt\/mb-sr50n-iw\/","url":"https:\/\/bertrand.pl\/produkt\/mb-sr50n-iw\/","name":"MB-SR50N IW \u2013 funkcjonalno\u015b\u0107 ukryta w fasadzie","isPartOf":{"@id":"https:\/\/bertrand.pl\/#website"},"primaryImageOfPage":{"@id":"https:\/\/bertrand.pl\/produkt\/mb-sr50n-iw\/#primaryimage"},"image":{"@id":"https:\/\/bertrand.pl\/produkt\/mb-sr50n-iw\/#primaryimage"},"thumbnailUrl":"https:\/\/bertrand.pl\/wp-content\/uploads\/2024\/09\/mb-sr50n-iw-75-pl.webp","datePublished":"2024-09-18T06:34:11+00:00","dateModified":"2025-07-14T12:57:01+00:00","description":"MB-SR50N IW. Een vliesgevelsysteem met een naar binnen openend raam en een onzichtbaar kozijn aan de buitenzijde. Verkrijgbaar in drie varianten.","breadcrumb":{"@id":"https:\/\/bertrand.pl\/produkt\/mb-sr50n-iw\/#breadcrumb"},"inLanguage":"nl-NL","potentialAction":[{"@type":"ReadAction","target":["https:\/\/bertrand.pl\/produkt\/mb-sr50n-iw\/"]}]},{"@type":"ImageObject","inLanguage":"nl-NL","@id":"https:\/\/bertrand.pl\/produkt\/mb-sr50n-iw\/#primaryimage","url":"https:\/\/bertrand.pl\/wp-content\/uploads\/2024\/09\/mb-sr50n-iw-75-pl.webp","contentUrl":"https:\/\/bertrand.pl\/wp-content\/uploads\/2024\/09\/mb-sr50n-iw-75-pl.webp","width":613,"height":614},{"@type":"BreadcrumbList","@id":"https:\/\/bertrand.pl\/produkt\/mb-sr50n-iw\/#breadcrumb","itemListElement":[{"@type":"ListItem","position":1,"name":"Strona g\u0142\u00f3wna","item":"https:\/\/bertrand.pl\/"},{"@type":"ListItem","position":2,"name":"Produits","item":"https:\/\/bertrand.pl\/fr\/shop\/"},{"@type":"ListItem","position":3,"name":"MB-SR50N IW"}]},{"@type":"WebSite","@id":"https:\/\/bertrand.pl\/#website","url":"https:\/\/bertrand.pl\/","name":"Bertrand.pl","description":"Firma Bertrand to certyfikowany i uznany producent najwy\u017cszej jako\u015bci okien z PVC, z drewna lub aluminium. Produkcja drzwi, rolet i bram gara\u017cowych.","publisher":{"@id":"https:\/\/bertrand.pl\/#organization"},"potentialAction":[{"@type":"SearchAction","target":{"@type":"EntryPoint","urlTemplate":"https:\/\/bertrand.pl\/?s={search_term_string}"},"query-input":{"@type":"PropertyValueSpecification","valueRequired":true,"valueName":"search_term_string"}}],"inLanguage":"nl-NL"},{"@type":"Organization","@id":"https:\/\/bertrand.pl\/#organization","name":"Bertrand.pl","url":"https:\/\/bertrand.pl\/","logo":{"@type":"ImageObject","inLanguage":"nl-NL","@id":"https:\/\/bertrand.pl\/#\/schema\/logo\/image\/","url":"https:\/\/bertrand.pl\/wp-content\/uploads\/2024\/12\/logo_BB_TM_PL_black.png","contentUrl":"https:\/\/bertrand.pl\/wp-content\/uploads\/2024\/12\/logo_BB_TM_PL_black.png","width":1831,"height":1831,"caption":"Bertrand.pl"},"image":{"@id":"https:\/\/bertrand.pl\/#\/schema\/logo\/image\/"},"sameAs":["https:\/\/www.facebook.com\/bertrandpolska\/","https:\/\/www.instagram.com\/bertrand_okna_i_drzwi\/","https:\/\/www.linkedin.com\/company\/bertrand\/","https:\/\/www.tiktok.com\/@bertrand_okna_drzwi"]}]}},"_links":{"self":[{"href":"https:\/\/bertrand.pl\/nl\/wp-json\/wp\/v2\/product\/5119","targetHints":{"allow":["GET"]}}],"collection":[{"href":"https:\/\/bertrand.pl\/nl\/wp-json\/wp\/v2\/product"}],"about":[{"href":"https:\/\/bertrand.pl\/nl\/wp-json\/wp\/v2\/types\/product"}],"wp:featuredmedia":[{"embeddable":true,"href":"https:\/\/bertrand.pl\/nl\/wp-json\/wp\/v2\/media\/5121"}],"wp:attachment":[{"href":"https:\/\/bertrand.pl\/nl\/wp-json\/wp\/v2\/media?parent=5119"}],"wp:term":[{"taxonomy":"product_brand","embeddable":true,"href":"https:\/\/bertrand.pl\/nl\/wp-json\/wp\/v2\/product_brand?post=5119"},{"taxonomy":"product_cat","embeddable":true,"href":"https:\/\/bertrand.pl\/nl\/wp-json\/wp\/v2\/product_cat?post=5119"},{"taxonomy":"product_tag","embeddable":true,"href":"https:\/\/bertrand.pl\/nl\/wp-json\/wp\/v2\/product_tag?post=5119"}],"curies":[{"name":"wp","href":"https:\/\/api.w.org\/{rel}","templated":true}]}}