{"id":5129,"date":"2024-09-25T09:49:43","date_gmt":"2024-09-25T07:49:43","guid":{"rendered":"https:\/\/bertrand.pl\/?post_type=product&#038;p=5129"},"modified":"2025-07-14T12:27:28","modified_gmt":"2025-07-14T10:27:28","slug":"venstertransparantie","status":"publish","type":"product","link":"https:\/\/bertrand.pl\/nl\/produkt\/okno-przeziernosc\/","title":{"rendered":"Venster met variabele transparantie"},"content":{"rendered":"<p><strong>Raam met variabele transparantie - innovatief elektrisch bediend glas<\/strong><\/p>\n<p>Elektronisch gestuurd glas met variabele transparantie is een moderne oplossing die esthetiek combineert met functionaliteit. Dankzij de geavanceerde technologie van vloeibare kristalfolie is slechts \u00e9\u00e9n klik voldoende om het glas van uiterlijk te veranderen - van ondoorzichtig naar transparant. <strong>Venster met variabele transparantie<\/strong> biedt een hoge lichttransmissie, ongeacht veranderingen in de transparantie, waardoor het een ideale keuze is voor zowel residenti\u00eble als commerci\u00eble ruimtes.<\/p>\n<h3><strong>Hoe werkt glas met variabele transparantie?<\/strong><\/h3>\n<p>&nbsp;<\/p>\n<p>De werking van het glas is gebaseerd op de technologie van gelaagd glas met vloeibare kristalfolie. Wanneer de stroom wordt geactiveerd, rangschikken de vloeibare kristallen zichzelf op een ordelijke manier, waardoor het glas transparant wordt. Als de stroom wordt uitgeschakeld, keren de kristallen terug naar hun oorspronkelijke, chaotische opstelling, waardoor het glas een natuurlijke, matte uitstraling krijgt. Hierdoor is deze oplossing niet alleen praktisch, maar ook energiebesparend en esthetisch.<\/p>\n<p>&nbsp;<\/p>\n<figure id=\"attachment_5130\" aria-describedby=\"caption-attachment-5130\" style=\"width: 658px\" class=\"wp-caption alignnone\"><img fetchpriority=\"high\" decoding=\"async\" class=\"wp-image-5130\" src=\"https:\/\/bertrand.pl\/wp-content\/uploads\/2024\/09\/priva-lite-dzialanie1.jpg\" alt=\"Ontdek hoe een venster met variabele transparantie werkt. \" width=\"658\" height=\"186\" srcset=\"https:\/\/bertrand.pl\/wp-content\/uploads\/2024\/09\/priva-lite-dzialanie1.jpg 1660w, https:\/\/bertrand.pl\/wp-content\/uploads\/2024\/09\/priva-lite-dzialanie1-420x119.jpg 420w, https:\/\/bertrand.pl\/wp-content\/uploads\/2024\/09\/priva-lite-dzialanie1-1360x384.jpg 1360w, https:\/\/bertrand.pl\/wp-content\/uploads\/2024\/09\/priva-lite-dzialanie1-768x217.jpg 768w, https:\/\/bertrand.pl\/wp-content\/uploads\/2024\/09\/priva-lite-dzialanie1-1536x434.jpg 1536w, https:\/\/bertrand.pl\/wp-content\/uploads\/2024\/09\/priva-lite-dzialanie1-18x5.jpg 18w, https:\/\/bertrand.pl\/wp-content\/uploads\/2024\/09\/priva-lite-dzialanie1-600x170.jpg 600w, https:\/\/bertrand.pl\/wp-content\/uploads\/2024\/09\/priva-lite-dzialanie1-350x100.jpg 350w\" sizes=\"(max-width: 658px) 100vw, 658px\" \/><figcaption id=\"caption-attachment-5130\" class=\"wp-caption-text\">Bediening van een raam met variabele transparantie.<\/figcaption><\/figure>\n<p>&nbsp;<\/p>\n<h3><strong>Technische specificaties van een raam met variabele transparantie<\/strong><\/h3>\n<p><strong>Raam voorzien van elektrisch bedienbaar glas<\/strong> biedt een verscheidenheid aan personalisatieopties:<\/p>\n<ul>\n<li><strong>Gehard glas<\/strong> \u2013 zorgen voor een grotere duurzaamheid en veiligheid,<\/li>\n<li><strong>Gekleurd of bedrukt glas<\/strong> \u2013 perfect voor projecten die een uniek ontwerp vereisen,<\/li>\n<li><strong>Gebogen glas<\/strong> \u2013 perfect voor moderne, unieke projecten,<\/li>\n<li><strong>Standaard constructie<\/strong> \u2013 gelaagd glas 55,4 (12 mm) met mogelijkheid tot bestellen in de vorm van een glasunit.<\/li>\n<\/ul>\n<hr \/>\n<h3><strong>Toepassingen van glas met variabele transparantie<\/strong><\/h3>\n<p>Een raam met variabele transparantie wordt veel toegepast in diverse projecten. Dankzij hun veelzijdigheid kunnen ze worden gebruikt als:<\/p>\n<ul>\n<li><strong>Interne scheidingswanden<\/strong>, waardoor een snelle verandering in het karakter van kamers mogelijk is,<\/li>\n<li><strong>Interactieve reclameschermen<\/strong>, perfect voor moderne marketingcampagnes,<\/li>\n<li><strong>Schuifdeuren<\/strong>, waarbij esthetiek wordt gecombineerd met functionaliteit,<\/li>\n<li><strong>Beglazing van gevels en etalages<\/strong>, vooral in commerci\u00eble ruimtes,<\/li>\n<li><strong>Beglazingen met \u00e9\u00e9n en twee kamers<\/strong>die voldoen aan de isolatie-eisen,<\/li>\n<li><strong>Glazen vloeren<\/strong>, wat een modern accent geeft aan het interieur,<\/li>\n<li><strong>Achterprojectieschermen<\/strong>, perfect voor presentaties en multimedia-evenementen.<\/li>\n<\/ul>\n<hr \/>\n<h3><strong>Waarom is het de moeite waard om een venster met variabele transparantie te kiezen?<\/strong><\/h3>\n<ol>\n<li><strong>Modern ontwerp<\/strong> \u2013 elektrisch bedienbaar glas benadrukt het moderne karakter van het interieur,<\/li>\n<li><strong>Veelzijdigheid van gebruik<\/strong> \u2013 kan worden gebruikt in appartementen, kantoren, restaurants en winkels,<\/li>\n<li><strong>Functionaliteit<\/strong> \u2013 Door de snelle verandering van transparantie kunt u de ruimte aanpassen aan de huidige behoeften,<\/li>\n<li><strong>Thermische en akoestische isolatie<\/strong> \u2013 gelaagd glas vermindert effectief geluid en beperkt warmteverlies,<\/li>\n<li><strong>Energiebesparing<\/strong> \u2013 vloeibare kristaltechnologie minimaliseert het energieverbruik en verhoogt het gebruikscomfort.<\/li>\n<\/ol>\n<hr \/>\n<h3><\/h3>\n<p>Een raam met elektrisch bedienbaar glas is een innovatieve oplossing die een revolutie teweegbrengt in de manier waarop u de ruimte gebruikt. Dankzij de geavanceerde vloeibare kristalfolietechnologie combineert het een moderne uitstraling met functionaliteit, waardoor zowel esthetiek als functionaliteit worden gegarandeerd. Als u op zoek bent naar een product dat zich aan uw behoeften aanpast, <strong>glas met variabele transparantie<\/strong> het is de perfecte keuze.<\/p>\n<p>&nbsp;<\/p>\n<p>Kijk hoe het werkt \u2013 <a href=\"https:\/\/www.youtube.com\/watch?v=Rcez_9PYouk\">BERTRAND raam met glas met variabele transparantie. \u2013 YouTube<\/a><\/p>\n<p>Welke zonwering moet je kiezen voor je ramen? Rekening: <a href=\"https:\/\/bertrand.pl\/nl\/product-2\/schermjaloezieen\/\">Schermzonwering \u2013 Bertrand.pl<\/a><\/p>\n<figure id=\"attachment_5131\" aria-describedby=\"caption-attachment-5131\" style=\"width: 800px\" class=\"wp-caption alignnone\"><img decoding=\"async\" class=\"wp-image-5131\" src=\"https:\/\/bertrand.pl\/wp-content\/uploads\/2024\/09\/priva-lite.jpg\" alt=\"Venster met variabele transparantie. Met slechts \u00e9\u00e9n klik wordt het ondoorzichtige glas transparant.\" width=\"800\" height=\"531\" srcset=\"https:\/\/bertrand.pl\/wp-content\/uploads\/2024\/09\/priva-lite.jpg 2144w, https:\/\/bertrand.pl\/wp-content\/uploads\/2024\/09\/priva-lite-420x279.jpg 420w, https:\/\/bertrand.pl\/wp-content\/uploads\/2024\/09\/priva-lite-1360x903.jpg 1360w, https:\/\/bertrand.pl\/wp-content\/uploads\/2024\/09\/priva-lite-768x510.jpg 768w, https:\/\/bertrand.pl\/wp-content\/uploads\/2024\/09\/priva-lite-1536x1020.jpg 1536w, https:\/\/bertrand.pl\/wp-content\/uploads\/2024\/09\/priva-lite-2048x1360.jpg 2048w, https:\/\/bertrand.pl\/wp-content\/uploads\/2024\/09\/priva-lite-18x12.jpg 18w, https:\/\/bertrand.pl\/wp-content\/uploads\/2024\/09\/priva-lite-600x399.jpg 600w\" sizes=\"(max-width: 800px) 100vw, 800px\" \/><figcaption id=\"caption-attachment-5131\" class=\"wp-caption-text\">Glas met variabele transparantie<\/figcaption><\/figure>\n<p>&nbsp;<\/p>\n<h3>Waarom is het de moeite waard om een venster met variabele transparantie te kiezen?<\/h3>\n<p>&nbsp;<\/p>\n<p>Kortom: elektronisch gestuurd glas met variabele transparantie is een product dat moderniteit, functionaliteit en esthetiek combineert. Dankzij het gebruik van geavanceerde vloeibare kristalfolietechnologie is het een ideale oplossing voor zowel residenti\u00eble als commerci\u00eble ruimtes. Als u op zoek bent naar een product dat indruk maakt door zijn moderne uitstraling en veelzijdigheid in gebruik, dan zal dit glas zeker aan uw verwachtingen voldoen!<\/p>\n<p>&nbsp;<\/p>","protected":false},"excerpt":{"rendered":"<p><strong>ELEKTRONISCH GESTUURD GLAS MET VARIABELE TRANSPARANTIE<\/strong><\/p>\n<p>Dit glas is gelaagd veiligheidsglas op basis van vloeibare kristalfolietechnologie. In de ondoorzichtige staat heeft het een natuurlijke, matte uitstraling. Wanneer de stroom is hersteld, worden de kristallen opnieuw gerangschikt en wordt het glas onmiddellijk transparant.<\/p>","protected":false},"featured_media":5128,"template":"","meta":{"site-sidebar-layout":"default","site-content-layout":"","ast-site-content-layout":"default","site-content-style":"default","site-sidebar-style":"default","ast-global-header-display":"","ast-banner-title-visibility":"","ast-main-header-display":"","ast-hfb-above-header-display":"","ast-hfb-below-header-display":"","ast-hfb-mobile-header-display":"","site-post-title":"","ast-breadcrumbs-content":"","ast-featured-img":"","footer-sml-layout":"","ast-disable-related-posts":"","theme-transparent-header-meta":"default","adv-header-id-meta":"","stick-header-meta":"","header-above-stick-meta":"","header-main-stick-meta":"","header-below-stick-meta":"","astra-migrate-meta-layouts":"set","ast-page-background-enabled":"default","ast-page-background-meta":{"desktop":{"background-color":"var(--ast-global-color-4)","background-image":"","background-repeat":"repeat","background-position":"center center","background-size":"auto","background-attachment":"scroll","background-type":"","background-media":"","overlay-type":"","overlay-color":"","overlay-opacity":"","overlay-gradient":""},"tablet":{"background-color":"","background-image":"","background-repeat":"repeat","background-position":"center center","background-size":"auto","background-attachment":"scroll","background-type":"","background-media":"","overlay-type":"","overlay-color":"","overlay-opacity":"","overlay-gradient":""},"mobile":{"background-color":"","background-image":"","background-repeat":"repeat","background-position":"center center","background-size":"auto","background-attachment":"scroll","background-type":"","background-media":"","overlay-type":"","overlay-color":"","overlay-opacity":"","overlay-gradient":""}},"ast-content-background-meta":{"desktop":{"background-color":"var(--ast-global-color-5)","background-image":"","background-repeat":"repeat","background-position":"center center","background-size":"auto","background-attachment":"scroll","background-type":"","background-media":"","overlay-type":"","overlay-color":"","overlay-opacity":"","overlay-gradient":""},"tablet":{"background-color":"var(--ast-global-color-5)","background-image":"","background-repeat":"repeat","background-position":"center center","background-size":"auto","background-attachment":"scroll","background-type":"","background-media":"","overlay-type":"","overlay-color":"","overlay-opacity":"","overlay-gradient":""},"mobile":{"background-color":"var(--ast-global-color-5)","background-image":"","background-repeat":"repeat","background-position":"center center","background-size":"auto","background-attachment":"scroll","background-type":"","background-media":"","overlay-type":"","overlay-color":"","overlay-opacity":"","overlay-gradient":""}}},"product_brand":[],"product_cat":[832],"product_tag":[168,175,849,833,834,843,836,174,846,848,837,845,842,844,840,839,841,813,838,850,847,835],"class_list":{"0":"post-5129","1":"product","2":"type-product","3":"status-publish","4":"has-post-thumbnail","6":"product_cat-okno-ze-zmienna-przeziernoscia","7":"product_tag-bertrand","8":"product_tag-drzwi","9":"product_tag-ekrany-do-projekcji-tylnej","10":"product_tag-elektronicznie-sterowane-szklo","11":"product_tag-folia-cieklokrystaliczna","12":"product_tag-interaktywne-ekrany-reklamowe","13":"product_tag-matowy-wyglad","14":"product_tag-okna","15":"product_tag-okna-wystawowe","16":"product_tag-podlogi-szklane","17":"product_tag-przepuszczalnosc-swiatla","18":"product_tag-przeszklenia-fasad","19":"product_tag-scianki-dzialowe","20":"product_tag-system-drzwi-przesuwnych","21":"product_tag-szklo-giete","22":"product_tag-szklo-hartowane","23":"product_tag-szklo-kolorowe","24":"product_tag-szklo-laminowane","25":"product_tag-szklo-pol-przezierne","26":"product_tag-technologia-szkla","27":"product_tag-zespolenia-szklane","28":"product_tag-zmienna-przeziernosc","29":"desktop-align-left","30":"tablet-align-left","31":"mobile-align-left","33":"first","34":"instock","35":"shipping-taxable","36":"product-type-simple"},"yoast_head":"<!-- This site is optimized with the Yoast SEO Premium plugin v27.2 (Yoast SEO v27.2) - https:\/\/yoast.com\/product\/yoast-seo-premium-wordpress\/ -->\n<title>Przezierno\u015b\u0107 na klikni\u0119cie<\/title>\n<meta name=\"description\" content=\"Okno ze zmienn\u0105 przezierno\u015bci\u0105. Nowoczesno\u015b\u0107 na wyci\u0105gni\u0119cie r\u0119ki! Jedno klikni\u0119cie i elektrycznie nieprzezierna szklana szyba staje si\u0119 przezierna.\" \/>\n<meta name=\"robots\" content=\"index, follow, max-snippet:-1, max-image-preview:large, max-video-preview:-1\" \/>\n<link rel=\"canonical\" href=\"https:\/\/bertrand.pl\/nl\/product-2\/venstertransparantie\/\" \/>\n<meta property=\"og:locale\" content=\"nl_NL\" \/>\n<meta property=\"og:type\" content=\"article\" \/>\n<meta property=\"og:title\" content=\"Okno ze zmienn\u0105 przezierno\u015bci\u0105\" \/>\n<meta property=\"og:description\" content=\"Okno ze zmienn\u0105 przezierno\u015bci\u0105. Nowoczesno\u015b\u0107 na wyci\u0105gni\u0119cie r\u0119ki! Jedno klikni\u0119cie i elektrycznie nieprzezierna szklana szyba staje si\u0119 przezierna.\" \/>\n<meta property=\"og:url\" content=\"https:\/\/bertrand.pl\/nl\/product-2\/venstertransparantie\/\" \/>\n<meta property=\"og:site_name\" content=\"Bertrand. Najwy\u017cszej jako\u015bci okna i drzwi. Certyfikowany producent od 1969 roku.\" \/>\n<meta property=\"article:publisher\" content=\"https:\/\/www.facebook.com\/bertrandpolska\/\" \/>\n<meta property=\"article:modified_time\" content=\"2025-07-14T10:27:28+00:00\" \/>\n<meta property=\"og:image\" content=\"https:\/\/bertrand.pl\/wp-content\/uploads\/2024\/09\/PRIVA-LITE-kopia.png\" \/>\n\t<meta property=\"og:image:width\" content=\"440\" \/>\n\t<meta property=\"og:image:height\" content=\"440\" \/>\n\t<meta property=\"og:image:type\" content=\"image\/png\" \/>\n<meta name=\"twitter:card\" content=\"summary_large_image\" \/>\n<meta name=\"twitter:label1\" content=\"Geschatte leestijd\" \/>\n\t<meta name=\"twitter:data1\" content=\"4 minuten\" \/>\n<script type=\"application\/ld+json\" class=\"yoast-schema-graph\">{\"@context\":\"https:\/\/schema.org\",\"@graph\":[{\"@type\":\"WebPage\",\"@id\":\"https:\/\/bertrand.pl\/produkt\/okno-przeziernosc\/\",\"url\":\"https:\/\/bertrand.pl\/produkt\/okno-przeziernosc\/\",\"name\":\"Przezierno\u015b\u0107 na klikni\u0119cie\",\"isPartOf\":{\"@id\":\"https:\/\/bertrand.pl\/#website\"},\"primaryImageOfPage\":{\"@id\":\"https:\/\/bertrand.pl\/produkt\/okno-przeziernosc\/#primaryimage\"},\"image\":{\"@id\":\"https:\/\/bertrand.pl\/produkt\/okno-przeziernosc\/#primaryimage\"},\"thumbnailUrl\":\"https:\/\/bertrand.pl\/wp-content\/uploads\/2024\/09\/PRIVA-LITE-kopia.png\",\"datePublished\":\"2024-09-25T07:49:43+00:00\",\"dateModified\":\"2025-07-14T10:27:28+00:00\",\"description\":\"Okno ze zmienn\u0105 przezierno\u015bci\u0105. Nowoczesno\u015b\u0107 na wyci\u0105gni\u0119cie r\u0119ki! Jedno klikni\u0119cie i elektrycznie nieprzezierna szklana szyba staje si\u0119 przezierna.\",\"breadcrumb\":{\"@id\":\"https:\/\/bertrand.pl\/produkt\/okno-przeziernosc\/#breadcrumb\"},\"inLanguage\":\"nl-NL\",\"potentialAction\":[{\"@type\":\"ReadAction\",\"target\":[\"https:\/\/bertrand.pl\/produkt\/okno-przeziernosc\/\"]}]},{\"@type\":\"ImageObject\",\"inLanguage\":\"nl-NL\",\"@id\":\"https:\/\/bertrand.pl\/produkt\/okno-przeziernosc\/#primaryimage\",\"url\":\"https:\/\/bertrand.pl\/wp-content\/uploads\/2024\/09\/PRIVA-LITE-kopia.png\",\"contentUrl\":\"https:\/\/bertrand.pl\/wp-content\/uploads\/2024\/09\/PRIVA-LITE-kopia.png\",\"width\":440,\"height\":440},{\"@type\":\"BreadcrumbList\",\"@id\":\"https:\/\/bertrand.pl\/produkt\/okno-przeziernosc\/#breadcrumb\",\"itemListElement\":[{\"@type\":\"ListItem\",\"position\":1,\"name\":\"Strona g\u0142\u00f3wna\",\"item\":\"https:\/\/bertrand.pl\/\"},{\"@type\":\"ListItem\",\"position\":2,\"name\":\"Produits\",\"item\":\"https:\/\/bertrand.pl\/fr\/shop\/\"},{\"@type\":\"ListItem\",\"position\":3,\"name\":\"Okno ze zmienn\u0105 przezierno\u015bci\u0105\"}]},{\"@type\":\"WebSite\",\"@id\":\"https:\/\/bertrand.pl\/#website\",\"url\":\"https:\/\/bertrand.pl\/\",\"name\":\"Bertrand.pl\",\"description\":\"Firma Bertrand to certyfikowany i uznany producent najwy\u017cszej jako\u015bci okien z PVC, z drewna lub aluminium. Produkcja drzwi, rolet i bram gara\u017cowych.\",\"publisher\":{\"@id\":\"https:\/\/bertrand.pl\/#organization\"},\"potentialAction\":[{\"@type\":\"SearchAction\",\"target\":{\"@type\":\"EntryPoint\",\"urlTemplate\":\"https:\/\/bertrand.pl\/?s={search_term_string}\"},\"query-input\":{\"@type\":\"PropertyValueSpecification\",\"valueRequired\":true,\"valueName\":\"search_term_string\"}}],\"inLanguage\":\"nl-NL\"},{\"@type\":\"Organization\",\"@id\":\"https:\/\/bertrand.pl\/#organization\",\"name\":\"Bertrand.pl\",\"url\":\"https:\/\/bertrand.pl\/\",\"logo\":{\"@type\":\"ImageObject\",\"inLanguage\":\"nl-NL\",\"@id\":\"https:\/\/bertrand.pl\/#\/schema\/logo\/image\/\",\"url\":\"https:\/\/bertrand.pl\/wp-content\/uploads\/2024\/12\/logo_BB_TM_PL_black.png\",\"contentUrl\":\"https:\/\/bertrand.pl\/wp-content\/uploads\/2024\/12\/logo_BB_TM_PL_black.png\",\"width\":1831,\"height\":1831,\"caption\":\"Bertrand.pl\"},\"image\":{\"@id\":\"https:\/\/bertrand.pl\/#\/schema\/logo\/image\/\"},\"sameAs\":[\"https:\/\/www.facebook.com\/bertrandpolska\/\",\"https:\/\/www.instagram.com\/bertrand_okna_i_drzwi\/\",\"https:\/\/www.linkedin.com\/company\/bertrand\/\",\"https:\/\/www.tiktok.com\/@bertrand_okna_drzwi\"]}]}<\/script>\n<!-- \/ Yoast SEO Premium plugin. -->","yoast_head_json":{"title":"Przezierno\u015b\u0107 na klikni\u0119cie","description":"Venster met variabele transparantie. Moderniteit binnen handbereik! E\u00e9n klik en het elektrisch ondoorzichtige glasvenster wordt transparant.","robots":{"index":"index","follow":"follow","max-snippet":"max-snippet:-1","max-image-preview":"max-image-preview:large","max-video-preview":"max-video-preview:-1"},"canonical":"https:\/\/bertrand.pl\/nl\/product-2\/venstertransparantie\/","og_locale":"nl_NL","og_type":"article","og_title":"Okno ze zmienn\u0105 przezierno\u015bci\u0105","og_description":"Okno ze zmienn\u0105 przezierno\u015bci\u0105. Nowoczesno\u015b\u0107 na wyci\u0105gni\u0119cie r\u0119ki! Jedno klikni\u0119cie i elektrycznie nieprzezierna szklana szyba staje si\u0119 przezierna.","og_url":"https:\/\/bertrand.pl\/nl\/product-2\/venstertransparantie\/","og_site_name":"Bertrand. Najwy\u017cszej jako\u015bci okna i drzwi. Certyfikowany producent od 1969 roku.","article_publisher":"https:\/\/www.facebook.com\/bertrandpolska\/","article_modified_time":"2025-07-14T10:27:28+00:00","og_image":[{"width":440,"height":440,"url":"https:\/\/bertrand.pl\/wp-content\/uploads\/2024\/09\/PRIVA-LITE-kopia.png","type":"image\/png"}],"twitter_card":"summary_large_image","twitter_misc":{"Geschatte leestijd":"4 minuten"},"schema":{"@context":"https:\/\/schema.org","@graph":[{"@type":"WebPage","@id":"https:\/\/bertrand.pl\/produkt\/okno-przeziernosc\/","url":"https:\/\/bertrand.pl\/produkt\/okno-przeziernosc\/","name":"Przezierno\u015b\u0107 na klikni\u0119cie","isPartOf":{"@id":"https:\/\/bertrand.pl\/#website"},"primaryImageOfPage":{"@id":"https:\/\/bertrand.pl\/produkt\/okno-przeziernosc\/#primaryimage"},"image":{"@id":"https:\/\/bertrand.pl\/produkt\/okno-przeziernosc\/#primaryimage"},"thumbnailUrl":"https:\/\/bertrand.pl\/wp-content\/uploads\/2024\/09\/PRIVA-LITE-kopia.png","datePublished":"2024-09-25T07:49:43+00:00","dateModified":"2025-07-14T10:27:28+00:00","description":"Venster met variabele transparantie. Moderniteit binnen handbereik! E\u00e9n klik en het elektrisch ondoorzichtige glasvenster wordt transparant.","breadcrumb":{"@id":"https:\/\/bertrand.pl\/produkt\/okno-przeziernosc\/#breadcrumb"},"inLanguage":"nl-NL","potentialAction":[{"@type":"ReadAction","target":["https:\/\/bertrand.pl\/produkt\/okno-przeziernosc\/"]}]},{"@type":"ImageObject","inLanguage":"nl-NL","@id":"https:\/\/bertrand.pl\/produkt\/okno-przeziernosc\/#primaryimage","url":"https:\/\/bertrand.pl\/wp-content\/uploads\/2024\/09\/PRIVA-LITE-kopia.png","contentUrl":"https:\/\/bertrand.pl\/wp-content\/uploads\/2024\/09\/PRIVA-LITE-kopia.png","width":440,"height":440},{"@type":"BreadcrumbList","@id":"https:\/\/bertrand.pl\/produkt\/okno-przeziernosc\/#breadcrumb","itemListElement":[{"@type":"ListItem","position":1,"name":"Strona g\u0142\u00f3wna","item":"https:\/\/bertrand.pl\/"},{"@type":"ListItem","position":2,"name":"Produits","item":"https:\/\/bertrand.pl\/fr\/shop\/"},{"@type":"ListItem","position":3,"name":"Okno ze zmienn\u0105 przezierno\u015bci\u0105"}]},{"@type":"WebSite","@id":"https:\/\/bertrand.pl\/#website","url":"https:\/\/bertrand.pl\/","name":"Bertrand.pl","description":"Firma Bertrand to certyfikowany i uznany producent najwy\u017cszej jako\u015bci okien z PVC, z drewna lub aluminium. Produkcja drzwi, rolet i bram gara\u017cowych.","publisher":{"@id":"https:\/\/bertrand.pl\/#organization"},"potentialAction":[{"@type":"SearchAction","target":{"@type":"EntryPoint","urlTemplate":"https:\/\/bertrand.pl\/?s={search_term_string}"},"query-input":{"@type":"PropertyValueSpecification","valueRequired":true,"valueName":"search_term_string"}}],"inLanguage":"nl-NL"},{"@type":"Organization","@id":"https:\/\/bertrand.pl\/#organization","name":"Bertrand.pl","url":"https:\/\/bertrand.pl\/","logo":{"@type":"ImageObject","inLanguage":"nl-NL","@id":"https:\/\/bertrand.pl\/#\/schema\/logo\/image\/","url":"https:\/\/bertrand.pl\/wp-content\/uploads\/2024\/12\/logo_BB_TM_PL_black.png","contentUrl":"https:\/\/bertrand.pl\/wp-content\/uploads\/2024\/12\/logo_BB_TM_PL_black.png","width":1831,"height":1831,"caption":"Bertrand.pl"},"image":{"@id":"https:\/\/bertrand.pl\/#\/schema\/logo\/image\/"},"sameAs":["https:\/\/www.facebook.com\/bertrandpolska\/","https:\/\/www.instagram.com\/bertrand_okna_i_drzwi\/","https:\/\/www.linkedin.com\/company\/bertrand\/","https:\/\/www.tiktok.com\/@bertrand_okna_drzwi"]}]}},"_links":{"self":[{"href":"https:\/\/bertrand.pl\/nl\/wp-json\/wp\/v2\/product\/5129","targetHints":{"allow":["GET"]}}],"collection":[{"href":"https:\/\/bertrand.pl\/nl\/wp-json\/wp\/v2\/product"}],"about":[{"href":"https:\/\/bertrand.pl\/nl\/wp-json\/wp\/v2\/types\/product"}],"wp:featuredmedia":[{"embeddable":true,"href":"https:\/\/bertrand.pl\/nl\/wp-json\/wp\/v2\/media\/5128"}],"wp:attachment":[{"href":"https:\/\/bertrand.pl\/nl\/wp-json\/wp\/v2\/media?parent=5129"}],"wp:term":[{"taxonomy":"product_brand","embeddable":true,"href":"https:\/\/bertrand.pl\/nl\/wp-json\/wp\/v2\/product_brand?post=5129"},{"taxonomy":"product_cat","embeddable":true,"href":"https:\/\/bertrand.pl\/nl\/wp-json\/wp\/v2\/product_cat?post=5129"},{"taxonomy":"product_tag","embeddable":true,"href":"https:\/\/bertrand.pl\/nl\/wp-json\/wp\/v2\/product_tag?post=5129"}],"curies":[{"name":"wp","href":"https:\/\/api.w.org\/{rel}","templated":true}]}}