{"id":6545,"date":"2025-03-27T10:28:59","date_gmt":"2025-03-27T09:28:59","guid":{"rendered":"https:\/\/bertrand.pl\/?post_type=product&#038;p=6545"},"modified":"2026-03-04T12:48:15","modified_gmt":"2026-03-04T11:48:15","slug":"ideal-4000","status":"publish","type":"product","link":"https:\/\/bertrand.pl\/nl\/produkt\/ideal-4000\/","title":{"rendered":"IDEAL 4000"},"content":{"rendered":"<h1 data-start=\"134\" data-end=\"214\"><strong>Universeel raamsysteem met uitgebreide ontwerpmogelijkheden<\/strong><\/h1>\n<p>&nbsp;<\/p>\n<p data-start=\"216\" data-end=\"540\">Het IDEAL 4000-systeem is een beproefde en veelzijdige oplossing binnen het aanbod van PVC-profielen, die esthetiek perfect combineert met functionaliteit. Dankzij het brede assortiment aan profielvormen en -configuraties stem je het uiterlijk van de ramen eenvoudig af op de stijl van je woning. Geschikt voor zowel nieuwbouw als renovatie van oudere panden.<\/p>\n<p data-start=\"542\" data-end=\"882\" class=\"translation-block\">Een rijkdom aan vormen en volledige vrijheid van keuze \u2013 er zijn stijluitvoeringen met zacht afgeronde lijnen (<strong><em>round-line<\/em><\/strong>) of met een uitgesproken geometrische afwerking (<strong><em>classic-line<\/em><\/strong>). Daarnaast is het systeem verkrijgbaar met <strong>halfverdiepte en niet-verdiepte vleugels<\/strong>. Precies zodat jij de oplossing kunt kiezen die perfect aansluit bij jouw esthetische voorkeuren.<\/p>\n<p data-start=\"884\" data-end=\"1271\" class=\"translation-block\">Licht en ruimte, zelfs bij renovaties \u2013 in situaties waarin het niet mogelijk is om de raamopening te vergroten, zoals bij het vervangen van kozijnen in appartementencomplexen, is de slanke profielconstructie een groot voordeel. De breedte van kader + vleugel bedraagt slechts <strong>114 mm<\/strong>. Dit resulteert in een groter glasoppervlak en meer natuurlijk licht in het interieur.<\/p>\n<p data-start=\"1273\" data-end=\"1600\">Duurzaamheid en modern design \u2014 IDEAL 4000 biedt een breed scala aan folies, van klassieke decors tot moderne premiumstructuren zoals woodec en aludec. Voor een nog betere afstemming op hedendaagse interieurs zijn er ook profielen met een antracietkleurige kern beschikbaar.<\/p>\n<p data-start=\"1602\" data-end=\"1984\" class=\"translation-block\">Energiezuinigheid in compacte vorm \u2014 ondanks de geringe inbouwdiepte (<strong>van 70 tot 85 mm<\/strong>) maakt het systeem constructies mogelijk met zeer goede isolatiewaarden. In combinatie met de nieuwe halfverdiepte vleugel en de mogelijkheid om glaspakketten tot <strong>48 mm<\/strong> toe te passen, kunnen ramen in dit systeem een <strong>Uw-waarde tot wel 0,85 W\/m\u00b2K<\/strong> behalen.<\/p>\n<p data-start=\"1602\" data-end=\"1984\"><img fetchpriority=\"high\" decoding=\"async\" class=\"alignnone wp-image-6546\" src=\"https:\/\/bertrand.pl\/wp-content\/uploads\/2025\/03\/Aluplast_P_1_Okna-ID-4000-9-wewn_HR-scaled.jpg\" alt=\"IDEAL 4000 \u2013 nowoczesny design, smuk\u0142e profile, wysoka energooszcz\u0119dno\u015b\u0107 i bogaty wyb\u00f3r wariant\u00f3w stylistycznych.\" width=\"799\" height=\"565\" srcset=\"https:\/\/bertrand.pl\/wp-content\/uploads\/2025\/03\/Aluplast_P_1_Okna-ID-4000-9-wewn_HR-scaled.jpg 2560w, https:\/\/bertrand.pl\/wp-content\/uploads\/2025\/03\/Aluplast_P_1_Okna-ID-4000-9-wewn_HR-420x297.jpg 420w, https:\/\/bertrand.pl\/wp-content\/uploads\/2025\/03\/Aluplast_P_1_Okna-ID-4000-9-wewn_HR-1360x961.jpg 1360w, https:\/\/bertrand.pl\/wp-content\/uploads\/2025\/03\/Aluplast_P_1_Okna-ID-4000-9-wewn_HR-768x543.jpg 768w, https:\/\/bertrand.pl\/wp-content\/uploads\/2025\/03\/Aluplast_P_1_Okna-ID-4000-9-wewn_HR-1536x1086.jpg 1536w, https:\/\/bertrand.pl\/wp-content\/uploads\/2025\/03\/Aluplast_P_1_Okna-ID-4000-9-wewn_HR-2048x1448.jpg 2048w, https:\/\/bertrand.pl\/wp-content\/uploads\/2025\/03\/Aluplast_P_1_Okna-ID-4000-9-wewn_HR-18x12.jpg 18w, https:\/\/bertrand.pl\/wp-content\/uploads\/2025\/03\/Aluplast_P_1_Okna-ID-4000-9-wewn_HR-600x424.jpg 600w\" sizes=\"(max-width: 799px) 100vw, 799px\" \/><\/p>\n<h4 data-start=\"1986\" data-end=\"2030\"><\/h4>\n<h4 data-start=\"1986\" data-end=\"2030\"><strong data-start=\"1986\" data-end=\"2030\">Parametry techniczne dla systemu IDEAL 4000:<\/strong><\/h4>\n<p>&nbsp;<\/p>\n<ul data-start=\"2031\" data-end=\"2554\">\n<li data-start=\"2031\" data-end=\"2067\">\n<p data-start=\"2033\" data-end=\"2067\" class=\"translation-block\">Inbouwdiepte: <strong>70\u201385 mm<\/strong><\/p>\n<\/li>\n<li data-start=\"2068\" data-end=\"2093\">\n<p data-start=\"2070\" data-end=\"2093\" class=\"translation-block\">Aantal kamers: <strong>5\u20136<\/strong><\/p>\n<\/li>\n<li data-start=\"2094\" data-end=\"2139\">\n<p data-start=\"2096\" data-end=\"2139\" class=\"translation-block\">Maximale glasdikte: <strong>tot 48 mm<\/strong><\/p>\n<\/li>\n<li data-start=\"2140\" data-end=\"2189\">\n<p data-start=\"2142\" data-end=\"2189\" class=\"translation-block\">Breedte kozijn + vleugel: <strong>114 mm<\/strong><\/p>\n<\/li>\n<li data-start=\"2190\" data-end=\"2244\">\n<p data-start=\"2192\" data-end=\"2244\" class=\"translation-block\">Afdichtingssysteem: <strong>extern \u2013 2 dichtingen<\/strong><\/p>\n<\/li>\n<li data-start=\"2245\" data-end=\"2283\">\n<p data-start=\"2247\" data-end=\"2283\" class=\"translation-block\">Uf-waarde: <strong>1,2\u20131,4 W\/m\u00b2K<\/strong><\/p>\n<\/li>\n<li data-start=\"2284\" data-end=\"2336\">\n<p data-start=\"2286\" data-end=\"2336\" class=\"translation-block\">Toepassing van montageschuim mogelijk: <strong>ja<\/strong><\/p>\n<\/li>\n<li data-start=\"2337\" data-end=\"2387\">\n<p data-start=\"2339\" data-end=\"2387\" class=\"translation-block\">Kernkleuren: <strong>wit, bruin, antraciet<\/strong><\/p>\n<\/li>\n<li data-start=\"2388\" data-end=\"2431\">\n<p data-start=\"2390\" data-end=\"2431\" class=\"translation-block\">Inbraakwerendheid: <strong>tot klasse RC2<\/strong><\/p>\n<\/li>\n<li data-start=\"2432\" data-end=\"2527\">\n<p data-start=\"2434\" data-end=\"2527\" class=\"translation-block\">Stijlopties: <strong>Classic-line, Round-line; halfverdiepte en niet-verdiepte vleugels<\/strong><\/p>\n<\/li>\n<li data-start=\"2528\" data-end=\"2554\">\n<p data-start=\"2530\" data-end=\"2554\" class=\"translation-block\">Versterking: <strong>staal<\/strong><\/p>\n<\/li>\n<\/ul>\n<p>&nbsp;<\/p>\n<figure id=\"attachment_7965\" aria-describedby=\"caption-attachment-7965\" style=\"width: 668px\" class=\"wp-caption alignnone\"><img decoding=\"async\" class=\"wp-image-7965 size-full\" src=\"https:\/\/bertrand.pl\/wp-content\/uploads\/2025\/03\/ideal4000_przekroj.jpg\" alt=\"\" width=\"668\" height=\"459\" srcset=\"https:\/\/bertrand.pl\/wp-content\/uploads\/2025\/03\/ideal4000_przekroj.jpg 668w, https:\/\/bertrand.pl\/wp-content\/uploads\/2025\/03\/ideal4000_przekroj-420x289.jpg 420w, https:\/\/bertrand.pl\/wp-content\/uploads\/2025\/03\/ideal4000_przekroj-18x12.jpg 18w, https:\/\/bertrand.pl\/wp-content\/uploads\/2025\/03\/ideal4000_przekroj-600x412.jpg 600w\" sizes=\"(max-width: 668px) 100vw, 668px\" \/><figcaption id=\"caption-attachment-7965\" class=\"wp-caption-text\">Ideal 4000 &#8211; przekr\u00f3j.<\/figcaption><\/figure>\n<blockquote class=\"wp-embedded-content\" data-secret=\"p6TMUCXeUR\"><p><a href=\"https:\/\/bertrand.pl\/nl\/ideal-4000-nowoczesne-okna-pvc\/\">Ideal 4000 \u2013 nowoczesne okna PVC \u0142\u0105cz\u0105ce design i funkcjonalno\u015b\u0107<\/a><\/p><\/blockquote>\n<p><iframe class=\"wp-embedded-content\" sandbox=\"allow-scripts\" security=\"restricted\" style=\"position: absolute; visibility: hidden;\" title=\"&#8222;Ideal 4000 \u2013 nowoczesne okna PVC \u0142\u0105cz\u0105ce design i funkcjonalno\u015b\u0107&#8221; &#8212; Bertrand. Najwy\u017cszej jako\u015bci okna i drzwi. Certyfikowany producent od 1969 roku.\" src=\"https:\/\/bertrand.pl\/ideal-4000-nowoczesne-okna-pvc\/embed\/#?secret=MdSf4I7sbu#?secret=p6TMUCXeUR\" data-secret=\"p6TMUCXeUR\" width=\"500\" height=\"282\" frameborder=\"0\" marginwidth=\"0\" marginheight=\"0\" scrolling=\"no\"><\/iframe><\/p>","protected":false},"excerpt":{"rendered":"<p data-start=\"134\" data-end=\"214\"><strong>UNIVERSEEL RAAMSYSTEEM VOOR EEN BETAALBARE PRIJS<\/strong><\/p>\n<p>Een veelzijdig PVC-raamsysteem dat modern design combineert met hoge functionaliteit. Slanke profielen, een ruime keuze aan varianten en uitstekende thermische isolatiewaarden maken het ideaal voor zowel nieuwbouw als renovatie.<\/p>","protected":false},"featured_media":6547,"template":"","meta":{"site-sidebar-layout":"default","site-content-layout":"","ast-site-content-layout":"default","site-content-style":"default","site-sidebar-style":"default","ast-global-header-display":"","ast-banner-title-visibility":"","ast-main-header-display":"","ast-hfb-above-header-display":"","ast-hfb-below-header-display":"","ast-hfb-mobile-header-display":"","site-post-title":"","ast-breadcrumbs-content":"","ast-featured-img":"","footer-sml-layout":"","ast-disable-related-posts":"","theme-transparent-header-meta":"default","adv-header-id-meta":"","stick-header-meta":"","header-above-stick-meta":"","header-main-stick-meta":"","header-below-stick-meta":"","astra-migrate-meta-layouts":"set","ast-page-background-enabled":"default","ast-page-background-meta":{"desktop":{"background-color":"var(--ast-global-color-4)","background-image":"","background-repeat":"repeat","background-position":"center center","background-size":"auto","background-attachment":"scroll","background-type":"","background-media":"","overlay-type":"","overlay-color":"","overlay-opacity":"","overlay-gradient":""},"tablet":{"background-color":"","background-image":"","background-repeat":"repeat","background-position":"center center","background-size":"auto","background-attachment":"scroll","background-type":"","background-media":"","overlay-type":"","overlay-color":"","overlay-opacity":"","overlay-gradient":""},"mobile":{"background-color":"","background-image":"","background-repeat":"repeat","background-position":"center center","background-size":"auto","background-attachment":"scroll","background-type":"","background-media":"","overlay-type":"","overlay-color":"","overlay-opacity":"","overlay-gradient":""}},"ast-content-background-meta":{"desktop":{"background-color":"var(--ast-global-color-5)","background-image":"","background-repeat":"repeat","background-position":"center center","background-size":"auto","background-attachment":"scroll","background-type":"","background-media":"","overlay-type":"","overlay-color":"","overlay-opacity":"","overlay-gradient":""},"tablet":{"background-color":"var(--ast-global-color-5)","background-image":"","background-repeat":"repeat","background-position":"center center","background-size":"auto","background-attachment":"scroll","background-type":"","background-media":"","overlay-type":"","overlay-color":"","overlay-opacity":"","overlay-gradient":""},"mobile":{"background-color":"var(--ast-global-color-5)","background-image":"","background-repeat":"repeat","background-position":"center center","background-size":"auto","background-attachment":"scroll","background-type":"","background-media":"","overlay-type":"","overlay-color":"","overlay-opacity":"","overlay-gradient":""}}},"product_brand":[],"product_cat":[15,24],"product_tag":[1695,1700,831,365,1696,1476,308,1697,1701,1699,733,1698,1694],"class_list":{"0":"post-6545","1":"product","2":"type-product","3":"status-publish","4":"has-post-thumbnail","6":"product_cat-okna","7":"product_cat-okna-pvc","8":"product_tag-aluplast","9":"product_tag-classic-line","10":"product_tag-nowoczesne-okna","11":"product_tag-okna-bertrand","12":"product_tag-okna-do-renowacji","13":"product_tag-okna-energooszczedne","14":"product_tag-okna-pvc","15":"product_tag-okna-z-antracytowym-rdzeniem","16":"product_tag-polzlicowane-skrzydlo","17":"product_tag-round-line","18":"product_tag-smukle-profile","19":"product_tag-stolarka-okienna","20":"product_tag-system-ideal-4000","21":"desktop-align-left","22":"tablet-align-left","23":"mobile-align-left","25":"first","26":"instock","27":"shipping-taxable","28":"product-type-simple"},"yoast_head":"<!-- This site is optimized with the Yoast SEO Premium plugin v27.2 (Yoast SEO v27.2) - https:\/\/yoast.com\/product\/yoast-seo-premium-wordpress\/ -->\n<title>Ideal 4000 - design i funkcjonalno\u015b\u0107 w jednym<\/title>\n<meta name=\"description\" content=\"System okienny IDEAL 4000 \u2013 nowoczesny design, smuk\u0142e profile, wysoka energooszcz\u0119dno\u015b\u0107 i bogaty wyb\u00f3r wariant\u00f3w stylistycznych.\" \/>\n<meta name=\"robots\" content=\"index, follow, max-snippet:-1, max-image-preview:large, max-video-preview:-1\" \/>\n<link rel=\"canonical\" href=\"https:\/\/bertrand.pl\/nl\/product-2\/ideal-4000\/\" \/>\n<meta property=\"og:locale\" content=\"nl_NL\" \/>\n<meta property=\"og:type\" content=\"article\" \/>\n<meta property=\"og:title\" content=\"IDEAL 4000\" \/>\n<meta property=\"og:description\" content=\"System okienny IDEAL 4000 \u2013 nowoczesny design, smuk\u0142e profile, wysoka energooszcz\u0119dno\u015b\u0107 i bogaty wyb\u00f3r wariant\u00f3w stylistycznych.\" \/>\n<meta property=\"og:url\" content=\"https:\/\/bertrand.pl\/nl\/product-2\/ideal-4000\/\" \/>\n<meta property=\"og:site_name\" content=\"Bertrand. Najwy\u017cszej jako\u015bci okna i drzwi. Certyfikowany producent od 1969 roku.\" \/>\n<meta property=\"article:publisher\" content=\"https:\/\/www.facebook.com\/bertrandpolska\/\" \/>\n<meta property=\"article:modified_time\" content=\"2026-03-04T11:48:15+00:00\" \/>\n<meta property=\"og:image\" content=\"https:\/\/bertrand.pl\/wp-content\/uploads\/2025\/03\/ideal_4000-1360x1360.png\" \/>\n\t<meta property=\"og:image:width\" content=\"1360\" \/>\n\t<meta property=\"og:image:height\" content=\"1360\" \/>\n\t<meta property=\"og:image:type\" content=\"image\/png\" \/>\n<meta name=\"twitter:card\" content=\"summary_large_image\" \/>\n<meta name=\"twitter:label1\" content=\"Geschatte leestijd\" \/>\n\t<meta name=\"twitter:data1\" content=\"3 minuten\" \/>\n<script type=\"application\/ld+json\" class=\"yoast-schema-graph\">{\"@context\":\"https:\/\/schema.org\",\"@graph\":[{\"@type\":\"WebPage\",\"@id\":\"https:\/\/bertrand.pl\/produkt\/ideal-4000\/\",\"url\":\"https:\/\/bertrand.pl\/produkt\/ideal-4000\/\",\"name\":\"Ideal 4000 - design i funkcjonalno\u015b\u0107 w jednym\",\"isPartOf\":{\"@id\":\"https:\/\/bertrand.pl\/#website\"},\"primaryImageOfPage\":{\"@id\":\"https:\/\/bertrand.pl\/produkt\/ideal-4000\/#primaryimage\"},\"image\":{\"@id\":\"https:\/\/bertrand.pl\/produkt\/ideal-4000\/#primaryimage\"},\"thumbnailUrl\":\"https:\/\/bertrand.pl\/wp-content\/uploads\/2025\/03\/ideal_4000.png\",\"datePublished\":\"2025-03-27T09:28:59+00:00\",\"dateModified\":\"2026-03-04T11:48:15+00:00\",\"description\":\"System okienny IDEAL 4000 \u2013 nowoczesny design, smuk\u0142e profile, wysoka energooszcz\u0119dno\u015b\u0107 i bogaty wyb\u00f3r wariant\u00f3w stylistycznych.\",\"breadcrumb\":{\"@id\":\"https:\/\/bertrand.pl\/produkt\/ideal-4000\/#breadcrumb\"},\"inLanguage\":\"nl-NL\",\"potentialAction\":[{\"@type\":\"ReadAction\",\"target\":[\"https:\/\/bertrand.pl\/produkt\/ideal-4000\/\"]}]},{\"@type\":\"ImageObject\",\"inLanguage\":\"nl-NL\",\"@id\":\"https:\/\/bertrand.pl\/produkt\/ideal-4000\/#primaryimage\",\"url\":\"https:\/\/bertrand.pl\/wp-content\/uploads\/2025\/03\/ideal_4000.png\",\"contentUrl\":\"https:\/\/bertrand.pl\/wp-content\/uploads\/2025\/03\/ideal_4000.png\",\"width\":3982,\"height\":3982},{\"@type\":\"BreadcrumbList\",\"@id\":\"https:\/\/bertrand.pl\/produkt\/ideal-4000\/#breadcrumb\",\"itemListElement\":[{\"@type\":\"ListItem\",\"position\":1,\"name\":\"Strona g\u0142\u00f3wna\",\"item\":\"https:\/\/bertrand.pl\/\"},{\"@type\":\"ListItem\",\"position\":2,\"name\":\"Produits\",\"item\":\"https:\/\/bertrand.pl\/fr\/shop\/\"},{\"@type\":\"ListItem\",\"position\":3,\"name\":\"IDEAL 4000\"}]},{\"@type\":\"WebSite\",\"@id\":\"https:\/\/bertrand.pl\/#website\",\"url\":\"https:\/\/bertrand.pl\/\",\"name\":\"Bertrand.pl\",\"description\":\"Firma Bertrand to certyfikowany i uznany producent najwy\u017cszej jako\u015bci okien z PVC, z drewna lub aluminium. Produkcja drzwi, rolet i bram gara\u017cowych.\",\"publisher\":{\"@id\":\"https:\/\/bertrand.pl\/#organization\"},\"potentialAction\":[{\"@type\":\"SearchAction\",\"target\":{\"@type\":\"EntryPoint\",\"urlTemplate\":\"https:\/\/bertrand.pl\/?s={search_term_string}\"},\"query-input\":{\"@type\":\"PropertyValueSpecification\",\"valueRequired\":true,\"valueName\":\"search_term_string\"}}],\"inLanguage\":\"nl-NL\"},{\"@type\":\"Organization\",\"@id\":\"https:\/\/bertrand.pl\/#organization\",\"name\":\"Bertrand.pl\",\"url\":\"https:\/\/bertrand.pl\/\",\"logo\":{\"@type\":\"ImageObject\",\"inLanguage\":\"nl-NL\",\"@id\":\"https:\/\/bertrand.pl\/#\/schema\/logo\/image\/\",\"url\":\"https:\/\/bertrand.pl\/wp-content\/uploads\/2024\/12\/logo_BB_TM_PL_black.png\",\"contentUrl\":\"https:\/\/bertrand.pl\/wp-content\/uploads\/2024\/12\/logo_BB_TM_PL_black.png\",\"width\":1831,\"height\":1831,\"caption\":\"Bertrand.pl\"},\"image\":{\"@id\":\"https:\/\/bertrand.pl\/#\/schema\/logo\/image\/\"},\"sameAs\":[\"https:\/\/www.facebook.com\/bertrandpolska\/\",\"https:\/\/www.instagram.com\/bertrand_okna_i_drzwi\/\",\"https:\/\/www.linkedin.com\/company\/bertrand\/\",\"https:\/\/www.tiktok.com\/@bertrand_okna_drzwi\"]}]}<\/script>\n<!-- \/ Yoast SEO Premium plugin. -->","yoast_head_json":{"title":"Ideal 4000 - design i funkcjonalno\u015b\u0107 w jednym","description":"System okienny IDEAL 4000 \u2013 nowoczesny design, smuk\u0142e profile, wysoka energooszcz\u0119dno\u015b\u0107 i bogaty wyb\u00f3r wariant\u00f3w stylistycznych.","robots":{"index":"index","follow":"follow","max-snippet":"max-snippet:-1","max-image-preview":"max-image-preview:large","max-video-preview":"max-video-preview:-1"},"canonical":"https:\/\/bertrand.pl\/nl\/product-2\/ideal-4000\/","og_locale":"nl_NL","og_type":"article","og_title":"IDEAL 4000","og_description":"System okienny IDEAL 4000 \u2013 nowoczesny design, smuk\u0142e profile, wysoka energooszcz\u0119dno\u015b\u0107 i bogaty wyb\u00f3r wariant\u00f3w stylistycznych.","og_url":"https:\/\/bertrand.pl\/nl\/product-2\/ideal-4000\/","og_site_name":"Bertrand. Najwy\u017cszej jako\u015bci okna i drzwi. Certyfikowany producent od 1969 roku.","article_publisher":"https:\/\/www.facebook.com\/bertrandpolska\/","article_modified_time":"2026-03-04T11:48:15+00:00","og_image":[{"width":1360,"height":1360,"url":"https:\/\/bertrand.pl\/wp-content\/uploads\/2025\/03\/ideal_4000-1360x1360.png","type":"image\/png"}],"twitter_card":"summary_large_image","twitter_misc":{"Geschatte leestijd":"3 minuten"},"schema":{"@context":"https:\/\/schema.org","@graph":[{"@type":"WebPage","@id":"https:\/\/bertrand.pl\/produkt\/ideal-4000\/","url":"https:\/\/bertrand.pl\/produkt\/ideal-4000\/","name":"Ideal 4000 - design i funkcjonalno\u015b\u0107 w jednym","isPartOf":{"@id":"https:\/\/bertrand.pl\/#website"},"primaryImageOfPage":{"@id":"https:\/\/bertrand.pl\/produkt\/ideal-4000\/#primaryimage"},"image":{"@id":"https:\/\/bertrand.pl\/produkt\/ideal-4000\/#primaryimage"},"thumbnailUrl":"https:\/\/bertrand.pl\/wp-content\/uploads\/2025\/03\/ideal_4000.png","datePublished":"2025-03-27T09:28:59+00:00","dateModified":"2026-03-04T11:48:15+00:00","description":"System okienny IDEAL 4000 \u2013 nowoczesny design, smuk\u0142e profile, wysoka energooszcz\u0119dno\u015b\u0107 i bogaty wyb\u00f3r wariant\u00f3w stylistycznych.","breadcrumb":{"@id":"https:\/\/bertrand.pl\/produkt\/ideal-4000\/#breadcrumb"},"inLanguage":"nl-NL","potentialAction":[{"@type":"ReadAction","target":["https:\/\/bertrand.pl\/produkt\/ideal-4000\/"]}]},{"@type":"ImageObject","inLanguage":"nl-NL","@id":"https:\/\/bertrand.pl\/produkt\/ideal-4000\/#primaryimage","url":"https:\/\/bertrand.pl\/wp-content\/uploads\/2025\/03\/ideal_4000.png","contentUrl":"https:\/\/bertrand.pl\/wp-content\/uploads\/2025\/03\/ideal_4000.png","width":3982,"height":3982},{"@type":"BreadcrumbList","@id":"https:\/\/bertrand.pl\/produkt\/ideal-4000\/#breadcrumb","itemListElement":[{"@type":"ListItem","position":1,"name":"Strona g\u0142\u00f3wna","item":"https:\/\/bertrand.pl\/"},{"@type":"ListItem","position":2,"name":"Produits","item":"https:\/\/bertrand.pl\/fr\/shop\/"},{"@type":"ListItem","position":3,"name":"IDEAL 4000"}]},{"@type":"WebSite","@id":"https:\/\/bertrand.pl\/#website","url":"https:\/\/bertrand.pl\/","name":"Bertrand.pl","description":"Firma Bertrand to certyfikowany i uznany producent najwy\u017cszej jako\u015bci okien z PVC, z drewna lub aluminium. Produkcja drzwi, rolet i bram gara\u017cowych.","publisher":{"@id":"https:\/\/bertrand.pl\/#organization"},"potentialAction":[{"@type":"SearchAction","target":{"@type":"EntryPoint","urlTemplate":"https:\/\/bertrand.pl\/?s={search_term_string}"},"query-input":{"@type":"PropertyValueSpecification","valueRequired":true,"valueName":"search_term_string"}}],"inLanguage":"nl-NL"},{"@type":"Organization","@id":"https:\/\/bertrand.pl\/#organization","name":"Bertrand.pl","url":"https:\/\/bertrand.pl\/","logo":{"@type":"ImageObject","inLanguage":"nl-NL","@id":"https:\/\/bertrand.pl\/#\/schema\/logo\/image\/","url":"https:\/\/bertrand.pl\/wp-content\/uploads\/2024\/12\/logo_BB_TM_PL_black.png","contentUrl":"https:\/\/bertrand.pl\/wp-content\/uploads\/2024\/12\/logo_BB_TM_PL_black.png","width":1831,"height":1831,"caption":"Bertrand.pl"},"image":{"@id":"https:\/\/bertrand.pl\/#\/schema\/logo\/image\/"},"sameAs":["https:\/\/www.facebook.com\/bertrandpolska\/","https:\/\/www.instagram.com\/bertrand_okna_i_drzwi\/","https:\/\/www.linkedin.com\/company\/bertrand\/","https:\/\/www.tiktok.com\/@bertrand_okna_drzwi"]}]}},"_links":{"self":[{"href":"https:\/\/bertrand.pl\/nl\/wp-json\/wp\/v2\/product\/6545","targetHints":{"allow":["GET"]}}],"collection":[{"href":"https:\/\/bertrand.pl\/nl\/wp-json\/wp\/v2\/product"}],"about":[{"href":"https:\/\/bertrand.pl\/nl\/wp-json\/wp\/v2\/types\/product"}],"wp:featuredmedia":[{"embeddable":true,"href":"https:\/\/bertrand.pl\/nl\/wp-json\/wp\/v2\/media\/6547"}],"wp:attachment":[{"href":"https:\/\/bertrand.pl\/nl\/wp-json\/wp\/v2\/media?parent=6545"}],"wp:term":[{"taxonomy":"product_brand","embeddable":true,"href":"https:\/\/bertrand.pl\/nl\/wp-json\/wp\/v2\/product_brand?post=6545"},{"taxonomy":"product_cat","embeddable":true,"href":"https:\/\/bertrand.pl\/nl\/wp-json\/wp\/v2\/product_cat?post=6545"},{"taxonomy":"product_tag","embeddable":true,"href":"https:\/\/bertrand.pl\/nl\/wp-json\/wp\/v2\/product_tag?post=6545"}],"curies":[{"name":"wp","href":"https:\/\/api.w.org\/{rel}","templated":true}]}}