{"id":670,"date":"2025-10-10T07:00:21","date_gmt":"2025-10-10T05:00:21","guid":{"rendered":"https:\/\/bertrand.pl\/?post_type=product&#038;p=670"},"modified":"2026-03-04T12:09:59","modified_gmt":"2026-03-04T11:09:59","slug":"contour","status":"publish","type":"product","link":"https:\/\/bertrand.pl\/nl\/produkt\/kontur\/","title":{"rendered":"KONTUR"},"content":{"rendered":"<h4><strong>Kontur \u2013 modern design en veiligheid<\/strong><\/h4>\n<p>&nbsp;<\/p>\n<p>Het Kontur-systeem onderscheidt zich door een unieke combinatie van moderne uitstraling en betrouwbare functionaliteit. Het ontwerp, gebaseerd op eenvoudige en elegante contouren, is een antwoord op de behoeften van moderne gebruikers. Uitzonderlijke inbraakbeveiligingsparameters, de beste thermische en akoestische isolatiewaarden en volledige productieautomatisering zijn de kenmerken die ervoor zorgen dat Kontur nieuwe normen in de branche zet.<\/p>\n<p>&nbsp;<\/p>\n<h4>Esthetiek en maximalisatie van licht<\/h4>\n<p>&nbsp;<\/p>\n<p>Kontur is een systeem van kunststofprofielen dat zowel van buiten als van binnen een heldere en moderne vormtaal presenteert. Smalle profielen zorgen voor een maximaal aandeel glas, waardoor de ruimtes meer verlicht en ruimer worden. Bovendien zorgt het slanke ontwerp niet alleen voor esthetiek, maar ook voor meer stabiliteit en veiligheid.<\/p>\n<p>&nbsp;<\/p>\n<h4>Veiligheid staat voorop<\/h4>\n<p>&nbsp;<\/p>\n<p>Het systeem biedt verhoogde bescherming dankzij het gebruik van hard PVC in de afdichtingen. Dit type oplossing beschermt ramen, balkon- en terrasdeuren effectief tegen inbraak, een veelvoorkomend gevaar. Het doordachte ontwerp van het systeem maakt het onmogelijk om de vleugel te breken met behulp van populaire methoden, zoals balanceren. Bovendien voorkomt de anti-diefstalvin op het frame dat de deur met gereedschap, zoals een schroevendraaier, opengedrukt kan worden.<\/p>\n<p>&nbsp;<\/p>\n<h4>Voordelen van lijmtechnologie<\/h4>\n<p>&nbsp;<\/p>\n<p>Het Kontur-systeem maakt het gebruik van moderne lijmtechnieken mogelijk, zoals droog statisch beglazing of nat verlijmen. Met deze technologie kunt u een aantal stalen elementen achterwege laten, waardoor de onderhoudskosten worden verlaagd. Bovendien verhoogt natverlijmen de inbraakbeveiliging tot het RC3-niveau en maakt volledige productieautomatisering mogelijk.<\/p>\n<figure id=\"attachment_3493\" aria-describedby=\"caption-attachment-3493\" style=\"width: 420px\" class=\"wp-caption aligncenter\"><img fetchpriority=\"high\" decoding=\"async\" class=\"wp-image-3493 size-medium\" src=\"https:\/\/bertrand.pl\/wp-content\/uploads\/2024\/02\/kontur-420x420.jpg\" alt=\"Het Kontur-systeem combineert modern design met functionaliteit en veiligheid.\" width=\"420\" height=\"420\" srcset=\"https:\/\/bertrand.pl\/wp-content\/uploads\/2024\/02\/kontur-420x420.jpg 420w, https:\/\/bertrand.pl\/wp-content\/uploads\/2024\/02\/kontur-1360x1360.jpg 1360w, https:\/\/bertrand.pl\/wp-content\/uploads\/2024\/02\/kontur-768x768.jpg 768w, https:\/\/bertrand.pl\/wp-content\/uploads\/2024\/02\/kontur-1536x1536.jpg 1536w, https:\/\/bertrand.pl\/wp-content\/uploads\/2024\/02\/kontur-2048x2048.jpg 2048w, https:\/\/bertrand.pl\/wp-content\/uploads\/2024\/02\/kontur-12x12.jpg 12w, https:\/\/bertrand.pl\/wp-content\/uploads\/2024\/02\/kontur-300x300.jpg 300w, https:\/\/bertrand.pl\/wp-content\/uploads\/2024\/02\/kontur-600x600.jpg 600w, https:\/\/bertrand.pl\/wp-content\/uploads\/2024\/02\/kontur-100x100.jpg 100w\" sizes=\"(max-width: 420px) 100vw, 420px\" \/><figcaption id=\"caption-attachment-3493\" class=\"wp-caption-text\">Kontur<\/figcaption><\/figure>\n<p>&nbsp;<\/p>\n<h4>Dichtheid en isolatie<\/h4>\n<p>&nbsp;<\/p>\n<p>De harde middenafdichting, die een hoger beschermingsniveau biedt, werkt met drie afdichtingsniveaus. Deze oplossing garandeert de beste dichtheid en uitstekende thermische en akoestische isolatie. Dankzij de inbouwdiepte van 82,5 mm voldoet het Kontur systeem aan de hoogste eisen en verwachtingen van investeerders.<\/p>\n<h3><\/h3>\n<p>Het Kontur-systeem is een doordachte oplossing die modern design combineert met functionaliteit en veiligheid. Dit is een ideale keuze voor mensen die op zoek zijn naar innovatieve, esthetische en praktische oplossingen op het gebied van schrijnwerk.<\/p>\n<p>&nbsp;<\/p>\n<figure id=\"attachment_3168\" aria-describedby=\"caption-attachment-3168\" style=\"width: 420px\" class=\"wp-caption aligncenter\"><img decoding=\"async\" class=\"wp-image-3168 size-medium\" src=\"https:\/\/bertrand.pl\/wp-content\/uploads\/2024\/02\/GEALAN-KONTUR_Einbruchschutz-420x420.jpg\" alt=\"Bij het Kontur-systeem voorkomt een ingebouwde antidiefstalvin op het frame dat de deur met gereedschap, bijvoorbeeld een schroevendraaier, wordt geforceerd. \" width=\"420\" height=\"420\" srcset=\"https:\/\/bertrand.pl\/wp-content\/uploads\/2024\/02\/GEALAN-KONTUR_Einbruchschutz-420x420.jpg 420w, https:\/\/bertrand.pl\/wp-content\/uploads\/2024\/02\/GEALAN-KONTUR_Einbruchschutz-1360x1360.jpg 1360w, https:\/\/bertrand.pl\/wp-content\/uploads\/2024\/02\/GEALAN-KONTUR_Einbruchschutz-768x768.jpg 768w, https:\/\/bertrand.pl\/wp-content\/uploads\/2024\/02\/GEALAN-KONTUR_Einbruchschutz-1536x1536.jpg 1536w, https:\/\/bertrand.pl\/wp-content\/uploads\/2024\/02\/GEALAN-KONTUR_Einbruchschutz-12x12.jpg 12w, https:\/\/bertrand.pl\/wp-content\/uploads\/2024\/02\/GEALAN-KONTUR_Einbruchschutz-300x300.jpg 300w, https:\/\/bertrand.pl\/wp-content\/uploads\/2024\/02\/GEALAN-KONTUR_Einbruchschutz-600x600.jpg 600w, https:\/\/bertrand.pl\/wp-content\/uploads\/2024\/02\/GEALAN-KONTUR_Einbruchschutz-100x100.jpg 100w, https:\/\/bertrand.pl\/wp-content\/uploads\/2024\/02\/GEALAN-KONTUR_Einbruchschutz.jpg 1920w\" sizes=\"(max-width: 420px) 100vw, 420px\" \/><figcaption id=\"caption-attachment-3168\" class=\"wp-caption-text\">Anti-diefstal vin.<\/figcaption><\/figure>\n<p>Het Kontur-systeem maakt het gebruik van verschillende lijmtechnieken mogelijk, zoals droog statisch beglazing of nat verlijmen.<\/p>\n<p>&nbsp;<\/p>\n<p><strong>Voordelen van gelijmde elementen:<\/strong><\/p>\n<ul>\n<li>grotere raamafmetingen met een groter aandeel glas<\/li>\n<li>gedeeltelijke stopzetting van staal<\/li>\n<li>lagere onderhoudskosten<\/li>\n<\/ul>\n<p>&nbsp;<\/p>\n<p><strong>Bijkomende voordelen die behaald kunnen worden met natverlijmen:<\/strong><\/p>\n<ul>\n<li>Inbraakbeveiliging op RC3-niveau<\/li>\n<li>volledige automatisering van het lijmproces tijdens de raamproductie<\/li>\n<\/ul>\n<p>&nbsp;<\/p>\n<figure id=\"attachment_3169\" aria-describedby=\"caption-attachment-3169\" style=\"width: 420px\" class=\"wp-caption aligncenter\"><img decoding=\"async\" class=\"wp-image-3169 size-medium\" src=\"https:\/\/bertrand.pl\/wp-content\/uploads\/2024\/02\/gealan-stv-2-420x413.jpg\" alt=\"Bij het Kontur-systeem biedt een harde middenafdichting een hoger beschermingsniveau.\" width=\"420\" height=\"413\" srcset=\"https:\/\/bertrand.pl\/wp-content\/uploads\/2024\/02\/gealan-stv-2-420x413.jpg 420w, https:\/\/bertrand.pl\/wp-content\/uploads\/2024\/02\/gealan-stv-2-768x755.jpg 768w, https:\/\/bertrand.pl\/wp-content\/uploads\/2024\/02\/gealan-stv-2-12x12.jpg 12w, https:\/\/bertrand.pl\/wp-content\/uploads\/2024\/02\/gealan-stv-2-600x590.jpg 600w, https:\/\/bertrand.pl\/wp-content\/uploads\/2024\/02\/gealan-stv-2.jpg 1001w\" sizes=\"(max-width: 420px) 100vw, 420px\" \/><figcaption id=\"caption-attachment-3169\" class=\"wp-caption-text\">Harde middenafdichting.<\/figcaption><\/figure>\n<p>In het Kontur-systeem past alles perfect bij elkaar. Een harde middenafdichting biedt verhoogde bescherming en drie afdichtingsniveaus garanderen de hoogste dichtheid en thermische isolatie. Bovendien voldoet het aan alle eisen voor hoogwaardige profielsystemen met een inbouwdiepte van 82,5 mm.<\/p>\n<p>&nbsp;<\/p>\n<p style=\"text-align: center;\"><img loading=\"lazy\" decoding=\"async\" class=\"size-medium wp-image-7960 aligncenter\" src=\"https:\/\/bertrand.pl\/wp-content\/uploads\/2025\/10\/kontur_przekroj-369x420.jpg\" alt=\"\" width=\"369\" height=\"420\" srcset=\"https:\/\/bertrand.pl\/wp-content\/uploads\/2025\/10\/kontur_przekroj-369x420.jpg 369w, https:\/\/bertrand.pl\/wp-content\/uploads\/2025\/10\/kontur_przekroj-11x12.jpg 11w, https:\/\/bertrand.pl\/wp-content\/uploads\/2025\/10\/kontur_przekroj-600x683.jpg 600w, https:\/\/bertrand.pl\/wp-content\/uploads\/2025\/10\/kontur_przekroj.jpg 648w\" sizes=\"(max-width: 369px) 100vw, 369px\" \/>Kontur &#8211; przekr\u00f3j.<\/p>\n<p>&nbsp;<\/p>\n<h4><strong>ZIE OOK:\u00a0<\/strong><\/h4>\n<p>&nbsp;<\/p>\n<h4><a href=\"https:\/\/www.youtube.com\/watch?v=h8azi6wOoJY\">Hoe ziet de plaatsing van ruim 500 kg glas eruit?<\/a><\/h4>\n<h4><strong><a href=\"https:\/\/bertrand.pl\/nl\/kleur\/\">Kleuren van ramen en deuren<\/a><\/strong><\/h4>","protected":false},"excerpt":{"rendered":"<p><strong>SCHOONHEID, VEELZIJDIGHEID, VEILIGHEID<\/strong><\/p>\n<p class=\"translation-block\">KONTUR is een veelzijdig, modern kunststofsysteem. Dankzij het transparante en heldere ontwerp van de vorm, zowel van buiten als van binnen, cre\u00ebert het systeem <strong>nieuwe trends<\/strong> in raamontwerp. Smalle profielen en het maximale aandeel glas zorgen voor meer natuurlijk licht in de kamers. In tegenstelling tot wat het lijkt, zorgen slanke KONTUR-profielen voor <strong>meer veiligheid<\/strong> en stabiliteit!<\/p>","protected":false},"featured_media":3493,"template":"","meta":{"site-sidebar-layout":"default","site-content-layout":"","ast-site-content-layout":"default","site-content-style":"default","site-sidebar-style":"default","ast-global-header-display":"","ast-banner-title-visibility":"","ast-main-header-display":"","ast-hfb-above-header-display":"","ast-hfb-below-header-display":"","ast-hfb-mobile-header-display":"","site-post-title":"","ast-breadcrumbs-content":"","ast-featured-img":"","footer-sml-layout":"","ast-disable-related-posts":"","theme-transparent-header-meta":"default","adv-header-id-meta":"","stick-header-meta":"","header-above-stick-meta":"","header-main-stick-meta":"","header-below-stick-meta":"","astra-migrate-meta-layouts":"set","ast-page-background-enabled":"default","ast-page-background-meta":{"desktop":{"background-color":"var(--ast-global-color-4)","background-image":"","background-repeat":"repeat","background-position":"center center","background-size":"auto","background-attachment":"scroll","background-type":"","background-media":"","overlay-type":"","overlay-color":"","overlay-opacity":"","overlay-gradient":""},"tablet":{"background-color":"","background-image":"","background-repeat":"repeat","background-position":"center center","background-size":"auto","background-attachment":"scroll","background-type":"","background-media":"","overlay-type":"","overlay-color":"","overlay-opacity":"","overlay-gradient":""},"mobile":{"background-color":"","background-image":"","background-repeat":"repeat","background-position":"center center","background-size":"auto","background-attachment":"scroll","background-type":"","background-media":"","overlay-type":"","overlay-color":"","overlay-opacity":"","overlay-gradient":""}},"ast-content-background-meta":{"desktop":{"background-color":"var(--ast-global-color-5)","background-image":"","background-repeat":"repeat","background-position":"center center","background-size":"auto","background-attachment":"scroll","background-type":"","background-media":"","overlay-type":"","overlay-color":"","overlay-opacity":"","overlay-gradient":""},"tablet":{"background-color":"var(--ast-global-color-5)","background-image":"","background-repeat":"repeat","background-position":"center center","background-size":"auto","background-attachment":"scroll","background-type":"","background-media":"","overlay-type":"","overlay-color":"","overlay-opacity":"","overlay-gradient":""},"mobile":{"background-color":"var(--ast-global-color-5)","background-image":"","background-repeat":"repeat","background-position":"center center","background-size":"auto","background-attachment":"scroll","background-type":"","background-media":"","overlay-type":"","overlay-color":"","overlay-opacity":"","overlay-gradient":""}}},"product_brand":[],"product_cat":[24],"product_tag":[1340,168,360,339,352,344,661,662,1352,1353,389,398,405,361,1349,353,1342,1355,1329,1339,174,365,310,308,363,313,1346,364,1351,1356,169,1338,362,1343,1354,390,1348,1347,1344,779,1341,348,1345,1350],"class_list":{"0":"post-670","1":"product","2":"type-product","3":"status-publish","4":"has-post-thumbnail","6":"product_cat-okna-pvc","7":"product_tag-automatyzacja-produkcji","8":"product_tag-bertrand","9":"product_tag-bezpieczenstwo","10":"product_tag-design","11":"product_tag-dobreokna","12":"product_tag-duze-okna","13":"product_tag-estetyka","14":"product_tag-funkcjonalnosc","15":"product_tag-glebokosc-zabudowy","16":"product_tag-inwestorzy","17":"product_tag-izolacja-akustyczna","18":"product_tag-izolacja-cieplna","19":"product_tag-izolacja-termiczna","20":"product_tag-jakosc","21":"product_tag-klejenie-na-mokro","22":"product_tag-kontur","23":"product_tag-maksymalny-udzial-szkla","24":"product_tag-nowoczesny-system","25":"product_tag-nowoczesny-wyglad","26":"product_tag-ochrona-przed-wlamaniem","27":"product_tag-okna","28":"product_tag-okna-bertrand","29":"product_tag-okna-plastikowe","30":"product_tag-okna-pvc","31":"product_tag-oknazpolski","32":"product_tag-plastikowy-profil","33":"product_tag-pletwa-antywlamaniowa","34":"product_tag-polskieokna","35":"product_tag-poziom-rc3","36":"product_tag-praktyczne-rozwiazania","37":"product_tag-produkt","38":"product_tag-prosty-design","39":"product_tag-quality","40":"product_tag-stabilnosc","41":"product_tag-stolarka-otworowa","42":"product_tag-szczelnosc","43":"product_tag-szklenie-statyczne","44":"product_tag-technologia-klejenia","45":"product_tag-twarde-pvc","46":"product_tag-uszczelnienia","47":"product_tag-waskie-profile","48":"product_tag-windows","49":"product_tag-zabezpieczenie-antywlamaniowe","50":"product_tag-zmniejszone-koszty-konserwacji","51":"desktop-align-left","52":"tablet-align-left","53":"mobile-align-left","55":"first","56":"instock","57":"shipping-taxable","58":"product-type-simple"},"yoast_head":"<!-- This site is optimized with the Yoast SEO Premium plugin v27.2 (Yoast SEO v27.2) - https:\/\/yoast.com\/product\/yoast-seo-premium-wordpress\/ -->\n<title>KONTUR - Bertrand. Najwy\u017cszej jako\u015bci okna i drzwi. Certyfikowany producent od 1969 roku.<\/title>\n<meta name=\"description\" content=\"System Kontur \u0142\u0105czy nowoczesny design z funkcjonalno\u015bci\u0105 i bezpiecze\u0144stwem. Idealny dla os\u00f3b poszukuj\u0105cych innowacyjnych rozwi\u0105za\u0144.\" \/>\n<meta name=\"robots\" content=\"index, follow, max-snippet:-1, max-image-preview:large, max-video-preview:-1\" \/>\n<link rel=\"canonical\" href=\"https:\/\/bertrand.pl\/nl\/product-2\/contour\/\" \/>\n<meta property=\"og:locale\" content=\"nl_NL\" \/>\n<meta property=\"og:type\" content=\"article\" \/>\n<meta property=\"og:title\" content=\"KONTUR\" \/>\n<meta property=\"og:description\" content=\"System Kontur \u0142\u0105czy nowoczesny design z funkcjonalno\u015bci\u0105 i bezpiecze\u0144stwem. Idealny dla os\u00f3b poszukuj\u0105cych innowacyjnych rozwi\u0105za\u0144.\" \/>\n<meta property=\"og:url\" content=\"https:\/\/bertrand.pl\/nl\/product-2\/contour\/\" \/>\n<meta property=\"og:site_name\" content=\"Bertrand. Najwy\u017cszej jako\u015bci okna i drzwi. Certyfikowany producent od 1969 roku.\" \/>\n<meta property=\"article:publisher\" content=\"https:\/\/www.facebook.com\/bertrandpolska\/\" \/>\n<meta property=\"article:modified_time\" content=\"2026-03-04T11:09:59+00:00\" \/>\n<meta property=\"og:image\" content=\"https:\/\/bertrand.pl\/wp-content\/uploads\/2024\/02\/kontur-scaled.jpg\" \/>\n\t<meta property=\"og:image:width\" content=\"2560\" \/>\n\t<meta property=\"og:image:height\" content=\"2560\" \/>\n\t<meta property=\"og:image:type\" content=\"image\/jpeg\" \/>\n<meta name=\"twitter:card\" content=\"summary_large_image\" \/>\n<meta name=\"twitter:label1\" content=\"Geschatte leestijd\" \/>\n\t<meta name=\"twitter:data1\" content=\"4 minuten\" \/>\n<script type=\"application\/ld+json\" class=\"yoast-schema-graph\">{\"@context\":\"https:\/\/schema.org\",\"@graph\":[{\"@type\":\"WebPage\",\"@id\":\"https:\/\/bertrand.pl\/produkt\/kontur\/\",\"url\":\"https:\/\/bertrand.pl\/produkt\/kontur\/\",\"name\":\"KONTUR - Bertrand. Najwy\u017cszej jako\u015bci okna i drzwi. Certyfikowany producent od 1969 roku.\",\"isPartOf\":{\"@id\":\"https:\/\/bertrand.pl\/#website\"},\"primaryImageOfPage\":{\"@id\":\"https:\/\/bertrand.pl\/produkt\/kontur\/#primaryimage\"},\"image\":{\"@id\":\"https:\/\/bertrand.pl\/produkt\/kontur\/#primaryimage\"},\"thumbnailUrl\":\"https:\/\/bertrand.pl\/wp-content\/uploads\/2024\/02\/kontur-scaled.jpg\",\"datePublished\":\"2025-10-10T05:00:21+00:00\",\"dateModified\":\"2026-03-04T11:09:59+00:00\",\"description\":\"System Kontur \u0142\u0105czy nowoczesny design z funkcjonalno\u015bci\u0105 i bezpiecze\u0144stwem. Idealny dla os\u00f3b poszukuj\u0105cych innowacyjnych rozwi\u0105za\u0144.\",\"breadcrumb\":{\"@id\":\"https:\/\/bertrand.pl\/produkt\/kontur\/#breadcrumb\"},\"inLanguage\":\"nl-NL\",\"potentialAction\":[{\"@type\":\"ReadAction\",\"target\":[\"https:\/\/bertrand.pl\/produkt\/kontur\/\"]}]},{\"@type\":\"ImageObject\",\"inLanguage\":\"nl-NL\",\"@id\":\"https:\/\/bertrand.pl\/produkt\/kontur\/#primaryimage\",\"url\":\"https:\/\/bertrand.pl\/wp-content\/uploads\/2024\/02\/kontur-scaled.jpg\",\"contentUrl\":\"https:\/\/bertrand.pl\/wp-content\/uploads\/2024\/02\/kontur-scaled.jpg\",\"width\":2560,\"height\":2560,\"caption\":\"Kontur to przemy\u015blane rozwi\u0105zanie, kt\u00f3re \u0142\u0105czy nowoczesny design z funkcjonalno\u015bci\u0105 i bezpiecze\u0144stwem. Jest to wyb\u00f3r idealny dla os\u00f3b poszukuj\u0105cych innowacyjnych, estetycznych oraz praktycznych rozwi\u0105za\u0144.\"},{\"@type\":\"BreadcrumbList\",\"@id\":\"https:\/\/bertrand.pl\/produkt\/kontur\/#breadcrumb\",\"itemListElement\":[{\"@type\":\"ListItem\",\"position\":1,\"name\":\"Strona g\u0142\u00f3wna\",\"item\":\"https:\/\/bertrand.pl\/\"},{\"@type\":\"ListItem\",\"position\":2,\"name\":\"Produits\",\"item\":\"https:\/\/bertrand.pl\/fr\/shop\/\"},{\"@type\":\"ListItem\",\"position\":3,\"name\":\"KONTUR\"}]},{\"@type\":\"WebSite\",\"@id\":\"https:\/\/bertrand.pl\/#website\",\"url\":\"https:\/\/bertrand.pl\/\",\"name\":\"Bertrand.pl\",\"description\":\"Firma Bertrand to certyfikowany i uznany producent najwy\u017cszej jako\u015bci okien z PVC, z drewna lub aluminium. Produkcja drzwi, rolet i bram gara\u017cowych.\",\"publisher\":{\"@id\":\"https:\/\/bertrand.pl\/#organization\"},\"potentialAction\":[{\"@type\":\"SearchAction\",\"target\":{\"@type\":\"EntryPoint\",\"urlTemplate\":\"https:\/\/bertrand.pl\/?s={search_term_string}\"},\"query-input\":{\"@type\":\"PropertyValueSpecification\",\"valueRequired\":true,\"valueName\":\"search_term_string\"}}],\"inLanguage\":\"nl-NL\"},{\"@type\":\"Organization\",\"@id\":\"https:\/\/bertrand.pl\/#organization\",\"name\":\"Bertrand.pl\",\"url\":\"https:\/\/bertrand.pl\/\",\"logo\":{\"@type\":\"ImageObject\",\"inLanguage\":\"nl-NL\",\"@id\":\"https:\/\/bertrand.pl\/#\/schema\/logo\/image\/\",\"url\":\"https:\/\/bertrand.pl\/wp-content\/uploads\/2024\/12\/logo_BB_TM_PL_black.png\",\"contentUrl\":\"https:\/\/bertrand.pl\/wp-content\/uploads\/2024\/12\/logo_BB_TM_PL_black.png\",\"width\":1831,\"height\":1831,\"caption\":\"Bertrand.pl\"},\"image\":{\"@id\":\"https:\/\/bertrand.pl\/#\/schema\/logo\/image\/\"},\"sameAs\":[\"https:\/\/www.facebook.com\/bertrandpolska\/\",\"https:\/\/www.instagram.com\/bertrand_okna_i_drzwi\/\",\"https:\/\/www.linkedin.com\/company\/bertrand\/\",\"https:\/\/www.tiktok.com\/@bertrand_okna_drzwi\"]}]}<\/script>\n<!-- \/ Yoast SEO Premium plugin. -->","yoast_head_json":{"title":"KONTUR - Bertrand. Najwy\u017cszej jako\u015bci okna i drzwi. Certyfikowany producent od 1969 roku.","description":"Het Kontur-systeem combineert modern design met functionaliteit en veiligheid. Perfect voor mensen die op zoek zijn naar innovatieve oplossingen.","robots":{"index":"index","follow":"follow","max-snippet":"max-snippet:-1","max-image-preview":"max-image-preview:large","max-video-preview":"max-video-preview:-1"},"canonical":"https:\/\/bertrand.pl\/nl\/product-2\/contour\/","og_locale":"nl_NL","og_type":"article","og_title":"KONTUR","og_description":"System Kontur \u0142\u0105czy nowoczesny design z funkcjonalno\u015bci\u0105 i bezpiecze\u0144stwem. Idealny dla os\u00f3b poszukuj\u0105cych innowacyjnych rozwi\u0105za\u0144.","og_url":"https:\/\/bertrand.pl\/nl\/product-2\/contour\/","og_site_name":"Bertrand. Najwy\u017cszej jako\u015bci okna i drzwi. Certyfikowany producent od 1969 roku.","article_publisher":"https:\/\/www.facebook.com\/bertrandpolska\/","article_modified_time":"2026-03-04T11:09:59+00:00","og_image":[{"width":2560,"height":2560,"url":"https:\/\/bertrand.pl\/wp-content\/uploads\/2024\/02\/kontur-scaled.jpg","type":"image\/jpeg"}],"twitter_card":"summary_large_image","twitter_misc":{"Geschatte leestijd":"4 minuten"},"schema":{"@context":"https:\/\/schema.org","@graph":[{"@type":"WebPage","@id":"https:\/\/bertrand.pl\/produkt\/kontur\/","url":"https:\/\/bertrand.pl\/produkt\/kontur\/","name":"KONTUR - Bertrand. Najwy\u017cszej jako\u015bci okna i drzwi. Certyfikowany producent od 1969 roku.","isPartOf":{"@id":"https:\/\/bertrand.pl\/#website"},"primaryImageOfPage":{"@id":"https:\/\/bertrand.pl\/produkt\/kontur\/#primaryimage"},"image":{"@id":"https:\/\/bertrand.pl\/produkt\/kontur\/#primaryimage"},"thumbnailUrl":"https:\/\/bertrand.pl\/wp-content\/uploads\/2024\/02\/kontur-scaled.jpg","datePublished":"2025-10-10T05:00:21+00:00","dateModified":"2026-03-04T11:09:59+00:00","description":"Het Kontur-systeem combineert modern design met functionaliteit en veiligheid. Perfect voor mensen die op zoek zijn naar innovatieve oplossingen.","breadcrumb":{"@id":"https:\/\/bertrand.pl\/produkt\/kontur\/#breadcrumb"},"inLanguage":"nl-NL","potentialAction":[{"@type":"ReadAction","target":["https:\/\/bertrand.pl\/produkt\/kontur\/"]}]},{"@type":"ImageObject","inLanguage":"nl-NL","@id":"https:\/\/bertrand.pl\/produkt\/kontur\/#primaryimage","url":"https:\/\/bertrand.pl\/wp-content\/uploads\/2024\/02\/kontur-scaled.jpg","contentUrl":"https:\/\/bertrand.pl\/wp-content\/uploads\/2024\/02\/kontur-scaled.jpg","width":2560,"height":2560,"caption":"Kontur to przemy\u015blane rozwi\u0105zanie, kt\u00f3re \u0142\u0105czy nowoczesny design z funkcjonalno\u015bci\u0105 i bezpiecze\u0144stwem. Jest to wyb\u00f3r idealny dla os\u00f3b poszukuj\u0105cych innowacyjnych, estetycznych oraz praktycznych rozwi\u0105za\u0144."},{"@type":"BreadcrumbList","@id":"https:\/\/bertrand.pl\/produkt\/kontur\/#breadcrumb","itemListElement":[{"@type":"ListItem","position":1,"name":"Strona g\u0142\u00f3wna","item":"https:\/\/bertrand.pl\/"},{"@type":"ListItem","position":2,"name":"Produits","item":"https:\/\/bertrand.pl\/fr\/shop\/"},{"@type":"ListItem","position":3,"name":"KONTUR"}]},{"@type":"WebSite","@id":"https:\/\/bertrand.pl\/#website","url":"https:\/\/bertrand.pl\/","name":"Bertrand.pl","description":"Firma Bertrand to certyfikowany i uznany producent najwy\u017cszej jako\u015bci okien z PVC, z drewna lub aluminium. Produkcja drzwi, rolet i bram gara\u017cowych.","publisher":{"@id":"https:\/\/bertrand.pl\/#organization"},"potentialAction":[{"@type":"SearchAction","target":{"@type":"EntryPoint","urlTemplate":"https:\/\/bertrand.pl\/?s={search_term_string}"},"query-input":{"@type":"PropertyValueSpecification","valueRequired":true,"valueName":"search_term_string"}}],"inLanguage":"nl-NL"},{"@type":"Organization","@id":"https:\/\/bertrand.pl\/#organization","name":"Bertrand.pl","url":"https:\/\/bertrand.pl\/","logo":{"@type":"ImageObject","inLanguage":"nl-NL","@id":"https:\/\/bertrand.pl\/#\/schema\/logo\/image\/","url":"https:\/\/bertrand.pl\/wp-content\/uploads\/2024\/12\/logo_BB_TM_PL_black.png","contentUrl":"https:\/\/bertrand.pl\/wp-content\/uploads\/2024\/12\/logo_BB_TM_PL_black.png","width":1831,"height":1831,"caption":"Bertrand.pl"},"image":{"@id":"https:\/\/bertrand.pl\/#\/schema\/logo\/image\/"},"sameAs":["https:\/\/www.facebook.com\/bertrandpolska\/","https:\/\/www.instagram.com\/bertrand_okna_i_drzwi\/","https:\/\/www.linkedin.com\/company\/bertrand\/","https:\/\/www.tiktok.com\/@bertrand_okna_drzwi"]}]}},"_links":{"self":[{"href":"https:\/\/bertrand.pl\/nl\/wp-json\/wp\/v2\/product\/670","targetHints":{"allow":["GET"]}}],"collection":[{"href":"https:\/\/bertrand.pl\/nl\/wp-json\/wp\/v2\/product"}],"about":[{"href":"https:\/\/bertrand.pl\/nl\/wp-json\/wp\/v2\/types\/product"}],"wp:featuredmedia":[{"embeddable":true,"href":"https:\/\/bertrand.pl\/nl\/wp-json\/wp\/v2\/media\/3493"}],"wp:attachment":[{"href":"https:\/\/bertrand.pl\/nl\/wp-json\/wp\/v2\/media?parent=670"}],"wp:term":[{"taxonomy":"product_brand","embeddable":true,"href":"https:\/\/bertrand.pl\/nl\/wp-json\/wp\/v2\/product_brand?post=670"},{"taxonomy":"product_cat","embeddable":true,"href":"https:\/\/bertrand.pl\/nl\/wp-json\/wp\/v2\/product_cat?post=670"},{"taxonomy":"product_tag","embeddable":true,"href":"https:\/\/bertrand.pl\/nl\/wp-json\/wp\/v2\/product_tag?post=670"}],"curies":[{"name":"wp","href":"https:\/\/api.w.org\/{rel}","templated":true}]}}