{"id":7054,"date":"2023-07-10T13:26:23","date_gmt":"2023-07-10T11:26:23","guid":{"rendered":"https:\/\/bertrand.pl\/?post_type=product&#038;p=7054"},"modified":"2025-07-10T14:12:55","modified_gmt":"2025-07-10T12:12:55","slug":"alutrend-passive-classic","status":"publish","type":"product","link":"https:\/\/bertrand.pl\/nl\/produkt\/alutrend-passive-classic\/","title":{"rendered":"Alutrend Passive Classic"},"content":{"rendered":"<div id=\"column-wrap-id-1499432946\" class=\"sppb-col-sm-6\">\n<div id=\"column-id-1499432946\" class=\"sppb-column\">\n<div class=\"sppb-column-addons\">\n<div id=\"sppb-addon-wrapper-1499432947\" class=\"sppb-addon-wrapper\">\n<div id=\"sppb-addon-1499432947\" class=\"clearfix\">\n<div class=\"sppb-addon sppb-addon-text-block sppb-text-left\">\n<div class=\"sppb-addon-content\">\n<p data-start=\"217\" data-end=\"560\"><strong>\u00a0Alutrend Passive Classic<\/strong> to nowoczesny system okien drewniano-aluminiowych zaprojektowany z my\u015bl\u0105 o budownictwie pasywnym. Charakteryzuje si\u0119 wyj\u0105tkow\u0105 izolacyjno\u015bci\u0105 termiczn\u0105, szczelno\u015bci\u0105, nisk\u0105 przepuszczalno\u015bci\u0105 powietrza i odporno\u015bci\u0105 na obci\u0105\u017cenia wiatrem, co czyni go idealnym rozwi\u0105zaniem dla nowoczesnych, energooszcz\u0119dnych budynk\u00f3w.<\/p>\n<\/div>\n<div class=\"sppb-addon-content\">\n<h4 data-start=\"562\" data-end=\"581\"><strong data-start=\"562\" data-end=\"581\">Belangrijkste kenmerken:<\/strong><\/h4>\n<ol data-start=\"583\" data-end=\"1436\">\n<li data-start=\"583\" data-end=\"833\">\n<p data-start=\"586\" data-end=\"833\"><strong data-start=\"586\" data-end=\"621\">Innowacyjny materia\u0142 izolacyjny<\/strong><br data-start=\"621\" data-end=\"624\" \/>Wykorzystuje wysokowytrzyma\u0142\u0105 spienion\u0105 piank\u0119 PS, kt\u00f3ra w\u0142a\u015bciwo\u015bciami przypomina drewno.<br data-start=\"717\" data-end=\"720\" \/>Sztywno\u015b\u0107 materia\u0142u pozwala na bezpo\u015brednie mocowanie klips\u00f3w monta\u017cowych, co zwi\u0119ksza stabilno\u015b\u0107 konstrukcji.<\/p>\n<\/li>\n<li data-start=\"835\" data-end=\"1074\">\n<p data-start=\"838\" data-end=\"1074\"><strong data-start=\"838\" data-end=\"868\">Zaawansowane uszczelnienia<\/strong><br data-start=\"868\" data-end=\"871\" \/>Zastosowanie poszerzonej uszczelki g\u0142\u00f3wnej, sznura PE, dodatkowej uszczelki \u015brodkowej oraz ciep\u0142ej ramki dystansowej Swisspacer Ultimate. Poprawiaj\u0105 one izolacyjno\u015b\u0107 ciepln\u0105 i szczelno\u015b\u0107 systemu.<\/p>\n<\/li>\n<li data-start=\"1076\" data-end=\"1249\">\n<p data-start=\"1079\" data-end=\"1249\"><strong data-start=\"1079\" data-end=\"1114\">Zaawansowane po\u0142\u0105czenia naro\u017cne<\/strong><br data-start=\"1114\" data-end=\"1117\" \/>Spawane naro\u017cniki z wykorzystaniem technologii \u201eniewidocznego spawu\u201d zapewniaj\u0105 g\u0142adk\u0105, jednolit\u0105 powierzchni\u0119 i wysok\u0105 trwa\u0142o\u015b\u0107.<\/p>\n<\/li>\n<li data-start=\"1251\" data-end=\"1436\">\n<p data-start=\"1254\" data-end=\"1436\"><strong data-start=\"1254\" data-end=\"1284\">Wysokowydajne przeszklenia<\/strong><br data-start=\"1284\" data-end=\"1287\" \/>Mo\u017cliwo\u015b\u0107 zastosowania pakiet\u00f3w trzyszybowych o warto\u015bci Ug do 0,7 W\/m\u00b2K.<br data-start=\"1363\" data-end=\"1366\" \/>Uzyskanie warto\u015bci Uw poni\u017cej 0,80 W\/(m\u00b2K) w klimacie umiarkowanym.<\/p>\n<\/li>\n<\/ol>\n<p>&nbsp;<\/p>\n<h4 data-start=\"1438\" data-end=\"1482\"><strong data-start=\"1438\" data-end=\"1482\">Zalety systemu Alutrend Passive Classic:<\/strong><\/h4>\n<ol data-start=\"1484\" data-end=\"1944\">\n<li data-start=\"1484\" data-end=\"1609\">\n<p data-start=\"1487\" data-end=\"1609\"><strong data-start=\"1487\" data-end=\"1519\">Doskona\u0142a izolacja termiczna<\/strong><br data-start=\"1519\" data-end=\"1522\" \/>Skutecznie ogranicza zu\u017cycie energii i zapewnia komfortowe warunki wewn\u0105trz budynku.<\/p>\n<\/li>\n<li data-start=\"1611\" data-end=\"1766\">\n<p data-start=\"1614\" data-end=\"1766\"><strong data-start=\"1614\" data-end=\"1656\">Wysoka szczelno\u015b\u0107 i odporno\u015b\u0107 na wiatr<\/strong><br data-start=\"1656\" data-end=\"1659\" \/>Zaawansowany system uszczelnie\u0144 gwarantuje bardzo dobr\u0105 szczelno\u015b\u0107 oraz odporno\u015b\u0107 na obci\u0105\u017cenia wiatrem.<\/p>\n<\/li>\n<li data-start=\"1768\" data-end=\"1944\">\n<p data-start=\"1771\" data-end=\"1944\"><strong data-start=\"1771\" data-end=\"1816\">Trwa\u0142o\u015b\u0107 i niskie wymagania konserwacyjne<\/strong><br data-start=\"1816\" data-end=\"1819\" \/>Po\u0142\u0105czenie drewna i aluminium to trwa\u0142e i estetyczne rozwi\u0105zanie, kt\u00f3re sprawdzi si\u0119 w r\u00f3\u017cnych stylach architektonicznych.<\/p>\n<\/li>\n<\/ol>\n<h4 data-start=\"1771\" data-end=\"1944\"><strong data-start=\"1951\" data-end=\"1968\">Zastosowanie:<\/strong><\/h4>\n<ul data-start=\"1970\" data-end=\"2246\">\n<li data-start=\"1970\" data-end=\"2045\">\n<p data-start=\"1972\" data-end=\"2045\">Budownictwo mieszkaniowe: idealne do dom\u00f3w pasywnych i energooszcz\u0119dnych.<\/p>\n<\/li>\n<li data-start=\"2046\" data-end=\"2151\">\n<p data-start=\"2048\" data-end=\"2151\">Obiekty komercyjne: doskona\u0142e do biurowc\u00f3w i budynk\u00f3w komercyjnych wymagaj\u0105cych wysokiej izolacyjno\u015bci.<\/p>\n<\/li>\n<li data-start=\"2152\" data-end=\"2246\">\n<p data-start=\"2154\" data-end=\"2246\">Projekty modernizacyjne: \u015bwietnie sprawdza si\u0119 przy termomodernizacji istniej\u0105cych obiekt\u00f3w.<\/p>\n<\/li>\n<\/ul>\n<p>&nbsp;<\/p>\n<h4 data-start=\"2248\" data-end=\"2298\"><strong>System posiada certyfikacj\u0119 Passivhaus Institut:<\/strong><\/h4>\n<ul data-start=\"2299\" data-end=\"2489\">\n<li data-start=\"2299\" data-end=\"2394\">\n<p data-start=\"2301\" data-end=\"2394\">Alutrend Passive Classic \u2013 Uw &lt; 0,80 W\/(m\u00b2K) z pakietem Ug = 0,7 W\/m\u00b2K (klimat umiarkowany)<\/p>\n<\/li>\n<li data-start=\"2395\" data-end=\"2489\">\n<p data-start=\"2397\" data-end=\"2489\">Alutrend Passive Classic Ultra \u2013 Uw &lt; 0,80 W\/(m\u00b2K) z pakietem Ug = 0,52 W\/m\u00b2K (klimat zimny)<\/p>\n<\/li>\n<\/ul>\n<p>&nbsp;<\/p>\n<h4 data-start=\"2491\" data-end=\"2515\"><strong data-start=\"2491\" data-end=\"2515\">Dodatkowe parametry:<\/strong><\/h4>\n<ul data-start=\"2516\" data-end=\"2770\">\n<li data-start=\"2516\" data-end=\"2561\">\n<p data-start=\"2518\" data-end=\"2561\">Po\u0142\u0105czenia naro\u017cne spawane lub zagniatane<\/p>\n<\/li>\n<li data-start=\"2562\" data-end=\"2605\">\n<p data-start=\"2564\" data-end=\"2605\">Grubo\u015b\u0107 przekroju drewnianego: 68\u201392 mm<\/p>\n<\/li>\n<li data-start=\"2606\" data-end=\"2636\">\n<p data-start=\"2608\" data-end=\"2636\">Grubo\u015b\u0107 szklenia: 24\u201344 mm<\/p>\n<\/li>\n<li data-start=\"2637\" data-end=\"2674\">\n<p data-start=\"2639\" data-end=\"2674\">Izolacyjno\u015b\u0107 akustyczna: 32\u201345 dB<\/p>\n<\/li>\n<li data-start=\"2675\" data-end=\"2717\">\n<p data-start=\"2677\" data-end=\"2717\">Klasa odporno\u015bci na w\u0142amanie: RC1, RC2<\/p>\n<\/li>\n<li data-start=\"2718\" data-end=\"2770\">\n<p data-start=\"2720\" data-end=\"2770\">Wsp\u00f3\u0142czynnik przenikania ciep\u0142a: 0,76\u20130,61 W\/m\u00b2K<\/p>\n<\/li>\n<\/ul>\n<\/div>\n<\/div>\n<\/div>\n<\/div>\n<\/div>\n<\/div>\n<\/div>\n<p><strong style=\"--tw-scale-x: 1; --tw-scale-y: 1; --tw-scroll-snap-strictness: proximity; --tw-ring-offset-width: 0px; --tw-ring-offset-color: #fff; --tw-ring-color: #3b82f680; --tw-ring-offset-shadow: 0 0 #0000; --tw-ring-shadow: 0 0 #0000; --tw-shadow: 0 0 #0000; --tw-shadow-colored: 0 0 #0000; font-size: 16px; font-style: normal;\"><img fetchpriority=\"high\" decoding=\"async\" class=\"alignnone wp-image-7056\" style=\"--tw-scale-x: 1; --tw-scale-y: 1; --tw-scroll-snap-strictness: proximity; --tw-ring-offset-width: 0px; --tw-ring-offset-color: #fff; --tw-ring-color: #3b82f680; --tw-ring-offset-shadow: 0 0 #0000; --tw-ring-shadow: 0 0 #0000; --tw-shadow: 0 0 #0000; --tw-shadow-colored: 0 0 #0000;\" src=\"https:\/\/bertrand.pl\/wp-content\/uploads\/2025\/07\/passiv.jpg\" alt=\"\" width=\"347\" height=\"358\" srcset=\"https:\/\/bertrand.pl\/wp-content\/uploads\/2025\/07\/passiv.jpg 461w, https:\/\/bertrand.pl\/wp-content\/uploads\/2025\/07\/passiv-408x420.jpg 408w, https:\/\/bertrand.pl\/wp-content\/uploads\/2025\/07\/passiv-12x12.jpg 12w\" sizes=\"(max-width: 347px) 100vw, 347px\" \/><strong style=\"--tw-scale-x: 1; --tw-scale-y: 1; --tw-scroll-snap-strictness: proximity; --tw-ring-offset-width: 0px; --tw-ring-offset-color: #fff; --tw-ring-color: #3b82f680; --tw-ring-offset-shadow: 0 0 #0000; --tw-ring-shadow: 0 0 #0000; --tw-shadow: 0 0 #0000; --tw-shadow-colored: 0 0 #0000; font-size: 16px; font-style: normal;\"><img decoding=\"async\" class=\"alignnone wp-image-7055\" style=\"--tw-scale-x: 1; --tw-scale-y: 1; --tw-scroll-snap-strictness: proximity; --tw-ring-offset-width: 0px; --tw-ring-offset-color: #fff; --tw-ring-color: #3b82f680; --tw-ring-offset-shadow: 0 0 #0000; --tw-ring-shadow: 0 0 #0000; --tw-shadow: 0 0 #0000; --tw-shadow-colored: 0 0 #0000;\" src=\"https:\/\/bertrand.pl\/wp-content\/uploads\/2025\/07\/gemini-passive_retro.jpg\" alt=\"\" width=\"367\" height=\"362\" srcset=\"https:\/\/bertrand.pl\/wp-content\/uploads\/2025\/07\/gemini-passive_retro.jpg 564w, https:\/\/bertrand.pl\/wp-content\/uploads\/2025\/07\/gemini-passive_retro-420x415.jpg 420w, https:\/\/bertrand.pl\/wp-content\/uploads\/2025\/07\/gemini-passive_retro-12x12.jpg 12w, https:\/\/bertrand.pl\/wp-content\/uploads\/2025\/07\/gemini-passive_retro-100x100.jpg 100w\" sizes=\"(max-width: 367px) 100vw, 367px\" \/><\/strong><\/strong><\/p>\n<p>&nbsp;<\/p>\n<div id=\"column-wrap-id-1499432946\" class=\"sppb-col-sm-6\">\n<div id=\"column-id-1499432946\" class=\"sppb-column\">\n<div class=\"sppb-column-addons\">\n<div id=\"sppb-addon-wrapper-1499432947\" class=\"sppb-addon-wrapper\">\n<div id=\"sppb-addon-1499432947\" class=\"clearfix\">\n<div class=\"sppb-addon sppb-addon-text-block sppb-text-left\">\n<p><em>Bertrand maakt gebruik van de meest geavanceerde houtvernissen. Onze AQUATOP lak, die wij standaard gebruiken, beschermt oppervlakken tegen weersinvloeden en geeft ze een gladde en langdurige bescherming.<\/em><\/p>\n<p><em>AQUATOP wordt gekenmerkt door een uitstekende weerstand tegen vocht. Het beschermt oppervlakken tegen water, regen en vocht en voorkomt problemen zoals rot, schimmel en schade na verloop van tijd. Biedt het hele jaar door betrouwbare weerstand, in elk klimaat.\u00a0<\/em><\/p>\n<p><em>Dankzij geavanceerde en innovatieve vernissen en een zorgvuldig productieproces, dat een hybride is van automatisch slijpen van vlakke oppervlakken en handmatig slijpen van moeilijk bereikbare oppervlakken, zoals het oppervlak binnen het kozijn, hebben onze houten ramen een gladde en onberispelijke afwerking .<\/em><\/p>\n<p><em>Houten ramen van Bertrand zijn perfect voor warme klimaten dankzij het gebruik van vernis met koude pigmenten.<\/em><\/p>\n<p>&nbsp;<\/p>\n<h4><strong><a href=\"https:\/\/bertrand.pl\/nl\/kleur\/\">Kleuren van ramen en deuren<\/a><\/strong><\/h4>\n<\/div>\n<\/div>\n<\/div>\n<\/div>\n<\/div>\n<\/div>","protected":false},"excerpt":{"rendered":"<p><strong>Okna drewniano-aluminiowe do dom\u00f3w pasywnych<\/strong><\/p>\n<p>Zaawansowany system okien drewniano-aluminiowych stworzony z my\u015bl\u0105 o budownictwie pasywnym. Wyr\u00f3\u017cnia si\u0119 doskona\u0142\u0105 izolacyjno\u015bci\u0105 termiczn\u0105, szczelno\u015bci\u0105 oraz trwa\u0142o\u015bci\u0105 dzi\u0119ki zastosowaniu innowacyjnych materia\u0142\u00f3w i nowoczesnych technologii.<\/p>","protected":false},"featured_media":7057,"template":"","meta":{"site-sidebar-layout":"default","site-content-layout":"","ast-site-content-layout":"default","site-content-style":"default","site-sidebar-style":"default","ast-global-header-display":"","ast-banner-title-visibility":"","ast-main-header-display":"","ast-hfb-above-header-display":"","ast-hfb-below-header-display":"","ast-hfb-mobile-header-display":"","site-post-title":"","ast-breadcrumbs-content":"","ast-featured-img":"","footer-sml-layout":"","ast-disable-related-posts":"","theme-transparent-header-meta":"default","adv-header-id-meta":"","stick-header-meta":"","header-above-stick-meta":"","header-main-stick-meta":"","header-below-stick-meta":"","astra-migrate-meta-layouts":"set","ast-page-background-enabled":"default","ast-page-background-meta":{"desktop":{"background-color":"var(--ast-global-color-4)","background-image":"","background-repeat":"repeat","background-position":"center center","background-size":"auto","background-attachment":"scroll","background-type":"","background-media":"","overlay-type":"","overlay-color":"","overlay-opacity":"","overlay-gradient":""},"tablet":{"background-color":"","background-image":"","background-repeat":"repeat","background-position":"center center","background-size":"auto","background-attachment":"scroll","background-type":"","background-media":"","overlay-type":"","overlay-color":"","overlay-opacity":"","overlay-gradient":""},"mobile":{"background-color":"","background-image":"","background-repeat":"repeat","background-position":"center center","background-size":"auto","background-attachment":"scroll","background-type":"","background-media":"","overlay-type":"","overlay-color":"","overlay-opacity":"","overlay-gradient":""}},"ast-content-background-meta":{"desktop":{"background-color":"var(--ast-global-color-5)","background-image":"","background-repeat":"repeat","background-position":"center center","background-size":"auto","background-attachment":"scroll","background-type":"","background-media":"","overlay-type":"","overlay-color":"","overlay-opacity":"","overlay-gradient":""},"tablet":{"background-color":"var(--ast-global-color-5)","background-image":"","background-repeat":"repeat","background-position":"center center","background-size":"auto","background-attachment":"scroll","background-type":"","background-media":"","overlay-type":"","overlay-color":"","overlay-opacity":"","overlay-gradient":""},"mobile":{"background-color":"var(--ast-global-color-5)","background-image":"","background-repeat":"repeat","background-position":"center center","background-size":"auto","background-attachment":"scroll","background-type":"","background-media":"","overlay-type":"","overlay-color":"","overlay-opacity":"","overlay-gradient":""}}},"product_brand":[],"product_cat":[27],"product_tag":[1920,1924,1756,1219,405,1926,831,194,365,1925,387,355,1919,1922,1230,1923,1621,1921,318,1927],"class_list":{"0":"post-7054","1":"product","2":"type-product","3":"status-publish","4":"has-post-thumbnail","6":"product_cat-okna-drewniano-aluminiowe","7":"product_tag-alutrend-passive-classic","8":"product_tag-cieple-okna","9":"product_tag-dom-pasywny","10":"product_tag-energooszczedne-okna","11":"product_tag-izolacja-termiczna","12":"product_tag-niski-wspolczynnik-uw","13":"product_tag-nowoczesne-okna","14":"product_tag-okna-aluminiowe","15":"product_tag-okna-bertrand","16":"product_tag-okna-do-domow-energooszczednych","17":"product_tag-okna-drewniane","18":"product_tag-okna-drewniano-aluminiowe","19":"product_tag-okna-pasywne","20":"product_tag-okna-premium","21":"product_tag-okna-z-ukrytym-skrzydlem","22":"product_tag-passivhaus","23":"product_tag-potrojne-szklenie","24":"product_tag-stolarka-pasywna","25":"product_tag-system-okienny","26":"product_tag-szczelnosc-okien","27":"desktop-align-left","28":"tablet-align-left","29":"mobile-align-left","31":"first","32":"instock","33":"shipping-taxable","34":"product-type-simple"},"yoast_head":"<!-- This site is optimized with the Yoast SEO Premium plugin v27.2 (Yoast SEO v27.2) - https:\/\/yoast.com\/product\/yoast-seo-premium-wordpress\/ -->\n<title>Okna drewniano-aluminiowe Alutrend Passive Classic<\/title>\n<meta name=\"description\" content=\"Alutrend Passive Classic \u2013 energooszcz\u0119dne okna drewniano-aluminiowe do dom\u00f3w pasywnych. Najwy\u017csza izolacyjno\u015b\u0107, trwa\u0142o\u015b\u0107 i nowoczesny design.\" \/>\n<meta name=\"robots\" content=\"index, follow, max-snippet:-1, max-image-preview:large, max-video-preview:-1\" \/>\n<link rel=\"canonical\" href=\"https:\/\/bertrand.pl\/nl\/product-2\/alutrend-passive-classic\/\" \/>\n<meta property=\"og:locale\" content=\"nl_NL\" \/>\n<meta property=\"og:type\" content=\"article\" \/>\n<meta property=\"og:title\" content=\"Alutrend Passive Classic\" \/>\n<meta property=\"og:description\" content=\"Alutrend Passive Classic \u2013 energooszcz\u0119dne okna drewniano-aluminiowe do dom\u00f3w pasywnych. Najwy\u017csza izolacyjno\u015b\u0107, trwa\u0142o\u015b\u0107 i nowoczesny design.\" \/>\n<meta property=\"og:url\" content=\"https:\/\/bertrand.pl\/nl\/product-2\/alutrend-passive-classic\/\" \/>\n<meta property=\"og:site_name\" content=\"Bertrand. Najwy\u017cszej jako\u015bci okna i drzwi. Certyfikowany producent od 1969 roku.\" \/>\n<meta property=\"article:publisher\" content=\"https:\/\/www.facebook.com\/bertrandpolska\/\" \/>\n<meta property=\"article:modified_time\" content=\"2025-07-10T12:12:55+00:00\" \/>\n<meta property=\"og:image\" content=\"https:\/\/bertrand.pl\/wp-content\/uploads\/2025\/07\/gemini-passive-1450x1450-1.png\" \/>\n\t<meta property=\"og:image:width\" content=\"1450\" \/>\n\t<meta property=\"og:image:height\" content=\"1450\" \/>\n\t<meta property=\"og:image:type\" content=\"image\/png\" \/>\n<meta name=\"twitter:card\" content=\"summary_large_image\" \/>\n<meta name=\"twitter:label1\" content=\"Geschatte leestijd\" \/>\n\t<meta name=\"twitter:data1\" content=\"3 minuten\" \/>\n<script type=\"application\/ld+json\" class=\"yoast-schema-graph\">{\"@context\":\"https:\/\/schema.org\",\"@graph\":[{\"@type\":\"WebPage\",\"@id\":\"https:\/\/bertrand.pl\/produkt\/alutrend-passive-classic\/\",\"url\":\"https:\/\/bertrand.pl\/produkt\/alutrend-passive-classic\/\",\"name\":\"Okna drewniano-aluminiowe Alutrend Passive Classic\",\"isPartOf\":{\"@id\":\"https:\/\/bertrand.pl\/#website\"},\"primaryImageOfPage\":{\"@id\":\"https:\/\/bertrand.pl\/produkt\/alutrend-passive-classic\/#primaryimage\"},\"image\":{\"@id\":\"https:\/\/bertrand.pl\/produkt\/alutrend-passive-classic\/#primaryimage\"},\"thumbnailUrl\":\"https:\/\/bertrand.pl\/wp-content\/uploads\/2025\/07\/gemini-passive-1450x1450-1.png\",\"datePublished\":\"2023-07-10T11:26:23+00:00\",\"dateModified\":\"2025-07-10T12:12:55+00:00\",\"description\":\"Alutrend Passive Classic \u2013 energooszcz\u0119dne okna drewniano-aluminiowe do dom\u00f3w pasywnych. Najwy\u017csza izolacyjno\u015b\u0107, trwa\u0142o\u015b\u0107 i nowoczesny design.\",\"breadcrumb\":{\"@id\":\"https:\/\/bertrand.pl\/produkt\/alutrend-passive-classic\/#breadcrumb\"},\"inLanguage\":\"nl-NL\",\"potentialAction\":[{\"@type\":\"ReadAction\",\"target\":[\"https:\/\/bertrand.pl\/produkt\/alutrend-passive-classic\/\"]}]},{\"@type\":\"ImageObject\",\"inLanguage\":\"nl-NL\",\"@id\":\"https:\/\/bertrand.pl\/produkt\/alutrend-passive-classic\/#primaryimage\",\"url\":\"https:\/\/bertrand.pl\/wp-content\/uploads\/2025\/07\/gemini-passive-1450x1450-1.png\",\"contentUrl\":\"https:\/\/bertrand.pl\/wp-content\/uploads\/2025\/07\/gemini-passive-1450x1450-1.png\",\"width\":1450,\"height\":1450},{\"@type\":\"BreadcrumbList\",\"@id\":\"https:\/\/bertrand.pl\/produkt\/alutrend-passive-classic\/#breadcrumb\",\"itemListElement\":[{\"@type\":\"ListItem\",\"position\":1,\"name\":\"Strona g\u0142\u00f3wna\",\"item\":\"https:\/\/bertrand.pl\/\"},{\"@type\":\"ListItem\",\"position\":2,\"name\":\"Produits\",\"item\":\"https:\/\/bertrand.pl\/fr\/shop\/\"},{\"@type\":\"ListItem\",\"position\":3,\"name\":\"Alutrend Passive Classic\"}]},{\"@type\":\"WebSite\",\"@id\":\"https:\/\/bertrand.pl\/#website\",\"url\":\"https:\/\/bertrand.pl\/\",\"name\":\"Bertrand.pl\",\"description\":\"Firma Bertrand to certyfikowany i uznany producent najwy\u017cszej jako\u015bci okien z PVC, z drewna lub aluminium. Produkcja drzwi, rolet i bram gara\u017cowych.\",\"publisher\":{\"@id\":\"https:\/\/bertrand.pl\/#organization\"},\"potentialAction\":[{\"@type\":\"SearchAction\",\"target\":{\"@type\":\"EntryPoint\",\"urlTemplate\":\"https:\/\/bertrand.pl\/?s={search_term_string}\"},\"query-input\":{\"@type\":\"PropertyValueSpecification\",\"valueRequired\":true,\"valueName\":\"search_term_string\"}}],\"inLanguage\":\"nl-NL\"},{\"@type\":\"Organization\",\"@id\":\"https:\/\/bertrand.pl\/#organization\",\"name\":\"Bertrand.pl\",\"url\":\"https:\/\/bertrand.pl\/\",\"logo\":{\"@type\":\"ImageObject\",\"inLanguage\":\"nl-NL\",\"@id\":\"https:\/\/bertrand.pl\/#\/schema\/logo\/image\/\",\"url\":\"https:\/\/bertrand.pl\/wp-content\/uploads\/2024\/12\/logo_BB_TM_PL_black.png\",\"contentUrl\":\"https:\/\/bertrand.pl\/wp-content\/uploads\/2024\/12\/logo_BB_TM_PL_black.png\",\"width\":1831,\"height\":1831,\"caption\":\"Bertrand.pl\"},\"image\":{\"@id\":\"https:\/\/bertrand.pl\/#\/schema\/logo\/image\/\"},\"sameAs\":[\"https:\/\/www.facebook.com\/bertrandpolska\/\",\"https:\/\/www.instagram.com\/bertrand_okna_i_drzwi\/\",\"https:\/\/www.linkedin.com\/company\/bertrand\/\",\"https:\/\/www.tiktok.com\/@bertrand_okna_drzwi\"]}]}<\/script>\n<!-- \/ Yoast SEO Premium plugin. -->","yoast_head_json":{"title":"Okna drewniano-aluminiowe Alutrend Passive Classic","description":"Alutrend Passive Classic \u2013 energooszcz\u0119dne okna drewniano-aluminiowe do dom\u00f3w pasywnych. Najwy\u017csza izolacyjno\u015b\u0107, trwa\u0142o\u015b\u0107 i nowoczesny design.","robots":{"index":"index","follow":"follow","max-snippet":"max-snippet:-1","max-image-preview":"max-image-preview:large","max-video-preview":"max-video-preview:-1"},"canonical":"https:\/\/bertrand.pl\/nl\/product-2\/alutrend-passive-classic\/","og_locale":"nl_NL","og_type":"article","og_title":"Alutrend Passive Classic","og_description":"Alutrend Passive Classic \u2013 energooszcz\u0119dne okna drewniano-aluminiowe do dom\u00f3w pasywnych. Najwy\u017csza izolacyjno\u015b\u0107, trwa\u0142o\u015b\u0107 i nowoczesny design.","og_url":"https:\/\/bertrand.pl\/nl\/product-2\/alutrend-passive-classic\/","og_site_name":"Bertrand. Najwy\u017cszej jako\u015bci okna i drzwi. Certyfikowany producent od 1969 roku.","article_publisher":"https:\/\/www.facebook.com\/bertrandpolska\/","article_modified_time":"2025-07-10T12:12:55+00:00","og_image":[{"width":1450,"height":1450,"url":"https:\/\/bertrand.pl\/wp-content\/uploads\/2025\/07\/gemini-passive-1450x1450-1.png","type":"image\/png"}],"twitter_card":"summary_large_image","twitter_misc":{"Geschatte leestijd":"3 minuten"},"schema":{"@context":"https:\/\/schema.org","@graph":[{"@type":"WebPage","@id":"https:\/\/bertrand.pl\/produkt\/alutrend-passive-classic\/","url":"https:\/\/bertrand.pl\/produkt\/alutrend-passive-classic\/","name":"Okna drewniano-aluminiowe Alutrend Passive Classic","isPartOf":{"@id":"https:\/\/bertrand.pl\/#website"},"primaryImageOfPage":{"@id":"https:\/\/bertrand.pl\/produkt\/alutrend-passive-classic\/#primaryimage"},"image":{"@id":"https:\/\/bertrand.pl\/produkt\/alutrend-passive-classic\/#primaryimage"},"thumbnailUrl":"https:\/\/bertrand.pl\/wp-content\/uploads\/2025\/07\/gemini-passive-1450x1450-1.png","datePublished":"2023-07-10T11:26:23+00:00","dateModified":"2025-07-10T12:12:55+00:00","description":"Alutrend Passive Classic \u2013 energooszcz\u0119dne okna drewniano-aluminiowe do dom\u00f3w pasywnych. Najwy\u017csza izolacyjno\u015b\u0107, trwa\u0142o\u015b\u0107 i nowoczesny design.","breadcrumb":{"@id":"https:\/\/bertrand.pl\/produkt\/alutrend-passive-classic\/#breadcrumb"},"inLanguage":"nl-NL","potentialAction":[{"@type":"ReadAction","target":["https:\/\/bertrand.pl\/produkt\/alutrend-passive-classic\/"]}]},{"@type":"ImageObject","inLanguage":"nl-NL","@id":"https:\/\/bertrand.pl\/produkt\/alutrend-passive-classic\/#primaryimage","url":"https:\/\/bertrand.pl\/wp-content\/uploads\/2025\/07\/gemini-passive-1450x1450-1.png","contentUrl":"https:\/\/bertrand.pl\/wp-content\/uploads\/2025\/07\/gemini-passive-1450x1450-1.png","width":1450,"height":1450},{"@type":"BreadcrumbList","@id":"https:\/\/bertrand.pl\/produkt\/alutrend-passive-classic\/#breadcrumb","itemListElement":[{"@type":"ListItem","position":1,"name":"Strona g\u0142\u00f3wna","item":"https:\/\/bertrand.pl\/"},{"@type":"ListItem","position":2,"name":"Produits","item":"https:\/\/bertrand.pl\/fr\/shop\/"},{"@type":"ListItem","position":3,"name":"Alutrend Passive Classic"}]},{"@type":"WebSite","@id":"https:\/\/bertrand.pl\/#website","url":"https:\/\/bertrand.pl\/","name":"Bertrand.pl","description":"Firma Bertrand to certyfikowany i uznany producent najwy\u017cszej jako\u015bci okien z PVC, z drewna lub aluminium. Produkcja drzwi, rolet i bram gara\u017cowych.","publisher":{"@id":"https:\/\/bertrand.pl\/#organization"},"potentialAction":[{"@type":"SearchAction","target":{"@type":"EntryPoint","urlTemplate":"https:\/\/bertrand.pl\/?s={search_term_string}"},"query-input":{"@type":"PropertyValueSpecification","valueRequired":true,"valueName":"search_term_string"}}],"inLanguage":"nl-NL"},{"@type":"Organization","@id":"https:\/\/bertrand.pl\/#organization","name":"Bertrand.pl","url":"https:\/\/bertrand.pl\/","logo":{"@type":"ImageObject","inLanguage":"nl-NL","@id":"https:\/\/bertrand.pl\/#\/schema\/logo\/image\/","url":"https:\/\/bertrand.pl\/wp-content\/uploads\/2024\/12\/logo_BB_TM_PL_black.png","contentUrl":"https:\/\/bertrand.pl\/wp-content\/uploads\/2024\/12\/logo_BB_TM_PL_black.png","width":1831,"height":1831,"caption":"Bertrand.pl"},"image":{"@id":"https:\/\/bertrand.pl\/#\/schema\/logo\/image\/"},"sameAs":["https:\/\/www.facebook.com\/bertrandpolska\/","https:\/\/www.instagram.com\/bertrand_okna_i_drzwi\/","https:\/\/www.linkedin.com\/company\/bertrand\/","https:\/\/www.tiktok.com\/@bertrand_okna_drzwi"]}]}},"_links":{"self":[{"href":"https:\/\/bertrand.pl\/nl\/wp-json\/wp\/v2\/product\/7054","targetHints":{"allow":["GET"]}}],"collection":[{"href":"https:\/\/bertrand.pl\/nl\/wp-json\/wp\/v2\/product"}],"about":[{"href":"https:\/\/bertrand.pl\/nl\/wp-json\/wp\/v2\/types\/product"}],"wp:featuredmedia":[{"embeddable":true,"href":"https:\/\/bertrand.pl\/nl\/wp-json\/wp\/v2\/media\/7057"}],"wp:attachment":[{"href":"https:\/\/bertrand.pl\/nl\/wp-json\/wp\/v2\/media?parent=7054"}],"wp:term":[{"taxonomy":"product_brand","embeddable":true,"href":"https:\/\/bertrand.pl\/nl\/wp-json\/wp\/v2\/product_brand?post=7054"},{"taxonomy":"product_cat","embeddable":true,"href":"https:\/\/bertrand.pl\/nl\/wp-json\/wp\/v2\/product_cat?post=7054"},{"taxonomy":"product_tag","embeddable":true,"href":"https:\/\/bertrand.pl\/nl\/wp-json\/wp\/v2\/product_tag?post=7054"}],"curies":[{"name":"wp","href":"https:\/\/api.w.org\/{rel}","templated":true}]}}