{"id":7789,"date":"2025-02-07T12:42:49","date_gmt":"2025-02-07T11:42:49","guid":{"rendered":"https:\/\/bertrand.pl\/?post_type=product&#038;p=7789"},"modified":"2026-01-20T12:20:45","modified_gmt":"2026-01-20T11:20:45","slug":"ideal-7000-nl","status":"publish","type":"product","link":"https:\/\/bertrand.pl\/nl\/produkt\/ideal-7000-nl\/","title":{"rendered":"IDEAL 7000 NL"},"content":{"rendered":"<p data-start=\"396\" data-end=\"775\"><strong data-start=\"2288\" data-end=\"2389\">Het systeem sluit naadloos aan op bakstenen en klinkergevels die veel voorkomen in Nederland.<\/strong>\u2026waar zowel hoge architectonische als functionele eisen centraal staan. Het systeem past perfect binnen de typische baksteen- en klinkerbouw en wordt daarom vaak toegepast bij nieuwbouwwoningen, appartementsgebouwen en renovatieprojecten.<\/p>\n<h3 data-start=\"777\" data-end=\"811\"><strong data-start=\"780\" data-end=\"811\">Design ge\u00efnspireerd door traditie<\/strong><\/h3>\n<p>&nbsp;<\/p>\n<p data-start=\"2648\" data-end=\"3017\">Ramen <strong data-start=\"2653\" data-end=\"2670\">IDEAL 7000 NL<\/strong> onderscheidt <strong data-start=\"2680\" data-end=\"2709\">installatiediepte<\/strong>een zeskamerprofielconstructie <strong data-start=\"2767\" data-end=\"2806\">dikke glaspakketten tot 51 mm<\/strong>wat resulteert in een aanzienlijke verbetering van de thermische en akoestische isolatie. De slanke combinatie van kozijn en vleugel, met een zichtbreedte van slechts 113 mm, zorgt voor een uitzonderlijk hoge toetreding van natuurlijk licht.<\/p>\n<p data-start=\"3019\" data-end=\"3328\">Profiel met een karakteristiek kenmerk <strong data-start=\"3047\" data-end=\"3073\">15-graden afschuining<\/strong> geeft de ramen een klassieke uitstraling, harmonieus afgestemd op ontwerpen in Nederlandse stijl. Tegelijkertijd maakt het systeem het mogelijk om moderne oplossingen toe te passen, zoals <strong data-start=\"3239\" data-end=\"3270\">aluminium afdekkappen<\/strong>die de constructie een uitstraling geven die vergelijkbaar is met aluminium.<\/p>\n<h3 data-start=\"1145\" data-end=\"1190\"><strong data-start=\"1148\" data-end=\"1190\">Hoge thermische prestaties in een slank ontwerp<\/strong><\/h3>\n<p>&nbsp;<\/p>\n<p data-start=\"1191\" data-end=\"1539\">Dankzij beglazing tot 51 mm biedt het systeem uitstekende thermische en akoestische isolatie. De Uf-waarde van 1,2\u20131,3 W\/m\u00b2K ondersteunt de eisen van energiezuinig bouwen.<\/p>\n<h3 data-start=\"1541\" data-end=\"1569\"><strong data-start=\"1544\" data-end=\"1569\">Sterkte en duurzaamheid<\/strong><\/h3>\n<p>&nbsp;<\/p>\n<p data-start=\"3330\" data-end=\"3594\">Garantie voor duurzaamheid en stabiliteit <strong data-start=\"3363\" data-end=\"3386\">stalen versterkingen<\/strong>en de meerkamerconstructie van de profielen garandeert een langdurige bestendigheid tegen weersinvloeden. Dankzij het optionele systeem met drie dichtingen vormen de ramen een doeltreffende barri\u00e8re tegen kou, wind en geluid.<\/p>\n<h3 data-start=\"1804\" data-end=\"1845\"><strong data-start=\"1807\" data-end=\"1845\">Technische specificaties van het IDEAL 4000-systeem:<\/strong><\/h3>\n<p>&nbsp;<\/p>\n<ul data-start=\"1846\" data-end=\"2229\">\n<li data-start=\"1846\" data-end=\"1880\">\n<p data-start=\"1848\" data-end=\"1880\"><strong data-start=\"1848\" data-end=\"1871\">Installatie diepte<\/strong> 120 mm<\/p>\n<\/li>\n<li data-start=\"1881\" data-end=\"1904\">\n<p data-start=\"1883\" data-end=\"1904\"><strong data-start=\"1883\" data-end=\"1900\">Aantal kamers in het frame<\/strong> 6<\/p>\n<\/li>\n<li data-start=\"1905\" data-end=\"1938\">\n<p data-start=\"1907\" data-end=\"1938\"><strong data-start=\"1907\" data-end=\"1930\">Vleugeldiepte<\/strong> 85 mm<\/p>\n<\/li>\n<li data-start=\"1939\" data-end=\"1976\">\n<p data-start=\"1941\" data-end=\"1976\"><strong data-start=\"1941\" data-end=\"1968\">Max. dikte van de beglazing<\/strong> 51 mm<\/p>\n<\/li>\n<li data-start=\"1977\" data-end=\"2002\">\n<p data-start=\"1979\" data-end=\"2002\"><strong data-start=\"1979\" data-end=\"1995\">Versterkingen:<\/strong> staal<\/p>\n<\/li>\n<li data-start=\"2003\" data-end=\"2041\">\n<p data-start=\"2005\" data-end=\"2041\"><strong data-start=\"2005\" data-end=\"2025\">Uf-waarde:<\/strong> 1,2\u20131,3 W\/m\u00b2K<\/p>\n<\/li>\n<li data-start=\"2042\" data-end=\"2083\">\n<p data-start=\"2044\" data-end=\"2083\"><strong data-start=\"2044\" data-end=\"2067\">Afdichtingssysteem:<\/strong> pakkingen<\/p>\n<\/li>\n<li data-start=\"2084\" data-end=\"2131\">\n<p data-start=\"2086\" data-end=\"2131\"><strong data-start=\"2086\" data-end=\"2104\">Style profili:<\/strong> <em data-start=\"2105\" data-end=\"2113\">verzet<\/em>, <em data-start=\"2115\" data-end=\"2129\">classic line<\/em><\/p>\n<\/li>\n<li data-start=\"2132\" data-end=\"2180\">\n<p data-start=\"2134\" data-end=\"2180\"><strong data-start=\"2134\" data-end=\"2153\">kernkleuren<\/strong> Kernkleuren: wit, bruin, antraciet<\/p>\n<\/li>\n<li data-start=\"2181\" data-end=\"2229\">\n<p data-start=\"2183\" data-end=\"2229\"><strong data-start=\"2183\" data-end=\"2199\">Optioneel:<\/strong> nak\u0142adki aluminiowe aluskin<\/p>\n<\/li>\n<\/ul>\n<h3 data-start=\"2231\" data-end=\"2260\"><\/h3>\n<h3 data-start=\"2231\" data-end=\"2260\"><strong data-start=\"2234\" data-end=\"2260\">Ontwikkeld voor de Nederlandse markt<\/strong><\/h3>\n<p>&nbsp;<\/p>\n<p class=\"yoast-text-mark\" data-s=\"\">IDEAL 7000 NL is een oplossing die door klanten in Nederland wordt gewaardeerd vanwege de perfecte afstemming op lokale montage- en visuele standaarden. Het systeem is geschikt voor zowel nieuwbouwprojecten als renovaties waarbij het behoud van de oorspronkelijke stijl essentieel is.<\/p>","protected":false},"excerpt":{"rendered":"<p data-start=\"134\" data-end=\"214\"><strong>Ramen ontworpen voor de Nederlandse architectuur<\/strong><\/p>\n<p>Een veelzijdig PVC-raamsysteem, speciaal ontwikkeld voor de Nederlandse bouwstijl. Het klassieke ontwerp met een karakteristieke afschuining van 15 graden, een breed scala aan configuraties en de mogelijkheid tot beglazing tot maar liefst 51 mm zorgen ervoor dat IDEAL 7000 NL een traditionele uitstraling perfect combineert met moderne prestaties. Een ideale oplossing voor zowel nieuwbouw als renovatieprojecten waarbij het oorspronkelijke karakter behouden moet blijven.<\/p>","protected":false},"featured_media":7796,"template":"","meta":{"site-sidebar-layout":"default","site-content-layout":"","ast-site-content-layout":"default","site-content-style":"default","site-sidebar-style":"default","ast-global-header-display":"","ast-banner-title-visibility":"","ast-main-header-display":"","ast-hfb-above-header-display":"","ast-hfb-below-header-display":"","ast-hfb-mobile-header-display":"","site-post-title":"","ast-breadcrumbs-content":"","ast-featured-img":"","footer-sml-layout":"","ast-disable-related-posts":"","theme-transparent-header-meta":"default","adv-header-id-meta":"","stick-header-meta":"","header-above-stick-meta":"","header-main-stick-meta":"","header-below-stick-meta":"","astra-migrate-meta-layouts":"set","ast-page-background-enabled":"default","ast-page-background-meta":{"desktop":{"background-color":"var(--ast-global-color-4)","background-image":"","background-repeat":"repeat","background-position":"center center","background-size":"auto","background-attachment":"scroll","background-type":"","background-media":"","overlay-type":"","overlay-color":"","overlay-opacity":"","overlay-gradient":""},"tablet":{"background-color":"","background-image":"","background-repeat":"repeat","background-position":"center center","background-size":"auto","background-attachment":"scroll","background-type":"","background-media":"","overlay-type":"","overlay-color":"","overlay-opacity":"","overlay-gradient":""},"mobile":{"background-color":"","background-image":"","background-repeat":"repeat","background-position":"center center","background-size":"auto","background-attachment":"scroll","background-type":"","background-media":"","overlay-type":"","overlay-color":"","overlay-opacity":"","overlay-gradient":""}},"ast-content-background-meta":{"desktop":{"background-color":"var(--ast-global-color-5)","background-image":"","background-repeat":"repeat","background-position":"center center","background-size":"auto","background-attachment":"scroll","background-type":"","background-media":"","overlay-type":"","overlay-color":"","overlay-opacity":"","overlay-gradient":""},"tablet":{"background-color":"var(--ast-global-color-5)","background-image":"","background-repeat":"repeat","background-position":"center center","background-size":"auto","background-attachment":"scroll","background-type":"","background-media":"","overlay-type":"","overlay-color":"","overlay-opacity":"","overlay-gradient":""},"mobile":{"background-color":"var(--ast-global-color-5)","background-image":"","background-repeat":"repeat","background-position":"center center","background-size":"auto","background-attachment":"scroll","background-type":"","background-media":"","overlay-type":"","overlay-color":"","overlay-opacity":"","overlay-gradient":""}}},"product_brand":[],"product_cat":[15,24],"product_tag":[1695,2183,1700,2186,2178,2189,2187,2188,2185,2182,2181,831,365,1696,1476,308,1697,1701,2184,2180,2190,1699,733,1698,2179,2177],"class_list":{"0":"post-7789","1":"product","2":"type-product","3":"status-publish","4":"has-post-thumbnail","6":"product_cat-okna","7":"product_cat-okna-pvc","8":"product_tag-aluplast","9":"product_tag-blokprofiel-nl","10":"product_tag-classic-line","11":"product_tag-energiezuinige-kozijnen","12":"product_tag-ideal-7000-nl","13":"product_tag-isolerende-kunststof-ramen","14":"product_tag-kozijnen-voor-nieuwbouw-nl","15":"product_tag-kozijnen-voor-renovatie-nl","16":"product_tag-kunststof-kozijnen-nederland","17":"product_tag-kunststof-ramen-nl","18":"product_tag-nederlandse-raamprofielen","19":"product_tag-nowoczesne-okna","20":"product_tag-okna-bertrand","21":"product_tag-okna-do-renowacji","22":"product_tag-okna-energooszczedne","23":"product_tag-okna-pvc","24":"product_tag-okna-z-antracytowym-rdzeniem","25":"product_tag-polzlicowane-skrzydlo","26":"product_tag-raamprofiel-120-mm","27":"product_tag-raamsysteem-ideal-7000-nl","28":"product_tag-ramen-met-51-mm-beglazing","29":"product_tag-round-line","30":"product_tag-smukle-profile","31":"product_tag-stolarka-okienna","32":"product_tag-system-holenderski","33":"product_tag-system-ideal-7000-nl","34":"desktop-align-left","35":"tablet-align-left","36":"mobile-align-left","38":"first","39":"instock","40":"shipping-taxable","41":"product-type-simple"},"yoast_head":"<!-- This site is optimized with the Yoast SEO Premium plugin v27.2 (Yoast SEO v27.2) - https:\/\/yoast.com\/product\/yoast-seo-premium-wordpress\/ -->\n<title>IDEAL 7000 NL \u2013 okna PVC do holenderskiej zabudowy<\/title>\n<meta name=\"description\" content=\"Poznaj nowoczesny system okienny PVC, idealnie dopasowany do holenderskiego rynku. Ideal 7000 NL \u0142\u0105czy estetyk\u0119 z funkcjonalno\u015bci\u0105!\" \/>\n<meta name=\"robots\" content=\"index, follow, max-snippet:-1, max-image-preview:large, max-video-preview:-1\" \/>\n<link rel=\"canonical\" href=\"https:\/\/bertrand.pl\/nl\/product-2\/ideal-7000-nl\/\" \/>\n<meta property=\"og:locale\" content=\"nl_NL\" \/>\n<meta property=\"og:type\" content=\"article\" \/>\n<meta property=\"og:title\" content=\"IDEAL 7000 NL\" \/>\n<meta property=\"og:description\" content=\"Poznaj nowoczesny system okienny PVC, idealnie dopasowany do holenderskiego rynku. Ideal 7000 NL \u0142\u0105czy estetyk\u0119 z funkcjonalno\u015bci\u0105!\" \/>\n<meta property=\"og:url\" content=\"https:\/\/bertrand.pl\/nl\/product-2\/ideal-7000-nl\/\" \/>\n<meta property=\"og:site_name\" content=\"Bertrand. Najwy\u017cszej jako\u015bci okna i drzwi. Certyfikowany producent od 1969 roku.\" \/>\n<meta property=\"article:publisher\" content=\"https:\/\/www.facebook.com\/bertrandpolska\/\" \/>\n<meta property=\"article:modified_time\" content=\"2026-01-20T11:20:45+00:00\" \/>\n<meta property=\"og:image\" content=\"https:\/\/bertrand.pl\/wp-content\/uploads\/2025\/11\/ideal7000_nl-scaled.png\" \/>\n\t<meta property=\"og:image:width\" content=\"2560\" \/>\n\t<meta property=\"og:image:height\" content=\"2560\" \/>\n\t<meta property=\"og:image:type\" content=\"image\/png\" \/>\n<meta name=\"twitter:card\" content=\"summary_large_image\" \/>\n<meta name=\"twitter:label1\" content=\"Geschatte leestijd\" \/>\n\t<meta name=\"twitter:data1\" content=\"2 minuten\" \/>\n<script type=\"application\/ld+json\" class=\"yoast-schema-graph\">{\"@context\":\"https:\/\/schema.org\",\"@graph\":[{\"@type\":\"WebPage\",\"@id\":\"https:\/\/bertrand.pl\/produkt\/ideal-7000-nl\/\",\"url\":\"https:\/\/bertrand.pl\/produkt\/ideal-7000-nl\/\",\"name\":\"IDEAL 7000 NL \u2013 okna PVC do holenderskiej zabudowy\",\"isPartOf\":{\"@id\":\"https:\/\/bertrand.pl\/#website\"},\"primaryImageOfPage\":{\"@id\":\"https:\/\/bertrand.pl\/produkt\/ideal-7000-nl\/#primaryimage\"},\"image\":{\"@id\":\"https:\/\/bertrand.pl\/produkt\/ideal-7000-nl\/#primaryimage\"},\"thumbnailUrl\":\"https:\/\/bertrand.pl\/wp-content\/uploads\/2025\/11\/ideal7000_nl-scaled.png\",\"datePublished\":\"2025-02-07T11:42:49+00:00\",\"dateModified\":\"2026-01-20T11:20:45+00:00\",\"description\":\"Poznaj nowoczesny system okienny PVC, idealnie dopasowany do holenderskiego rynku. Ideal 7000 NL \u0142\u0105czy estetyk\u0119 z funkcjonalno\u015bci\u0105!\",\"breadcrumb\":{\"@id\":\"https:\/\/bertrand.pl\/produkt\/ideal-7000-nl\/#breadcrumb\"},\"inLanguage\":\"nl-NL\",\"potentialAction\":[{\"@type\":\"ReadAction\",\"target\":[\"https:\/\/bertrand.pl\/produkt\/ideal-7000-nl\/\"]}]},{\"@type\":\"ImageObject\",\"inLanguage\":\"nl-NL\",\"@id\":\"https:\/\/bertrand.pl\/produkt\/ideal-7000-nl\/#primaryimage\",\"url\":\"https:\/\/bertrand.pl\/wp-content\/uploads\/2025\/11\/ideal7000_nl-scaled.png\",\"contentUrl\":\"https:\/\/bertrand.pl\/wp-content\/uploads\/2025\/11\/ideal7000_nl-scaled.png\",\"width\":2560,\"height\":2560},{\"@type\":\"BreadcrumbList\",\"@id\":\"https:\/\/bertrand.pl\/produkt\/ideal-7000-nl\/#breadcrumb\",\"itemListElement\":[{\"@type\":\"ListItem\",\"position\":1,\"name\":\"Strona g\u0142\u00f3wna\",\"item\":\"https:\/\/bertrand.pl\/\"},{\"@type\":\"ListItem\",\"position\":2,\"name\":\"Produits\",\"item\":\"https:\/\/bertrand.pl\/fr\/shop\/\"},{\"@type\":\"ListItem\",\"position\":3,\"name\":\"IDEAL 7000 NL\"}]},{\"@type\":\"WebSite\",\"@id\":\"https:\/\/bertrand.pl\/#website\",\"url\":\"https:\/\/bertrand.pl\/\",\"name\":\"Bertrand.pl\",\"description\":\"Firma Bertrand to certyfikowany i uznany producent najwy\u017cszej jako\u015bci okien z PVC, z drewna lub aluminium. Produkcja drzwi, rolet i bram gara\u017cowych.\",\"publisher\":{\"@id\":\"https:\/\/bertrand.pl\/#organization\"},\"potentialAction\":[{\"@type\":\"SearchAction\",\"target\":{\"@type\":\"EntryPoint\",\"urlTemplate\":\"https:\/\/bertrand.pl\/?s={search_term_string}\"},\"query-input\":{\"@type\":\"PropertyValueSpecification\",\"valueRequired\":true,\"valueName\":\"search_term_string\"}}],\"inLanguage\":\"nl-NL\"},{\"@type\":\"Organization\",\"@id\":\"https:\/\/bertrand.pl\/#organization\",\"name\":\"Bertrand.pl\",\"url\":\"https:\/\/bertrand.pl\/\",\"logo\":{\"@type\":\"ImageObject\",\"inLanguage\":\"nl-NL\",\"@id\":\"https:\/\/bertrand.pl\/#\/schema\/logo\/image\/\",\"url\":\"https:\/\/bertrand.pl\/wp-content\/uploads\/2024\/12\/logo_BB_TM_PL_black.png\",\"contentUrl\":\"https:\/\/bertrand.pl\/wp-content\/uploads\/2024\/12\/logo_BB_TM_PL_black.png\",\"width\":1831,\"height\":1831,\"caption\":\"Bertrand.pl\"},\"image\":{\"@id\":\"https:\/\/bertrand.pl\/#\/schema\/logo\/image\/\"},\"sameAs\":[\"https:\/\/www.facebook.com\/bertrandpolska\/\",\"https:\/\/www.instagram.com\/bertrand_okna_i_drzwi\/\",\"https:\/\/www.linkedin.com\/company\/bertrand\/\",\"https:\/\/www.tiktok.com\/@bertrand_okna_drzwi\"]}]}<\/script>\n<!-- \/ Yoast SEO Premium plugin. -->","yoast_head_json":{"title":"IDEAL 7000 NL \u2013 okna PVC do holenderskiej zabudowy","description":"Poznaj nowoczesny system okienny PVC, idealnie dopasowany do holenderskiego rynku. Ideal 7000 NL \u0142\u0105czy estetyk\u0119 z funkcjonalno\u015bci\u0105!","robots":{"index":"index","follow":"follow","max-snippet":"max-snippet:-1","max-image-preview":"max-image-preview:large","max-video-preview":"max-video-preview:-1"},"canonical":"https:\/\/bertrand.pl\/nl\/product-2\/ideal-7000-nl\/","og_locale":"nl_NL","og_type":"article","og_title":"IDEAL 7000 NL","og_description":"Poznaj nowoczesny system okienny PVC, idealnie dopasowany do holenderskiego rynku. Ideal 7000 NL \u0142\u0105czy estetyk\u0119 z funkcjonalno\u015bci\u0105!","og_url":"https:\/\/bertrand.pl\/nl\/product-2\/ideal-7000-nl\/","og_site_name":"Bertrand. Najwy\u017cszej jako\u015bci okna i drzwi. Certyfikowany producent od 1969 roku.","article_publisher":"https:\/\/www.facebook.com\/bertrandpolska\/","article_modified_time":"2026-01-20T11:20:45+00:00","og_image":[{"width":2560,"height":2560,"url":"https:\/\/bertrand.pl\/wp-content\/uploads\/2025\/11\/ideal7000_nl-scaled.png","type":"image\/png"}],"twitter_card":"summary_large_image","twitter_misc":{"Geschatte leestijd":"2 minuten"},"schema":{"@context":"https:\/\/schema.org","@graph":[{"@type":"WebPage","@id":"https:\/\/bertrand.pl\/produkt\/ideal-7000-nl\/","url":"https:\/\/bertrand.pl\/produkt\/ideal-7000-nl\/","name":"IDEAL 7000 NL \u2013 okna PVC do holenderskiej zabudowy","isPartOf":{"@id":"https:\/\/bertrand.pl\/#website"},"primaryImageOfPage":{"@id":"https:\/\/bertrand.pl\/produkt\/ideal-7000-nl\/#primaryimage"},"image":{"@id":"https:\/\/bertrand.pl\/produkt\/ideal-7000-nl\/#primaryimage"},"thumbnailUrl":"https:\/\/bertrand.pl\/wp-content\/uploads\/2025\/11\/ideal7000_nl-scaled.png","datePublished":"2025-02-07T11:42:49+00:00","dateModified":"2026-01-20T11:20:45+00:00","description":"Poznaj nowoczesny system okienny PVC, idealnie dopasowany do holenderskiego rynku. Ideal 7000 NL \u0142\u0105czy estetyk\u0119 z funkcjonalno\u015bci\u0105!","breadcrumb":{"@id":"https:\/\/bertrand.pl\/produkt\/ideal-7000-nl\/#breadcrumb"},"inLanguage":"nl-NL","potentialAction":[{"@type":"ReadAction","target":["https:\/\/bertrand.pl\/produkt\/ideal-7000-nl\/"]}]},{"@type":"ImageObject","inLanguage":"nl-NL","@id":"https:\/\/bertrand.pl\/produkt\/ideal-7000-nl\/#primaryimage","url":"https:\/\/bertrand.pl\/wp-content\/uploads\/2025\/11\/ideal7000_nl-scaled.png","contentUrl":"https:\/\/bertrand.pl\/wp-content\/uploads\/2025\/11\/ideal7000_nl-scaled.png","width":2560,"height":2560},{"@type":"BreadcrumbList","@id":"https:\/\/bertrand.pl\/produkt\/ideal-7000-nl\/#breadcrumb","itemListElement":[{"@type":"ListItem","position":1,"name":"Strona g\u0142\u00f3wna","item":"https:\/\/bertrand.pl\/"},{"@type":"ListItem","position":2,"name":"Produits","item":"https:\/\/bertrand.pl\/fr\/shop\/"},{"@type":"ListItem","position":3,"name":"IDEAL 7000 NL"}]},{"@type":"WebSite","@id":"https:\/\/bertrand.pl\/#website","url":"https:\/\/bertrand.pl\/","name":"Bertrand.pl","description":"Firma Bertrand to certyfikowany i uznany producent najwy\u017cszej jako\u015bci okien z PVC, z drewna lub aluminium. Produkcja drzwi, rolet i bram gara\u017cowych.","publisher":{"@id":"https:\/\/bertrand.pl\/#organization"},"potentialAction":[{"@type":"SearchAction","target":{"@type":"EntryPoint","urlTemplate":"https:\/\/bertrand.pl\/?s={search_term_string}"},"query-input":{"@type":"PropertyValueSpecification","valueRequired":true,"valueName":"search_term_string"}}],"inLanguage":"nl-NL"},{"@type":"Organization","@id":"https:\/\/bertrand.pl\/#organization","name":"Bertrand.pl","url":"https:\/\/bertrand.pl\/","logo":{"@type":"ImageObject","inLanguage":"nl-NL","@id":"https:\/\/bertrand.pl\/#\/schema\/logo\/image\/","url":"https:\/\/bertrand.pl\/wp-content\/uploads\/2024\/12\/logo_BB_TM_PL_black.png","contentUrl":"https:\/\/bertrand.pl\/wp-content\/uploads\/2024\/12\/logo_BB_TM_PL_black.png","width":1831,"height":1831,"caption":"Bertrand.pl"},"image":{"@id":"https:\/\/bertrand.pl\/#\/schema\/logo\/image\/"},"sameAs":["https:\/\/www.facebook.com\/bertrandpolska\/","https:\/\/www.instagram.com\/bertrand_okna_i_drzwi\/","https:\/\/www.linkedin.com\/company\/bertrand\/","https:\/\/www.tiktok.com\/@bertrand_okna_drzwi"]}]}},"_links":{"self":[{"href":"https:\/\/bertrand.pl\/nl\/wp-json\/wp\/v2\/product\/7789","targetHints":{"allow":["GET"]}}],"collection":[{"href":"https:\/\/bertrand.pl\/nl\/wp-json\/wp\/v2\/product"}],"about":[{"href":"https:\/\/bertrand.pl\/nl\/wp-json\/wp\/v2\/types\/product"}],"wp:featuredmedia":[{"embeddable":true,"href":"https:\/\/bertrand.pl\/nl\/wp-json\/wp\/v2\/media\/7796"}],"wp:attachment":[{"href":"https:\/\/bertrand.pl\/nl\/wp-json\/wp\/v2\/media?parent=7789"}],"wp:term":[{"taxonomy":"product_brand","embeddable":true,"href":"https:\/\/bertrand.pl\/nl\/wp-json\/wp\/v2\/product_brand?post=7789"},{"taxonomy":"product_cat","embeddable":true,"href":"https:\/\/bertrand.pl\/nl\/wp-json\/wp\/v2\/product_cat?post=7789"},{"taxonomy":"product_tag","embeddable":true,"href":"https:\/\/bertrand.pl\/nl\/wp-json\/wp\/v2\/product_tag?post=7789"}],"curies":[{"name":"wp","href":"https:\/\/api.w.org\/{rel}","templated":true}]}}