{"id":7893,"date":"2026-01-13T13:54:05","date_gmt":"2026-01-13T12:54:05","guid":{"rendered":"https:\/\/bertrand.pl\/?post_type=product&#038;p=7893"},"modified":"2026-01-30T12:15:24","modified_gmt":"2026-01-30T11:15:24","slug":"masterline-10","status":"publish","type":"product","link":"https:\/\/bertrand.pl\/nl\/produkt\/masterline-10\/","title":{"rendered":"MASTERLINE 10"},"content":{"rendered":"<h2 data-start=\"348\" data-end=\"408\"><strong data-start=\"351\" data-end=\"408\">MasterLine 10 \u2013 energiezuinigheid en modern design<\/strong><\/h2>\n<h2 data-start=\"410\" data-end=\"456\"><\/h2>\n<p data-start=\"458\" data-end=\"859\"><strong data-start=\"458\" data-end=\"475\">MasterLine 10<\/strong> is een geavanceerd, hoogwaardig aluminium raamsysteem van het bedrijf. <span class=\"hover:entity-accent entity-underline inline cursor-pointer align-baseline\"><span class=\"whitespace-normal\">Reynaers Aluminium<\/span><\/span>dit systeem is ontworpen met het oog op moderne, energiezuinige en passieve bouwmethoden. Het combineert uitstekende thermische isolatie, een hoge luchtdichtheid en een minimalistische esthetiek, waardoor het perfect aansluit op de behoeften van hedendaagse architectuur.<\/p>\n<p data-start=\"861\" data-end=\"1070\">Belangrijk is dat MasterLine 10 geschikt is voor zowel eengezinswoningen als grotere woon- en bedrijfsprojecten. Het biedt universele toepassingsmogelijkheden en uitgebreide ontwerpopties.<\/p>\n<h2 data-start=\"1077\" data-end=\"1124\"><strong data-start=\"1080\" data-end=\"1124\">De belangrijkste voordelen van MasterLine 10-vensters<\/strong><\/h2>\n<p>&nbsp;<\/p>\n<h3 data-start=\"1126\" data-end=\"1158\"><strong data-start=\"1130\" data-end=\"1158\">Hoge energie-effici\u00ebntie<\/strong><\/h3>\n<p>&nbsp;<\/p>\n<p data-start=\"1159\" data-end=\"1514\">Dankzij het moderne profielontwerp en het gebruik van geavanceerde thermische onderbrekingen bereiken MasterLine 10-ramen zeer lage warmteoverdrachtsco\u00ebffici\u00ebnten. Dit maakt het systeem ideaal voor energiezuinige en passieve gebouwen, omdat het energieverlies aanzienlijk vermindert en daardoor de verwarmingskosten verlaagt.<\/p>\n<h3 data-start=\"1516\" data-end=\"1554\"><strong data-start=\"1520\" data-end=\"1554\">Maximale binnenverlichting<\/strong><\/h3>\n<p data-start=\"1555\" data-end=\"1831\">Smuk\u0142e profile aluminiowe umo\u017cliwiaj\u0105 zastosowanie du\u017cych powierzchni szklenia, dzi\u0119ki czemu do wn\u0119trz dociera wi\u0119cej naturalnego \u015bwiat\u0142a. Co wi\u0119cej, takie rozwi\u0105zanie nie tylko poprawia komfort u\u017cytkowania, ale r\u00f3wnie\u017c podkre\u015bla nowoczesny i elegancki charakter elewacji.<\/p>\n<h3 data-start=\"1833\" data-end=\"1872\"><strong data-start=\"1837\" data-end=\"1872\">Ruimtelijkheid en akoestisch comfort<\/strong><\/h3>\n<p data-start=\"1873\" data-end=\"2141\">Het MasterLine 10-systeem biedt uitstekende bescherming tegen lawaai, wind en vocht. Dit zorgt voor een uitstekend akoestisch comfort voor de gebruiker. Dit is met name belangrijk in stedelijke gebieden of op locaties met veel verkeer.<\/p>\n<h3 data-start=\"2143\" data-end=\"2182\"><strong data-start=\"2147\" data-end=\"2182\">Duurzaamheid en stabiliteit van aluminium<\/strong><\/h3>\n<p data-start=\"2183\" data-end=\"2442\">Aluminium is als constructiemateriaal zeer bestand tegen weersinvloeden, corrosie en vervorming. Daarom behouden MasterLine 10-ramen hun technische en esthetische eigenschappen jarenlang, zelfs bij intensief gebruik.<\/p>\n<h3 data-start=\"2444\" data-end=\"2486\"><strong data-start=\"2448\" data-end=\"2486\">Moderne uitstraling en personalisatie<\/strong><\/h3>\n<p data-start=\"2487\" data-end=\"2795\">Dankzij een breed scala aan kleuren, diverse openingsmogelijkheden en de mogelijkheid om het systeem aan te passen, cre\u00ebert MasterLine 10 ramen die perfect aansluiten bij het karakter van het gebouw. \u200b\u200bTegelijkertijd biedt het systeem aanzienlijke ontwerpvrijheid, zowel in moderne als in meer klassieke architectuur.<\/p>\n<p data-start=\"2487\" data-end=\"2795\">\n<h2 data-start=\"2802\" data-end=\"2843\"><strong data-start=\"2805\" data-end=\"2843\">Toepassing van het MasterLine 10-systeem<\/strong><\/h2>\n<p>&nbsp;<\/p>\n<p data-start=\"2845\" data-end=\"2924\">Het MasterLine 10-systeem wordt in veel verschillende soorten gebouwen gebruikt, zoals:<\/p>\n<ul data-start=\"2926\" data-end=\"3081\">\n<li data-start=\"2926\" data-end=\"2962\">\n<p data-start=\"2928\" data-end=\"2962\">eengezinswoningen en -residenties,<\/p>\n<\/li>\n<li data-start=\"2963\" data-end=\"3001\">\n<p data-start=\"2965\" data-end=\"3001\">energiezuinige en passieve gebouwen,<\/p>\n<\/li>\n<li data-start=\"3002\" data-end=\"3047\">\n<p data-start=\"3004\" data-end=\"3047\">appartementencomplexen en woonwijken,<\/p>\n<\/li>\n<li data-start=\"3048\" data-end=\"3081\">\n<p data-start=\"3050\" data-end=\"3081\">kantoor- en bedrijfsruimten.<\/p>\n<\/li>\n<\/ul>\n<p data-start=\"3083\" data-end=\"3175\">Dankzij zijn veelzijdigheid voldoet dit systeem met succes aan de eisen van diverse investeringen.<\/p>\n<h2 data-start=\"3182\" data-end=\"3224\"><strong data-start=\"3185\" data-end=\"3224\">Waarom is het de moeite waard om voor dit systeem te kiezen?<\/strong><\/h2>\n<p>&nbsp;<\/p>\n<p data-start=\"3226\" data-end=\"3560\">Ons bedrijf produceert aluminium ramen met oog voor detail en vakmanschap van de hoogste kwaliteit. Wij bieden professioneel advies en nauwkeurige aanpassingen aan de specifieke projectbehoeften. Zo garanderen wij onze klanten betrouwbare en beproefde oplossingen die voldoen aan de eisen van de moderne bouw.<\/p>\n<p data-start=\"3562\" data-end=\"3884\">Dit systeem is bovenal een perfecte combinatie van technologische innovatie en esthetiek. Dankzij de veelzijdigheid, energie-effici\u00ebntie en het elegante ontwerp werkt het goed in zowel moderne als klassieke ontwerpen, waardoor de normen voor comfort en isolatie in elk gebouw worden verhoogd.<\/p>\n<p>&nbsp;<\/p>\n<h3><strong><a href=\"https:\/\/bertrand.pl\/nl\/kleur\/\">Kleuren van ramen en deuren<\/a><\/strong><\/h3>\n<h3><a href=\"https:\/\/www.youtube.com\/watch?v=rc9nWOqn08g\">Slimline \u2013 Modern aluminium systeem met smalle profielen<\/a><\/h3>\n<p>&nbsp;<\/p>\n<p>&nbsp;<\/p>","protected":false},"excerpt":{"rendered":"<h4>Zaawansowany system okien aluminiowych nowej generacji<\/h4>\n<p>&nbsp;<\/p>\n<p><strong data-start=\"112\" data-end=\"129\">MasterLine 10<\/strong> to system, kt\u00f3ry \u0142\u0105czy nowoczesne rozwi\u0105zania technologiczne z ponadczasow\u0105, eleganck\u0105 estetyk\u0105. Dzi\u0119ki swojej uniwersalno\u015bci oraz bardzo dobrej efektywno\u015bci energetycznej, doskonale sprawdza si\u0119 zar\u00f3wno w nowoczesnych realizacjach, jak i w projektach o bardziej klasycznym charakterze, podnosz\u0105c poziom komfortu oraz izolacyjno\u015bci ca\u0142ego budynku.<\/p>","protected":false},"featured_media":7896,"template":"","meta":{"site-sidebar-layout":"default","site-content-layout":"","ast-site-content-layout":"default","site-content-style":"default","site-sidebar-style":"default","ast-global-header-display":"","ast-banner-title-visibility":"","ast-main-header-display":"","ast-hfb-above-header-display":"","ast-hfb-below-header-display":"","ast-hfb-mobile-header-display":"","site-post-title":"","ast-breadcrumbs-content":"","ast-featured-img":"","footer-sml-layout":"","ast-disable-related-posts":"","theme-transparent-header-meta":"default","adv-header-id-meta":"","stick-header-meta":"","header-above-stick-meta":"","header-main-stick-meta":"","header-below-stick-meta":"","astra-migrate-meta-layouts":"set","ast-page-background-enabled":"default","ast-page-background-meta":{"desktop":{"background-color":"var(--ast-global-color-4)","background-image":"","background-repeat":"repeat","background-position":"center center","background-size":"auto","background-attachment":"scroll","background-type":"","background-media":"","overlay-type":"","overlay-color":"","overlay-opacity":"","overlay-gradient":""},"tablet":{"background-color":"","background-image":"","background-repeat":"repeat","background-position":"center center","background-size":"auto","background-attachment":"scroll","background-type":"","background-media":"","overlay-type":"","overlay-color":"","overlay-opacity":"","overlay-gradient":""},"mobile":{"background-color":"","background-image":"","background-repeat":"repeat","background-position":"center center","background-size":"auto","background-attachment":"scroll","background-type":"","background-media":"","overlay-type":"","overlay-color":"","overlay-opacity":"","overlay-gradient":""}},"ast-content-background-meta":{"desktop":{"background-color":"var(--ast-global-color-5)","background-image":"","background-repeat":"repeat","background-position":"center center","background-size":"auto","background-attachment":"scroll","background-type":"","background-media":"","overlay-type":"","overlay-color":"","overlay-opacity":"","overlay-gradient":""},"tablet":{"background-color":"var(--ast-global-color-5)","background-image":"","background-repeat":"repeat","background-position":"center center","background-size":"auto","background-attachment":"scroll","background-type":"","background-media":"","overlay-type":"","overlay-color":"","overlay-opacity":"","overlay-gradient":""},"mobile":{"background-color":"var(--ast-global-color-5)","background-image":"","background-repeat":"repeat","background-position":"center center","background-size":"auto","background-attachment":"scroll","background-type":"","background-media":"","overlay-type":"","overlay-color":"","overlay-opacity":"","overlay-gradient":""}}},"product_brand":[],"product_cat":[28],"product_tag":[316,193,168,360,326,367,368,339,352,414,345,344,346,408,453,370,389,398,405,361,366,454,2232,455,323,315,324,447,169,362,348],"class_list":{"0":"post-7893","1":"product","2":"type-product","3":"status-publish","4":"has-post-thumbnail","6":"product_cat-okna-aluminiowe","7":"product_tag-aluminiowe-okno","8":"product_tag-aluminium","9":"product_tag-bertrand","10":"product_tag-bezpieczenstwo","11":"product_tag-budowa-domu","12":"product_tag-budownictwo","13":"product_tag-budownictwo-pasywne","14":"product_tag-design","15":"product_tag-dobreokna","16":"product_tag-doskonala-izolacja-termiczna","17":"product_tag-drzwi-balkonowe","18":"product_tag-duze-okna","19":"product_tag-duze-przestrzenie","20":"product_tag-duze-przeszklenia","21":"product_tag-energooszczednosc","22":"product_tag-idealne-okna-do-domu","23":"product_tag-izolacja-akustyczna","24":"product_tag-izolacja-cieplna","25":"product_tag-izolacja-termiczna","26":"product_tag-jakosc","27":"product_tag-komfort","28":"product_tag-masterline","29":"product_tag-masterline-10","30":"product_tag-masterline-8","31":"product_tag-okna-z-polski","32":"product_tag-okno-aluminiowe","33":"product_tag-okno-dla-domu","34":"product_tag-oszczednosc","35":"product_tag-produkt","36":"product_tag-quality","37":"product_tag-windows","38":"desktop-align-left","39":"tablet-align-left","40":"mobile-align-left","42":"first","43":"instock","44":"shipping-taxable","45":"product-type-simple"},"yoast_head":"<!-- This site is optimized with the Yoast SEO Premium plugin v27.2 (Yoast SEO v27.2) - https:\/\/yoast.com\/product\/yoast-seo-premium-wordpress\/ -->\n<title>MasterLine 10. Energooszcz\u0119dne okna aluminiowe<\/title>\n<meta name=\"description\" content=\"MasterLine 10 to nowoczesne okna aluminiowe o wysokiej energooszcz\u0119dno\u015bci i szczelno\u015bci. Idealne do dom\u00f3w pasywnych i nowoczesnych inwestycji.\" \/>\n<meta name=\"robots\" content=\"index, follow, max-snippet:-1, max-image-preview:large, max-video-preview:-1\" \/>\n<link rel=\"canonical\" href=\"https:\/\/bertrand.pl\/nl\/product-2\/masterline-10\/\" \/>\n<meta property=\"og:locale\" content=\"nl_NL\" \/>\n<meta property=\"og:type\" content=\"article\" \/>\n<meta property=\"og:title\" content=\"MASTERLINE 10\" \/>\n<meta property=\"og:description\" content=\"MasterLine 10 to nowoczesne okna aluminiowe o wysokiej energooszcz\u0119dno\u015bci i szczelno\u015bci. Idealne do dom\u00f3w pasywnych i nowoczesnych inwestycji.\" \/>\n<meta property=\"og:url\" content=\"https:\/\/bertrand.pl\/nl\/product-2\/masterline-10\/\" \/>\n<meta property=\"og:site_name\" content=\"Bertrand. Najwy\u017cszej jako\u015bci okna i drzwi. Certyfikowany producent od 1969 roku.\" \/>\n<meta property=\"article:publisher\" content=\"https:\/\/www.facebook.com\/bertrandpolska\/\" \/>\n<meta property=\"article:modified_time\" content=\"2026-01-30T11:15:24+00:00\" \/>\n<meta property=\"og:image\" content=\"https:\/\/bertrand.pl\/wp-content\/uploads\/2026\/01\/ml101.png\" \/>\n\t<meta property=\"og:image:width\" content=\"600\" \/>\n\t<meta property=\"og:image:height\" content=\"600\" \/>\n\t<meta property=\"og:image:type\" content=\"image\/png\" \/>\n<meta name=\"twitter:card\" content=\"summary_large_image\" \/>\n<meta name=\"twitter:label1\" content=\"Geschatte leestijd\" \/>\n\t<meta name=\"twitter:data1\" content=\"3 minuten\" \/>\n<script type=\"application\/ld+json\" class=\"yoast-schema-graph\">{\"@context\":\"https:\/\/schema.org\",\"@graph\":[{\"@type\":\"WebPage\",\"@id\":\"https:\/\/bertrand.pl\/produkt\/masterline-10\/\",\"url\":\"https:\/\/bertrand.pl\/produkt\/masterline-10\/\",\"name\":\"MasterLine 10. Energooszcz\u0119dne okna aluminiowe\",\"isPartOf\":{\"@id\":\"https:\/\/bertrand.pl\/#website\"},\"primaryImageOfPage\":{\"@id\":\"https:\/\/bertrand.pl\/produkt\/masterline-10\/#primaryimage\"},\"image\":{\"@id\":\"https:\/\/bertrand.pl\/produkt\/masterline-10\/#primaryimage\"},\"thumbnailUrl\":\"https:\/\/bertrand.pl\/wp-content\/uploads\/2026\/01\/ml101.png\",\"datePublished\":\"2026-01-13T12:54:05+00:00\",\"dateModified\":\"2026-01-30T11:15:24+00:00\",\"description\":\"MasterLine 10 to nowoczesne okna aluminiowe o wysokiej energooszcz\u0119dno\u015bci i szczelno\u015bci. Idealne do dom\u00f3w pasywnych i nowoczesnych inwestycji.\",\"breadcrumb\":{\"@id\":\"https:\/\/bertrand.pl\/produkt\/masterline-10\/#breadcrumb\"},\"inLanguage\":\"nl-NL\",\"potentialAction\":[{\"@type\":\"ReadAction\",\"target\":[\"https:\/\/bertrand.pl\/produkt\/masterline-10\/\"]}]},{\"@type\":\"ImageObject\",\"inLanguage\":\"nl-NL\",\"@id\":\"https:\/\/bertrand.pl\/produkt\/masterline-10\/#primaryimage\",\"url\":\"https:\/\/bertrand.pl\/wp-content\/uploads\/2026\/01\/ml101.png\",\"contentUrl\":\"https:\/\/bertrand.pl\/wp-content\/uploads\/2026\/01\/ml101.png\",\"width\":600,\"height\":600,\"caption\":\"MasterLine 10 to nowoczesne okna aluminiowe o wysokiej energooszcz\u0119dno\u015bci i szczelno\u015bci. Idealne do dom\u00f3w pasywnych i nowoczesnych inwestycji.\"},{\"@type\":\"BreadcrumbList\",\"@id\":\"https:\/\/bertrand.pl\/produkt\/masterline-10\/#breadcrumb\",\"itemListElement\":[{\"@type\":\"ListItem\",\"position\":1,\"name\":\"Strona g\u0142\u00f3wna\",\"item\":\"https:\/\/bertrand.pl\/\"},{\"@type\":\"ListItem\",\"position\":2,\"name\":\"Produits\",\"item\":\"https:\/\/bertrand.pl\/fr\/shop\/\"},{\"@type\":\"ListItem\",\"position\":3,\"name\":\"MASTERLINE 10\"}]},{\"@type\":\"WebSite\",\"@id\":\"https:\/\/bertrand.pl\/#website\",\"url\":\"https:\/\/bertrand.pl\/\",\"name\":\"Bertrand.pl\",\"description\":\"Firma Bertrand to certyfikowany i uznany producent najwy\u017cszej jako\u015bci okien z PVC, z drewna lub aluminium. Produkcja drzwi, rolet i bram gara\u017cowych.\",\"publisher\":{\"@id\":\"https:\/\/bertrand.pl\/#organization\"},\"potentialAction\":[{\"@type\":\"SearchAction\",\"target\":{\"@type\":\"EntryPoint\",\"urlTemplate\":\"https:\/\/bertrand.pl\/?s={search_term_string}\"},\"query-input\":{\"@type\":\"PropertyValueSpecification\",\"valueRequired\":true,\"valueName\":\"search_term_string\"}}],\"inLanguage\":\"nl-NL\"},{\"@type\":\"Organization\",\"@id\":\"https:\/\/bertrand.pl\/#organization\",\"name\":\"Bertrand.pl\",\"url\":\"https:\/\/bertrand.pl\/\",\"logo\":{\"@type\":\"ImageObject\",\"inLanguage\":\"nl-NL\",\"@id\":\"https:\/\/bertrand.pl\/#\/schema\/logo\/image\/\",\"url\":\"https:\/\/bertrand.pl\/wp-content\/uploads\/2024\/12\/logo_BB_TM_PL_black.png\",\"contentUrl\":\"https:\/\/bertrand.pl\/wp-content\/uploads\/2024\/12\/logo_BB_TM_PL_black.png\",\"width\":1831,\"height\":1831,\"caption\":\"Bertrand.pl\"},\"image\":{\"@id\":\"https:\/\/bertrand.pl\/#\/schema\/logo\/image\/\"},\"sameAs\":[\"https:\/\/www.facebook.com\/bertrandpolska\/\",\"https:\/\/www.instagram.com\/bertrand_okna_i_drzwi\/\",\"https:\/\/www.linkedin.com\/company\/bertrand\/\",\"https:\/\/www.tiktok.com\/@bertrand_okna_drzwi\"]}]}<\/script>\n<!-- \/ Yoast SEO Premium plugin. -->","yoast_head_json":{"title":"MasterLine 10. Energooszcz\u0119dne okna aluminiowe","description":"MasterLine 10 to nowoczesne okna aluminiowe o wysokiej energooszcz\u0119dno\u015bci i szczelno\u015bci. Idealne do dom\u00f3w pasywnych i nowoczesnych inwestycji.","robots":{"index":"index","follow":"follow","max-snippet":"max-snippet:-1","max-image-preview":"max-image-preview:large","max-video-preview":"max-video-preview:-1"},"canonical":"https:\/\/bertrand.pl\/nl\/product-2\/masterline-10\/","og_locale":"nl_NL","og_type":"article","og_title":"MASTERLINE 10","og_description":"MasterLine 10 to nowoczesne okna aluminiowe o wysokiej energooszcz\u0119dno\u015bci i szczelno\u015bci. Idealne do dom\u00f3w pasywnych i nowoczesnych inwestycji.","og_url":"https:\/\/bertrand.pl\/nl\/product-2\/masterline-10\/","og_site_name":"Bertrand. Najwy\u017cszej jako\u015bci okna i drzwi. Certyfikowany producent od 1969 roku.","article_publisher":"https:\/\/www.facebook.com\/bertrandpolska\/","article_modified_time":"2026-01-30T11:15:24+00:00","og_image":[{"width":600,"height":600,"url":"https:\/\/bertrand.pl\/wp-content\/uploads\/2026\/01\/ml101.png","type":"image\/png"}],"twitter_card":"summary_large_image","twitter_misc":{"Geschatte leestijd":"3 minuten"},"schema":{"@context":"https:\/\/schema.org","@graph":[{"@type":"WebPage","@id":"https:\/\/bertrand.pl\/produkt\/masterline-10\/","url":"https:\/\/bertrand.pl\/produkt\/masterline-10\/","name":"MasterLine 10. Energooszcz\u0119dne okna aluminiowe","isPartOf":{"@id":"https:\/\/bertrand.pl\/#website"},"primaryImageOfPage":{"@id":"https:\/\/bertrand.pl\/produkt\/masterline-10\/#primaryimage"},"image":{"@id":"https:\/\/bertrand.pl\/produkt\/masterline-10\/#primaryimage"},"thumbnailUrl":"https:\/\/bertrand.pl\/wp-content\/uploads\/2026\/01\/ml101.png","datePublished":"2026-01-13T12:54:05+00:00","dateModified":"2026-01-30T11:15:24+00:00","description":"MasterLine 10 to nowoczesne okna aluminiowe o wysokiej energooszcz\u0119dno\u015bci i szczelno\u015bci. Idealne do dom\u00f3w pasywnych i nowoczesnych inwestycji.","breadcrumb":{"@id":"https:\/\/bertrand.pl\/produkt\/masterline-10\/#breadcrumb"},"inLanguage":"nl-NL","potentialAction":[{"@type":"ReadAction","target":["https:\/\/bertrand.pl\/produkt\/masterline-10\/"]}]},{"@type":"ImageObject","inLanguage":"nl-NL","@id":"https:\/\/bertrand.pl\/produkt\/masterline-10\/#primaryimage","url":"https:\/\/bertrand.pl\/wp-content\/uploads\/2026\/01\/ml101.png","contentUrl":"https:\/\/bertrand.pl\/wp-content\/uploads\/2026\/01\/ml101.png","width":600,"height":600,"caption":"MasterLine 10 to nowoczesne okna aluminiowe o wysokiej energooszcz\u0119dno\u015bci i szczelno\u015bci. Idealne do dom\u00f3w pasywnych i nowoczesnych inwestycji."},{"@type":"BreadcrumbList","@id":"https:\/\/bertrand.pl\/produkt\/masterline-10\/#breadcrumb","itemListElement":[{"@type":"ListItem","position":1,"name":"Strona g\u0142\u00f3wna","item":"https:\/\/bertrand.pl\/"},{"@type":"ListItem","position":2,"name":"Produits","item":"https:\/\/bertrand.pl\/fr\/shop\/"},{"@type":"ListItem","position":3,"name":"MASTERLINE 10"}]},{"@type":"WebSite","@id":"https:\/\/bertrand.pl\/#website","url":"https:\/\/bertrand.pl\/","name":"Bertrand.pl","description":"Firma Bertrand to certyfikowany i uznany producent najwy\u017cszej jako\u015bci okien z PVC, z drewna lub aluminium. Produkcja drzwi, rolet i bram gara\u017cowych.","publisher":{"@id":"https:\/\/bertrand.pl\/#organization"},"potentialAction":[{"@type":"SearchAction","target":{"@type":"EntryPoint","urlTemplate":"https:\/\/bertrand.pl\/?s={search_term_string}"},"query-input":{"@type":"PropertyValueSpecification","valueRequired":true,"valueName":"search_term_string"}}],"inLanguage":"nl-NL"},{"@type":"Organization","@id":"https:\/\/bertrand.pl\/#organization","name":"Bertrand.pl","url":"https:\/\/bertrand.pl\/","logo":{"@type":"ImageObject","inLanguage":"nl-NL","@id":"https:\/\/bertrand.pl\/#\/schema\/logo\/image\/","url":"https:\/\/bertrand.pl\/wp-content\/uploads\/2024\/12\/logo_BB_TM_PL_black.png","contentUrl":"https:\/\/bertrand.pl\/wp-content\/uploads\/2024\/12\/logo_BB_TM_PL_black.png","width":1831,"height":1831,"caption":"Bertrand.pl"},"image":{"@id":"https:\/\/bertrand.pl\/#\/schema\/logo\/image\/"},"sameAs":["https:\/\/www.facebook.com\/bertrandpolska\/","https:\/\/www.instagram.com\/bertrand_okna_i_drzwi\/","https:\/\/www.linkedin.com\/company\/bertrand\/","https:\/\/www.tiktok.com\/@bertrand_okna_drzwi"]}]}},"_links":{"self":[{"href":"https:\/\/bertrand.pl\/nl\/wp-json\/wp\/v2\/product\/7893","targetHints":{"allow":["GET"]}}],"collection":[{"href":"https:\/\/bertrand.pl\/nl\/wp-json\/wp\/v2\/product"}],"about":[{"href":"https:\/\/bertrand.pl\/nl\/wp-json\/wp\/v2\/types\/product"}],"wp:featuredmedia":[{"embeddable":true,"href":"https:\/\/bertrand.pl\/nl\/wp-json\/wp\/v2\/media\/7896"}],"wp:attachment":[{"href":"https:\/\/bertrand.pl\/nl\/wp-json\/wp\/v2\/media?parent=7893"}],"wp:term":[{"taxonomy":"product_brand","embeddable":true,"href":"https:\/\/bertrand.pl\/nl\/wp-json\/wp\/v2\/product_brand?post=7893"},{"taxonomy":"product_cat","embeddable":true,"href":"https:\/\/bertrand.pl\/nl\/wp-json\/wp\/v2\/product_cat?post=7893"},{"taxonomy":"product_tag","embeddable":true,"href":"https:\/\/bertrand.pl\/nl\/wp-json\/wp\/v2\/product_tag?post=7893"}],"curies":[{"name":"wp","href":"https:\/\/api.w.org\/{rel}","templated":true}]}}