{"id":825,"date":"2023-12-12T12:45:32","date_gmt":"2023-12-12T11:45:32","guid":{"rendered":"https:\/\/bertrand.pl\/?post_type=product&#038;p=825"},"modified":"2025-03-06T15:30:30","modified_gmt":"2025-03-06T14:30:30","slug":"combisysteem-2","status":"publish","type":"product","link":"https:\/\/bertrand.pl\/nl\/produkt\/kombisystem-2\/","title":{"rendered":"ALU KOMBISYSTEM"},"content":{"rendered":"<div style=\"display: flex; flex-direction: row; align-items: center; justify-content: center;\">\n<div style=\"width: 50%;\">\n<p>&nbsp;<\/p>\n<\/div>\n<\/div>\n<p><strong>ALU KOMBISYSTEM<\/strong> is een technologisch geavanceerd product met een inbouwdiepte van 83 mm. Dankzij een unieke combinatie van technologie, materialen en moderne oplossingen voldoet dit raamsysteem perfect aan de behoeften van zelfs de meest veeleisende gebruikers.<\/p>\n<p>&nbsp;<\/p>\n<h4>Wyj\u0105tkowa konstrukcja i funkcjonalno\u015b\u0107<\/h4>\n<p>&nbsp;<\/p>\n<p>De breedte van het systeem en zes kamers in kader en vleugel garanderen uitstekende isolatieparameters. Zorgvuldig geselecteerde materialen en het gebruik van pakkingen in drie vlakken zorgen niet alleen voor een uitstekende thermische maar ook voor akoestische isolatie. Dit is een ideale oplossing voor mensen die rust en comfort verwachten in hun eigen huis.<\/p>\n<p>KOMBISYSTEM ALU voldoet aan de parameters die vereist zijn bij passiefbouw en is daardoor uiterst energie-effici\u00ebnt. Dankzij het gebruik van een modern STV-systeem, d.w.z. de permanente verlijming van de beglazing aan de vleugel met behulp van statisch-thermische tape, biedt het raam een verbeterde statica en een verhoogde anti-inbraakklasse.<\/p>\n<p>&nbsp;<\/p>\n<h4>Nak\u0142adka aluminiowa \u2013 estetyka i wytrzyma\u0142o\u015b\u0107<\/h4>\n<p>&nbsp;<\/p>\n<p>Aan de buitenkant van het raam wordt een aluminium overlay gebruikt, die bovendien de weerstand tegen externe factoren verhoogt en de duurzaamheid van het product garandeert. Bovendien biedt de aluminium overlay ruime personalisatiemogelijkheden, waardoor u het uiterlijk van de ramen kunt afstemmen op de individuele behoeften en stijl van het gebouw.<\/p>\n<p>&nbsp;<\/p>\n<h4>Idealny wyb\u00f3r dla wymagaj\u0105cych<\/h4>\n<p>&nbsp;<\/p>\n<p>Dit is een oplossing voor degenen die waarde hechten aan innovatie, duurzaamheid en esthetiek. Dankzij geavanceerde technologie\u00ebn, hoogwaardige materialen en personalisatiemogelijkheden voldoet dit product aan de hoogste normen. Door te kiezen voor KOMBISYSTEM ALU investeert u in comfort, veiligheid en modern design. Het is meer dan een raam: het is de toekomst van uw huis!<\/p>\n<p>&nbsp;<\/p>\n<p>&nbsp;<\/p>\n<h4><strong><a href=\"https:\/\/bertrand.pl\/nl\/kleur\/\">Kleuren van ramen en deuren<\/a><\/strong><\/h4>","protected":false},"excerpt":{"rendered":"<p><strong>Een modern systeem gemaakt van PVC en aluminium.<\/strong><\/p>\n<p><span class=\"highlightNode\">ALU KOMBISYSTEM<\/span>\u00a0BERTRAND zijn technologisch geavanceerde producten met een diepte van 83 mm.<\/p>","protected":false},"featured_media":844,"template":"","meta":{"site-sidebar-layout":"default","site-content-layout":"","ast-site-content-layout":"default","site-content-style":"default","site-sidebar-style":"default","ast-global-header-display":"","ast-banner-title-visibility":"","ast-main-header-display":"","ast-hfb-above-header-display":"","ast-hfb-below-header-display":"","ast-hfb-mobile-header-display":"","site-post-title":"","ast-breadcrumbs-content":"","ast-featured-img":"","footer-sml-layout":"","ast-disable-related-posts":"","theme-transparent-header-meta":"default","adv-header-id-meta":"","stick-header-meta":"","header-above-stick-meta":"","header-main-stick-meta":"","header-below-stick-meta":"","astra-migrate-meta-layouts":"set","ast-page-background-enabled":"default","ast-page-background-meta":{"desktop":{"background-color":"var(--ast-global-color-4)","background-image":"","background-repeat":"repeat","background-position":"center center","background-size":"auto","background-attachment":"scroll","background-type":"","background-media":"","overlay-type":"","overlay-color":"","overlay-opacity":"","overlay-gradient":""},"tablet":{"background-color":"","background-image":"","background-repeat":"repeat","background-position":"center center","background-size":"auto","background-attachment":"scroll","background-type":"","background-media":"","overlay-type":"","overlay-color":"","overlay-opacity":"","overlay-gradient":""},"mobile":{"background-color":"","background-image":"","background-repeat":"repeat","background-position":"center center","background-size":"auto","background-attachment":"scroll","background-type":"","background-media":"","overlay-type":"","overlay-color":"","overlay-opacity":"","overlay-gradient":""}},"ast-content-background-meta":{"desktop":{"background-color":"var(--ast-global-color-5)","background-image":"","background-repeat":"repeat","background-position":"center center","background-size":"auto","background-attachment":"scroll","background-type":"","background-media":"","overlay-type":"","overlay-color":"","overlay-opacity":"","overlay-gradient":""},"tablet":{"background-color":"var(--ast-global-color-5)","background-image":"","background-repeat":"repeat","background-position":"center center","background-size":"auto","background-attachment":"scroll","background-type":"","background-media":"","overlay-type":"","overlay-color":"","overlay-opacity":"","overlay-gradient":""},"mobile":{"background-color":"var(--ast-global-color-5)","background-image":"","background-repeat":"repeat","background-position":"center center","background-size":"auto","background-attachment":"scroll","background-type":"","background-media":"","overlay-type":"","overlay-color":"","overlay-opacity":"","overlay-gradient":""}}},"product_brand":[],"product_cat":[25],"product_tag":[469,193,168,360,326,367,368,339,311,352,414,462,463,344,346,408,370,389,371,372,366,174,194,387,355,323,363,324,312,169,314,362,348],"class_list":{"0":"post-825","1":"product","2":"type-product","3":"status-publish","4":"has-post-thumbnail","6":"product_cat-okna-pvc-aluminiowe","7":"product_tag-alu","8":"product_tag-aluminium","9":"product_tag-bertrand","10":"product_tag-bezpieczenstwo","11":"product_tag-budowa-domu","12":"product_tag-budownictwo","13":"product_tag-budownictwo-pasywne","14":"product_tag-design","15":"product_tag-dobre-wlasciwosci-termiczne","16":"product_tag-dobreokna","17":"product_tag-doskonala-izolacja-termiczna","18":"product_tag-drewniane-okna","19":"product_tag-drewniane-okno","20":"product_tag-duze-okna","21":"product_tag-duze-przestrzenie","22":"product_tag-duze-przeszklenia","23":"product_tag-idealne-okna-do-domu","24":"product_tag-izolacja-akustyczna","25":"product_tag-kombisystem","26":"product_tag-kombisystem-plus","27":"product_tag-komfort","28":"product_tag-okna","29":"product_tag-okna-aluminiowe","30":"product_tag-okna-drewniane","31":"product_tag-okna-drewniano-aluminiowe","32":"product_tag-okna-z-polski","33":"product_tag-oknazpolski","34":"product_tag-okno-dla-domu","35":"product_tag-okno-dla-twojego-domu","36":"product_tag-produkt","37":"product_tag-profil-okienny","38":"product_tag-quality","39":"product_tag-windows","40":"desktop-align-left","41":"tablet-align-left","42":"mobile-align-left","44":"first","45":"instock","46":"shipping-taxable","47":"product-type-simple"},"yoast_head":"<!-- This site is optimized with the Yoast SEO Premium plugin v27.2 (Yoast SEO v27.2) - https:\/\/yoast.com\/product\/yoast-seo-premium-wordpress\/ -->\n<title>KOMBISYSTEM ALU - Bertrand. Najwy\u017cszej jako\u015bci okna i drzwi. Certyfikowany producent od 1969 roku.<\/title>\n<meta name=\"description\" content=\"KOMBISYSTEM ALU firmy BERTRAND \u2013 energooszcz\u0119dne okna z nak\u0142adk\u0105 aluminiow\u0105, doskona\u0142a izolacja, trwa\u0142o\u015b\u0107, estetyka i bezpiecze\u0144stwo dla wymagaj\u0105cych.\" \/>\n<meta name=\"robots\" content=\"index, follow, max-snippet:-1, max-image-preview:large, max-video-preview:-1\" \/>\n<link rel=\"canonical\" href=\"https:\/\/bertrand.pl\/nl\/product-2\/combisysteem-2\/\" \/>\n<meta property=\"og:locale\" content=\"nl_NL\" \/>\n<meta property=\"og:type\" content=\"article\" \/>\n<meta property=\"og:title\" content=\"KOMBISYSTEM ALU\" \/>\n<meta property=\"og:description\" content=\"KOMBISYSTEM ALU firmy BERTRAND \u2013 energooszcz\u0119dne okna z nak\u0142adk\u0105 aluminiow\u0105, doskona\u0142a izolacja, trwa\u0142o\u015b\u0107, estetyka i bezpiecze\u0144stwo dla wymagaj\u0105cych.\" \/>\n<meta property=\"og:url\" content=\"https:\/\/bertrand.pl\/nl\/product-2\/combisysteem-2\/\" \/>\n<meta property=\"og:site_name\" content=\"Bertrand. Najwy\u017cszej jako\u015bci okna i drzwi. Certyfikowany producent od 1969 roku.\" \/>\n<meta property=\"article:publisher\" content=\"https:\/\/www.facebook.com\/bertrandpolska\/\" \/>\n<meta property=\"article:modified_time\" content=\"2025-03-06T14:30:30+00:00\" \/>\n<meta property=\"og:image\" content=\"https:\/\/bertrand.pl\/wp-content\/uploads\/2023\/12\/kombisystem_alu_photo2.jpg\" \/>\n\t<meta property=\"og:image:width\" content=\"450\" \/>\n\t<meta property=\"og:image:height\" content=\"450\" \/>\n\t<meta property=\"og:image:type\" content=\"image\/jpeg\" \/>\n<meta name=\"twitter:card\" content=\"summary_large_image\" \/>\n<meta name=\"twitter:label1\" content=\"Geschatte leestijd\" \/>\n\t<meta name=\"twitter:data1\" content=\"2 minuten\" \/>\n<script type=\"application\/ld+json\" class=\"yoast-schema-graph\">{\"@context\":\"https:\/\/schema.org\",\"@graph\":[{\"@type\":\"WebPage\",\"@id\":\"https:\/\/bertrand.pl\/produkt\/kombisystem-2\/\",\"url\":\"https:\/\/bertrand.pl\/produkt\/kombisystem-2\/\",\"name\":\"KOMBISYSTEM ALU - Bertrand. Najwy\u017cszej jako\u015bci okna i drzwi. Certyfikowany producent od 1969 roku.\",\"isPartOf\":{\"@id\":\"https:\/\/bertrand.pl\/#website\"},\"primaryImageOfPage\":{\"@id\":\"https:\/\/bertrand.pl\/produkt\/kombisystem-2\/#primaryimage\"},\"image\":{\"@id\":\"https:\/\/bertrand.pl\/produkt\/kombisystem-2\/#primaryimage\"},\"thumbnailUrl\":\"https:\/\/bertrand.pl\/wp-content\/uploads\/2023\/12\/kombisystem_alu_photo2.jpg\",\"datePublished\":\"2023-12-12T11:45:32+00:00\",\"dateModified\":\"2025-03-06T14:30:30+00:00\",\"description\":\"KOMBISYSTEM ALU firmy BERTRAND \u2013 energooszcz\u0119dne okna z nak\u0142adk\u0105 aluminiow\u0105, doskona\u0142a izolacja, trwa\u0142o\u015b\u0107, estetyka i bezpiecze\u0144stwo dla wymagaj\u0105cych.\",\"breadcrumb\":{\"@id\":\"https:\/\/bertrand.pl\/produkt\/kombisystem-2\/#breadcrumb\"},\"inLanguage\":\"nl-NL\",\"potentialAction\":[{\"@type\":\"ReadAction\",\"target\":[\"https:\/\/bertrand.pl\/produkt\/kombisystem-2\/\"]}]},{\"@type\":\"ImageObject\",\"inLanguage\":\"nl-NL\",\"@id\":\"https:\/\/bertrand.pl\/produkt\/kombisystem-2\/#primaryimage\",\"url\":\"https:\/\/bertrand.pl\/wp-content\/uploads\/2023\/12\/kombisystem_alu_photo2.jpg\",\"contentUrl\":\"https:\/\/bertrand.pl\/wp-content\/uploads\/2023\/12\/kombisystem_alu_photo2.jpg\",\"width\":450,\"height\":450},{\"@type\":\"BreadcrumbList\",\"@id\":\"https:\/\/bertrand.pl\/produkt\/kombisystem-2\/#breadcrumb\",\"itemListElement\":[{\"@type\":\"ListItem\",\"position\":1,\"name\":\"Strona g\u0142\u00f3wna\",\"item\":\"https:\/\/bertrand.pl\/\"},{\"@type\":\"ListItem\",\"position\":2,\"name\":\"Produits\",\"item\":\"https:\/\/bertrand.pl\/fr\/shop\/\"},{\"@type\":\"ListItem\",\"position\":3,\"name\":\"KOMBISYSTEM ALU\"}]},{\"@type\":\"WebSite\",\"@id\":\"https:\/\/bertrand.pl\/#website\",\"url\":\"https:\/\/bertrand.pl\/\",\"name\":\"Bertrand.pl\",\"description\":\"Firma Bertrand to certyfikowany i uznany producent najwy\u017cszej jako\u015bci okien z PVC, z drewna lub aluminium. Produkcja drzwi, rolet i bram gara\u017cowych.\",\"publisher\":{\"@id\":\"https:\/\/bertrand.pl\/#organization\"},\"potentialAction\":[{\"@type\":\"SearchAction\",\"target\":{\"@type\":\"EntryPoint\",\"urlTemplate\":\"https:\/\/bertrand.pl\/?s={search_term_string}\"},\"query-input\":{\"@type\":\"PropertyValueSpecification\",\"valueRequired\":true,\"valueName\":\"search_term_string\"}}],\"inLanguage\":\"nl-NL\"},{\"@type\":\"Organization\",\"@id\":\"https:\/\/bertrand.pl\/#organization\",\"name\":\"Bertrand.pl\",\"url\":\"https:\/\/bertrand.pl\/\",\"logo\":{\"@type\":\"ImageObject\",\"inLanguage\":\"nl-NL\",\"@id\":\"https:\/\/bertrand.pl\/#\/schema\/logo\/image\/\",\"url\":\"https:\/\/bertrand.pl\/wp-content\/uploads\/2024\/12\/logo_BB_TM_PL_black.png\",\"contentUrl\":\"https:\/\/bertrand.pl\/wp-content\/uploads\/2024\/12\/logo_BB_TM_PL_black.png\",\"width\":1831,\"height\":1831,\"caption\":\"Bertrand.pl\"},\"image\":{\"@id\":\"https:\/\/bertrand.pl\/#\/schema\/logo\/image\/\"},\"sameAs\":[\"https:\/\/www.facebook.com\/bertrandpolska\/\",\"https:\/\/www.instagram.com\/bertrand_okna_i_drzwi\/\",\"https:\/\/www.linkedin.com\/company\/bertrand\/\",\"https:\/\/www.tiktok.com\/@bertrand_okna_drzwi\"]}]}<\/script>\n<!-- \/ Yoast SEO Premium plugin. -->","yoast_head_json":{"title":"KOMBISYSTEM ALU - Bertrand. Najwy\u017cszej jako\u015bci okna i drzwi. Certyfikowany producent od 1969 roku.","description":"KOMBISYSTEM ALU van BERTRAND - energiebesparende ramen met aluminium bovenlaag, uitstekende isolatie, duurzaamheid, esthetiek en veiligheid voor veeleisende klanten.","robots":{"index":"index","follow":"follow","max-snippet":"max-snippet:-1","max-image-preview":"max-image-preview:large","max-video-preview":"max-video-preview:-1"},"canonical":"https:\/\/bertrand.pl\/nl\/product-2\/combisysteem-2\/","og_locale":"nl_NL","og_type":"article","og_title":"KOMBISYSTEM ALU","og_description":"KOMBISYSTEM ALU firmy BERTRAND \u2013 energooszcz\u0119dne okna z nak\u0142adk\u0105 aluminiow\u0105, doskona\u0142a izolacja, trwa\u0142o\u015b\u0107, estetyka i bezpiecze\u0144stwo dla wymagaj\u0105cych.","og_url":"https:\/\/bertrand.pl\/nl\/product-2\/combisysteem-2\/","og_site_name":"Bertrand. Najwy\u017cszej jako\u015bci okna i drzwi. Certyfikowany producent od 1969 roku.","article_publisher":"https:\/\/www.facebook.com\/bertrandpolska\/","article_modified_time":"2025-03-06T14:30:30+00:00","og_image":[{"width":450,"height":450,"url":"https:\/\/bertrand.pl\/wp-content\/uploads\/2023\/12\/kombisystem_alu_photo2.jpg","type":"image\/jpeg"}],"twitter_card":"summary_large_image","twitter_misc":{"Geschatte leestijd":"2 minuten"},"schema":{"@context":"https:\/\/schema.org","@graph":[{"@type":"WebPage","@id":"https:\/\/bertrand.pl\/produkt\/kombisystem-2\/","url":"https:\/\/bertrand.pl\/produkt\/kombisystem-2\/","name":"KOMBISYSTEM ALU - Bertrand. Najwy\u017cszej jako\u015bci okna i drzwi. Certyfikowany producent od 1969 roku.","isPartOf":{"@id":"https:\/\/bertrand.pl\/#website"},"primaryImageOfPage":{"@id":"https:\/\/bertrand.pl\/produkt\/kombisystem-2\/#primaryimage"},"image":{"@id":"https:\/\/bertrand.pl\/produkt\/kombisystem-2\/#primaryimage"},"thumbnailUrl":"https:\/\/bertrand.pl\/wp-content\/uploads\/2023\/12\/kombisystem_alu_photo2.jpg","datePublished":"2023-12-12T11:45:32+00:00","dateModified":"2025-03-06T14:30:30+00:00","description":"KOMBISYSTEM ALU van BERTRAND - energiebesparende ramen met aluminium bovenlaag, uitstekende isolatie, duurzaamheid, esthetiek en veiligheid voor veeleisende klanten.","breadcrumb":{"@id":"https:\/\/bertrand.pl\/produkt\/kombisystem-2\/#breadcrumb"},"inLanguage":"nl-NL","potentialAction":[{"@type":"ReadAction","target":["https:\/\/bertrand.pl\/produkt\/kombisystem-2\/"]}]},{"@type":"ImageObject","inLanguage":"nl-NL","@id":"https:\/\/bertrand.pl\/produkt\/kombisystem-2\/#primaryimage","url":"https:\/\/bertrand.pl\/wp-content\/uploads\/2023\/12\/kombisystem_alu_photo2.jpg","contentUrl":"https:\/\/bertrand.pl\/wp-content\/uploads\/2023\/12\/kombisystem_alu_photo2.jpg","width":450,"height":450},{"@type":"BreadcrumbList","@id":"https:\/\/bertrand.pl\/produkt\/kombisystem-2\/#breadcrumb","itemListElement":[{"@type":"ListItem","position":1,"name":"Strona g\u0142\u00f3wna","item":"https:\/\/bertrand.pl\/"},{"@type":"ListItem","position":2,"name":"Produits","item":"https:\/\/bertrand.pl\/fr\/shop\/"},{"@type":"ListItem","position":3,"name":"KOMBISYSTEM ALU"}]},{"@type":"WebSite","@id":"https:\/\/bertrand.pl\/#website","url":"https:\/\/bertrand.pl\/","name":"Bertrand.pl","description":"Firma Bertrand to certyfikowany i uznany producent najwy\u017cszej jako\u015bci okien z PVC, z drewna lub aluminium. Produkcja drzwi, rolet i bram gara\u017cowych.","publisher":{"@id":"https:\/\/bertrand.pl\/#organization"},"potentialAction":[{"@type":"SearchAction","target":{"@type":"EntryPoint","urlTemplate":"https:\/\/bertrand.pl\/?s={search_term_string}"},"query-input":{"@type":"PropertyValueSpecification","valueRequired":true,"valueName":"search_term_string"}}],"inLanguage":"nl-NL"},{"@type":"Organization","@id":"https:\/\/bertrand.pl\/#organization","name":"Bertrand.pl","url":"https:\/\/bertrand.pl\/","logo":{"@type":"ImageObject","inLanguage":"nl-NL","@id":"https:\/\/bertrand.pl\/#\/schema\/logo\/image\/","url":"https:\/\/bertrand.pl\/wp-content\/uploads\/2024\/12\/logo_BB_TM_PL_black.png","contentUrl":"https:\/\/bertrand.pl\/wp-content\/uploads\/2024\/12\/logo_BB_TM_PL_black.png","width":1831,"height":1831,"caption":"Bertrand.pl"},"image":{"@id":"https:\/\/bertrand.pl\/#\/schema\/logo\/image\/"},"sameAs":["https:\/\/www.facebook.com\/bertrandpolska\/","https:\/\/www.instagram.com\/bertrand_okna_i_drzwi\/","https:\/\/www.linkedin.com\/company\/bertrand\/","https:\/\/www.tiktok.com\/@bertrand_okna_drzwi"]}]}},"_links":{"self":[{"href":"https:\/\/bertrand.pl\/nl\/wp-json\/wp\/v2\/product\/825","targetHints":{"allow":["GET"]}}],"collection":[{"href":"https:\/\/bertrand.pl\/nl\/wp-json\/wp\/v2\/product"}],"about":[{"href":"https:\/\/bertrand.pl\/nl\/wp-json\/wp\/v2\/types\/product"}],"wp:featuredmedia":[{"embeddable":true,"href":"https:\/\/bertrand.pl\/nl\/wp-json\/wp\/v2\/media\/844"}],"wp:attachment":[{"href":"https:\/\/bertrand.pl\/nl\/wp-json\/wp\/v2\/media?parent=825"}],"wp:term":[{"taxonomy":"product_brand","embeddable":true,"href":"https:\/\/bertrand.pl\/nl\/wp-json\/wp\/v2\/product_brand?post=825"},{"taxonomy":"product_cat","embeddable":true,"href":"https:\/\/bertrand.pl\/nl\/wp-json\/wp\/v2\/product_cat?post=825"},{"taxonomy":"product_tag","embeddable":true,"href":"https:\/\/bertrand.pl\/nl\/wp-json\/wp\/v2\/product_tag?post=825"}],"curies":[{"name":"wp","href":"https:\/\/api.w.org\/{rel}","templated":true}]}}