{"id":830,"date":"2023-12-12T12:55:34","date_gmt":"2023-12-12T11:55:34","guid":{"rendered":"https:\/\/bertrand.pl\/?post_type=product&#038;p=830"},"modified":"2025-03-06T15:29:51","modified_gmt":"2025-03-06T14:29:51","slug":"strongline","status":"publish","type":"product","link":"https:\/\/bertrand.pl\/nl\/produkt\/strongline\/","title":{"rendered":"STRONGLINE"},"content":{"rendered":"<p>Ramen <strong>STRONGLINE<\/strong> is een innovatieve productlijn die de natuurlijke kwaliteiten van hout op harmonieuze wijze combineert met moderne technologische oplossingen. Hierdoor zijn deze ramen niet alleen esthetisch, maar ook uiterst functioneel.<\/p>\n<p>&nbsp;<\/p>\n<h4>Uniek ontwerp voor superieure stabiliteit<\/h4>\n<p>&nbsp;<\/p>\n<p>De frame- en vleugeldiepte van 92 mm maakt STRONGLINE het meest stabiele en duurzame profiel dat op de markt verkrijgbaar is. De warmteoverdrachtsco\u00ebffici\u00ebnt garandeert een uitstekende thermische isolatie, waardoor uw huis zelfs in de strengste winters warm blijft.<\/p>\n<p>De poreuze structuur van het hout en het systeem van structurele groeven bieden niet alleen bescherming tegen regen, wind en geluid, maar ook een effectieve barri\u00e8re tegen vervuiling. Tegelijkertijd zorgen deze ramen voor een optimale ventilatie, wat zich vertaalt in een gezond microklimaat in de kamers.<\/p>\n<p>&nbsp;<\/p>\n<h4>Soliditeit en elegantie in \u00e9\u00e9n<\/h4>\n<p>&nbsp;<\/p>\n<p>De karakteristieke, massieve uitstraling van de ramen is subtiel verzacht door afgeronde randen en siersnijders. Hierdoor zien de ramen er elegant en harmonieus uit in elk interieur. Natuurlijk hout geeft ze warmte en een uniek karakter, perfect voor zowel klassieke als moderne arrangementen.<\/p>\n<p>&nbsp;<\/p>\n<h4>Mogelijkheid tot personalisatie<\/h4>\n<p>&nbsp;<\/p>\n<p>Ramen kunnen worden voorzien van aanvullende oplossingen die de warmteabsorptie, geluidsisolatie en inbraakwerendheid verhogen. Er zijn ook personalisatieopties beschikbaar, waarmee u het uiterlijk van de vensters aan uw individuele behoeften kunt aanpassen.<\/p>\n<h4><\/h4>\n<h4>Kies STRONGLINE<\/h4>\n<p>&nbsp;<\/p>\n<p>STRONGLINE zijn ramen voor mensen die op zoek zijn naar betrouwbare, duurzame en esthetische oplossingen. Door te investeren in deze lijn kiest u voor kwaliteit, energiezuinigheid en stijl. Het is een perfecte combinatie van houttraditie en moderne technologie.<\/p>\n<p>&nbsp;<\/p>\n<p><em>Bertrand maakt gebruik van de meest geavanceerde houtvernissen. Onze AQUATOP lak, die wij standaard gebruiken, beschermt oppervlakken tegen weersinvloeden en geeft ze een gladde en langdurige bescherming.<\/em><\/p>\n<p><em>AQUATOP wordt gekenmerkt door een uitstekende weerstand tegen vocht. Het beschermt oppervlakken tegen water, regen en vocht en voorkomt problemen zoals rot, schimmel en schade na verloop van tijd. Biedt het hele jaar door betrouwbare weerstand, in elk klimaat.\u00a0<\/em><\/p>\n<p><em>Dankzij geavanceerde en innovatieve vernissen en een zorgvuldig productieproces, dat een hybride is van automatisch slijpen van vlakke oppervlakken en handmatig slijpen van moeilijk bereikbare oppervlakken, zoals het oppervlak binnen het kozijn, hebben onze houten ramen een gladde en onberispelijke afwerking .<\/em><\/p>\n<p><em>Houten ramen van Bertrand zijn perfect voor warme klimaten dankzij het gebruik van vernis met koude pigmenten.<\/em><\/p>\n<p>&nbsp;<\/p>\n<h4><strong><a href=\"https:\/\/bertrand.pl\/nl\/kleur\/\">Kleuren van ramen en deuren<\/a><\/strong><\/h4>","protected":false},"excerpt":{"rendered":"<p><strong>EEN MODERN SYSTEEM VAN HOUT<\/strong><\/p>\n<p><strong>Strongline-venster<\/strong> is een uiterst innovatieve lijn ramen, die niet alleen de natuurlijke schoonheid van hout combineert, maar ook uitstekende technische parameters. Met een kozijn- en vleugeldiepte van<strong> 92 mm<\/strong> en lage warmteoverdrachtsco\u00ebffici\u00ebnt op het niveau <strong>1,0 \u2013 1,2 W\/m2K<\/strong>zijn deze ramen een uitstekende keuze voor mensen die op zoek zijn naar stabiliteit en energie-effici\u00ebntie in hun huis. Dankzij Strongline geniet u niet alleen van de esthetiek van hout, maar ook van comfort en energiebesparing.<\/p>","protected":false},"featured_media":831,"template":"","meta":{"site-sidebar-layout":"default","site-content-layout":"","ast-site-content-layout":"default","site-content-style":"default","site-sidebar-style":"default","ast-global-header-display":"","ast-banner-title-visibility":"","ast-main-header-display":"","ast-hfb-above-header-display":"","ast-hfb-below-header-display":"","ast-hfb-mobile-header-display":"","site-post-title":"","ast-breadcrumbs-content":"","ast-featured-img":"","footer-sml-layout":"","ast-disable-related-posts":"","theme-transparent-header-meta":"default","adv-header-id-meta":"","stick-header-meta":"","header-above-stick-meta":"","header-main-stick-meta":"","header-below-stick-meta":"","astra-migrate-meta-layouts":"set","ast-page-background-enabled":"default","ast-page-background-meta":{"desktop":{"background-color":"var(--ast-global-color-4)","background-image":"","background-repeat":"repeat","background-position":"center center","background-size":"auto","background-attachment":"scroll","background-type":"","background-media":"","overlay-type":"","overlay-color":"","overlay-opacity":"","overlay-gradient":""},"tablet":{"background-color":"","background-image":"","background-repeat":"repeat","background-position":"center center","background-size":"auto","background-attachment":"scroll","background-type":"","background-media":"","overlay-type":"","overlay-color":"","overlay-opacity":"","overlay-gradient":""},"mobile":{"background-color":"","background-image":"","background-repeat":"repeat","background-position":"center center","background-size":"auto","background-attachment":"scroll","background-type":"","background-media":"","overlay-type":"","overlay-color":"","overlay-opacity":"","overlay-gradient":""}},"ast-content-background-meta":{"desktop":{"background-color":"var(--ast-global-color-5)","background-image":"","background-repeat":"repeat","background-position":"center center","background-size":"auto","background-attachment":"scroll","background-type":"","background-media":"","overlay-type":"","overlay-color":"","overlay-opacity":"","overlay-gradient":""},"tablet":{"background-color":"var(--ast-global-color-5)","background-image":"","background-repeat":"repeat","background-position":"center center","background-size":"auto","background-attachment":"scroll","background-type":"","background-media":"","overlay-type":"","overlay-color":"","overlay-opacity":"","overlay-gradient":""},"mobile":{"background-color":"var(--ast-global-color-5)","background-image":"","background-repeat":"repeat","background-position":"center center","background-size":"auto","background-attachment":"scroll","background-type":"","background-media":"","overlay-type":"","overlay-color":"","overlay-opacity":"","overlay-gradient":""}}},"product_brand":[],"product_cat":[26],"product_tag":[168,326,367,368,339,311,352,414,462,463,354,344,346,408,407,466,370,389,398,361,366,465,174,387,323,350,363,324,351,362,461,464,348],"class_list":{"0":"post-830","1":"product","2":"type-product","3":"status-publish","4":"has-post-thumbnail","6":"product_cat-okna-drewniane","7":"product_tag-bertrand","8":"product_tag-budowa-domu","9":"product_tag-budownictwo","10":"product_tag-budownictwo-pasywne","11":"product_tag-design","12":"product_tag-dobre-wlasciwosci-termiczne","13":"product_tag-dobreokna","14":"product_tag-doskonala-izolacja-termiczna","15":"product_tag-drewniane-okna","16":"product_tag-drewniane-okno","17":"product_tag-drewno","18":"product_tag-duze-okna","19":"product_tag-duze-przestrzenie","20":"product_tag-duze-przeszklenia","21":"product_tag-duzo-swiatla","22":"product_tag-frezy","23":"product_tag-idealne-okna-do-domu","24":"product_tag-izolacja-akustyczna","25":"product_tag-izolacja-cieplna","26":"product_tag-jakosc","27":"product_tag-komfort","28":"product_tag-krawedzie","29":"product_tag-okna","30":"product_tag-okna-drewniane","31":"product_tag-okna-z-polski","32":"product_tag-oknabertrand","33":"product_tag-oknazpolski","34":"product_tag-okno-dla-domu","35":"product_tag-oknobertrand","36":"product_tag-quality","37":"product_tag-softline","38":"product_tag-strongline","39":"product_tag-windows","40":"desktop-align-left","41":"tablet-align-left","42":"mobile-align-left","44":"first","45":"instock","46":"shipping-taxable","47":"product-type-simple"},"yoast_head":"<!-- This site is optimized with the Yoast SEO Premium plugin v27.2 (Yoast SEO v27.2) - https:\/\/yoast.com\/product\/yoast-seo-premium-wordpress\/ -->\n<title>STRONGLINE - Bertrand. Najwy\u017cszej jako\u015bci okna i drzwi. Certyfikowany producent od 1969 roku.<\/title>\n<meta name=\"description\" content=\"Okna STRONGLINE \u2013 drewno i nowoczesno\u015b\u0107 w jednym. Stabilno\u015b\u0107, energooszcz\u0119dno\u015b\u0107 i elegancja. Idealna izolacja termiczna i akustyczna dla Twojego domu.\" \/>\n<meta name=\"robots\" content=\"index, follow, max-snippet:-1, max-image-preview:large, max-video-preview:-1\" \/>\n<link rel=\"canonical\" href=\"https:\/\/bertrand.pl\/nl\/product-2\/strongline\/\" \/>\n<meta property=\"og:locale\" content=\"nl_NL\" \/>\n<meta property=\"og:type\" content=\"article\" \/>\n<meta property=\"og:title\" content=\"STRONGLINE\" \/>\n<meta property=\"og:description\" content=\"Okna STRONGLINE \u2013 drewno i nowoczesno\u015b\u0107 w jednym. Stabilno\u015b\u0107, energooszcz\u0119dno\u015b\u0107 i elegancja. Idealna izolacja termiczna i akustyczna dla Twojego domu.\" \/>\n<meta property=\"og:url\" content=\"https:\/\/bertrand.pl\/nl\/product-2\/strongline\/\" \/>\n<meta property=\"og:site_name\" content=\"Bertrand. Najwy\u017cszej jako\u015bci okna i drzwi. Certyfikowany producent od 1969 roku.\" \/>\n<meta property=\"article:publisher\" content=\"https:\/\/www.facebook.com\/bertrandpolska\/\" \/>\n<meta property=\"article:modified_time\" content=\"2025-03-06T14:29:51+00:00\" \/>\n<meta property=\"og:image\" content=\"https:\/\/bertrand.pl\/wp-content\/uploads\/2023\/12\/strongline_big.jpg\" \/>\n\t<meta property=\"og:image:width\" content=\"750\" \/>\n\t<meta property=\"og:image:height\" content=\"750\" \/>\n\t<meta property=\"og:image:type\" content=\"image\/jpeg\" \/>\n<meta name=\"twitter:card\" content=\"summary_large_image\" \/>\n<meta name=\"twitter:label1\" content=\"Geschatte leestijd\" \/>\n\t<meta name=\"twitter:data1\" content=\"3 minuten\" \/>\n<script type=\"application\/ld+json\" class=\"yoast-schema-graph\">{\"@context\":\"https:\/\/schema.org\",\"@graph\":[{\"@type\":\"WebPage\",\"@id\":\"https:\/\/bertrand.pl\/produkt\/strongline\/\",\"url\":\"https:\/\/bertrand.pl\/produkt\/strongline\/\",\"name\":\"STRONGLINE - Bertrand. Najwy\u017cszej jako\u015bci okna i drzwi. Certyfikowany producent od 1969 roku.\",\"isPartOf\":{\"@id\":\"https:\/\/bertrand.pl\/#website\"},\"primaryImageOfPage\":{\"@id\":\"https:\/\/bertrand.pl\/produkt\/strongline\/#primaryimage\"},\"image\":{\"@id\":\"https:\/\/bertrand.pl\/produkt\/strongline\/#primaryimage\"},\"thumbnailUrl\":\"https:\/\/bertrand.pl\/wp-content\/uploads\/2023\/12\/strongline_big.jpg\",\"datePublished\":\"2023-12-12T11:55:34+00:00\",\"dateModified\":\"2025-03-06T14:29:51+00:00\",\"description\":\"Okna STRONGLINE \u2013 drewno i nowoczesno\u015b\u0107 w jednym. Stabilno\u015b\u0107, energooszcz\u0119dno\u015b\u0107 i elegancja. Idealna izolacja termiczna i akustyczna dla Twojego domu.\",\"breadcrumb\":{\"@id\":\"https:\/\/bertrand.pl\/produkt\/strongline\/#breadcrumb\"},\"inLanguage\":\"nl-NL\",\"potentialAction\":[{\"@type\":\"ReadAction\",\"target\":[\"https:\/\/bertrand.pl\/produkt\/strongline\/\"]}]},{\"@type\":\"ImageObject\",\"inLanguage\":\"nl-NL\",\"@id\":\"https:\/\/bertrand.pl\/produkt\/strongline\/#primaryimage\",\"url\":\"https:\/\/bertrand.pl\/wp-content\/uploads\/2023\/12\/strongline_big.jpg\",\"contentUrl\":\"https:\/\/bertrand.pl\/wp-content\/uploads\/2023\/12\/strongline_big.jpg\",\"width\":750,\"height\":750},{\"@type\":\"BreadcrumbList\",\"@id\":\"https:\/\/bertrand.pl\/produkt\/strongline\/#breadcrumb\",\"itemListElement\":[{\"@type\":\"ListItem\",\"position\":1,\"name\":\"Strona g\u0142\u00f3wna\",\"item\":\"https:\/\/bertrand.pl\/\"},{\"@type\":\"ListItem\",\"position\":2,\"name\":\"Produits\",\"item\":\"https:\/\/bertrand.pl\/fr\/shop\/\"},{\"@type\":\"ListItem\",\"position\":3,\"name\":\"STRONGLINE\"}]},{\"@type\":\"WebSite\",\"@id\":\"https:\/\/bertrand.pl\/#website\",\"url\":\"https:\/\/bertrand.pl\/\",\"name\":\"Bertrand.pl\",\"description\":\"Firma Bertrand to certyfikowany i uznany producent najwy\u017cszej jako\u015bci okien z PVC, z drewna lub aluminium. Produkcja drzwi, rolet i bram gara\u017cowych.\",\"publisher\":{\"@id\":\"https:\/\/bertrand.pl\/#organization\"},\"potentialAction\":[{\"@type\":\"SearchAction\",\"target\":{\"@type\":\"EntryPoint\",\"urlTemplate\":\"https:\/\/bertrand.pl\/?s={search_term_string}\"},\"query-input\":{\"@type\":\"PropertyValueSpecification\",\"valueRequired\":true,\"valueName\":\"search_term_string\"}}],\"inLanguage\":\"nl-NL\"},{\"@type\":\"Organization\",\"@id\":\"https:\/\/bertrand.pl\/#organization\",\"name\":\"Bertrand.pl\",\"url\":\"https:\/\/bertrand.pl\/\",\"logo\":{\"@type\":\"ImageObject\",\"inLanguage\":\"nl-NL\",\"@id\":\"https:\/\/bertrand.pl\/#\/schema\/logo\/image\/\",\"url\":\"https:\/\/bertrand.pl\/wp-content\/uploads\/2024\/12\/logo_BB_TM_PL_black.png\",\"contentUrl\":\"https:\/\/bertrand.pl\/wp-content\/uploads\/2024\/12\/logo_BB_TM_PL_black.png\",\"width\":1831,\"height\":1831,\"caption\":\"Bertrand.pl\"},\"image\":{\"@id\":\"https:\/\/bertrand.pl\/#\/schema\/logo\/image\/\"},\"sameAs\":[\"https:\/\/www.facebook.com\/bertrandpolska\/\",\"https:\/\/www.instagram.com\/bertrand_okna_i_drzwi\/\",\"https:\/\/www.linkedin.com\/company\/bertrand\/\",\"https:\/\/www.tiktok.com\/@bertrand_okna_drzwi\"]}]}<\/script>\n<!-- \/ Yoast SEO Premium plugin. -->","yoast_head_json":{"title":"STRONGLINE - Bertrand. Najwy\u017cszej jako\u015bci okna i drzwi. Certyfikowany producent od 1969 roku.","description":"STRONGLINE ramen \u2013 hout en moderniteit in \u00e9\u00e9n. Stabiliteit, energie-effici\u00ebntie en elegantie. Perfecte thermische en akoestische isolatie voor uw woning.","robots":{"index":"index","follow":"follow","max-snippet":"max-snippet:-1","max-image-preview":"max-image-preview:large","max-video-preview":"max-video-preview:-1"},"canonical":"https:\/\/bertrand.pl\/nl\/product-2\/strongline\/","og_locale":"nl_NL","og_type":"article","og_title":"STRONGLINE","og_description":"Okna STRONGLINE \u2013 drewno i nowoczesno\u015b\u0107 w jednym. Stabilno\u015b\u0107, energooszcz\u0119dno\u015b\u0107 i elegancja. Idealna izolacja termiczna i akustyczna dla Twojego domu.","og_url":"https:\/\/bertrand.pl\/nl\/product-2\/strongline\/","og_site_name":"Bertrand. Najwy\u017cszej jako\u015bci okna i drzwi. Certyfikowany producent od 1969 roku.","article_publisher":"https:\/\/www.facebook.com\/bertrandpolska\/","article_modified_time":"2025-03-06T14:29:51+00:00","og_image":[{"width":750,"height":750,"url":"https:\/\/bertrand.pl\/wp-content\/uploads\/2023\/12\/strongline_big.jpg","type":"image\/jpeg"}],"twitter_card":"summary_large_image","twitter_misc":{"Geschatte leestijd":"3 minuten"},"schema":{"@context":"https:\/\/schema.org","@graph":[{"@type":"WebPage","@id":"https:\/\/bertrand.pl\/produkt\/strongline\/","url":"https:\/\/bertrand.pl\/produkt\/strongline\/","name":"STRONGLINE - Bertrand. Najwy\u017cszej jako\u015bci okna i drzwi. Certyfikowany producent od 1969 roku.","isPartOf":{"@id":"https:\/\/bertrand.pl\/#website"},"primaryImageOfPage":{"@id":"https:\/\/bertrand.pl\/produkt\/strongline\/#primaryimage"},"image":{"@id":"https:\/\/bertrand.pl\/produkt\/strongline\/#primaryimage"},"thumbnailUrl":"https:\/\/bertrand.pl\/wp-content\/uploads\/2023\/12\/strongline_big.jpg","datePublished":"2023-12-12T11:55:34+00:00","dateModified":"2025-03-06T14:29:51+00:00","description":"STRONGLINE ramen \u2013 hout en moderniteit in \u00e9\u00e9n. Stabiliteit, energie-effici\u00ebntie en elegantie. Perfecte thermische en akoestische isolatie voor uw woning.","breadcrumb":{"@id":"https:\/\/bertrand.pl\/produkt\/strongline\/#breadcrumb"},"inLanguage":"nl-NL","potentialAction":[{"@type":"ReadAction","target":["https:\/\/bertrand.pl\/produkt\/strongline\/"]}]},{"@type":"ImageObject","inLanguage":"nl-NL","@id":"https:\/\/bertrand.pl\/produkt\/strongline\/#primaryimage","url":"https:\/\/bertrand.pl\/wp-content\/uploads\/2023\/12\/strongline_big.jpg","contentUrl":"https:\/\/bertrand.pl\/wp-content\/uploads\/2023\/12\/strongline_big.jpg","width":750,"height":750},{"@type":"BreadcrumbList","@id":"https:\/\/bertrand.pl\/produkt\/strongline\/#breadcrumb","itemListElement":[{"@type":"ListItem","position":1,"name":"Strona g\u0142\u00f3wna","item":"https:\/\/bertrand.pl\/"},{"@type":"ListItem","position":2,"name":"Produits","item":"https:\/\/bertrand.pl\/fr\/shop\/"},{"@type":"ListItem","position":3,"name":"STRONGLINE"}]},{"@type":"WebSite","@id":"https:\/\/bertrand.pl\/#website","url":"https:\/\/bertrand.pl\/","name":"Bertrand.pl","description":"Firma Bertrand to certyfikowany i uznany producent najwy\u017cszej jako\u015bci okien z PVC, z drewna lub aluminium. Produkcja drzwi, rolet i bram gara\u017cowych.","publisher":{"@id":"https:\/\/bertrand.pl\/#organization"},"potentialAction":[{"@type":"SearchAction","target":{"@type":"EntryPoint","urlTemplate":"https:\/\/bertrand.pl\/?s={search_term_string}"},"query-input":{"@type":"PropertyValueSpecification","valueRequired":true,"valueName":"search_term_string"}}],"inLanguage":"nl-NL"},{"@type":"Organization","@id":"https:\/\/bertrand.pl\/#organization","name":"Bertrand.pl","url":"https:\/\/bertrand.pl\/","logo":{"@type":"ImageObject","inLanguage":"nl-NL","@id":"https:\/\/bertrand.pl\/#\/schema\/logo\/image\/","url":"https:\/\/bertrand.pl\/wp-content\/uploads\/2024\/12\/logo_BB_TM_PL_black.png","contentUrl":"https:\/\/bertrand.pl\/wp-content\/uploads\/2024\/12\/logo_BB_TM_PL_black.png","width":1831,"height":1831,"caption":"Bertrand.pl"},"image":{"@id":"https:\/\/bertrand.pl\/#\/schema\/logo\/image\/"},"sameAs":["https:\/\/www.facebook.com\/bertrandpolska\/","https:\/\/www.instagram.com\/bertrand_okna_i_drzwi\/","https:\/\/www.linkedin.com\/company\/bertrand\/","https:\/\/www.tiktok.com\/@bertrand_okna_drzwi"]}]}},"_links":{"self":[{"href":"https:\/\/bertrand.pl\/nl\/wp-json\/wp\/v2\/product\/830","targetHints":{"allow":["GET"]}}],"collection":[{"href":"https:\/\/bertrand.pl\/nl\/wp-json\/wp\/v2\/product"}],"about":[{"href":"https:\/\/bertrand.pl\/nl\/wp-json\/wp\/v2\/types\/product"}],"wp:featuredmedia":[{"embeddable":true,"href":"https:\/\/bertrand.pl\/nl\/wp-json\/wp\/v2\/media\/831"}],"wp:attachment":[{"href":"https:\/\/bertrand.pl\/nl\/wp-json\/wp\/v2\/media?parent=830"}],"wp:term":[{"taxonomy":"product_brand","embeddable":true,"href":"https:\/\/bertrand.pl\/nl\/wp-json\/wp\/v2\/product_brand?post=830"},{"taxonomy":"product_cat","embeddable":true,"href":"https:\/\/bertrand.pl\/nl\/wp-json\/wp\/v2\/product_cat?post=830"},{"taxonomy":"product_tag","embeddable":true,"href":"https:\/\/bertrand.pl\/nl\/wp-json\/wp\/v2\/product_tag?post=830"}],"curies":[{"name":"wp","href":"https:\/\/api.w.org\/{rel}","templated":true}]}}