{"id":852,"date":"2024-08-23T09:27:18","date_gmt":"2024-08-23T07:27:18","guid":{"rendered":"https:\/\/bertrand.pl\/?post_type=product&#038;p=852"},"modified":"2025-07-10T14:06:24","modified_gmt":"2025-07-10T12:06:24","slug":"synergic","status":"publish","type":"product","link":"https:\/\/bertrand.pl\/nl\/produkt\/synergic\/","title":{"rendered":"Synergic"},"content":{"rendered":"<h4>Synergic \u2013 een baanbrekende oplossing in de raamindustrie<\/h4>\n<p>&nbsp;<\/p>\n<p><strong>Synergic systeem<\/strong> zijn innovatieve ramen die de natuurlijke esthetiek van hout combineren met de buitengewone duurzaamheid van aluminium. Dankzij extreem smalle kozijnen, slechts 90 mm breed, is het mogelijk een maximaal glasoppervlak te verkrijgen, wat zich vertaalt in meer verlichte en ruimere interieurs. Het minimalistische ontwerp zorgt er bovendien voor dat enkel de ruit van buitenaf zichtbaar is, perfect in lijn met de trends van de hedendaagse architectuur.<\/p>\n<p>Bijkomend voordeel van het systeem is een smalle verplaatsbare paal, slechts 97 mm breed. Hierdoor wordt het glasoppervlak aanzienlijk vergroot en is het zichtbare profiel 35% kleiner dan bij traditionele raamoplossingen. Hierdoor wordt het interieur nog beter verlicht, wat het gebruikscomfort aanzienlijk verbetert.<\/p>\n<p>&nbsp;<\/p>\n<h4>Geavanceerde technologie\u00ebn in het Synergic-systeem<\/h4>\n<p>&nbsp;<\/p>\n<p>Het Synergic-systeem is uitgerust met verborgen scharnieren <strong>Maco MultiPower<\/strong>, die uitzonderlijke duurzaamheid en gebruiksgemak bieden. Door het gebruik ervan kan de vleugel tot 150 kg worden belast, wat de installatie van grotere en zwaardere beglazingen mogelijk maakt. Bovendien verbeteren deze scharnieren de thermische en akoestische eigenschappen van ramen, terwijl ze tegelijkertijd zorgen voor een moderne uitstraling en een betere esthetiek.<\/p>\n<p>&nbsp;<\/p>\n<h4>Uitzonderlijke bescherming dankzij AQUATOP-lakken<\/h4>\n<p>&nbsp;<\/p>\n<p>Synergische ramen van Bertrand onderscheiden zich door het gebruik van de nieuwste vernissen <strong>AQUATOP<\/strong>die hout effectief beschermen tegen vocht, regen en andere externe factoren. Deze vernissen voorkomen rot en schimmel en zorgen voor een langdurige bescherming en een onberispelijke afwerking. Dankzij innovatieve koudepigmenten zijn de ramen perfect voor beide regio&#039;s met strenge winters en warme klimaten waar intens zonlicht schade kan veroorzaken.<\/p>\n<p>Het Bertrand-raamproductieproces combineert geavanceerde technologie\u00ebn met handmatige precisie. Geautomatiseerd slijpen en handmatige verwerking van moeilijk bereikbare plaatsen garanderen een onberispelijke esthetiek en uitzonderlijke duurzaamheid van de producten. Bovendien zorgt de uitzonderlijke weerstand tegen moeilijke weersomstandigheden ervoor dat Synergic-ramen jarenlang een betrouwbare keuze zijn.<\/p>\n<p>&nbsp;<\/p>\n<p>Ramen <strong>Synergic<\/strong> Bertrand is een combinatie van moderne technologie\u00ebn met de natuurlijke schoonheid van hout en de duurzaamheid van aluminium. Wat nog meer? Minimalistisch design, geavanceerde scharnieren en innovatieve AQUATOP-lakken. Ze maken dit systeem tot een ideale keuze voor mensen die op zoek zijn naar duurzame, esthetische en functionele ramen.<\/p>\n<p>&nbsp;<\/p>\n<h4><strong>ZIE OOK:<\/strong><\/h4>\n<p>&nbsp;<\/p>\n<h4><strong><a href=\"https:\/\/www.youtube.com\/watch?v=iA2PJiINUcU\">Synergic \u2013 Modern hout-aluminiumsysteem met verborgen vleugel<\/a><\/strong><\/h4>\n<h4><strong><a href=\"https:\/\/bertrand.pl\/nl\/kleur\/\"><strong>Kleuren van ramen en deuren<\/strong><\/a><\/strong><\/h4>","protected":false},"excerpt":{"rendered":"<p><strong>Een modern hout-aluminium systeem met een verborgen deurblad.<\/strong><\/p>\n<p>Modern of traditioneel? Licht of stevig? Duurzaam of nobel?<br \/>\nRamen\u00a0<strong>Synergic<\/strong>\u00a0merken<strong>\u00a0Bertrand<\/strong>\u00a0het is een compromisloze oplossing. Een handgepolijst houten raamprofiel brengt een gezellige, warme sfeer in huis. Duurzaam, regen- en UV-bestendig aluminium zorgt voor duurzaamheid en veiligheid van uw ramen.<br \/>\nWanneer tegenpolen elkaar aantrekken, ontstaat er een ideale oplossing: een smal, elegant hout-aluminium profiel met verborgen blad, afgestemd op uw wensen.<\/p>","protected":false},"featured_media":854,"template":"","meta":{"site-sidebar-layout":"default","site-content-layout":"","ast-site-content-layout":"default","site-content-style":"default","site-sidebar-style":"default","ast-global-header-display":"","ast-banner-title-visibility":"","ast-main-header-display":"","ast-hfb-above-header-display":"","ast-hfb-below-header-display":"","ast-hfb-mobile-header-display":"","site-post-title":"","ast-breadcrumbs-content":"","ast-featured-img":"","footer-sml-layout":"","ast-disable-related-posts":"","theme-transparent-header-meta":"default","adv-header-id-meta":"","stick-header-meta":"","header-above-stick-meta":"","header-main-stick-meta":"","header-below-stick-meta":"","astra-migrate-meta-layouts":"set","ast-page-background-enabled":"default","ast-page-background-meta":{"desktop":{"background-color":"var(--ast-global-color-4)","background-image":"","background-repeat":"repeat","background-position":"center center","background-size":"auto","background-attachment":"scroll","background-type":"","background-media":"","overlay-type":"","overlay-color":"","overlay-opacity":"","overlay-gradient":""},"tablet":{"background-color":"","background-image":"","background-repeat":"repeat","background-position":"center center","background-size":"auto","background-attachment":"scroll","background-type":"","background-media":"","overlay-type":"","overlay-color":"","overlay-opacity":"","overlay-gradient":""},"mobile":{"background-color":"","background-image":"","background-repeat":"repeat","background-position":"center center","background-size":"auto","background-attachment":"scroll","background-type":"","background-media":"","overlay-type":"","overlay-color":"","overlay-opacity":"","overlay-gradient":""}},"ast-content-background-meta":{"desktop":{"background-color":"var(--ast-global-color-5)","background-image":"","background-repeat":"repeat","background-position":"center center","background-size":"auto","background-attachment":"scroll","background-type":"","background-media":"","overlay-type":"","overlay-color":"","overlay-opacity":"","overlay-gradient":""},"tablet":{"background-color":"var(--ast-global-color-5)","background-image":"","background-repeat":"repeat","background-position":"center center","background-size":"auto","background-attachment":"scroll","background-type":"","background-media":"","overlay-type":"","overlay-color":"","overlay-opacity":"","overlay-gradient":""},"mobile":{"background-color":"var(--ast-global-color-5)","background-image":"","background-repeat":"repeat","background-position":"center center","background-size":"auto","background-attachment":"scroll","background-type":"","background-media":"","overlay-type":"","overlay-color":"","overlay-opacity":"","overlay-gradient":""}}},"product_brand":[],"product_cat":[27],"product_tag":[193,168,311,352,354,1418,195,1219,1255,1420,646,649,1421,812,355,1417,323,350,315,324,351,169,1423,356,1244,1419,1367,1422],"class_list":{"0":"post-852","1":"product","2":"type-product","3":"status-publish","4":"has-post-thumbnail","6":"product_cat-okna-drewniano-aluminiowe","7":"product_tag-aluminium","8":"product_tag-bertrand","9":"product_tag-dobre-wlasciwosci-termiczne","10":"product_tag-dobreokna","11":"product_tag-drewno","12":"product_tag-drewno-i-aluminium","13":"product_tag-drzwi-aluminiowe","14":"product_tag-energooszczedne-okna","15":"product_tag-estetyczne-okna","16":"product_tag-lakier-aquatop","17":"product_tag-minimalistyczny-design","18":"product_tag-nowoczesna-architektura","19":"product_tag-ochrona-przed-wilgocia","20":"product_tag-odpornosc-na-warunki-atmosferyczne","21":"product_tag-okna-drewniano-aluminiowe","22":"product_tag-okna-synergic","23":"product_tag-okna-z-polski","24":"product_tag-oknabertrand","25":"product_tag-okno-aluminiowe","26":"product_tag-okno-dla-domu","27":"product_tag-oknobertrand","28":"product_tag-produkt","29":"product_tag-przeszklone-powierzchnie","30":"product_tag-synergic","31":"product_tag-trwale-okna","32":"product_tag-ukryte-zawiasy-maco-multi-power","33":"product_tag-waskie-ramy","34":"product_tag-zimne-pigmenty","35":"desktop-align-left","36":"tablet-align-left","37":"mobile-align-left","39":"first","40":"instock","41":"shipping-taxable","42":"product-type-simple"},"yoast_head":"<!-- This site is optimized with the Yoast SEO Premium plugin v27.2 (Yoast SEO v27.2) - https:\/\/yoast.com\/product\/yoast-seo-premium-wordpress\/ -->\n<title>Synergic \u2013 okna drewniano\u2011aluminiowe z ukrytym skrzyd\u0142em<\/title>\n<meta name=\"description\" content=\"Synergic to po\u0142\u0105czenie nowoczesnego designu, trwa\u0142o\u015bci i funkcjonalno\u015bci. Idealnym wyb\u00f3r dla os\u00f3b ceni\u0105cych jako\u015b\u0107 i estetyk\u0119 w ka\u017cdym detalu.\" \/>\n<meta name=\"robots\" content=\"index, follow, max-snippet:-1, max-image-preview:large, max-video-preview:-1\" \/>\n<link rel=\"canonical\" href=\"https:\/\/bertrand.pl\/nl\/product-2\/synergic\/\" \/>\n<meta property=\"og:locale\" content=\"nl_NL\" \/>\n<meta property=\"og:type\" content=\"article\" \/>\n<meta property=\"og:title\" content=\"Synergic\" \/>\n<meta property=\"og:description\" content=\"Synergic to po\u0142\u0105czenie nowoczesnego designu, trwa\u0142o\u015bci i funkcjonalno\u015bci. Idealnym wyb\u00f3r dla os\u00f3b ceni\u0105cych jako\u015b\u0107 i estetyk\u0119 w ka\u017cdym detalu.\" \/>\n<meta property=\"og:url\" content=\"https:\/\/bertrand.pl\/nl\/product-2\/synergic\/\" \/>\n<meta property=\"og:site_name\" content=\"Bertrand. Najwy\u017cszej jako\u015bci okna i drzwi. Certyfikowany producent od 1969 roku.\" \/>\n<meta property=\"article:publisher\" content=\"https:\/\/www.facebook.com\/bertrandpolska\/\" \/>\n<meta property=\"article:modified_time\" content=\"2025-07-10T12:06:24+00:00\" \/>\n<meta property=\"og:image\" content=\"https:\/\/bertrand.pl\/wp-content\/uploads\/2023\/12\/naroznik_synergic_1a.jpg\" \/>\n\t<meta property=\"og:image:width\" content=\"555\" \/>\n\t<meta property=\"og:image:height\" content=\"555\" \/>\n\t<meta property=\"og:image:type\" content=\"image\/jpeg\" \/>\n<meta name=\"twitter:card\" content=\"summary_large_image\" \/>\n<meta name=\"twitter:label1\" content=\"Geschatte leestijd\" \/>\n\t<meta name=\"twitter:data1\" content=\"3 minuten\" \/>\n<script type=\"application\/ld+json\" class=\"yoast-schema-graph\">{\"@context\":\"https:\/\/schema.org\",\"@graph\":[{\"@type\":\"WebPage\",\"@id\":\"https:\/\/bertrand.pl\/produkt\/synergic\/\",\"url\":\"https:\/\/bertrand.pl\/produkt\/synergic\/\",\"name\":\"Synergic \u2013 okna drewniano\u2011aluminiowe z ukrytym skrzyd\u0142em\",\"isPartOf\":{\"@id\":\"https:\/\/bertrand.pl\/#website\"},\"primaryImageOfPage\":{\"@id\":\"https:\/\/bertrand.pl\/produkt\/synergic\/#primaryimage\"},\"image\":{\"@id\":\"https:\/\/bertrand.pl\/produkt\/synergic\/#primaryimage\"},\"thumbnailUrl\":\"https:\/\/bertrand.pl\/wp-content\/uploads\/2023\/12\/naroznik_synergic_1a.jpg\",\"datePublished\":\"2024-08-23T07:27:18+00:00\",\"dateModified\":\"2025-07-10T12:06:24+00:00\",\"description\":\"Synergic to po\u0142\u0105czenie nowoczesnego designu, trwa\u0142o\u015bci i funkcjonalno\u015bci. Idealnym wyb\u00f3r dla os\u00f3b ceni\u0105cych jako\u015b\u0107 i estetyk\u0119 w ka\u017cdym detalu.\",\"breadcrumb\":{\"@id\":\"https:\/\/bertrand.pl\/produkt\/synergic\/#breadcrumb\"},\"inLanguage\":\"nl-NL\",\"potentialAction\":[{\"@type\":\"ReadAction\",\"target\":[\"https:\/\/bertrand.pl\/produkt\/synergic\/\"]}]},{\"@type\":\"ImageObject\",\"inLanguage\":\"nl-NL\",\"@id\":\"https:\/\/bertrand.pl\/produkt\/synergic\/#primaryimage\",\"url\":\"https:\/\/bertrand.pl\/wp-content\/uploads\/2023\/12\/naroznik_synergic_1a.jpg\",\"contentUrl\":\"https:\/\/bertrand.pl\/wp-content\/uploads\/2023\/12\/naroznik_synergic_1a.jpg\",\"width\":555,\"height\":555,\"caption\":\"Synergic to po\u0142\u0105czenie elegancji drewna z trwa\u0142o\u015bci\u0105 aluminium.\"},{\"@type\":\"BreadcrumbList\",\"@id\":\"https:\/\/bertrand.pl\/produkt\/synergic\/#breadcrumb\",\"itemListElement\":[{\"@type\":\"ListItem\",\"position\":1,\"name\":\"Strona g\u0142\u00f3wna\",\"item\":\"https:\/\/bertrand.pl\/\"},{\"@type\":\"ListItem\",\"position\":2,\"name\":\"Produits\",\"item\":\"https:\/\/bertrand.pl\/fr\/shop\/\"},{\"@type\":\"ListItem\",\"position\":3,\"name\":\"Synergic\"}]},{\"@type\":\"WebSite\",\"@id\":\"https:\/\/bertrand.pl\/#website\",\"url\":\"https:\/\/bertrand.pl\/\",\"name\":\"Bertrand.pl\",\"description\":\"Firma Bertrand to certyfikowany i uznany producent najwy\u017cszej jako\u015bci okien z PVC, z drewna lub aluminium. Produkcja drzwi, rolet i bram gara\u017cowych.\",\"publisher\":{\"@id\":\"https:\/\/bertrand.pl\/#organization\"},\"potentialAction\":[{\"@type\":\"SearchAction\",\"target\":{\"@type\":\"EntryPoint\",\"urlTemplate\":\"https:\/\/bertrand.pl\/?s={search_term_string}\"},\"query-input\":{\"@type\":\"PropertyValueSpecification\",\"valueRequired\":true,\"valueName\":\"search_term_string\"}}],\"inLanguage\":\"nl-NL\"},{\"@type\":\"Organization\",\"@id\":\"https:\/\/bertrand.pl\/#organization\",\"name\":\"Bertrand.pl\",\"url\":\"https:\/\/bertrand.pl\/\",\"logo\":{\"@type\":\"ImageObject\",\"inLanguage\":\"nl-NL\",\"@id\":\"https:\/\/bertrand.pl\/#\/schema\/logo\/image\/\",\"url\":\"https:\/\/bertrand.pl\/wp-content\/uploads\/2024\/12\/logo_BB_TM_PL_black.png\",\"contentUrl\":\"https:\/\/bertrand.pl\/wp-content\/uploads\/2024\/12\/logo_BB_TM_PL_black.png\",\"width\":1831,\"height\":1831,\"caption\":\"Bertrand.pl\"},\"image\":{\"@id\":\"https:\/\/bertrand.pl\/#\/schema\/logo\/image\/\"},\"sameAs\":[\"https:\/\/www.facebook.com\/bertrandpolska\/\",\"https:\/\/www.instagram.com\/bertrand_okna_i_drzwi\/\",\"https:\/\/www.linkedin.com\/company\/bertrand\/\",\"https:\/\/www.tiktok.com\/@bertrand_okna_drzwi\"]}]}<\/script>\n<!-- \/ Yoast SEO Premium plugin. -->","yoast_head_json":{"title":"Synergic \u2013 okna drewniano\u2011aluminiowe z ukrytym skrzyd\u0142em","description":"Synergic is een combinatie van modern design, duurzaamheid en functionaliteit. Een ideale keuze voor mensen die waarde hechten aan kwaliteit en esthetiek in elk detail.","robots":{"index":"index","follow":"follow","max-snippet":"max-snippet:-1","max-image-preview":"max-image-preview:large","max-video-preview":"max-video-preview:-1"},"canonical":"https:\/\/bertrand.pl\/nl\/product-2\/synergic\/","og_locale":"nl_NL","og_type":"article","og_title":"Synergic","og_description":"Synergic to po\u0142\u0105czenie nowoczesnego designu, trwa\u0142o\u015bci i funkcjonalno\u015bci. Idealnym wyb\u00f3r dla os\u00f3b ceni\u0105cych jako\u015b\u0107 i estetyk\u0119 w ka\u017cdym detalu.","og_url":"https:\/\/bertrand.pl\/nl\/product-2\/synergic\/","og_site_name":"Bertrand. Najwy\u017cszej jako\u015bci okna i drzwi. Certyfikowany producent od 1969 roku.","article_publisher":"https:\/\/www.facebook.com\/bertrandpolska\/","article_modified_time":"2025-07-10T12:06:24+00:00","og_image":[{"width":555,"height":555,"url":"https:\/\/bertrand.pl\/wp-content\/uploads\/2023\/12\/naroznik_synergic_1a.jpg","type":"image\/jpeg"}],"twitter_card":"summary_large_image","twitter_misc":{"Geschatte leestijd":"3 minuten"},"schema":{"@context":"https:\/\/schema.org","@graph":[{"@type":"WebPage","@id":"https:\/\/bertrand.pl\/produkt\/synergic\/","url":"https:\/\/bertrand.pl\/produkt\/synergic\/","name":"Synergic \u2013 okna drewniano\u2011aluminiowe z ukrytym skrzyd\u0142em","isPartOf":{"@id":"https:\/\/bertrand.pl\/#website"},"primaryImageOfPage":{"@id":"https:\/\/bertrand.pl\/produkt\/synergic\/#primaryimage"},"image":{"@id":"https:\/\/bertrand.pl\/produkt\/synergic\/#primaryimage"},"thumbnailUrl":"https:\/\/bertrand.pl\/wp-content\/uploads\/2023\/12\/naroznik_synergic_1a.jpg","datePublished":"2024-08-23T07:27:18+00:00","dateModified":"2025-07-10T12:06:24+00:00","description":"Synergic is een combinatie van modern design, duurzaamheid en functionaliteit. Een ideale keuze voor mensen die waarde hechten aan kwaliteit en esthetiek in elk detail.","breadcrumb":{"@id":"https:\/\/bertrand.pl\/produkt\/synergic\/#breadcrumb"},"inLanguage":"nl-NL","potentialAction":[{"@type":"ReadAction","target":["https:\/\/bertrand.pl\/produkt\/synergic\/"]}]},{"@type":"ImageObject","inLanguage":"nl-NL","@id":"https:\/\/bertrand.pl\/produkt\/synergic\/#primaryimage","url":"https:\/\/bertrand.pl\/wp-content\/uploads\/2023\/12\/naroznik_synergic_1a.jpg","contentUrl":"https:\/\/bertrand.pl\/wp-content\/uploads\/2023\/12\/naroznik_synergic_1a.jpg","width":555,"height":555,"caption":"Synergic to po\u0142\u0105czenie elegancji drewna z trwa\u0142o\u015bci\u0105 aluminium."},{"@type":"BreadcrumbList","@id":"https:\/\/bertrand.pl\/produkt\/synergic\/#breadcrumb","itemListElement":[{"@type":"ListItem","position":1,"name":"Strona g\u0142\u00f3wna","item":"https:\/\/bertrand.pl\/"},{"@type":"ListItem","position":2,"name":"Produits","item":"https:\/\/bertrand.pl\/fr\/shop\/"},{"@type":"ListItem","position":3,"name":"Synergic"}]},{"@type":"WebSite","@id":"https:\/\/bertrand.pl\/#website","url":"https:\/\/bertrand.pl\/","name":"Bertrand.pl","description":"Firma Bertrand to certyfikowany i uznany producent najwy\u017cszej jako\u015bci okien z PVC, z drewna lub aluminium. Produkcja drzwi, rolet i bram gara\u017cowych.","publisher":{"@id":"https:\/\/bertrand.pl\/#organization"},"potentialAction":[{"@type":"SearchAction","target":{"@type":"EntryPoint","urlTemplate":"https:\/\/bertrand.pl\/?s={search_term_string}"},"query-input":{"@type":"PropertyValueSpecification","valueRequired":true,"valueName":"search_term_string"}}],"inLanguage":"nl-NL"},{"@type":"Organization","@id":"https:\/\/bertrand.pl\/#organization","name":"Bertrand.pl","url":"https:\/\/bertrand.pl\/","logo":{"@type":"ImageObject","inLanguage":"nl-NL","@id":"https:\/\/bertrand.pl\/#\/schema\/logo\/image\/","url":"https:\/\/bertrand.pl\/wp-content\/uploads\/2024\/12\/logo_BB_TM_PL_black.png","contentUrl":"https:\/\/bertrand.pl\/wp-content\/uploads\/2024\/12\/logo_BB_TM_PL_black.png","width":1831,"height":1831,"caption":"Bertrand.pl"},"image":{"@id":"https:\/\/bertrand.pl\/#\/schema\/logo\/image\/"},"sameAs":["https:\/\/www.facebook.com\/bertrandpolska\/","https:\/\/www.instagram.com\/bertrand_okna_i_drzwi\/","https:\/\/www.linkedin.com\/company\/bertrand\/","https:\/\/www.tiktok.com\/@bertrand_okna_drzwi"]}]}},"_links":{"self":[{"href":"https:\/\/bertrand.pl\/nl\/wp-json\/wp\/v2\/product\/852","targetHints":{"allow":["GET"]}}],"collection":[{"href":"https:\/\/bertrand.pl\/nl\/wp-json\/wp\/v2\/product"}],"about":[{"href":"https:\/\/bertrand.pl\/nl\/wp-json\/wp\/v2\/types\/product"}],"wp:featuredmedia":[{"embeddable":true,"href":"https:\/\/bertrand.pl\/nl\/wp-json\/wp\/v2\/media\/854"}],"wp:attachment":[{"href":"https:\/\/bertrand.pl\/nl\/wp-json\/wp\/v2\/media?parent=852"}],"wp:term":[{"taxonomy":"product_brand","embeddable":true,"href":"https:\/\/bertrand.pl\/nl\/wp-json\/wp\/v2\/product_brand?post=852"},{"taxonomy":"product_cat","embeddable":true,"href":"https:\/\/bertrand.pl\/nl\/wp-json\/wp\/v2\/product_cat?post=852"},{"taxonomy":"product_tag","embeddable":true,"href":"https:\/\/bertrand.pl\/nl\/wp-json\/wp\/v2\/product_tag?post=852"}],"curies":[{"name":"wp","href":"https:\/\/api.w.org\/{rel}","templated":true}]}}