{"id":861,"date":"2023-12-12T13:38:22","date_gmt":"2023-12-12T12:38:22","guid":{"rendered":"https:\/\/bertrand.pl\/?post_type=product&#038;p=861"},"modified":"2025-08-06T13:17:51","modified_gmt":"2025-08-06T11:17:51","slug":"mb-slimline","status":"publish","type":"product","link":"https:\/\/bertrand.pl\/nl\/produkt\/mb-slimline\/","title":{"rendered":"MB SLIMLINE"},"content":{"rendered":"<p>Het MB-Slimline-systeem is een innovatieve oplossing gecre\u00eberd met esthetiek en functionaliteit in gedachten. Dankzij de uitzonderlijk smalle aluminium profielen die van buitenaf zichtbaar zijn, maakt het de constructie mogelijk van constructies met een moderne, minimalistische uitstraling en uitstekende isolatieparameters.<\/p>\n<p>&nbsp;<\/p>\n<h4>Moderne afwerkingsmogelijkheden<\/h4>\n<p>&nbsp;<\/p>\n<p>MB-Slimline maakt de constructie van raamvleugels in twee varianten mogelijk:<\/p>\n<ul>\n<li><strong>Met zichtbare profielen<\/strong>, die de minimalistische bouwstijl benadrukken.<\/li>\n<li><strong>Met onzichtbare profielen (SG)<\/strong>, waar vaste en open velden er vrijwel identiek uitzien, waardoor een samenhangend, esthetisch effect ontstaat.<\/li>\n<\/ul>\n<p>Deze opties maken het systeem ideaal voor zowel moderne gebouwen als projecten waarbij oude stalen ramen moeten worden vervangen zonder dat de visuele consistentie verloren gaat.<\/p>\n<p>&nbsp;<\/p>\n<h4>Een perfecte vervanging voor stalen ramen<\/h4>\n<p>&nbsp;<\/p>\n<p>MB-Slimline is een geweldig alternatief voor verouderde stalen ramen, omdat het een veel betere thermische isolatie biedt en tegelijkertijd een vergelijkbaar uiterlijk van buitenaf behoudt. Dit is een oplossing die bovenal moderniteit combineert met het behoud van het karakter van de gebouwen.<\/p>\n<p>&nbsp;<\/p>\n<h4>De belangrijkste voordelen van het systeem:<\/h4>\n<p>&nbsp;<\/p>\n<ul>\n<li><strong>Minimalistische uitstraling<\/strong> dankzij de zeer kleine breedte van zichtbare profielen.<\/li>\n<li><strong>Ontwerpflexibiliteit<\/strong> \u2013 twee varianten raamvleugels.<\/li>\n<li><strong>Verbetering van de thermische isolatie<\/strong>, waardoor de verwarmingskosten aanzienlijk worden verlaagd.<\/li>\n<li><strong>Veelzijdigheid<\/strong> \u2013 ideaal voor zowel moderne projecten als renovatie van oude gebouwen.<\/li>\n<li><strong>Visuele consistentie<\/strong> tussen vaste en open velden, vooral bij gebruik van onzichtbare profielen.<\/li>\n<\/ul>\n<p>&nbsp;<\/p>\n<h4>MB-Slimline \u2013 Stijl en functionaliteit in \u00e9\u00e9n<\/h4>\n<p>&nbsp;<\/p>\n<p>Door te kiezen voor het MB-Slimline-systeem krijgt u niet alleen een esthetische en moderne uitstraling van de ramen, maar ook uitstekende isolatieparameters. Daarom is het een ideale oplossing voor mensen die waarde hechten aan minimalistisch design en een hoge energie-effici\u00ebntie.<\/p>\n<p>&nbsp;<\/p>\n<p><img fetchpriority=\"high\" decoding=\"async\" class=\"alignnone wp-image-864 size-full\" src=\"https:\/\/bertrand.pl\/wp-content\/uploads\/2023\/12\/mb_slimline_photo1.jpg\" alt=\"\" width=\"649\" height=\"500\" srcset=\"https:\/\/bertrand.pl\/wp-content\/uploads\/2023\/12\/mb_slimline_photo1.jpg 649w, https:\/\/bertrand.pl\/wp-content\/uploads\/2023\/12\/mb_slimline_photo1-420x324.jpg 420w, https:\/\/bertrand.pl\/wp-content\/uploads\/2023\/12\/mb_slimline_photo1-600x462.jpg 600w\" sizes=\"(max-width: 649px) 100vw, 649px\" \/><\/p>\n<figure id=\"attachment_865\" aria-describedby=\"caption-attachment-865\" style=\"width: 200px\" class=\"wp-caption alignnone\"><img decoding=\"async\" class=\"wp-image-865 size-full\" src=\"https:\/\/bertrand.pl\/wp-content\/uploads\/2023\/12\/przekroj1-1.jpg\" alt=\"\" width=\"200\" height=\"200\" srcset=\"https:\/\/bertrand.pl\/wp-content\/uploads\/2023\/12\/przekroj1-1.jpg 200w, https:\/\/bertrand.pl\/wp-content\/uploads\/2023\/12\/przekroj1-1-100x100.jpg 100w\" sizes=\"(max-width: 200px) 100vw, 200px\" \/><figcaption id=\"caption-attachment-865\" class=\"wp-caption-text\">dwarsdoorsnede door een opengaand raam<\/figcaption><\/figure>\n<figure id=\"attachment_866\" aria-describedby=\"caption-attachment-866\" style=\"width: 200px\" class=\"wp-caption alignnone\"><img decoding=\"async\" class=\"wp-image-866 size-full\" src=\"https:\/\/bertrand.pl\/wp-content\/uploads\/2023\/12\/przekroj2.jpg\" alt=\"\" width=\"200\" height=\"200\" srcset=\"https:\/\/bertrand.pl\/wp-content\/uploads\/2023\/12\/przekroj2.jpg 200w, https:\/\/bertrand.pl\/wp-content\/uploads\/2023\/12\/przekroj2-100x100.jpg 100w\" sizes=\"(max-width: 200px) 100vw, 200px\" \/><figcaption id=\"caption-attachment-866\" class=\"wp-caption-text\">dwarsdoorsnede door een vast raam<\/figcaption><\/figure>\n<figure id=\"attachment_867\" aria-describedby=\"caption-attachment-867\" style=\"width: 200px\" class=\"wp-caption alignnone\"><img loading=\"lazy\" decoding=\"async\" class=\"wp-image-867 size-full\" src=\"https:\/\/bertrand.pl\/wp-content\/uploads\/2023\/12\/przekroj3.jpg\" alt=\"\" width=\"200\" height=\"200\" srcset=\"https:\/\/bertrand.pl\/wp-content\/uploads\/2023\/12\/przekroj3.jpg 200w, https:\/\/bertrand.pl\/wp-content\/uploads\/2023\/12\/przekroj3-100x100.jpg 100w\" sizes=\"(max-width: 200px) 100vw, 200px\" \/><figcaption id=\"caption-attachment-867\" class=\"wp-caption-text\">dwarsdoorsnede door een open en vast raam<\/figcaption><\/figure>\n<figure id=\"attachment_868\" aria-describedby=\"caption-attachment-868\" style=\"width: 200px\" class=\"wp-caption alignnone\"><img loading=\"lazy\" decoding=\"async\" class=\"wp-image-868 size-full\" src=\"https:\/\/bertrand.pl\/wp-content\/uploads\/2023\/12\/przekroj4.jpg\" alt=\"\" width=\"200\" height=\"200\" srcset=\"https:\/\/bertrand.pl\/wp-content\/uploads\/2023\/12\/przekroj4.jpg 200w, https:\/\/bertrand.pl\/wp-content\/uploads\/2023\/12\/przekroj4-100x100.jpg 100w\" sizes=\"(max-width: 200px) 100vw, 200px\" \/><figcaption id=\"caption-attachment-868\" class=\"wp-caption-text\">dwarsdoorsnede door een open en vast raam<\/figcaption><\/figure>\n<p>&nbsp;<\/p>\n<h4><strong><a href=\"https:\/\/bertrand.pl\/nl\/kleur\/\">Kleuren van ramen en deuren<\/a><\/strong><\/h4>","protected":false},"excerpt":{"rendered":"<p><strong>MODERN ALUMINIUM SYSTEEM MET SMALLE PROFIELEN<\/strong><\/p>\n<p>Met het raamsysteem MB-Slimline met thermische onderbreking en hoge thermische isolatie worden diverse typen naar binnen draaiende ramen (draai-, kiep-, draai-kiep-) en vaste ramen vervaardigd, die zich naast een uitstekende thermische isolatie kenmerken , ook zeer goede akoestische isolatie, waterdichtheid en lucht- en hoge structurele sterkte.<\/p>","protected":false},"featured_media":862,"template":"","meta":{"site-sidebar-layout":"default","site-content-layout":"","ast-site-content-layout":"default","site-content-style":"default","site-sidebar-style":"default","ast-global-header-display":"","ast-banner-title-visibility":"","ast-main-header-display":"","ast-hfb-above-header-display":"","ast-hfb-below-header-display":"","ast-hfb-mobile-header-display":"","site-post-title":"","ast-breadcrumbs-content":"","ast-featured-img":"","footer-sml-layout":"","ast-disable-related-posts":"","theme-transparent-header-meta":"default","adv-header-id-meta":"","stick-header-meta":"","header-above-stick-meta":"","header-main-stick-meta":"","header-below-stick-meta":"","astra-migrate-meta-layouts":"set","ast-page-background-enabled":"default","ast-page-background-meta":{"desktop":{"background-color":"var(--ast-global-color-4)","background-image":"","background-repeat":"repeat","background-position":"center center","background-size":"auto","background-attachment":"scroll","background-type":"","background-media":"","overlay-type":"","overlay-color":"","overlay-opacity":"","overlay-gradient":""},"tablet":{"background-color":"","background-image":"","background-repeat":"repeat","background-position":"center center","background-size":"auto","background-attachment":"scroll","background-type":"","background-media":"","overlay-type":"","overlay-color":"","overlay-opacity":"","overlay-gradient":""},"mobile":{"background-color":"","background-image":"","background-repeat":"repeat","background-position":"center center","background-size":"auto","background-attachment":"scroll","background-type":"","background-media":"","overlay-type":"","overlay-color":"","overlay-opacity":"","overlay-gradient":""}},"ast-content-background-meta":{"desktop":{"background-color":"var(--ast-global-color-5)","background-image":"","background-repeat":"repeat","background-position":"center center","background-size":"auto","background-attachment":"scroll","background-type":"","background-media":"","overlay-type":"","overlay-color":"","overlay-opacity":"","overlay-gradient":""},"tablet":{"background-color":"var(--ast-global-color-5)","background-image":"","background-repeat":"repeat","background-position":"center center","background-size":"auto","background-attachment":"scroll","background-type":"","background-media":"","overlay-type":"","overlay-color":"","overlay-opacity":"","overlay-gradient":""},"mobile":{"background-color":"var(--ast-global-color-5)","background-image":"","background-repeat":"repeat","background-position":"center center","background-size":"auto","background-attachment":"scroll","background-type":"","background-media":"","overlay-type":"","overlay-color":"","overlay-opacity":"","overlay-gradient":""}}},"product_brand":[],"product_cat":[28],"product_tag":[193,349,168,360,326,367,368,432,339,311,352,414,195,344,346,407,389,361,366,397,174,194,323,350,363,315,324,351,359,169,314,362,457,348],"class_list":{"0":"post-861","1":"product","2":"type-product","3":"status-publish","4":"has-post-thumbnail","6":"product_cat-okna-aluminiowe","7":"product_tag-aluminium","8":"product_tag-aluprof","9":"product_tag-bertrand","10":"product_tag-bezpieczenstwo","11":"product_tag-budowa-domu","12":"product_tag-budownictwo","13":"product_tag-budownictwo-pasywne","14":"product_tag-certyfikaty","15":"product_tag-design","16":"product_tag-dobre-wlasciwosci-termiczne","17":"product_tag-dobreokna","18":"product_tag-doskonala-izolacja-termiczna","19":"product_tag-drzwi-aluminiowe","20":"product_tag-duze-okna","21":"product_tag-duze-przestrzenie","22":"product_tag-duzo-swiatla","23":"product_tag-izolacja-akustyczna","24":"product_tag-jakosc","25":"product_tag-komfort","26":"product_tag-light","27":"product_tag-okna","28":"product_tag-okna-aluminiowe","29":"product_tag-okna-z-polski","30":"product_tag-oknabertrand","31":"product_tag-oknazpolski","32":"product_tag-okno-aluminiowe","33":"product_tag-okno-dla-domu","34":"product_tag-oknobertrand","35":"product_tag-premiumwindows","36":"product_tag-produkt","37":"product_tag-profil-okienny","38":"product_tag-quality","39":"product_tag-slimline","40":"product_tag-windows","41":"desktop-align-left","42":"tablet-align-left","43":"mobile-align-left","45":"first","46":"instock","47":"shipping-taxable","48":"product-type-simple"},"yoast_head":"<!-- This site is optimized with the Yoast SEO Premium plugin v27.2 (Yoast SEO v27.2) - https:\/\/yoast.com\/product\/yoast-seo-premium-wordpress\/ -->\n<title>MB SLIMLINE - Bertrand. Najwy\u017cszej jako\u015bci okna i drzwi. Certyfikowany producent od 1969 roku.<\/title>\n<meta name=\"description\" content=\"MB-Slimline \u2013 minimalistyczne okna z w\u0105skimi profilami. Estetyka, doskona\u0142a izolacja termiczna, uniwersalno\u015b\u0107 i idealna alternatywa dla okien stalowych.\" \/>\n<meta name=\"robots\" content=\"index, follow, max-snippet:-1, max-image-preview:large, max-video-preview:-1\" \/>\n<link rel=\"canonical\" href=\"https:\/\/bertrand.pl\/nl\/product-2\/mb-slimline\/\" \/>\n<meta property=\"og:locale\" content=\"nl_NL\" \/>\n<meta property=\"og:type\" content=\"article\" \/>\n<meta property=\"og:title\" content=\"MB SLIMLINE\" \/>\n<meta property=\"og:description\" content=\"MB-Slimline \u2013 minimalistyczne okna z w\u0105skimi profilami. Estetyka, doskona\u0142a izolacja termiczna, uniwersalno\u015b\u0107 i idealna alternatywa dla okien stalowych.\" \/>\n<meta property=\"og:url\" content=\"https:\/\/bertrand.pl\/nl\/product-2\/mb-slimline\/\" \/>\n<meta property=\"og:site_name\" content=\"Bertrand. Najwy\u017cszej jako\u015bci okna i drzwi. Certyfikowany producent od 1969 roku.\" \/>\n<meta property=\"article:publisher\" content=\"https:\/\/www.facebook.com\/bertrandpolska\/\" \/>\n<meta property=\"article:modified_time\" content=\"2025-08-06T11:17:51+00:00\" \/>\n<meta property=\"og:image\" content=\"https:\/\/bertrand.pl\/wp-content\/uploads\/2023\/12\/mb_slimline_big.webp\" \/>\n\t<meta property=\"og:image:width\" content=\"750\" \/>\n\t<meta property=\"og:image:height\" content=\"750\" \/>\n\t<meta property=\"og:image:type\" content=\"image\/webp\" \/>\n<meta name=\"twitter:card\" content=\"summary_large_image\" \/>\n<meta name=\"twitter:label1\" content=\"Geschatte leestijd\" \/>\n\t<meta name=\"twitter:data1\" content=\"3 minuten\" \/>\n<script type=\"application\/ld+json\" class=\"yoast-schema-graph\">{\"@context\":\"https:\/\/schema.org\",\"@graph\":[{\"@type\":\"WebPage\",\"@id\":\"https:\/\/bertrand.pl\/produkt\/mb-slimline\/\",\"url\":\"https:\/\/bertrand.pl\/produkt\/mb-slimline\/\",\"name\":\"MB SLIMLINE - Bertrand. Najwy\u017cszej jako\u015bci okna i drzwi. Certyfikowany producent od 1969 roku.\",\"isPartOf\":{\"@id\":\"https:\/\/bertrand.pl\/#website\"},\"primaryImageOfPage\":{\"@id\":\"https:\/\/bertrand.pl\/produkt\/mb-slimline\/#primaryimage\"},\"image\":{\"@id\":\"https:\/\/bertrand.pl\/produkt\/mb-slimline\/#primaryimage\"},\"thumbnailUrl\":\"https:\/\/bertrand.pl\/wp-content\/uploads\/2023\/12\/mb_slimline_big.webp\",\"datePublished\":\"2023-12-12T12:38:22+00:00\",\"dateModified\":\"2025-08-06T11:17:51+00:00\",\"description\":\"MB-Slimline \u2013 minimalistyczne okna z w\u0105skimi profilami. Estetyka, doskona\u0142a izolacja termiczna, uniwersalno\u015b\u0107 i idealna alternatywa dla okien stalowych.\",\"breadcrumb\":{\"@id\":\"https:\/\/bertrand.pl\/produkt\/mb-slimline\/#breadcrumb\"},\"inLanguage\":\"nl-NL\",\"potentialAction\":[{\"@type\":\"ReadAction\",\"target\":[\"https:\/\/bertrand.pl\/produkt\/mb-slimline\/\"]}]},{\"@type\":\"ImageObject\",\"inLanguage\":\"nl-NL\",\"@id\":\"https:\/\/bertrand.pl\/produkt\/mb-slimline\/#primaryimage\",\"url\":\"https:\/\/bertrand.pl\/wp-content\/uploads\/2023\/12\/mb_slimline_big.webp\",\"contentUrl\":\"https:\/\/bertrand.pl\/wp-content\/uploads\/2023\/12\/mb_slimline_big.webp\",\"width\":750,\"height\":750},{\"@type\":\"BreadcrumbList\",\"@id\":\"https:\/\/bertrand.pl\/produkt\/mb-slimline\/#breadcrumb\",\"itemListElement\":[{\"@type\":\"ListItem\",\"position\":1,\"name\":\"Strona g\u0142\u00f3wna\",\"item\":\"https:\/\/bertrand.pl\/\"},{\"@type\":\"ListItem\",\"position\":2,\"name\":\"Produits\",\"item\":\"https:\/\/bertrand.pl\/fr\/shop\/\"},{\"@type\":\"ListItem\",\"position\":3,\"name\":\"MB SLIMLINE\"}]},{\"@type\":\"WebSite\",\"@id\":\"https:\/\/bertrand.pl\/#website\",\"url\":\"https:\/\/bertrand.pl\/\",\"name\":\"Bertrand.pl\",\"description\":\"Firma Bertrand to certyfikowany i uznany producent najwy\u017cszej jako\u015bci okien z PVC, z drewna lub aluminium. Produkcja drzwi, rolet i bram gara\u017cowych.\",\"publisher\":{\"@id\":\"https:\/\/bertrand.pl\/#organization\"},\"potentialAction\":[{\"@type\":\"SearchAction\",\"target\":{\"@type\":\"EntryPoint\",\"urlTemplate\":\"https:\/\/bertrand.pl\/?s={search_term_string}\"},\"query-input\":{\"@type\":\"PropertyValueSpecification\",\"valueRequired\":true,\"valueName\":\"search_term_string\"}}],\"inLanguage\":\"nl-NL\"},{\"@type\":\"Organization\",\"@id\":\"https:\/\/bertrand.pl\/#organization\",\"name\":\"Bertrand.pl\",\"url\":\"https:\/\/bertrand.pl\/\",\"logo\":{\"@type\":\"ImageObject\",\"inLanguage\":\"nl-NL\",\"@id\":\"https:\/\/bertrand.pl\/#\/schema\/logo\/image\/\",\"url\":\"https:\/\/bertrand.pl\/wp-content\/uploads\/2024\/12\/logo_BB_TM_PL_black.png\",\"contentUrl\":\"https:\/\/bertrand.pl\/wp-content\/uploads\/2024\/12\/logo_BB_TM_PL_black.png\",\"width\":1831,\"height\":1831,\"caption\":\"Bertrand.pl\"},\"image\":{\"@id\":\"https:\/\/bertrand.pl\/#\/schema\/logo\/image\/\"},\"sameAs\":[\"https:\/\/www.facebook.com\/bertrandpolska\/\",\"https:\/\/www.instagram.com\/bertrand_okna_i_drzwi\/\",\"https:\/\/www.linkedin.com\/company\/bertrand\/\",\"https:\/\/www.tiktok.com\/@bertrand_okna_drzwi\"]}]}<\/script>\n<!-- \/ Yoast SEO Premium plugin. -->","yoast_head_json":{"title":"MB SLIMLINE - Bertrand. Najwy\u017cszej jako\u015bci okna i drzwi. Certyfikowany producent od 1969 roku.","description":"MB-Slimline \u2013 minimalistische ramen met smalle profielen. Esthetiek, uitstekende thermische isolatie, universaliteit en een ideaal alternatief voor stalen ramen.","robots":{"index":"index","follow":"follow","max-snippet":"max-snippet:-1","max-image-preview":"max-image-preview:large","max-video-preview":"max-video-preview:-1"},"canonical":"https:\/\/bertrand.pl\/nl\/product-2\/mb-slimline\/","og_locale":"nl_NL","og_type":"article","og_title":"MB SLIMLINE","og_description":"MB-Slimline \u2013 minimalistyczne okna z w\u0105skimi profilami. Estetyka, doskona\u0142a izolacja termiczna, uniwersalno\u015b\u0107 i idealna alternatywa dla okien stalowych.","og_url":"https:\/\/bertrand.pl\/nl\/product-2\/mb-slimline\/","og_site_name":"Bertrand. Najwy\u017cszej jako\u015bci okna i drzwi. Certyfikowany producent od 1969 roku.","article_publisher":"https:\/\/www.facebook.com\/bertrandpolska\/","article_modified_time":"2025-08-06T11:17:51+00:00","og_image":[{"width":750,"height":750,"url":"https:\/\/bertrand.pl\/wp-content\/uploads\/2023\/12\/mb_slimline_big.webp","type":"image\/webp"}],"twitter_card":"summary_large_image","twitter_misc":{"Geschatte leestijd":"3 minuten"},"schema":{"@context":"https:\/\/schema.org","@graph":[{"@type":"WebPage","@id":"https:\/\/bertrand.pl\/produkt\/mb-slimline\/","url":"https:\/\/bertrand.pl\/produkt\/mb-slimline\/","name":"MB SLIMLINE - Bertrand. Najwy\u017cszej jako\u015bci okna i drzwi. Certyfikowany producent od 1969 roku.","isPartOf":{"@id":"https:\/\/bertrand.pl\/#website"},"primaryImageOfPage":{"@id":"https:\/\/bertrand.pl\/produkt\/mb-slimline\/#primaryimage"},"image":{"@id":"https:\/\/bertrand.pl\/produkt\/mb-slimline\/#primaryimage"},"thumbnailUrl":"https:\/\/bertrand.pl\/wp-content\/uploads\/2023\/12\/mb_slimline_big.webp","datePublished":"2023-12-12T12:38:22+00:00","dateModified":"2025-08-06T11:17:51+00:00","description":"MB-Slimline \u2013 minimalistische ramen met smalle profielen. Esthetiek, uitstekende thermische isolatie, universaliteit en een ideaal alternatief voor stalen ramen.","breadcrumb":{"@id":"https:\/\/bertrand.pl\/produkt\/mb-slimline\/#breadcrumb"},"inLanguage":"nl-NL","potentialAction":[{"@type":"ReadAction","target":["https:\/\/bertrand.pl\/produkt\/mb-slimline\/"]}]},{"@type":"ImageObject","inLanguage":"nl-NL","@id":"https:\/\/bertrand.pl\/produkt\/mb-slimline\/#primaryimage","url":"https:\/\/bertrand.pl\/wp-content\/uploads\/2023\/12\/mb_slimline_big.webp","contentUrl":"https:\/\/bertrand.pl\/wp-content\/uploads\/2023\/12\/mb_slimline_big.webp","width":750,"height":750},{"@type":"BreadcrumbList","@id":"https:\/\/bertrand.pl\/produkt\/mb-slimline\/#breadcrumb","itemListElement":[{"@type":"ListItem","position":1,"name":"Strona g\u0142\u00f3wna","item":"https:\/\/bertrand.pl\/"},{"@type":"ListItem","position":2,"name":"Produits","item":"https:\/\/bertrand.pl\/fr\/shop\/"},{"@type":"ListItem","position":3,"name":"MB SLIMLINE"}]},{"@type":"WebSite","@id":"https:\/\/bertrand.pl\/#website","url":"https:\/\/bertrand.pl\/","name":"Bertrand.pl","description":"Firma Bertrand to certyfikowany i uznany producent najwy\u017cszej jako\u015bci okien z PVC, z drewna lub aluminium. Produkcja drzwi, rolet i bram gara\u017cowych.","publisher":{"@id":"https:\/\/bertrand.pl\/#organization"},"potentialAction":[{"@type":"SearchAction","target":{"@type":"EntryPoint","urlTemplate":"https:\/\/bertrand.pl\/?s={search_term_string}"},"query-input":{"@type":"PropertyValueSpecification","valueRequired":true,"valueName":"search_term_string"}}],"inLanguage":"nl-NL"},{"@type":"Organization","@id":"https:\/\/bertrand.pl\/#organization","name":"Bertrand.pl","url":"https:\/\/bertrand.pl\/","logo":{"@type":"ImageObject","inLanguage":"nl-NL","@id":"https:\/\/bertrand.pl\/#\/schema\/logo\/image\/","url":"https:\/\/bertrand.pl\/wp-content\/uploads\/2024\/12\/logo_BB_TM_PL_black.png","contentUrl":"https:\/\/bertrand.pl\/wp-content\/uploads\/2024\/12\/logo_BB_TM_PL_black.png","width":1831,"height":1831,"caption":"Bertrand.pl"},"image":{"@id":"https:\/\/bertrand.pl\/#\/schema\/logo\/image\/"},"sameAs":["https:\/\/www.facebook.com\/bertrandpolska\/","https:\/\/www.instagram.com\/bertrand_okna_i_drzwi\/","https:\/\/www.linkedin.com\/company\/bertrand\/","https:\/\/www.tiktok.com\/@bertrand_okna_drzwi"]}]}},"_links":{"self":[{"href":"https:\/\/bertrand.pl\/nl\/wp-json\/wp\/v2\/product\/861","targetHints":{"allow":["GET"]}}],"collection":[{"href":"https:\/\/bertrand.pl\/nl\/wp-json\/wp\/v2\/product"}],"about":[{"href":"https:\/\/bertrand.pl\/nl\/wp-json\/wp\/v2\/types\/product"}],"wp:featuredmedia":[{"embeddable":true,"href":"https:\/\/bertrand.pl\/nl\/wp-json\/wp\/v2\/media\/862"}],"wp:attachment":[{"href":"https:\/\/bertrand.pl\/nl\/wp-json\/wp\/v2\/media?parent=861"}],"wp:term":[{"taxonomy":"product_brand","embeddable":true,"href":"https:\/\/bertrand.pl\/nl\/wp-json\/wp\/v2\/product_brand?post=861"},{"taxonomy":"product_cat","embeddable":true,"href":"https:\/\/bertrand.pl\/nl\/wp-json\/wp\/v2\/product_cat?post=861"},{"taxonomy":"product_tag","embeddable":true,"href":"https:\/\/bertrand.pl\/nl\/wp-json\/wp\/v2\/product_tag?post=861"}],"curies":[{"name":"wp","href":"https:\/\/api.w.org\/{rel}","templated":true}]}}