{"id":886,"date":"2023-12-12T14:07:20","date_gmt":"2023-12-12T13:07:20","guid":{"rendered":"https:\/\/bertrand.pl\/?post_type=product&#038;p=886"},"modified":"2025-08-06T12:24:56","modified_gmt":"2025-08-06T10:24:56","slug":"mb-ferroline","status":"publish","type":"product","link":"https:\/\/bertrand.pl\/nl\/produkt\/mb-ferroline\/","title":{"rendered":"MB FERROLINE"},"content":{"rendered":"<p>Het MB FERROLINE-systeem is bovenal een veelzijdige oplossing die de constructie van verschillende soorten ramen mogelijk maakt. Dankzij geavanceerde technologie en ontwerpflexibiliteit wordt MB FERROLINE gebruikt in zowel historische gebouwen als moderne projecten.<\/p>\n<p>&nbsp;<\/p>\n<h4>Diverse raamtypes<\/h4>\n<p>&nbsp;<\/p>\n<p>Het systeem maakt de productie mogelijk van:<\/p>\n<ul>\n<li><strong>Ramen die naar binnen openen<\/strong>: draai-en-draai, kantel-en-draai en kantel-en-draai.<\/li>\n<li><strong>Ramen die naar buiten opengaan<\/strong>: scharnierend en kantelbaar.<\/li>\n<li><strong>Vaste ramen<\/strong>, die een ideale oplossing zijn voor ruimtes die maximale dichtheid vereisen.<\/li>\n<\/ul>\n<p>Alle constructies gemaakt in dit systeem worden gekenmerkt door uitstekende thermische en akoestische isolatie, evenals water- en luchtdichtheid. Daarom zorgt de hoge duurzaamheid voor jarenlang betrouwbaar gebruik.<\/p>\n<p>&nbsp;<\/p>\n<h4>De perfecte oplossing voor renovatie<\/h4>\n<p>&nbsp;<\/p>\n<p>Het systeem biedt een unieke mogelijkheid om nieuwe ramen te plaatsen zonder de oude kozijnen te hoeven demonteren. Dankzij het gebruik van renovatiekozijnen is het installatieproces snel en gemakkelijk en wordt het risico op beschadiging van de muur rond de ramen geminimaliseerd. Daarom is het vooral belangrijk bij de renovatie van historische gebouwen, waarbij esthetiek en behoud van het oorspronkelijke karakter cruciaal zijn.<\/p>\n<h4>Passend bij de stijl van het gebouw<\/h4>\n<p>&nbsp;<\/p>\n<p>Het systeem biedt een ruim assortiment aluminium profielen in diverse vormen, waardoor u de uitstraling van de ramen perfect kunt afstemmen op het karakter van het gebouw. Hierdoor harmoni\u00ebren de nieuwe ramen harmonieus met de bestaande architectuur, zowel bij historische als moderne gebouwen.<\/p>\n<p>&nbsp;<\/p>\n<h4>Waarom is het de moeite waard om voor MB FERROLINE te kiezen?<\/h4>\n<p>&nbsp;<\/p>\n<ul>\n<li><strong>Veelzijdigheid<\/strong>: diverse soorten ramen afgestemd op individuele wensen.<\/li>\n<li><strong>Gemakkelijke renovatie<\/strong>: renovatiekozijnen waardoor het niet meer nodig is oude ramen te demonteren.<\/li>\n<li><strong>Esthetiek<\/strong>: subtiele verschillen tussen oude en nieuwe ramen dankzij de juiste breedte van de profielen.<\/li>\n<li><strong>Duurzaamheid en functionaliteit<\/strong>: dichtheid, thermische en akoestische isolatie en weerstand tegen weersomstandigheden.<\/li>\n<\/ul>\n<p>&nbsp;<\/p>\n<h4>MB FERROLINE \u2013 Ramen die traditie met moderniteit combineren<\/h4>\n<p>&nbsp;<\/p>\n<p>Door voor MB FERROLINE te kiezen, investeert u in een systeem dat moderne technologie\u00ebn combineert met esthetiek en functionaliteit en dat voldoet aan de hoogste normen op het gebied van isolatie en duurzaamheid.<\/p>\n<p>&nbsp;<\/p>\n<p><img fetchpriority=\"high\" decoding=\"async\" class=\"alignnone wp-image-892 size-full\" src=\"https:\/\/bertrand.pl\/wp-content\/uploads\/2023\/12\/mb_ferroline_photo1.jpg\" alt=\"\" width=\"649\" height=\"500\" srcset=\"https:\/\/bertrand.pl\/wp-content\/uploads\/2023\/12\/mb_ferroline_photo1.jpg 649w, https:\/\/bertrand.pl\/wp-content\/uploads\/2023\/12\/mb_ferroline_photo1-420x324.jpg 420w, https:\/\/bertrand.pl\/wp-content\/uploads\/2023\/12\/mb_ferroline_photo1-600x462.jpg 600w\" sizes=\"(max-width: 649px) 100vw, 649px\" \/><\/p>\n<h3><\/h3>\n<h4>Functionaliteit en esthetiek<\/h4>\n<figure id=\"attachment_895\" aria-describedby=\"caption-attachment-895\" style=\"width: 200px\" class=\"wp-caption alignnone\"><img decoding=\"async\" class=\"wp-image-895 size-full\" src=\"https:\/\/bertrand.pl\/wp-content\/uploads\/2023\/12\/przekroj1-1-1.jpg\" alt=\"\" width=\"200\" height=\"200\" srcset=\"https:\/\/bertrand.pl\/wp-content\/uploads\/2023\/12\/przekroj1-1-1.jpg 200w, https:\/\/bertrand.pl\/wp-content\/uploads\/2023\/12\/przekroj1-1-1-100x100.jpg 100w\" sizes=\"(max-width: 200px) 100vw, 200px\" \/><figcaption id=\"caption-attachment-895\" class=\"wp-caption-text\">Dwarsdoorsnede door een opengaand raam met renovatiekozijn<\/figcaption><\/figure>\n<figure id=\"attachment_896\" aria-describedby=\"caption-attachment-896\" style=\"width: 200px\" class=\"wp-caption alignnone\"><img decoding=\"async\" class=\"wp-image-896 size-full\" src=\"https:\/\/bertrand.pl\/wp-content\/uploads\/2023\/12\/przekroj2-1.jpg\" alt=\"\" width=\"200\" height=\"200\" srcset=\"https:\/\/bertrand.pl\/wp-content\/uploads\/2023\/12\/przekroj2-1.jpg 200w, https:\/\/bertrand.pl\/wp-content\/uploads\/2023\/12\/przekroj2-1-100x100.jpg 100w\" sizes=\"(max-width: 200px) 100vw, 200px\" \/><figcaption id=\"caption-attachment-896\" class=\"wp-caption-text\">Dwarsdoorsnede door een stijl en openslaande ramen<\/figcaption><\/figure>\n<p>&nbsp;<\/p>\n<h4><strong><a href=\"https:\/\/bertrand.pl\/nl\/kleur\/\">Kleuren van ramen en deuren<\/a><\/strong><\/h4>","protected":false},"excerpt":{"rendered":"<p><strong>MODERN ALUMINIUM SYSTEEM MET SMALLE PROFIELEN<\/strong><\/p>\n<p>Het MB-FERROLINE raamsysteem met thermische onderbreking is een oplossing die perfect is voor de renovatie van historische gebouwen, met behoud van het juiste uiterlijk van de ramen, die stalen schrijnwerk kunnen imiteren en tegelijkertijd zeer goede technische parameters van de constructie garanderen.<\/p>\n<p>&nbsp;<\/p>","protected":false},"featured_media":893,"template":"","meta":{"site-sidebar-layout":"default","site-content-layout":"","ast-site-content-layout":"default","site-content-style":"default","site-sidebar-style":"default","ast-global-header-display":"","ast-banner-title-visibility":"","ast-main-header-display":"","ast-hfb-above-header-display":"","ast-hfb-below-header-display":"","ast-hfb-mobile-header-display":"","site-post-title":"","ast-breadcrumbs-content":"","ast-featured-img":"","footer-sml-layout":"","ast-disable-related-posts":"","theme-transparent-header-meta":"default","adv-header-id-meta":"","stick-header-meta":"","header-above-stick-meta":"","header-main-stick-meta":"","header-below-stick-meta":"","astra-migrate-meta-layouts":"set","ast-page-background-enabled":"default","ast-page-background-meta":{"desktop":{"background-color":"var(--ast-global-color-4)","background-image":"","background-repeat":"repeat","background-position":"center center","background-size":"auto","background-attachment":"scroll","background-type":"","background-media":"","overlay-type":"","overlay-color":"","overlay-opacity":"","overlay-gradient":""},"tablet":{"background-color":"","background-image":"","background-repeat":"repeat","background-position":"center center","background-size":"auto","background-attachment":"scroll","background-type":"","background-media":"","overlay-type":"","overlay-color":"","overlay-opacity":"","overlay-gradient":""},"mobile":{"background-color":"","background-image":"","background-repeat":"repeat","background-position":"center center","background-size":"auto","background-attachment":"scroll","background-type":"","background-media":"","overlay-type":"","overlay-color":"","overlay-opacity":"","overlay-gradient":""}},"ast-content-background-meta":{"desktop":{"background-color":"var(--ast-global-color-5)","background-image":"","background-repeat":"repeat","background-position":"center center","background-size":"auto","background-attachment":"scroll","background-type":"","background-media":"","overlay-type":"","overlay-color":"","overlay-opacity":"","overlay-gradient":""},"tablet":{"background-color":"var(--ast-global-color-5)","background-image":"","background-repeat":"repeat","background-position":"center center","background-size":"auto","background-attachment":"scroll","background-type":"","background-media":"","overlay-type":"","overlay-color":"","overlay-opacity":"","overlay-gradient":""},"mobile":{"background-color":"var(--ast-global-color-5)","background-image":"","background-repeat":"repeat","background-position":"center center","background-size":"auto","background-attachment":"scroll","background-type":"","background-media":"","overlay-type":"","overlay-color":"","overlay-opacity":"","overlay-gradient":""}}},"product_brand":[],"product_cat":[28],"product_tag":[193,349,168,360,326,367,368,432,339,311,352,414,195,344,346,456,389,405,361,366,174,194,350,315,324,351,359,169,314,362,348],"class_list":{"0":"post-886","1":"product","2":"type-product","3":"status-publish","4":"has-post-thumbnail","6":"product_cat-okna-aluminiowe","7":"product_tag-aluminium","8":"product_tag-aluprof","9":"product_tag-bertrand","10":"product_tag-bezpieczenstwo","11":"product_tag-budowa-domu","12":"product_tag-budownictwo","13":"product_tag-budownictwo-pasywne","14":"product_tag-certyfikaty","15":"product_tag-design","16":"product_tag-dobre-wlasciwosci-termiczne","17":"product_tag-dobreokna","18":"product_tag-doskonala-izolacja-termiczna","19":"product_tag-drzwi-aluminiowe","20":"product_tag-duze-okna","21":"product_tag-duze-przestrzenie","22":"product_tag-ferroline","23":"product_tag-izolacja-akustyczna","24":"product_tag-izolacja-termiczna","25":"product_tag-jakosc","26":"product_tag-komfort","27":"product_tag-okna","28":"product_tag-okna-aluminiowe","29":"product_tag-oknabertrand","30":"product_tag-okno-aluminiowe","31":"product_tag-okno-dla-domu","32":"product_tag-oknobertrand","33":"product_tag-premiumwindows","34":"product_tag-produkt","35":"product_tag-profil-okienny","36":"product_tag-quality","37":"product_tag-windows","38":"desktop-align-left","39":"tablet-align-left","40":"mobile-align-left","42":"first","43":"instock","44":"shipping-taxable","45":"product-type-simple"},"yoast_head":"<!-- This site is optimized with the Yoast SEO Premium plugin v27.2 (Yoast SEO v27.2) - https:\/\/yoast.com\/product\/yoast-seo-premium-wordpress\/ -->\n<title>MB FERROLINE - Bertrand. Najwy\u017cszej jako\u015bci okna i drzwi. Certyfikowany producent od 1969 roku.<\/title>\n<meta name=\"description\" content=\"System MB FERROLINE \u2013 idealny do renowacji i nowoczesnych projekt\u00f3w. R\u00f3\u017cnorodne typy okien, doskona\u0142a izolacja, trwa\u0142o\u015b\u0107 i \u0142atwy monta\u017c bez demonta\u017cu starych o\u015bcie\u017cnic.\" \/>\n<meta name=\"robots\" content=\"index, follow, max-snippet:-1, max-image-preview:large, max-video-preview:-1\" \/>\n<link rel=\"canonical\" href=\"https:\/\/bertrand.pl\/nl\/product-2\/mb-ferroline\/\" \/>\n<meta property=\"og:locale\" content=\"nl_NL\" \/>\n<meta property=\"og:type\" content=\"article\" \/>\n<meta property=\"og:title\" content=\"MB FERROLINE\" \/>\n<meta property=\"og:description\" content=\"System MB FERROLINE \u2013 idealny do renowacji i nowoczesnych projekt\u00f3w. R\u00f3\u017cnorodne typy okien, doskona\u0142a izolacja, trwa\u0142o\u015b\u0107 i \u0142atwy monta\u017c bez demonta\u017cu starych o\u015bcie\u017cnic.\" \/>\n<meta property=\"og:url\" content=\"https:\/\/bertrand.pl\/nl\/product-2\/mb-ferroline\/\" \/>\n<meta property=\"og:site_name\" content=\"Bertrand. Najwy\u017cszej jako\u015bci okna i drzwi. Certyfikowany producent od 1969 roku.\" \/>\n<meta property=\"article:publisher\" content=\"https:\/\/www.facebook.com\/bertrandpolska\/\" \/>\n<meta property=\"article:modified_time\" content=\"2025-08-06T10:24:56+00:00\" \/>\n<meta property=\"og:image\" content=\"https:\/\/bertrand.pl\/wp-content\/uploads\/2023\/12\/mb_ferroline_big.webp\" \/>\n\t<meta property=\"og:image:width\" content=\"750\" \/>\n\t<meta property=\"og:image:height\" content=\"750\" \/>\n\t<meta property=\"og:image:type\" content=\"image\/webp\" \/>\n<meta name=\"twitter:card\" content=\"summary_large_image\" \/>\n<meta name=\"twitter:label1\" content=\"Geschatte leestijd\" \/>\n\t<meta name=\"twitter:data1\" content=\"3 minuten\" \/>\n<script type=\"application\/ld+json\" class=\"yoast-schema-graph\">{\"@context\":\"https:\/\/schema.org\",\"@graph\":[{\"@type\":\"WebPage\",\"@id\":\"https:\/\/bertrand.pl\/produkt\/mb-ferroline\/\",\"url\":\"https:\/\/bertrand.pl\/produkt\/mb-ferroline\/\",\"name\":\"MB FERROLINE - Bertrand. Najwy\u017cszej jako\u015bci okna i drzwi. Certyfikowany producent od 1969 roku.\",\"isPartOf\":{\"@id\":\"https:\/\/bertrand.pl\/#website\"},\"primaryImageOfPage\":{\"@id\":\"https:\/\/bertrand.pl\/produkt\/mb-ferroline\/#primaryimage\"},\"image\":{\"@id\":\"https:\/\/bertrand.pl\/produkt\/mb-ferroline\/#primaryimage\"},\"thumbnailUrl\":\"https:\/\/bertrand.pl\/wp-content\/uploads\/2023\/12\/mb_ferroline_big.webp\",\"datePublished\":\"2023-12-12T13:07:20+00:00\",\"dateModified\":\"2025-08-06T10:24:56+00:00\",\"description\":\"System MB FERROLINE \u2013 idealny do renowacji i nowoczesnych projekt\u00f3w. R\u00f3\u017cnorodne typy okien, doskona\u0142a izolacja, trwa\u0142o\u015b\u0107 i \u0142atwy monta\u017c bez demonta\u017cu starych o\u015bcie\u017cnic.\",\"breadcrumb\":{\"@id\":\"https:\/\/bertrand.pl\/produkt\/mb-ferroline\/#breadcrumb\"},\"inLanguage\":\"nl-NL\",\"potentialAction\":[{\"@type\":\"ReadAction\",\"target\":[\"https:\/\/bertrand.pl\/produkt\/mb-ferroline\/\"]}]},{\"@type\":\"ImageObject\",\"inLanguage\":\"nl-NL\",\"@id\":\"https:\/\/bertrand.pl\/produkt\/mb-ferroline\/#primaryimage\",\"url\":\"https:\/\/bertrand.pl\/wp-content\/uploads\/2023\/12\/mb_ferroline_big.webp\",\"contentUrl\":\"https:\/\/bertrand.pl\/wp-content\/uploads\/2023\/12\/mb_ferroline_big.webp\",\"width\":750,\"height\":750},{\"@type\":\"BreadcrumbList\",\"@id\":\"https:\/\/bertrand.pl\/produkt\/mb-ferroline\/#breadcrumb\",\"itemListElement\":[{\"@type\":\"ListItem\",\"position\":1,\"name\":\"Strona g\u0142\u00f3wna\",\"item\":\"https:\/\/bertrand.pl\/\"},{\"@type\":\"ListItem\",\"position\":2,\"name\":\"Produits\",\"item\":\"https:\/\/bertrand.pl\/fr\/shop\/\"},{\"@type\":\"ListItem\",\"position\":3,\"name\":\"MB FERROLINE\"}]},{\"@type\":\"WebSite\",\"@id\":\"https:\/\/bertrand.pl\/#website\",\"url\":\"https:\/\/bertrand.pl\/\",\"name\":\"Bertrand.pl\",\"description\":\"Firma Bertrand to certyfikowany i uznany producent najwy\u017cszej jako\u015bci okien z PVC, z drewna lub aluminium. Produkcja drzwi, rolet i bram gara\u017cowych.\",\"publisher\":{\"@id\":\"https:\/\/bertrand.pl\/#organization\"},\"potentialAction\":[{\"@type\":\"SearchAction\",\"target\":{\"@type\":\"EntryPoint\",\"urlTemplate\":\"https:\/\/bertrand.pl\/?s={search_term_string}\"},\"query-input\":{\"@type\":\"PropertyValueSpecification\",\"valueRequired\":true,\"valueName\":\"search_term_string\"}}],\"inLanguage\":\"nl-NL\"},{\"@type\":\"Organization\",\"@id\":\"https:\/\/bertrand.pl\/#organization\",\"name\":\"Bertrand.pl\",\"url\":\"https:\/\/bertrand.pl\/\",\"logo\":{\"@type\":\"ImageObject\",\"inLanguage\":\"nl-NL\",\"@id\":\"https:\/\/bertrand.pl\/#\/schema\/logo\/image\/\",\"url\":\"https:\/\/bertrand.pl\/wp-content\/uploads\/2024\/12\/logo_BB_TM_PL_black.png\",\"contentUrl\":\"https:\/\/bertrand.pl\/wp-content\/uploads\/2024\/12\/logo_BB_TM_PL_black.png\",\"width\":1831,\"height\":1831,\"caption\":\"Bertrand.pl\"},\"image\":{\"@id\":\"https:\/\/bertrand.pl\/#\/schema\/logo\/image\/\"},\"sameAs\":[\"https:\/\/www.facebook.com\/bertrandpolska\/\",\"https:\/\/www.instagram.com\/bertrand_okna_i_drzwi\/\",\"https:\/\/www.linkedin.com\/company\/bertrand\/\",\"https:\/\/www.tiktok.com\/@bertrand_okna_drzwi\"]}]}<\/script>\n<!-- \/ Yoast SEO Premium plugin. -->","yoast_head_json":{"title":"MB FERROLINE - Bertrand. Najwy\u017cszej jako\u015bci okna i drzwi. Certyfikowany producent od 1969 roku.","description":"MB FERROLINE systeem \u2013 ideaal voor renovatie en moderne projecten. Diverse soorten ramen, uitstekende isolatie, duurzaamheid en eenvoudige montage zonder demontage van oude deurkozijnen.","robots":{"index":"index","follow":"follow","max-snippet":"max-snippet:-1","max-image-preview":"max-image-preview:large","max-video-preview":"max-video-preview:-1"},"canonical":"https:\/\/bertrand.pl\/nl\/product-2\/mb-ferroline\/","og_locale":"nl_NL","og_type":"article","og_title":"MB FERROLINE","og_description":"System MB FERROLINE \u2013 idealny do renowacji i nowoczesnych projekt\u00f3w. R\u00f3\u017cnorodne typy okien, doskona\u0142a izolacja, trwa\u0142o\u015b\u0107 i \u0142atwy monta\u017c bez demonta\u017cu starych o\u015bcie\u017cnic.","og_url":"https:\/\/bertrand.pl\/nl\/product-2\/mb-ferroline\/","og_site_name":"Bertrand. Najwy\u017cszej jako\u015bci okna i drzwi. Certyfikowany producent od 1969 roku.","article_publisher":"https:\/\/www.facebook.com\/bertrandpolska\/","article_modified_time":"2025-08-06T10:24:56+00:00","og_image":[{"width":750,"height":750,"url":"https:\/\/bertrand.pl\/wp-content\/uploads\/2023\/12\/mb_ferroline_big.webp","type":"image\/webp"}],"twitter_card":"summary_large_image","twitter_misc":{"Geschatte leestijd":"3 minuten"},"schema":{"@context":"https:\/\/schema.org","@graph":[{"@type":"WebPage","@id":"https:\/\/bertrand.pl\/produkt\/mb-ferroline\/","url":"https:\/\/bertrand.pl\/produkt\/mb-ferroline\/","name":"MB FERROLINE - Bertrand. Najwy\u017cszej jako\u015bci okna i drzwi. Certyfikowany producent od 1969 roku.","isPartOf":{"@id":"https:\/\/bertrand.pl\/#website"},"primaryImageOfPage":{"@id":"https:\/\/bertrand.pl\/produkt\/mb-ferroline\/#primaryimage"},"image":{"@id":"https:\/\/bertrand.pl\/produkt\/mb-ferroline\/#primaryimage"},"thumbnailUrl":"https:\/\/bertrand.pl\/wp-content\/uploads\/2023\/12\/mb_ferroline_big.webp","datePublished":"2023-12-12T13:07:20+00:00","dateModified":"2025-08-06T10:24:56+00:00","description":"MB FERROLINE systeem \u2013 ideaal voor renovatie en moderne projecten. Diverse soorten ramen, uitstekende isolatie, duurzaamheid en eenvoudige montage zonder demontage van oude deurkozijnen.","breadcrumb":{"@id":"https:\/\/bertrand.pl\/produkt\/mb-ferroline\/#breadcrumb"},"inLanguage":"nl-NL","potentialAction":[{"@type":"ReadAction","target":["https:\/\/bertrand.pl\/produkt\/mb-ferroline\/"]}]},{"@type":"ImageObject","inLanguage":"nl-NL","@id":"https:\/\/bertrand.pl\/produkt\/mb-ferroline\/#primaryimage","url":"https:\/\/bertrand.pl\/wp-content\/uploads\/2023\/12\/mb_ferroline_big.webp","contentUrl":"https:\/\/bertrand.pl\/wp-content\/uploads\/2023\/12\/mb_ferroline_big.webp","width":750,"height":750},{"@type":"BreadcrumbList","@id":"https:\/\/bertrand.pl\/produkt\/mb-ferroline\/#breadcrumb","itemListElement":[{"@type":"ListItem","position":1,"name":"Strona g\u0142\u00f3wna","item":"https:\/\/bertrand.pl\/"},{"@type":"ListItem","position":2,"name":"Produits","item":"https:\/\/bertrand.pl\/fr\/shop\/"},{"@type":"ListItem","position":3,"name":"MB FERROLINE"}]},{"@type":"WebSite","@id":"https:\/\/bertrand.pl\/#website","url":"https:\/\/bertrand.pl\/","name":"Bertrand.pl","description":"Firma Bertrand to certyfikowany i uznany producent najwy\u017cszej jako\u015bci okien z PVC, z drewna lub aluminium. Produkcja drzwi, rolet i bram gara\u017cowych.","publisher":{"@id":"https:\/\/bertrand.pl\/#organization"},"potentialAction":[{"@type":"SearchAction","target":{"@type":"EntryPoint","urlTemplate":"https:\/\/bertrand.pl\/?s={search_term_string}"},"query-input":{"@type":"PropertyValueSpecification","valueRequired":true,"valueName":"search_term_string"}}],"inLanguage":"nl-NL"},{"@type":"Organization","@id":"https:\/\/bertrand.pl\/#organization","name":"Bertrand.pl","url":"https:\/\/bertrand.pl\/","logo":{"@type":"ImageObject","inLanguage":"nl-NL","@id":"https:\/\/bertrand.pl\/#\/schema\/logo\/image\/","url":"https:\/\/bertrand.pl\/wp-content\/uploads\/2024\/12\/logo_BB_TM_PL_black.png","contentUrl":"https:\/\/bertrand.pl\/wp-content\/uploads\/2024\/12\/logo_BB_TM_PL_black.png","width":1831,"height":1831,"caption":"Bertrand.pl"},"image":{"@id":"https:\/\/bertrand.pl\/#\/schema\/logo\/image\/"},"sameAs":["https:\/\/www.facebook.com\/bertrandpolska\/","https:\/\/www.instagram.com\/bertrand_okna_i_drzwi\/","https:\/\/www.linkedin.com\/company\/bertrand\/","https:\/\/www.tiktok.com\/@bertrand_okna_drzwi"]}]}},"_links":{"self":[{"href":"https:\/\/bertrand.pl\/nl\/wp-json\/wp\/v2\/product\/886","targetHints":{"allow":["GET"]}}],"collection":[{"href":"https:\/\/bertrand.pl\/nl\/wp-json\/wp\/v2\/product"}],"about":[{"href":"https:\/\/bertrand.pl\/nl\/wp-json\/wp\/v2\/types\/product"}],"wp:featuredmedia":[{"embeddable":true,"href":"https:\/\/bertrand.pl\/nl\/wp-json\/wp\/v2\/media\/893"}],"wp:attachment":[{"href":"https:\/\/bertrand.pl\/nl\/wp-json\/wp\/v2\/media?parent=886"}],"wp:term":[{"taxonomy":"product_brand","embeddable":true,"href":"https:\/\/bertrand.pl\/nl\/wp-json\/wp\/v2\/product_brand?post=886"},{"taxonomy":"product_cat","embeddable":true,"href":"https:\/\/bertrand.pl\/nl\/wp-json\/wp\/v2\/product_cat?post=886"},{"taxonomy":"product_tag","embeddable":true,"href":"https:\/\/bertrand.pl\/nl\/wp-json\/wp\/v2\/product_tag?post=886"}],"curies":[{"name":"wp","href":"https:\/\/api.w.org\/{rel}","templated":true}]}}