{"id":897,"date":"2023-12-12T14:15:29","date_gmt":"2023-12-12T13:15:29","guid":{"rendered":"https:\/\/bertrand.pl\/?post_type=product&#038;p=897"},"modified":"2025-08-06T12:19:45","modified_gmt":"2025-08-06T10:19:45","slug":"mb-104","status":"publish","type":"product","link":"https:\/\/bertrand.pl\/nl\/produkt\/mb-104\/","title":{"rendered":"MB104"},"content":{"rendered":"<p>Systeem <strong>MB-104 Passief<\/strong> is een geavanceerde oplossing gericht op het cre\u00ebren van externe architectonische elementen. Het wordt gebruikt bij de productie van verschillende soorten ramen, vestibules, vitrines en ruimtelijke structuren, terwijl het een onge\u00ebvenaarde energie-effici\u00ebntie en uitzonderlijke duurzaamheid biedt.<\/p>\n<p>&nbsp;<\/p>\n<h4>Uitzonderlijke isolatieparameters<\/h4>\n<p>&nbsp;<\/p>\n<p>Het systeem kenmerkt zich door een uitstekende thermische en akoestische isolatie. Dankzij dit voldoen de constructies gemaakt in dit systeem aan de hoogste energie-effici\u00ebntienormen, wat bijdraagt aan lagere verwarmingskosten. Water- en luchtdichtheid bieden bescherming tegen ongunstige weersomstandigheden, waardoor dit systeem een ideale keuze is voor passief en energiezuinig bouwen.<\/p>\n<p>&nbsp;<\/p>\n<h4>Twee varianten afgestemd op uw behoeften<\/h4>\n<p>&nbsp;<\/p>\n<p>Het ontwerp van MB-104 passieve secties is verkrijgbaar in twee varianten:<\/p>\n<ul>\n<li><strong>SI (Super ge\u00efsoleerd)<\/strong> \u2013 voor veeleisende isolatienormen.<\/li>\n<li><strong>AERO<\/strong> \u2013 voor de strengste eisen op het gebied van energie-effici\u00ebntie.<\/li>\n<\/ul>\n<p>Beide opties garanderen parameters die de strengst geldende normen en regelgeving overschrijden, wat dit systeem tot een investering in de toekomst maakt.<\/p>\n<p>&nbsp;<\/p>\n<h4>Veelzijdigheid en duurzaamheid<\/h4>\n<p>&nbsp;<\/p>\n<p>Het MB-104 Passief systeem beschermt niet alleen tegen warmteverlies, maar zorgt ook voor een hoge duurzaamheid van de constructie. Het is perfect voor grote projecten, zoals etalages of ruimtelijke architectonische elementen. Het is een oplossing die functionaliteit combineert met esthetiek en tegelijkertijd duurzaamheid en betrouwbaarheid garandeert.<\/p>\n<p>&nbsp;<\/p>\n<h4>Kies MB-104 Passief<\/h4>\n<p>&nbsp;<\/p>\n<p>Door voor dit systeem te kiezen investeert u in innovatie, energiebesparing en duurzaamheid. Dit is een systeem dat is ontwikkeld met de constructie van de toekomst in gedachten en dat thermisch, akoestisch en esthetisch comfort garandeert.<\/p>\n<p>&nbsp;<\/p>\n<p><img fetchpriority=\"high\" decoding=\"async\" class=\"alignnone wp-image-902 size-full\" src=\"https:\/\/bertrand.pl\/wp-content\/uploads\/2023\/12\/mb_104_photo1.jpg\" alt=\"\" width=\"649\" height=\"500\" srcset=\"https:\/\/bertrand.pl\/wp-content\/uploads\/2023\/12\/mb_104_photo1.jpg 649w, https:\/\/bertrand.pl\/wp-content\/uploads\/2023\/12\/mb_104_photo1-420x324.jpg 420w, https:\/\/bertrand.pl\/wp-content\/uploads\/2023\/12\/mb_104_photo1-600x462.jpg 600w\" sizes=\"(max-width: 649px) 100vw, 649px\" \/><\/p>\n<p>&nbsp;<\/p>\n<h4><strong><a href=\"https:\/\/bertrand.pl\/nl\/kleur\/\">Kleuren van ramen en deuren<\/a><\/strong><\/h4>\n<div id=\"sppb-addon-wrapper-1492161406803\" class=\"sppb-addon-wrapper\">\n<div id=\"sppb-addon-1492161406803\" class=\"clearfix\">\n<div class=\"sppb-addon sppb-addon-text-block sppb-text-center\">\n<div class=\"sppb-addon-content\"><\/div>\n<\/div>\n<\/div>\n<\/div>\n<div id=\"sppb-addon-wrapper-1492161406849\" class=\"sppb-addon-wrapper\">\n<div id=\"sppb-addon-1492161406849\" class=\"clearfix\"><\/div>\n<\/div>","protected":false},"excerpt":{"rendered":"<p><strong>MODERN ALUMINIUMSYSTEEM VOOR ENERGIEBESPARENDE BOUW<\/strong><\/p>\n<p>Het MB-104 Passief raamsysteem met thermische onderbreking, met de hoogste thermische isolatie, voldoet aan alle eisen voor elementen die in passiefbouw worden gebruikt.<\/p>","protected":false},"featured_media":909,"template":"","meta":{"site-sidebar-layout":"default","site-content-layout":"","ast-site-content-layout":"default","site-content-style":"default","site-sidebar-style":"default","ast-global-header-display":"","ast-banner-title-visibility":"","ast-main-header-display":"","ast-hfb-above-header-display":"","ast-hfb-below-header-display":"","ast-hfb-mobile-header-display":"","site-post-title":"","ast-breadcrumbs-content":"","ast-featured-img":"","footer-sml-layout":"","ast-disable-related-posts":"","theme-transparent-header-meta":"default","adv-header-id-meta":"","stick-header-meta":"","header-above-stick-meta":"","header-main-stick-meta":"","header-below-stick-meta":"","astra-migrate-meta-layouts":"set","ast-page-background-enabled":"default","ast-page-background-meta":{"desktop":{"background-color":"var(--ast-global-color-4)","background-image":"","background-repeat":"repeat","background-position":"center center","background-size":"auto","background-attachment":"scroll","background-type":"","background-media":"","overlay-type":"","overlay-color":"","overlay-opacity":"","overlay-gradient":""},"tablet":{"background-color":"","background-image":"","background-repeat":"repeat","background-position":"center center","background-size":"auto","background-attachment":"scroll","background-type":"","background-media":"","overlay-type":"","overlay-color":"","overlay-opacity":"","overlay-gradient":""},"mobile":{"background-color":"","background-image":"","background-repeat":"repeat","background-position":"center center","background-size":"auto","background-attachment":"scroll","background-type":"","background-media":"","overlay-type":"","overlay-color":"","overlay-opacity":"","overlay-gradient":""}},"ast-content-background-meta":{"desktop":{"background-color":"var(--ast-global-color-5)","background-image":"","background-repeat":"repeat","background-position":"center center","background-size":"auto","background-attachment":"scroll","background-type":"","background-media":"","overlay-type":"","overlay-color":"","overlay-opacity":"","overlay-gradient":""},"tablet":{"background-color":"var(--ast-global-color-5)","background-image":"","background-repeat":"repeat","background-position":"center center","background-size":"auto","background-attachment":"scroll","background-type":"","background-media":"","overlay-type":"","overlay-color":"","overlay-opacity":"","overlay-gradient":""},"mobile":{"background-color":"var(--ast-global-color-5)","background-image":"","background-repeat":"repeat","background-position":"center center","background-size":"auto","background-attachment":"scroll","background-type":"","background-media":"","overlay-type":"","overlay-color":"","overlay-opacity":"","overlay-gradient":""}}},"product_brand":[],"product_cat":[28],"product_tag":[193,349,168,360,326,367,368,432,339,311,352,414,195,344,346,389,361,366,174,194,350,315,324,351,359,169,314,362,348],"class_list":{"0":"post-897","1":"product","2":"type-product","3":"status-publish","4":"has-post-thumbnail","6":"product_cat-okna-aluminiowe","7":"product_tag-aluminium","8":"product_tag-aluprof","9":"product_tag-bertrand","10":"product_tag-bezpieczenstwo","11":"product_tag-budowa-domu","12":"product_tag-budownictwo","13":"product_tag-budownictwo-pasywne","14":"product_tag-certyfikaty","15":"product_tag-design","16":"product_tag-dobre-wlasciwosci-termiczne","17":"product_tag-dobreokna","18":"product_tag-doskonala-izolacja-termiczna","19":"product_tag-drzwi-aluminiowe","20":"product_tag-duze-okna","21":"product_tag-duze-przestrzenie","22":"product_tag-izolacja-akustyczna","23":"product_tag-jakosc","24":"product_tag-komfort","25":"product_tag-okna","26":"product_tag-okna-aluminiowe","27":"product_tag-oknabertrand","28":"product_tag-okno-aluminiowe","29":"product_tag-okno-dla-domu","30":"product_tag-oknobertrand","31":"product_tag-premiumwindows","32":"product_tag-produkt","33":"product_tag-profil-okienny","34":"product_tag-quality","35":"product_tag-windows","36":"desktop-align-left","37":"tablet-align-left","38":"mobile-align-left","40":"first","41":"instock","42":"shipping-taxable","43":"product-type-simple"},"yoast_head":"<!-- This site is optimized with the Yoast SEO Premium plugin v27.2 (Yoast SEO v27.2) - https:\/\/yoast.com\/product\/yoast-seo-premium-wordpress\/ -->\n<title>MB 104 - Bertrand. Najwy\u017cszej jako\u015bci okna i drzwi. Certyfikowany producent od 1969 roku.<\/title>\n<meta name=\"description\" content=\"System MB-104 \u2013 energooszcz\u0119dne okna, witryny i konstrukcje. Doskona\u0142a izolacja termiczna i akustyczna, trwa\u0142o\u015b\u0107 i szczelno\u015b\u0107 do budownictwa pasywnego.\" \/>\n<meta name=\"robots\" content=\"index, follow, max-snippet:-1, max-image-preview:large, max-video-preview:-1\" \/>\n<link rel=\"canonical\" href=\"https:\/\/bertrand.pl\/nl\/product-2\/mb-104\/\" \/>\n<meta property=\"og:locale\" content=\"nl_NL\" \/>\n<meta property=\"og:type\" content=\"article\" \/>\n<meta property=\"og:title\" content=\"MB 104\" \/>\n<meta property=\"og:description\" content=\"System MB-104 \u2013 energooszcz\u0119dne okna, witryny i konstrukcje. Doskona\u0142a izolacja termiczna i akustyczna, trwa\u0142o\u015b\u0107 i szczelno\u015b\u0107 do budownictwa pasywnego.\" \/>\n<meta property=\"og:url\" content=\"https:\/\/bertrand.pl\/nl\/product-2\/mb-104\/\" \/>\n<meta property=\"og:site_name\" content=\"Bertrand. Najwy\u017cszej jako\u015bci okna i drzwi. Certyfikowany producent od 1969 roku.\" \/>\n<meta property=\"article:publisher\" content=\"https:\/\/www.facebook.com\/bertrandpolska\/\" \/>\n<meta property=\"article:modified_time\" content=\"2025-08-06T10:19:45+00:00\" \/>\n<meta property=\"og:image\" content=\"https:\/\/bertrand.pl\/wp-content\/uploads\/2023\/12\/mb_104_big.webp\" \/>\n\t<meta property=\"og:image:width\" content=\"750\" \/>\n\t<meta property=\"og:image:height\" content=\"750\" \/>\n\t<meta property=\"og:image:type\" content=\"image\/webp\" \/>\n<meta name=\"twitter:card\" content=\"summary_large_image\" \/>\n<meta name=\"twitter:label1\" content=\"Geschatte leestijd\" \/>\n\t<meta name=\"twitter:data1\" content=\"2 minuten\" \/>\n<script type=\"application\/ld+json\" class=\"yoast-schema-graph\">{\"@context\":\"https:\/\/schema.org\",\"@graph\":[{\"@type\":\"WebPage\",\"@id\":\"https:\/\/bertrand.pl\/produkt\/mb-104\/\",\"url\":\"https:\/\/bertrand.pl\/produkt\/mb-104\/\",\"name\":\"MB 104 - Bertrand. Najwy\u017cszej jako\u015bci okna i drzwi. Certyfikowany producent od 1969 roku.\",\"isPartOf\":{\"@id\":\"https:\/\/bertrand.pl\/#website\"},\"primaryImageOfPage\":{\"@id\":\"https:\/\/bertrand.pl\/produkt\/mb-104\/#primaryimage\"},\"image\":{\"@id\":\"https:\/\/bertrand.pl\/produkt\/mb-104\/#primaryimage\"},\"thumbnailUrl\":\"https:\/\/bertrand.pl\/wp-content\/uploads\/2023\/12\/mb_104_big.webp\",\"datePublished\":\"2023-12-12T13:15:29+00:00\",\"dateModified\":\"2025-08-06T10:19:45+00:00\",\"description\":\"System MB-104 \u2013 energooszcz\u0119dne okna, witryny i konstrukcje. Doskona\u0142a izolacja termiczna i akustyczna, trwa\u0142o\u015b\u0107 i szczelno\u015b\u0107 do budownictwa pasywnego.\",\"breadcrumb\":{\"@id\":\"https:\/\/bertrand.pl\/produkt\/mb-104\/#breadcrumb\"},\"inLanguage\":\"nl-NL\",\"potentialAction\":[{\"@type\":\"ReadAction\",\"target\":[\"https:\/\/bertrand.pl\/produkt\/mb-104\/\"]}]},{\"@type\":\"ImageObject\",\"inLanguage\":\"nl-NL\",\"@id\":\"https:\/\/bertrand.pl\/produkt\/mb-104\/#primaryimage\",\"url\":\"https:\/\/bertrand.pl\/wp-content\/uploads\/2023\/12\/mb_104_big.webp\",\"contentUrl\":\"https:\/\/bertrand.pl\/wp-content\/uploads\/2023\/12\/mb_104_big.webp\",\"width\":750,\"height\":750},{\"@type\":\"BreadcrumbList\",\"@id\":\"https:\/\/bertrand.pl\/produkt\/mb-104\/#breadcrumb\",\"itemListElement\":[{\"@type\":\"ListItem\",\"position\":1,\"name\":\"Strona g\u0142\u00f3wna\",\"item\":\"https:\/\/bertrand.pl\/\"},{\"@type\":\"ListItem\",\"position\":2,\"name\":\"Produits\",\"item\":\"https:\/\/bertrand.pl\/fr\/shop\/\"},{\"@type\":\"ListItem\",\"position\":3,\"name\":\"MB 104\"}]},{\"@type\":\"WebSite\",\"@id\":\"https:\/\/bertrand.pl\/#website\",\"url\":\"https:\/\/bertrand.pl\/\",\"name\":\"Bertrand.pl\",\"description\":\"Firma Bertrand to certyfikowany i uznany producent najwy\u017cszej jako\u015bci okien z PVC, z drewna lub aluminium. Produkcja drzwi, rolet i bram gara\u017cowych.\",\"publisher\":{\"@id\":\"https:\/\/bertrand.pl\/#organization\"},\"potentialAction\":[{\"@type\":\"SearchAction\",\"target\":{\"@type\":\"EntryPoint\",\"urlTemplate\":\"https:\/\/bertrand.pl\/?s={search_term_string}\"},\"query-input\":{\"@type\":\"PropertyValueSpecification\",\"valueRequired\":true,\"valueName\":\"search_term_string\"}}],\"inLanguage\":\"nl-NL\"},{\"@type\":\"Organization\",\"@id\":\"https:\/\/bertrand.pl\/#organization\",\"name\":\"Bertrand.pl\",\"url\":\"https:\/\/bertrand.pl\/\",\"logo\":{\"@type\":\"ImageObject\",\"inLanguage\":\"nl-NL\",\"@id\":\"https:\/\/bertrand.pl\/#\/schema\/logo\/image\/\",\"url\":\"https:\/\/bertrand.pl\/wp-content\/uploads\/2024\/12\/logo_BB_TM_PL_black.png\",\"contentUrl\":\"https:\/\/bertrand.pl\/wp-content\/uploads\/2024\/12\/logo_BB_TM_PL_black.png\",\"width\":1831,\"height\":1831,\"caption\":\"Bertrand.pl\"},\"image\":{\"@id\":\"https:\/\/bertrand.pl\/#\/schema\/logo\/image\/\"},\"sameAs\":[\"https:\/\/www.facebook.com\/bertrandpolska\/\",\"https:\/\/www.instagram.com\/bertrand_okna_i_drzwi\/\",\"https:\/\/www.linkedin.com\/company\/bertrand\/\",\"https:\/\/www.tiktok.com\/@bertrand_okna_drzwi\"]}]}<\/script>\n<!-- \/ Yoast SEO Premium plugin. -->","yoast_head_json":{"title":"MB 104 - Bertrand. Najwy\u017cszej jako\u015bci okna i drzwi. Certyfikowany producent od 1969 roku.","description":"MB-104 systeem \u2013 energiebesparende ramen, vitrinekasten en constructies. Uitstekende thermische en akoestische isolatie, duurzaamheid en dichtheid voor passiefbouw.","robots":{"index":"index","follow":"follow","max-snippet":"max-snippet:-1","max-image-preview":"max-image-preview:large","max-video-preview":"max-video-preview:-1"},"canonical":"https:\/\/bertrand.pl\/nl\/product-2\/mb-104\/","og_locale":"nl_NL","og_type":"article","og_title":"MB 104","og_description":"System MB-104 \u2013 energooszcz\u0119dne okna, witryny i konstrukcje. Doskona\u0142a izolacja termiczna i akustyczna, trwa\u0142o\u015b\u0107 i szczelno\u015b\u0107 do budownictwa pasywnego.","og_url":"https:\/\/bertrand.pl\/nl\/product-2\/mb-104\/","og_site_name":"Bertrand. Najwy\u017cszej jako\u015bci okna i drzwi. Certyfikowany producent od 1969 roku.","article_publisher":"https:\/\/www.facebook.com\/bertrandpolska\/","article_modified_time":"2025-08-06T10:19:45+00:00","og_image":[{"width":750,"height":750,"url":"https:\/\/bertrand.pl\/wp-content\/uploads\/2023\/12\/mb_104_big.webp","type":"image\/webp"}],"twitter_card":"summary_large_image","twitter_misc":{"Geschatte leestijd":"2 minuten"},"schema":{"@context":"https:\/\/schema.org","@graph":[{"@type":"WebPage","@id":"https:\/\/bertrand.pl\/produkt\/mb-104\/","url":"https:\/\/bertrand.pl\/produkt\/mb-104\/","name":"MB 104 - Bertrand. Najwy\u017cszej jako\u015bci okna i drzwi. Certyfikowany producent od 1969 roku.","isPartOf":{"@id":"https:\/\/bertrand.pl\/#website"},"primaryImageOfPage":{"@id":"https:\/\/bertrand.pl\/produkt\/mb-104\/#primaryimage"},"image":{"@id":"https:\/\/bertrand.pl\/produkt\/mb-104\/#primaryimage"},"thumbnailUrl":"https:\/\/bertrand.pl\/wp-content\/uploads\/2023\/12\/mb_104_big.webp","datePublished":"2023-12-12T13:15:29+00:00","dateModified":"2025-08-06T10:19:45+00:00","description":"MB-104 systeem \u2013 energiebesparende ramen, vitrinekasten en constructies. Uitstekende thermische en akoestische isolatie, duurzaamheid en dichtheid voor passiefbouw.","breadcrumb":{"@id":"https:\/\/bertrand.pl\/produkt\/mb-104\/#breadcrumb"},"inLanguage":"nl-NL","potentialAction":[{"@type":"ReadAction","target":["https:\/\/bertrand.pl\/produkt\/mb-104\/"]}]},{"@type":"ImageObject","inLanguage":"nl-NL","@id":"https:\/\/bertrand.pl\/produkt\/mb-104\/#primaryimage","url":"https:\/\/bertrand.pl\/wp-content\/uploads\/2023\/12\/mb_104_big.webp","contentUrl":"https:\/\/bertrand.pl\/wp-content\/uploads\/2023\/12\/mb_104_big.webp","width":750,"height":750},{"@type":"BreadcrumbList","@id":"https:\/\/bertrand.pl\/produkt\/mb-104\/#breadcrumb","itemListElement":[{"@type":"ListItem","position":1,"name":"Strona g\u0142\u00f3wna","item":"https:\/\/bertrand.pl\/"},{"@type":"ListItem","position":2,"name":"Produits","item":"https:\/\/bertrand.pl\/fr\/shop\/"},{"@type":"ListItem","position":3,"name":"MB 104"}]},{"@type":"WebSite","@id":"https:\/\/bertrand.pl\/#website","url":"https:\/\/bertrand.pl\/","name":"Bertrand.pl","description":"Firma Bertrand to certyfikowany i uznany producent najwy\u017cszej jako\u015bci okien z PVC, z drewna lub aluminium. Produkcja drzwi, rolet i bram gara\u017cowych.","publisher":{"@id":"https:\/\/bertrand.pl\/#organization"},"potentialAction":[{"@type":"SearchAction","target":{"@type":"EntryPoint","urlTemplate":"https:\/\/bertrand.pl\/?s={search_term_string}"},"query-input":{"@type":"PropertyValueSpecification","valueRequired":true,"valueName":"search_term_string"}}],"inLanguage":"nl-NL"},{"@type":"Organization","@id":"https:\/\/bertrand.pl\/#organization","name":"Bertrand.pl","url":"https:\/\/bertrand.pl\/","logo":{"@type":"ImageObject","inLanguage":"nl-NL","@id":"https:\/\/bertrand.pl\/#\/schema\/logo\/image\/","url":"https:\/\/bertrand.pl\/wp-content\/uploads\/2024\/12\/logo_BB_TM_PL_black.png","contentUrl":"https:\/\/bertrand.pl\/wp-content\/uploads\/2024\/12\/logo_BB_TM_PL_black.png","width":1831,"height":1831,"caption":"Bertrand.pl"},"image":{"@id":"https:\/\/bertrand.pl\/#\/schema\/logo\/image\/"},"sameAs":["https:\/\/www.facebook.com\/bertrandpolska\/","https:\/\/www.instagram.com\/bertrand_okna_i_drzwi\/","https:\/\/www.linkedin.com\/company\/bertrand\/","https:\/\/www.tiktok.com\/@bertrand_okna_drzwi"]}]}},"_links":{"self":[{"href":"https:\/\/bertrand.pl\/nl\/wp-json\/wp\/v2\/product\/897","targetHints":{"allow":["GET"]}}],"collection":[{"href":"https:\/\/bertrand.pl\/nl\/wp-json\/wp\/v2\/product"}],"about":[{"href":"https:\/\/bertrand.pl\/nl\/wp-json\/wp\/v2\/types\/product"}],"wp:featuredmedia":[{"embeddable":true,"href":"https:\/\/bertrand.pl\/nl\/wp-json\/wp\/v2\/media\/909"}],"wp:attachment":[{"href":"https:\/\/bertrand.pl\/nl\/wp-json\/wp\/v2\/media?parent=897"}],"wp:term":[{"taxonomy":"product_brand","embeddable":true,"href":"https:\/\/bertrand.pl\/nl\/wp-json\/wp\/v2\/product_brand?post=897"},{"taxonomy":"product_cat","embeddable":true,"href":"https:\/\/bertrand.pl\/nl\/wp-json\/wp\/v2\/product_cat?post=897"},{"taxonomy":"product_tag","embeddable":true,"href":"https:\/\/bertrand.pl\/nl\/wp-json\/wp\/v2\/product_tag?post=897"}],"curies":[{"name":"wp","href":"https:\/\/api.w.org\/{rel}","templated":true}]}}