{"id":921,"date":"2025-08-06T11:22:40","date_gmt":"2025-08-06T09:22:40","guid":{"rendered":"https:\/\/bertrand.pl\/?post_type=product&#038;p=921"},"modified":"2026-02-03T15:48:10","modified_gmt":"2026-02-03T14:48:10","slug":"mb79n","status":"publish","type":"product","link":"https:\/\/bertrand.pl\/nl\/produkt\/mb79n\/","title":{"rendered":"MB79N"},"content":{"rendered":"<h4><strong>MB79N raam \u2013 een perfecte combinatie van stijl, comfort en energie-effici\u00ebntie<\/strong><\/h4>\n<p>&nbsp;<\/p>\n<p>Haal het in huis <strong>venster MB79N<\/strong>, dat modern design combineert met uitstekende thermische isolatie. Dankzij het gebruik van geavanceerde technologie\u00ebn en hoogwaardige materialen biedt het MB79N SI-systeem zowel esthetiek als functionaliteit die aan de eisen van elk project zal voldoen. Bovendien maakt de mogelijkheid om verschillende raam- en deurconstructies te cre\u00ebren het een uiterst universele oplossing.<\/p>\n<p>&nbsp;<\/p>\n<h4><strong>Elegantie en modern design<\/strong><\/h4>\n<p>&nbsp;<\/p>\n<h4><strong>1. Minimalistische vorm voor elk interieur<\/strong><\/h4>\n<ul>\n<li>Het raam MB79N is ontworpen op basis van hedendaagse trends en past daardoor perfect in diverse interieurstijlen.<\/li>\n<li>Bovendien geven subtiele lijnen en zorgvuldige afwerking de kamers een elegant en verfijnd karakter.<\/li>\n<\/ul>\n<h4><strong>2. Duurzaamheid en bestendigheid voor jaren<\/strong><\/h4>\n<ul>\n<li>Het gebruik van materialen van de hoogste kwaliteit garandeert de duurzaamheid en weerstand van het raam tegen weersomstandigheden.<\/li>\n<li>Bovendien minimaliseert de solide constructie de noodzaak van frequent onderhoud, wat ook het gebruiksgemak vergroot.<\/li>\n<\/ul>\n<h4><\/h4>\n<h4><strong>Energie-effici\u00ebntie op het hoogste niveau<\/strong><\/h4>\n<p>&nbsp;<\/p>\n<h4><strong>1. Uitstekende thermische isolatie-eigenschappen<\/strong><\/h4>\n<ul>\n<li>Dankzij het gebruik van geavanceerde isolatietechnologie\u00ebn vermindert MB79N effectief het warmteverlies.<\/li>\n<li>Bovendien verminderen de strakke installatie en de nauwkeurige afstelling van het raam het risico op tocht, wat het hele jaar door thermisch comfort garandeert.<\/li>\n<\/ul>\n<h4><strong>2. Energiebesparing en milieubescherming<\/strong><\/h4>\n<ul>\n<li>Het verminderen van warmteverliezen vertaalt zich in lagere verwarmingskosten, wat een echte besparing betekent.<\/li>\n<li>Bovendien ondersteunen de energiebesparende eigenschappen van het raam een ecologische benadering van energiebeheer, waardoor het milieuvriendelijk is.<\/li>\n<\/ul>\n<h3><\/h3>\n<h4><strong>Waarom is het de moeite waard om het MB79N-venster te kiezen?<\/strong><\/h4>\n<p>&nbsp;<\/p>\n<ol>\n<li><strong>Stijl en moderniteit<\/strong> \u2013 minimalistisch design geeft het interieur een uniek karakter.<\/li>\n<li><strong>Energiebesparing<\/strong> \u2013 uitstekende thermische isolatie-eigenschappen verlagen de kosten voor het verwarmen en koelen van gebouwen.<\/li>\n<li><strong>Thermisch comfort<\/strong> \u2013 nauwkeurige afwerking elimineert tocht, wat zorgt voor een aangenaam microklimaat in de kamers.<\/li>\n<li><strong>Duurzaamheid en betrouwbaarheid<\/strong> \u2013 stevige materialen garanderen een lange levensduur en weerstand tegen moeilijke weersomstandigheden.<\/li>\n<li><strong>Veelzijdigheid van toepassingen<\/strong> \u2013 hiermee kunt u een verscheidenheid aan raam- en deurstructuren cre\u00ebren, waardoor u ze aan elk ontwerp kunt aanpassen.<\/li>\n<\/ol>\n<h3><\/h3>\n<p>&nbsp;<\/p>\n<p><strong>MB79N-venster<\/strong> is een harmonieuze combinatie van moderne stijl, duurzaamheid en uitstekende energie-effici\u00ebntie. Dankzij het gebruik van innovatieve oplossingen, minimalistische vorm en geavanceerde thermische isolatie voldoet dit systeem aan de verwachtingen zowel op het gebied van esthetiek als functionaliteit. Kies MB79N en geniet van comfort, besparingen en uniek design in uw huis.<\/p>\n<p>&nbsp;<\/p>\n<p><img fetchpriority=\"high\" decoding=\"async\" class=\"alignnone size-medium wp-image-7942\" src=\"https:\/\/bertrand.pl\/wp-content\/uploads\/2025\/08\/mb79_rys-420x391.png\" alt=\"\" width=\"420\" height=\"391\" srcset=\"https:\/\/bertrand.pl\/wp-content\/uploads\/2025\/08\/mb79_rys-420x391.png 420w, https:\/\/bertrand.pl\/wp-content\/uploads\/2025\/08\/mb79_rys-13x12.png 13w, https:\/\/bertrand.pl\/wp-content\/uploads\/2025\/08\/mb79_rys.png 493w\" sizes=\"(max-width: 420px) 100vw, 420px\" \/><\/p>\n<p>&nbsp;<\/p>\n<p><strong>Kies MB79N - een raam dat stijl en warmte in perfecte harmonie combineert!<\/strong><\/p>\n<p>&nbsp;<\/p>\n<figure id=\"attachment_3262\" aria-describedby=\"caption-attachment-3262\" style=\"width: 2560px\" class=\"wp-caption aligncenter\"><img decoding=\"async\" class=\"wp-image-3262 size-full\" title=\"MB79N\" src=\"https:\/\/bertrand.pl\/wp-content\/uploads\/2023\/12\/montecasino-3-1-scaled.jpg\" alt=\"MB 79N is de perfecte combinatie van stijl, energie-effici\u00ebntie en duurzaamheid. \" width=\"2560\" height=\"1707\" srcset=\"https:\/\/bertrand.pl\/wp-content\/uploads\/2023\/12\/montecasino-3-1-scaled.jpg 2560w, https:\/\/bertrand.pl\/wp-content\/uploads\/2023\/12\/montecasino-3-1-420x280.jpg 420w, https:\/\/bertrand.pl\/wp-content\/uploads\/2023\/12\/montecasino-3-1-1360x907.jpg 1360w, https:\/\/bertrand.pl\/wp-content\/uploads\/2023\/12\/montecasino-3-1-768x512.jpg 768w, https:\/\/bertrand.pl\/wp-content\/uploads\/2023\/12\/montecasino-3-1-1536x1024.jpg 1536w, https:\/\/bertrand.pl\/wp-content\/uploads\/2023\/12\/montecasino-3-1-2048x1365.jpg 2048w, https:\/\/bertrand.pl\/wp-content\/uploads\/2023\/12\/montecasino-3-1-18x12.jpg 18w, https:\/\/bertrand.pl\/wp-content\/uploads\/2023\/12\/montecasino-3-1-600x400.jpg 600w\" sizes=\"(max-width: 2560px) 100vw, 2560px\" \/><figcaption id=\"caption-attachment-3262\" class=\"wp-caption-text\">Realisatie door Bertrand met MB 79N ramen.<\/figcaption><\/figure>\n<p>&nbsp;<\/p>\n<p>Neem contact op met onze verkoopafdeling voor meer informatie over dit product en om de beschikbare personalisatieopties te bespreken, afgestemd op uw individuele behoeften en voorkeuren.<\/p>\n<p>&nbsp;<\/p>\n<h4><strong>ZIE OOK:\u00a0<\/strong><\/h4>\n<p>&nbsp;<\/p>\n<h4><a href=\"https:\/\/www.youtube.com\/watch?v=vzA4OHyNgz8&amp;t=3s\">MB79N Raam met Infratherm-technologie van Bertrand<\/a><\/h4>\n<h4><strong><a href=\"https:\/\/bertrand.pl\/nl\/kleur\/\">Kleuren van ramen en deuren<\/a><\/strong><\/h4>\n<p>&nbsp;<\/p>","protected":false},"excerpt":{"rendered":"<p><strong>RAAMS- EN DEURSYSTEEM MET THERMISCHE ISOLATIE<\/strong><\/p>\n<p>MB 79N SI is een modern raam- en deursysteem. Het werd ge\u00efntroduceerd om te voldoen aan de verhoogde eisen op het gebied van thermische isolatie. Het wordt gebruikt voor de vervaardiging van constructies, waaronder: vaste ramen, openslaande ramen, kiepramen, draai-kiepramen, kiep-schuiframen, maar ook buitendeuren met \u00e9\u00e9n of twee vleugels en vitrineoplossingen met deuren. MB-79N SI is de variant met de beste thermische isolatie, met profielen voorzien van isolatie-inzetstukken en een tweecomponenten middenpakking.<\/p>\n<p>&nbsp;<\/p>","protected":false},"featured_media":922,"template":"","meta":{"site-sidebar-layout":"default","site-content-layout":"","ast-site-content-layout":"default","site-content-style":"default","site-sidebar-style":"default","ast-global-header-display":"","ast-banner-title-visibility":"","ast-main-header-display":"","ast-hfb-above-header-display":"","ast-hfb-below-header-display":"","ast-hfb-mobile-header-display":"","site-post-title":"","ast-breadcrumbs-content":"","ast-featured-img":"","footer-sml-layout":"","ast-disable-related-posts":"","theme-transparent-header-meta":"default","adv-header-id-meta":"","stick-header-meta":"","header-above-stick-meta":"","header-main-stick-meta":"","header-below-stick-meta":"","astra-migrate-meta-layouts":"set","ast-page-background-enabled":"default","ast-page-background-meta":{"desktop":{"background-color":"var(--ast-global-color-4)","background-image":"","background-repeat":"repeat","background-position":"center center","background-size":"auto","background-attachment":"scroll","background-type":"","background-media":"","overlay-type":"","overlay-color":"","overlay-opacity":"","overlay-gradient":""},"tablet":{"background-color":"","background-image":"","background-repeat":"repeat","background-position":"center center","background-size":"auto","background-attachment":"scroll","background-type":"","background-media":"","overlay-type":"","overlay-color":"","overlay-opacity":"","overlay-gradient":""},"mobile":{"background-color":"","background-image":"","background-repeat":"repeat","background-position":"center center","background-size":"auto","background-attachment":"scroll","background-type":"","background-media":"","overlay-type":"","overlay-color":"","overlay-opacity":"","overlay-gradient":""}},"ast-content-background-meta":{"desktop":{"background-color":"var(--ast-global-color-5)","background-image":"","background-repeat":"repeat","background-position":"center center","background-size":"auto","background-attachment":"scroll","background-type":"","background-media":"","overlay-type":"","overlay-color":"","overlay-opacity":"","overlay-gradient":""},"tablet":{"background-color":"var(--ast-global-color-5)","background-image":"","background-repeat":"repeat","background-position":"center center","background-size":"auto","background-attachment":"scroll","background-type":"","background-media":"","overlay-type":"","overlay-color":"","overlay-opacity":"","overlay-gradient":""},"mobile":{"background-color":"var(--ast-global-color-5)","background-image":"","background-repeat":"repeat","background-position":"center center","background-size":"auto","background-attachment":"scroll","background-type":"","background-media":"","overlay-type":"","overlay-color":"","overlay-opacity":"","overlay-gradient":""}}},"product_brand":[],"product_cat":[28],"product_tag":[193,349,168,311,352,195,344,1245,1219,405,722,1241,646,649,1243,174,194,1248,350,315,324,1240,351,169,314,1242,1247,1246,1244,348],"class_list":{"0":"post-921","1":"product","2":"type-product","3":"status-publish","4":"has-post-thumbnail","6":"product_cat-okna-aluminiowe","7":"product_tag-aluminium","8":"product_tag-aluprof","9":"product_tag-bertrand","10":"product_tag-dobre-wlasciwosci-termiczne","11":"product_tag-dobreokna","12":"product_tag-drzwi-aluminiowe","13":"product_tag-duze-okna","14":"product_tag-ekologiczne-zarzadzanie-energia","15":"product_tag-energooszczedne-okna","16":"product_tag-izolacja-termiczna","17":"product_tag-komfort-cieplny","18":"product_tag-mb79n-si","19":"product_tag-minimalistyczny-design","20":"product_tag-nowoczesna-architektura","21":"product_tag-nowoczesny-design-okien","22":"product_tag-okna","23":"product_tag-okna-aluminiowe","24":"product_tag-okna-o-wysokiej-efektywnosci-energetycznej","25":"product_tag-oknabertrand","26":"product_tag-okno-aluminiowe","27":"product_tag-okno-dla-domu","28":"product_tag-okno-mb79n","29":"product_tag-oknobertrand","30":"product_tag-produkt","31":"product_tag-profil-okienny","32":"product_tag-redukcja-kosztow-energii","33":"product_tag-stylowe-okna","34":"product_tag-szczelny-montaz-okien","35":"product_tag-trwale-okna","36":"product_tag-windows","37":"desktop-align-left","38":"tablet-align-left","39":"mobile-align-left","41":"first","42":"instock","43":"shipping-taxable","44":"product-type-simple"},"yoast_head":"<!-- This site is optimized with the Yoast SEO Premium plugin v27.2 (Yoast SEO v27.2) - https:\/\/yoast.com\/product\/yoast-seo-premium-wordpress\/ -->\n<title>MB 79N - Bertrand. Najwy\u017cszej jako\u015bci okna i drzwi. Certyfikowany producent od 1969 roku.<\/title>\n<meta name=\"description\" content=\"Okno MB79N \u0142\u0105czy nowoczesny design z doskona\u0142\u0105 izolacj\u0105 termiczn\u0105. To po\u0142\u0105czenie nowoczesnego stylu, trwa\u0142o\u015bci i doskona\u0142ej efektywno\u015bci energetycznej.\" \/>\n<meta name=\"robots\" content=\"index, follow, max-snippet:-1, max-image-preview:large, max-video-preview:-1\" \/>\n<link rel=\"canonical\" href=\"https:\/\/bertrand.pl\/nl\/product-2\/mb79n\/\" \/>\n<meta property=\"og:locale\" content=\"nl_NL\" \/>\n<meta property=\"og:type\" content=\"article\" \/>\n<meta property=\"og:title\" content=\"MB 79N\" \/>\n<meta property=\"og:description\" content=\"Okno MB79N \u0142\u0105czy nowoczesny design z doskona\u0142\u0105 izolacj\u0105 termiczn\u0105. To po\u0142\u0105czenie nowoczesnego stylu, trwa\u0142o\u015bci i doskona\u0142ej efektywno\u015bci energetycznej.\" \/>\n<meta property=\"og:url\" content=\"https:\/\/bertrand.pl\/nl\/product-2\/mb79n\/\" \/>\n<meta property=\"og:site_name\" content=\"Bertrand. Najwy\u017cszej jako\u015bci okna i drzwi. Certyfikowany producent od 1969 roku.\" \/>\n<meta property=\"article:publisher\" content=\"https:\/\/www.facebook.com\/bertrandpolska\/\" \/>\n<meta property=\"article:modified_time\" content=\"2026-02-03T14:48:10+00:00\" \/>\n<meta property=\"og:image\" content=\"https:\/\/bertrand.pl\/wp-content\/uploads\/2023\/12\/20210416_bb_aluminium_mb-79n_si_czarny_strukturalny_750px.webp\" \/>\n\t<meta property=\"og:image:width\" content=\"750\" \/>\n\t<meta property=\"og:image:height\" content=\"750\" \/>\n\t<meta property=\"og:image:type\" content=\"image\/webp\" \/>\n<meta name=\"twitter:card\" content=\"summary_large_image\" \/>\n<meta name=\"twitter:label1\" content=\"Geschatte leestijd\" \/>\n\t<meta name=\"twitter:data1\" content=\"3 minuten\" \/>\n<script type=\"application\/ld+json\" class=\"yoast-schema-graph\">{\"@context\":\"https:\/\/schema.org\",\"@graph\":[{\"@type\":\"WebPage\",\"@id\":\"https:\/\/bertrand.pl\/produkt\/mb79n\/\",\"url\":\"https:\/\/bertrand.pl\/produkt\/mb79n\/\",\"name\":\"MB 79N - Bertrand. Najwy\u017cszej jako\u015bci okna i drzwi. Certyfikowany producent od 1969 roku.\",\"isPartOf\":{\"@id\":\"https:\/\/bertrand.pl\/#website\"},\"primaryImageOfPage\":{\"@id\":\"https:\/\/bertrand.pl\/produkt\/mb79n\/#primaryimage\"},\"image\":{\"@id\":\"https:\/\/bertrand.pl\/produkt\/mb79n\/#primaryimage\"},\"thumbnailUrl\":\"https:\/\/bertrand.pl\/wp-content\/uploads\/2023\/12\/20210416_bb_aluminium_mb-79n_si_czarny_strukturalny_750px.webp\",\"datePublished\":\"2025-08-06T09:22:40+00:00\",\"dateModified\":\"2026-02-03T14:48:10+00:00\",\"description\":\"Okno MB79N \u0142\u0105czy nowoczesny design z doskona\u0142\u0105 izolacj\u0105 termiczn\u0105. To po\u0142\u0105czenie nowoczesnego stylu, trwa\u0142o\u015bci i doskona\u0142ej efektywno\u015bci energetycznej.\",\"breadcrumb\":{\"@id\":\"https:\/\/bertrand.pl\/produkt\/mb79n\/#breadcrumb\"},\"inLanguage\":\"nl-NL\",\"potentialAction\":[{\"@type\":\"ReadAction\",\"target\":[\"https:\/\/bertrand.pl\/produkt\/mb79n\/\"]}]},{\"@type\":\"ImageObject\",\"inLanguage\":\"nl-NL\",\"@id\":\"https:\/\/bertrand.pl\/produkt\/mb79n\/#primaryimage\",\"url\":\"https:\/\/bertrand.pl\/wp-content\/uploads\/2023\/12\/20210416_bb_aluminium_mb-79n_si_czarny_strukturalny_750px.webp\",\"contentUrl\":\"https:\/\/bertrand.pl\/wp-content\/uploads\/2023\/12\/20210416_bb_aluminium_mb-79n_si_czarny_strukturalny_750px.webp\",\"width\":750,\"height\":750},{\"@type\":\"BreadcrumbList\",\"@id\":\"https:\/\/bertrand.pl\/produkt\/mb79n\/#breadcrumb\",\"itemListElement\":[{\"@type\":\"ListItem\",\"position\":1,\"name\":\"Strona g\u0142\u00f3wna\",\"item\":\"https:\/\/bertrand.pl\/\"},{\"@type\":\"ListItem\",\"position\":2,\"name\":\"Produits\",\"item\":\"https:\/\/bertrand.pl\/fr\/shop\/\"},{\"@type\":\"ListItem\",\"position\":3,\"name\":\"MB 79N\"}]},{\"@type\":\"WebSite\",\"@id\":\"https:\/\/bertrand.pl\/#website\",\"url\":\"https:\/\/bertrand.pl\/\",\"name\":\"Bertrand.pl\",\"description\":\"Firma Bertrand to certyfikowany i uznany producent najwy\u017cszej jako\u015bci okien z PVC, z drewna lub aluminium. Produkcja drzwi, rolet i bram gara\u017cowych.\",\"publisher\":{\"@id\":\"https:\/\/bertrand.pl\/#organization\"},\"potentialAction\":[{\"@type\":\"SearchAction\",\"target\":{\"@type\":\"EntryPoint\",\"urlTemplate\":\"https:\/\/bertrand.pl\/?s={search_term_string}\"},\"query-input\":{\"@type\":\"PropertyValueSpecification\",\"valueRequired\":true,\"valueName\":\"search_term_string\"}}],\"inLanguage\":\"nl-NL\"},{\"@type\":\"Organization\",\"@id\":\"https:\/\/bertrand.pl\/#organization\",\"name\":\"Bertrand.pl\",\"url\":\"https:\/\/bertrand.pl\/\",\"logo\":{\"@type\":\"ImageObject\",\"inLanguage\":\"nl-NL\",\"@id\":\"https:\/\/bertrand.pl\/#\/schema\/logo\/image\/\",\"url\":\"https:\/\/bertrand.pl\/wp-content\/uploads\/2024\/12\/logo_BB_TM_PL_black.png\",\"contentUrl\":\"https:\/\/bertrand.pl\/wp-content\/uploads\/2024\/12\/logo_BB_TM_PL_black.png\",\"width\":1831,\"height\":1831,\"caption\":\"Bertrand.pl\"},\"image\":{\"@id\":\"https:\/\/bertrand.pl\/#\/schema\/logo\/image\/\"},\"sameAs\":[\"https:\/\/www.facebook.com\/bertrandpolska\/\",\"https:\/\/www.instagram.com\/bertrand_okna_i_drzwi\/\",\"https:\/\/www.linkedin.com\/company\/bertrand\/\",\"https:\/\/www.tiktok.com\/@bertrand_okna_drzwi\"]}]}<\/script>\n<!-- \/ Yoast SEO Premium plugin. -->","yoast_head_json":{"title":"MB 79N - Bertrand. Najwy\u017cszej jako\u015bci okna i drzwi. Certyfikowany producent od 1969 roku.","description":"Het MB79N-raam combineert een modern design met uitstekende thermische isolatie. Het is een combinatie van moderne stijl, duurzaamheid en uitstekende energie-effici\u00ebntie.","robots":{"index":"index","follow":"follow","max-snippet":"max-snippet:-1","max-image-preview":"max-image-preview:large","max-video-preview":"max-video-preview:-1"},"canonical":"https:\/\/bertrand.pl\/nl\/product-2\/mb79n\/","og_locale":"nl_NL","og_type":"article","og_title":"MB 79N","og_description":"Okno MB79N \u0142\u0105czy nowoczesny design z doskona\u0142\u0105 izolacj\u0105 termiczn\u0105. To po\u0142\u0105czenie nowoczesnego stylu, trwa\u0142o\u015bci i doskona\u0142ej efektywno\u015bci energetycznej.","og_url":"https:\/\/bertrand.pl\/nl\/product-2\/mb79n\/","og_site_name":"Bertrand. Najwy\u017cszej jako\u015bci okna i drzwi. Certyfikowany producent od 1969 roku.","article_publisher":"https:\/\/www.facebook.com\/bertrandpolska\/","article_modified_time":"2026-02-03T14:48:10+00:00","og_image":[{"width":750,"height":750,"url":"https:\/\/bertrand.pl\/wp-content\/uploads\/2023\/12\/20210416_bb_aluminium_mb-79n_si_czarny_strukturalny_750px.webp","type":"image\/webp"}],"twitter_card":"summary_large_image","twitter_misc":{"Geschatte leestijd":"3 minuten"},"schema":{"@context":"https:\/\/schema.org","@graph":[{"@type":"WebPage","@id":"https:\/\/bertrand.pl\/produkt\/mb79n\/","url":"https:\/\/bertrand.pl\/produkt\/mb79n\/","name":"MB 79N - Bertrand. Najwy\u017cszej jako\u015bci okna i drzwi. Certyfikowany producent od 1969 roku.","isPartOf":{"@id":"https:\/\/bertrand.pl\/#website"},"primaryImageOfPage":{"@id":"https:\/\/bertrand.pl\/produkt\/mb79n\/#primaryimage"},"image":{"@id":"https:\/\/bertrand.pl\/produkt\/mb79n\/#primaryimage"},"thumbnailUrl":"https:\/\/bertrand.pl\/wp-content\/uploads\/2023\/12\/20210416_bb_aluminium_mb-79n_si_czarny_strukturalny_750px.webp","datePublished":"2025-08-06T09:22:40+00:00","dateModified":"2026-02-03T14:48:10+00:00","description":"Het MB79N-raam combineert een modern design met uitstekende thermische isolatie. Het is een combinatie van moderne stijl, duurzaamheid en uitstekende energie-effici\u00ebntie.","breadcrumb":{"@id":"https:\/\/bertrand.pl\/produkt\/mb79n\/#breadcrumb"},"inLanguage":"nl-NL","potentialAction":[{"@type":"ReadAction","target":["https:\/\/bertrand.pl\/produkt\/mb79n\/"]}]},{"@type":"ImageObject","inLanguage":"nl-NL","@id":"https:\/\/bertrand.pl\/produkt\/mb79n\/#primaryimage","url":"https:\/\/bertrand.pl\/wp-content\/uploads\/2023\/12\/20210416_bb_aluminium_mb-79n_si_czarny_strukturalny_750px.webp","contentUrl":"https:\/\/bertrand.pl\/wp-content\/uploads\/2023\/12\/20210416_bb_aluminium_mb-79n_si_czarny_strukturalny_750px.webp","width":750,"height":750},{"@type":"BreadcrumbList","@id":"https:\/\/bertrand.pl\/produkt\/mb79n\/#breadcrumb","itemListElement":[{"@type":"ListItem","position":1,"name":"Strona g\u0142\u00f3wna","item":"https:\/\/bertrand.pl\/"},{"@type":"ListItem","position":2,"name":"Produits","item":"https:\/\/bertrand.pl\/fr\/shop\/"},{"@type":"ListItem","position":3,"name":"MB 79N"}]},{"@type":"WebSite","@id":"https:\/\/bertrand.pl\/#website","url":"https:\/\/bertrand.pl\/","name":"Bertrand.pl","description":"Firma Bertrand to certyfikowany i uznany producent najwy\u017cszej jako\u015bci okien z PVC, z drewna lub aluminium. Produkcja drzwi, rolet i bram gara\u017cowych.","publisher":{"@id":"https:\/\/bertrand.pl\/#organization"},"potentialAction":[{"@type":"SearchAction","target":{"@type":"EntryPoint","urlTemplate":"https:\/\/bertrand.pl\/?s={search_term_string}"},"query-input":{"@type":"PropertyValueSpecification","valueRequired":true,"valueName":"search_term_string"}}],"inLanguage":"nl-NL"},{"@type":"Organization","@id":"https:\/\/bertrand.pl\/#organization","name":"Bertrand.pl","url":"https:\/\/bertrand.pl\/","logo":{"@type":"ImageObject","inLanguage":"nl-NL","@id":"https:\/\/bertrand.pl\/#\/schema\/logo\/image\/","url":"https:\/\/bertrand.pl\/wp-content\/uploads\/2024\/12\/logo_BB_TM_PL_black.png","contentUrl":"https:\/\/bertrand.pl\/wp-content\/uploads\/2024\/12\/logo_BB_TM_PL_black.png","width":1831,"height":1831,"caption":"Bertrand.pl"},"image":{"@id":"https:\/\/bertrand.pl\/#\/schema\/logo\/image\/"},"sameAs":["https:\/\/www.facebook.com\/bertrandpolska\/","https:\/\/www.instagram.com\/bertrand_okna_i_drzwi\/","https:\/\/www.linkedin.com\/company\/bertrand\/","https:\/\/www.tiktok.com\/@bertrand_okna_drzwi"]}]}},"_links":{"self":[{"href":"https:\/\/bertrand.pl\/nl\/wp-json\/wp\/v2\/product\/921","targetHints":{"allow":["GET"]}}],"collection":[{"href":"https:\/\/bertrand.pl\/nl\/wp-json\/wp\/v2\/product"}],"about":[{"href":"https:\/\/bertrand.pl\/nl\/wp-json\/wp\/v2\/types\/product"}],"wp:featuredmedia":[{"embeddable":true,"href":"https:\/\/bertrand.pl\/nl\/wp-json\/wp\/v2\/media\/922"}],"wp:attachment":[{"href":"https:\/\/bertrand.pl\/nl\/wp-json\/wp\/v2\/media?parent=921"}],"wp:term":[{"taxonomy":"product_brand","embeddable":true,"href":"https:\/\/bertrand.pl\/nl\/wp-json\/wp\/v2\/product_brand?post=921"},{"taxonomy":"product_cat","embeddable":true,"href":"https:\/\/bertrand.pl\/nl\/wp-json\/wp\/v2\/product_cat?post=921"},{"taxonomy":"product_tag","embeddable":true,"href":"https:\/\/bertrand.pl\/nl\/wp-json\/wp\/v2\/product_tag?post=921"}],"curies":[{"name":"wp","href":"https:\/\/api.w.org\/{rel}","templated":true}]}}