{"id":954,"date":"2023-12-13T08:49:04","date_gmt":"2023-12-13T07:49:04","guid":{"rendered":"https:\/\/bertrand.pl\/?post_type=product&#038;p=954"},"modified":"2025-08-06T11:54:45","modified_gmt":"2025-08-06T09:54:45","slug":"mb-45","status":"publish","type":"product","link":"https:\/\/bertrand.pl\/nl\/produkt\/mb-45\/","title":{"rendered":"MB45"},"content":{"rendered":"<p>Systeem <strong>MB-45<\/strong> is een uitgebreide basis voor de implementatie van speciale oplossingen, zoals rookdichte scheidingswanden en deuren MB-45D, evenals de zogenaamde &quot;inkeping&quot; MB-45S. De flexibiliteit en functionaliteit maken het een ideale keuze voor zowel binnen- als buitentoepassingen. Dankzij de slanke en duurzame profielen is het MB-45 systeem perfect voor verschillende soorten constructies.<\/p>\n<p>&nbsp;<\/p>\n<h4>Universeel gebruik<\/h4>\n<p>&nbsp;<\/p>\n<p>Het MB-45-systeem maakt de constructie mogelijk van deuren en buitenbeglazing waarbij geen thermische isolatie van profielen nodig is. Hierdoor is het bijzonder geschikt voor openbare gebouwen, productiehallen en kantoorruimtes. Het slanke ontwerp van de profielen zorgt ervoor dat de constructies er modern en esthetisch uitzien.<\/p>\n<p>&nbsp;<\/p>\n<h4>Belangrijkste technische parameters<\/h4>\n<p>&nbsp;<\/p>\n<ul>\n<li><strong>Inbouwdiepte profielen:<\/strong>\n<ul>\n<li>Ramen: 45 mm (frame), 54 mm (vleugel).<\/li>\n<li>Deur: 45 mm (frame en vleugel).<\/li>\n<\/ul>\n<\/li>\n<li><strong>Visueel effect:<\/strong> Na het sluiten van het raam verkrijgen we \u00e9\u00e9n oppervlak aan de buitenkant, en in het geval van deuren: vlakke oppervlakken van de vleugels en het frame.<\/li>\n<li><strong>Dikte beglazing:<\/strong>\n<ul>\n<li>Raamvleugels: van 2 mm tot 35 mm.<\/li>\n<li>Vaste ramen en deurbladen: van 2 mm tot 26 mm.<\/li>\n<\/ul>\n<\/li>\n<\/ul>\n<p>&nbsp;<\/p>\n<h4>Belangrijkste voordelen van het MB-45-systeem<\/h4>\n<p>&nbsp;<\/p>\n<ol>\n<li><strong>Rookdichtheid:<\/strong> Mogelijkheid om rookdichte deuren MB-45D te implementeren om de veiligheid te vergroten.<\/li>\n<li><strong>Veelzijdigheid:<\/strong> Ondersteuning voor diverse oplossingen, waaronder MB-45S opdekdeuren.<\/li>\n<li><strong>Modern ontwerp:<\/strong> Met slanke profielen kunt u esthetische, duurzame structuren cre\u00ebren.<\/li>\n<li><strong>Flexibiliteit van beglazing:<\/strong> Dankzij een breed scala aan glasdiktes kan het product aan specifieke eisen worden aangepast.<\/li>\n<li><strong>Gemakkelijk te monteren:<\/strong> De constructies zijn geschikt voor binnen- en buitengevels zonder dat er thermische isolatie vereist is.<\/li>\n<\/ol>\n<p>&nbsp;<\/p>\n<p>Het MB-45 systeem is in de eerste plaats een moderne en universele oplossing voor binnen- en buitentoepassingen. Het biedt ongetwijfeld een combinatie van kracht, esthetiek en flexibiliteit in het ontwerp van scheidingswanden, ramen en deuren. Perfect voor investeerders die op zoek zijn naar oplossingen met hoge functionaliteit en een aantrekkelijk uiterlijk.<\/p>\n<p>&nbsp;<\/p>\n<p><img fetchpriority=\"high\" decoding=\"async\" class=\"alignnone wp-image-955 size-full\" src=\"https:\/\/bertrand.pl\/wp-content\/uploads\/2023\/12\/mb_45_photo1.jpg\" alt=\"\" width=\"649\" height=\"500\" srcset=\"https:\/\/bertrand.pl\/wp-content\/uploads\/2023\/12\/mb_45_photo1.jpg 649w, https:\/\/bertrand.pl\/wp-content\/uploads\/2023\/12\/mb_45_photo1-420x324.jpg 420w, https:\/\/bertrand.pl\/wp-content\/uploads\/2023\/12\/mb_45_photo1-600x462.jpg 600w\" sizes=\"(max-width: 649px) 100vw, 649px\" \/><\/p>\n<p>&nbsp;<\/p>\n<h4><strong><a href=\"https:\/\/bertrand.pl\/nl\/kleur\/\">Kleuren van ramen en deuren<\/a><\/strong><\/h4>","protected":false},"excerpt":{"rendered":"<p><strong>MODERN ALUMINIUM SYSTEEM<\/strong><\/p>\n<p>Een systeem dat voornamelijk wordt gebruikt voor het maken van interne constructie-elementen - verschillende soorten scheidingswanden, ramen, deuren - inclusief schuif-, draai-, automatische, vestibules, vitrines, kassa&#039;s, vitrines, enz.<\/p>","protected":false},"featured_media":956,"template":"","meta":{"site-sidebar-layout":"default","site-content-layout":"","ast-site-content-layout":"default","site-content-style":"default","site-sidebar-style":"default","ast-global-header-display":"","ast-banner-title-visibility":"","ast-main-header-display":"","ast-hfb-above-header-display":"","ast-hfb-below-header-display":"","ast-hfb-mobile-header-display":"","site-post-title":"","ast-breadcrumbs-content":"","ast-featured-img":"","footer-sml-layout":"","ast-disable-related-posts":"","theme-transparent-header-meta":"default","adv-header-id-meta":"","stick-header-meta":"","header-above-stick-meta":"","header-main-stick-meta":"","header-below-stick-meta":"","astra-migrate-meta-layouts":"set","ast-page-background-enabled":"default","ast-page-background-meta":{"desktop":{"background-color":"var(--ast-global-color-4)","background-image":"","background-repeat":"repeat","background-position":"center center","background-size":"auto","background-attachment":"scroll","background-type":"","background-media":"","overlay-type":"","overlay-color":"","overlay-opacity":"","overlay-gradient":""},"tablet":{"background-color":"","background-image":"","background-repeat":"repeat","background-position":"center center","background-size":"auto","background-attachment":"scroll","background-type":"","background-media":"","overlay-type":"","overlay-color":"","overlay-opacity":"","overlay-gradient":""},"mobile":{"background-color":"","background-image":"","background-repeat":"repeat","background-position":"center center","background-size":"auto","background-attachment":"scroll","background-type":"","background-media":"","overlay-type":"","overlay-color":"","overlay-opacity":"","overlay-gradient":""}},"ast-content-background-meta":{"desktop":{"background-color":"var(--ast-global-color-5)","background-image":"","background-repeat":"repeat","background-position":"center center","background-size":"auto","background-attachment":"scroll","background-type":"","background-media":"","overlay-type":"","overlay-color":"","overlay-opacity":"","overlay-gradient":""},"tablet":{"background-color":"var(--ast-global-color-5)","background-image":"","background-repeat":"repeat","background-position":"center center","background-size":"auto","background-attachment":"scroll","background-type":"","background-media":"","overlay-type":"","overlay-color":"","overlay-opacity":"","overlay-gradient":""},"mobile":{"background-color":"var(--ast-global-color-5)","background-image":"","background-repeat":"repeat","background-position":"center center","background-size":"auto","background-attachment":"scroll","background-type":"","background-media":"","overlay-type":"","overlay-color":"","overlay-opacity":"","overlay-gradient":""}}},"product_brand":[],"product_cat":[28],"product_tag":[193,349,168,326,367,368,432,339,311,352,195,344,346,361,174,194,350,315,324,351,359,169,314,348],"class_list":{"0":"post-954","1":"product","2":"type-product","3":"status-publish","4":"has-post-thumbnail","6":"product_cat-okna-aluminiowe","7":"product_tag-aluminium","8":"product_tag-aluprof","9":"product_tag-bertrand","10":"product_tag-budowa-domu","11":"product_tag-budownictwo","12":"product_tag-budownictwo-pasywne","13":"product_tag-certyfikaty","14":"product_tag-design","15":"product_tag-dobre-wlasciwosci-termiczne","16":"product_tag-dobreokna","17":"product_tag-drzwi-aluminiowe","18":"product_tag-duze-okna","19":"product_tag-duze-przestrzenie","20":"product_tag-jakosc","21":"product_tag-okna","22":"product_tag-okna-aluminiowe","23":"product_tag-oknabertrand","24":"product_tag-okno-aluminiowe","25":"product_tag-okno-dla-domu","26":"product_tag-oknobertrand","27":"product_tag-premiumwindows","28":"product_tag-produkt","29":"product_tag-profil-okienny","30":"product_tag-windows","31":"desktop-align-left","32":"tablet-align-left","33":"mobile-align-left","35":"first","36":"instock","37":"shipping-taxable","38":"product-type-simple"},"yoast_head":"<!-- This site is optimized with the Yoast SEO Premium plugin v27.2 (Yoast SEO v27.2) - https:\/\/yoast.com\/product\/yoast-seo-premium-wordpress\/ -->\n<title>MB 45 - Bertrand. Najwy\u017cszej jako\u015bci okna i drzwi. Certyfikowany producent od 1969 roku.<\/title>\n<meta name=\"description\" content=\"MB-45 \u2013 uniwersalny wyb\u00f3r do drzwi, przegr\u00f3d i okien. Dymoszczelno\u015b\u0107, smuk\u0142e profile i szeroki zakres szklenia w nowoczesnym wydaniu.\" \/>\n<meta name=\"robots\" content=\"index, follow, max-snippet:-1, max-image-preview:large, max-video-preview:-1\" \/>\n<link rel=\"canonical\" href=\"https:\/\/bertrand.pl\/nl\/product-2\/mb-45\/\" \/>\n<meta property=\"og:locale\" content=\"nl_NL\" \/>\n<meta property=\"og:type\" content=\"article\" \/>\n<meta property=\"og:title\" content=\"MB 45\" \/>\n<meta property=\"og:description\" content=\"MB-45 \u2013 uniwersalny wyb\u00f3r do drzwi, przegr\u00f3d i okien. Dymoszczelno\u015b\u0107, smuk\u0142e profile i szeroki zakres szklenia w nowoczesnym wydaniu.\" \/>\n<meta property=\"og:url\" content=\"https:\/\/bertrand.pl\/nl\/product-2\/mb-45\/\" \/>\n<meta property=\"og:site_name\" content=\"Bertrand. Najwy\u017cszej jako\u015bci okna i drzwi. Certyfikowany producent od 1969 roku.\" \/>\n<meta property=\"article:publisher\" content=\"https:\/\/www.facebook.com\/bertrandpolska\/\" \/>\n<meta property=\"article:modified_time\" content=\"2025-08-06T09:54:45+00:00\" \/>\n<meta property=\"og:image\" content=\"https:\/\/bertrand.pl\/wp-content\/uploads\/2023\/12\/mb_45_1_big.jpg\" \/>\n\t<meta property=\"og:image:width\" content=\"600\" \/>\n\t<meta property=\"og:image:height\" content=\"600\" \/>\n\t<meta property=\"og:image:type\" content=\"image\/jpeg\" \/>\n<meta name=\"twitter:card\" content=\"summary_large_image\" \/>\n<meta name=\"twitter:label1\" content=\"Geschatte leestijd\" \/>\n\t<meta name=\"twitter:data1\" content=\"2 minuten\" \/>\n<script type=\"application\/ld+json\" class=\"yoast-schema-graph\">{\"@context\":\"https:\/\/schema.org\",\"@graph\":[{\"@type\":\"WebPage\",\"@id\":\"https:\/\/bertrand.pl\/produkt\/mb-45\/\",\"url\":\"https:\/\/bertrand.pl\/produkt\/mb-45\/\",\"name\":\"MB 45 - Bertrand. Najwy\u017cszej jako\u015bci okna i drzwi. Certyfikowany producent od 1969 roku.\",\"isPartOf\":{\"@id\":\"https:\/\/bertrand.pl\/#website\"},\"primaryImageOfPage\":{\"@id\":\"https:\/\/bertrand.pl\/produkt\/mb-45\/#primaryimage\"},\"image\":{\"@id\":\"https:\/\/bertrand.pl\/produkt\/mb-45\/#primaryimage\"},\"thumbnailUrl\":\"https:\/\/bertrand.pl\/wp-content\/uploads\/2023\/12\/mb_45_1_big.jpg\",\"datePublished\":\"2023-12-13T07:49:04+00:00\",\"dateModified\":\"2025-08-06T09:54:45+00:00\",\"description\":\"MB-45 \u2013 uniwersalny wyb\u00f3r do drzwi, przegr\u00f3d i okien. Dymoszczelno\u015b\u0107, smuk\u0142e profile i szeroki zakres szklenia w nowoczesnym wydaniu.\",\"breadcrumb\":{\"@id\":\"https:\/\/bertrand.pl\/produkt\/mb-45\/#breadcrumb\"},\"inLanguage\":\"nl-NL\",\"potentialAction\":[{\"@type\":\"ReadAction\",\"target\":[\"https:\/\/bertrand.pl\/produkt\/mb-45\/\"]}]},{\"@type\":\"ImageObject\",\"inLanguage\":\"nl-NL\",\"@id\":\"https:\/\/bertrand.pl\/produkt\/mb-45\/#primaryimage\",\"url\":\"https:\/\/bertrand.pl\/wp-content\/uploads\/2023\/12\/mb_45_1_big.jpg\",\"contentUrl\":\"https:\/\/bertrand.pl\/wp-content\/uploads\/2023\/12\/mb_45_1_big.jpg\",\"width\":600,\"height\":600},{\"@type\":\"BreadcrumbList\",\"@id\":\"https:\/\/bertrand.pl\/produkt\/mb-45\/#breadcrumb\",\"itemListElement\":[{\"@type\":\"ListItem\",\"position\":1,\"name\":\"Strona g\u0142\u00f3wna\",\"item\":\"https:\/\/bertrand.pl\/\"},{\"@type\":\"ListItem\",\"position\":2,\"name\":\"Produits\",\"item\":\"https:\/\/bertrand.pl\/fr\/shop\/\"},{\"@type\":\"ListItem\",\"position\":3,\"name\":\"MB 45\"}]},{\"@type\":\"WebSite\",\"@id\":\"https:\/\/bertrand.pl\/#website\",\"url\":\"https:\/\/bertrand.pl\/\",\"name\":\"Bertrand.pl\",\"description\":\"Firma Bertrand to certyfikowany i uznany producent najwy\u017cszej jako\u015bci okien z PVC, z drewna lub aluminium. Produkcja drzwi, rolet i bram gara\u017cowych.\",\"publisher\":{\"@id\":\"https:\/\/bertrand.pl\/#organization\"},\"potentialAction\":[{\"@type\":\"SearchAction\",\"target\":{\"@type\":\"EntryPoint\",\"urlTemplate\":\"https:\/\/bertrand.pl\/?s={search_term_string}\"},\"query-input\":{\"@type\":\"PropertyValueSpecification\",\"valueRequired\":true,\"valueName\":\"search_term_string\"}}],\"inLanguage\":\"nl-NL\"},{\"@type\":\"Organization\",\"@id\":\"https:\/\/bertrand.pl\/#organization\",\"name\":\"Bertrand.pl\",\"url\":\"https:\/\/bertrand.pl\/\",\"logo\":{\"@type\":\"ImageObject\",\"inLanguage\":\"nl-NL\",\"@id\":\"https:\/\/bertrand.pl\/#\/schema\/logo\/image\/\",\"url\":\"https:\/\/bertrand.pl\/wp-content\/uploads\/2024\/12\/logo_BB_TM_PL_black.png\",\"contentUrl\":\"https:\/\/bertrand.pl\/wp-content\/uploads\/2024\/12\/logo_BB_TM_PL_black.png\",\"width\":1831,\"height\":1831,\"caption\":\"Bertrand.pl\"},\"image\":{\"@id\":\"https:\/\/bertrand.pl\/#\/schema\/logo\/image\/\"},\"sameAs\":[\"https:\/\/www.facebook.com\/bertrandpolska\/\",\"https:\/\/www.instagram.com\/bertrand_okna_i_drzwi\/\",\"https:\/\/www.linkedin.com\/company\/bertrand\/\",\"https:\/\/www.tiktok.com\/@bertrand_okna_drzwi\"]}]}<\/script>\n<!-- \/ Yoast SEO Premium plugin. -->","yoast_head_json":{"title":"MB 45 - Bertrand. Najwy\u017cszej jako\u015bci okna i drzwi. Certyfikowany producent od 1969 roku.","description":"MB-45 \u2013 universele keuze voor deuren, scheidingswanden en ramen. Rookdichtheid, slanke profielen en een ruim assortiment beglazingen in een moderne uitvoering.","robots":{"index":"index","follow":"follow","max-snippet":"max-snippet:-1","max-image-preview":"max-image-preview:large","max-video-preview":"max-video-preview:-1"},"canonical":"https:\/\/bertrand.pl\/nl\/product-2\/mb-45\/","og_locale":"nl_NL","og_type":"article","og_title":"MB 45","og_description":"MB-45 \u2013 uniwersalny wyb\u00f3r do drzwi, przegr\u00f3d i okien. Dymoszczelno\u015b\u0107, smuk\u0142e profile i szeroki zakres szklenia w nowoczesnym wydaniu.","og_url":"https:\/\/bertrand.pl\/nl\/product-2\/mb-45\/","og_site_name":"Bertrand. Najwy\u017cszej jako\u015bci okna i drzwi. Certyfikowany producent od 1969 roku.","article_publisher":"https:\/\/www.facebook.com\/bertrandpolska\/","article_modified_time":"2025-08-06T09:54:45+00:00","og_image":[{"width":600,"height":600,"url":"https:\/\/bertrand.pl\/wp-content\/uploads\/2023\/12\/mb_45_1_big.jpg","type":"image\/jpeg"}],"twitter_card":"summary_large_image","twitter_misc":{"Geschatte leestijd":"2 minuten"},"schema":{"@context":"https:\/\/schema.org","@graph":[{"@type":"WebPage","@id":"https:\/\/bertrand.pl\/produkt\/mb-45\/","url":"https:\/\/bertrand.pl\/produkt\/mb-45\/","name":"MB 45 - Bertrand. Najwy\u017cszej jako\u015bci okna i drzwi. Certyfikowany producent od 1969 roku.","isPartOf":{"@id":"https:\/\/bertrand.pl\/#website"},"primaryImageOfPage":{"@id":"https:\/\/bertrand.pl\/produkt\/mb-45\/#primaryimage"},"image":{"@id":"https:\/\/bertrand.pl\/produkt\/mb-45\/#primaryimage"},"thumbnailUrl":"https:\/\/bertrand.pl\/wp-content\/uploads\/2023\/12\/mb_45_1_big.jpg","datePublished":"2023-12-13T07:49:04+00:00","dateModified":"2025-08-06T09:54:45+00:00","description":"MB-45 \u2013 universele keuze voor deuren, scheidingswanden en ramen. Rookdichtheid, slanke profielen en een ruim assortiment beglazingen in een moderne uitvoering.","breadcrumb":{"@id":"https:\/\/bertrand.pl\/produkt\/mb-45\/#breadcrumb"},"inLanguage":"nl-NL","potentialAction":[{"@type":"ReadAction","target":["https:\/\/bertrand.pl\/produkt\/mb-45\/"]}]},{"@type":"ImageObject","inLanguage":"nl-NL","@id":"https:\/\/bertrand.pl\/produkt\/mb-45\/#primaryimage","url":"https:\/\/bertrand.pl\/wp-content\/uploads\/2023\/12\/mb_45_1_big.jpg","contentUrl":"https:\/\/bertrand.pl\/wp-content\/uploads\/2023\/12\/mb_45_1_big.jpg","width":600,"height":600},{"@type":"BreadcrumbList","@id":"https:\/\/bertrand.pl\/produkt\/mb-45\/#breadcrumb","itemListElement":[{"@type":"ListItem","position":1,"name":"Strona g\u0142\u00f3wna","item":"https:\/\/bertrand.pl\/"},{"@type":"ListItem","position":2,"name":"Produits","item":"https:\/\/bertrand.pl\/fr\/shop\/"},{"@type":"ListItem","position":3,"name":"MB 45"}]},{"@type":"WebSite","@id":"https:\/\/bertrand.pl\/#website","url":"https:\/\/bertrand.pl\/","name":"Bertrand.pl","description":"Firma Bertrand to certyfikowany i uznany producent najwy\u017cszej jako\u015bci okien z PVC, z drewna lub aluminium. Produkcja drzwi, rolet i bram gara\u017cowych.","publisher":{"@id":"https:\/\/bertrand.pl\/#organization"},"potentialAction":[{"@type":"SearchAction","target":{"@type":"EntryPoint","urlTemplate":"https:\/\/bertrand.pl\/?s={search_term_string}"},"query-input":{"@type":"PropertyValueSpecification","valueRequired":true,"valueName":"search_term_string"}}],"inLanguage":"nl-NL"},{"@type":"Organization","@id":"https:\/\/bertrand.pl\/#organization","name":"Bertrand.pl","url":"https:\/\/bertrand.pl\/","logo":{"@type":"ImageObject","inLanguage":"nl-NL","@id":"https:\/\/bertrand.pl\/#\/schema\/logo\/image\/","url":"https:\/\/bertrand.pl\/wp-content\/uploads\/2024\/12\/logo_BB_TM_PL_black.png","contentUrl":"https:\/\/bertrand.pl\/wp-content\/uploads\/2024\/12\/logo_BB_TM_PL_black.png","width":1831,"height":1831,"caption":"Bertrand.pl"},"image":{"@id":"https:\/\/bertrand.pl\/#\/schema\/logo\/image\/"},"sameAs":["https:\/\/www.facebook.com\/bertrandpolska\/","https:\/\/www.instagram.com\/bertrand_okna_i_drzwi\/","https:\/\/www.linkedin.com\/company\/bertrand\/","https:\/\/www.tiktok.com\/@bertrand_okna_drzwi"]}]}},"_links":{"self":[{"href":"https:\/\/bertrand.pl\/nl\/wp-json\/wp\/v2\/product\/954","targetHints":{"allow":["GET"]}}],"collection":[{"href":"https:\/\/bertrand.pl\/nl\/wp-json\/wp\/v2\/product"}],"about":[{"href":"https:\/\/bertrand.pl\/nl\/wp-json\/wp\/v2\/types\/product"}],"wp:featuredmedia":[{"embeddable":true,"href":"https:\/\/bertrand.pl\/nl\/wp-json\/wp\/v2\/media\/956"}],"wp:attachment":[{"href":"https:\/\/bertrand.pl\/nl\/wp-json\/wp\/v2\/media?parent=954"}],"wp:term":[{"taxonomy":"product_brand","embeddable":true,"href":"https:\/\/bertrand.pl\/nl\/wp-json\/wp\/v2\/product_brand?post=954"},{"taxonomy":"product_cat","embeddable":true,"href":"https:\/\/bertrand.pl\/nl\/wp-json\/wp\/v2\/product_cat?post=954"},{"taxonomy":"product_tag","embeddable":true,"href":"https:\/\/bertrand.pl\/nl\/wp-json\/wp\/v2\/product_tag?post=954"}],"curies":[{"name":"wp","href":"https:\/\/api.w.org\/{rel}","templated":true}]}}