{"id":971,"date":"2023-12-13T09:18:10","date_gmt":"2023-12-13T08:18:10","guid":{"rendered":"https:\/\/bertrand.pl\/?post_type=product&#038;p=971"},"modified":"2025-08-06T11:46:30","modified_gmt":"2025-08-06T09:46:30","slug":"meesterlijn-8","status":"publish","type":"product","link":"https:\/\/bertrand.pl\/nl\/produkt\/masterline-8\/","title":{"rendered":"MEESTERLIJN 8"},"content":{"rendered":"<p>Systeem <strong>MasterLine 8<\/strong> is een geavanceerde oplossing voor gebouwen waar hoge normen op het gebied van thermische isolatie en modern design centraal staan. Dankzij innovatieve technologie\u00ebn biedt het ruime configuratiemogelijkheden, waardoor het een ideale keuze is voor zowel energiezuinige als passiefhuizen. MasterLine 8 combineert functionaliteit, esthetiek en energie-effici\u00ebntie en past zich aan een verscheidenheid aan architectonische eisen aan.<\/p>\n<p>&nbsp;<\/p>\n<h4>Drie niveaus van isolatie<\/h4>\n<p>&nbsp;<\/p>\n<p>MasterLine 8 onderscheidt zich door de mogelijkheid om het isolatieniveau aan te passen aan de behoeften van een specifiek project. Dankzij het gebruik van geavanceerde materialen voldoet het systeem aan de eisen:<\/p>\n<ul>\n<li>Gebouwen met een hoog isolatieniveau.<\/li>\n<li>Energiezuinige huizen.<\/li>\n<li>Passieve gebouwen, waar het minimaliseren van warmteverliezen een prioriteit is.<\/li>\n<\/ul>\n<p>&nbsp;<\/p>\n<h4>Moderne openingsmogelijkheden<\/h4>\n<p>&nbsp;<\/p>\n<p>Het systeem biedt verschillende openingsopties, waaronder:<\/p>\n<ul>\n<li>Enkele en dubbele balkondeuren.<\/li>\n<li>Lage drempel, verhogend gebruikscomfort, zowel leverbaar in naar binnen als naar buiten draaiende deuren.<\/li>\n<\/ul>\n<p>&nbsp;<\/p>\n<h4>Universeel MasterLine 8-ontwerp<\/h4>\n<p>&nbsp;<\/p>\n<p>Met het systeem kunt u de uitstraling van het systeem afstemmen op iedere bouwstijl. Dankzij een breed scala aan esthetische varianten kan het zowel in moderne, minimalistische gebouwen als in traditionele ontwerpen worden gebruikt.<\/p>\n<p>&nbsp;<\/p>\n<p>&nbsp;<\/p>\n<h4>Belangrijkste voordelen van het systeem<\/h4>\n<p>&nbsp;<\/p>\n<ol>\n<li><strong>Energie-effici\u00ebntie:<\/strong> Een ideale keuze voor passieve en energiezuinige gebouwen.<\/li>\n<li><strong>Ontwerpflexibiliteit:<\/strong> Mogelijkheid om openings- en configuratieopties te kiezen op basis van individuele behoeften.<\/li>\n<li><strong>Esthetiek:<\/strong> Universeel ontwerp, passend bij diverse bouwstijlen.<\/li>\n<li><strong>Gebruikscomfort:<\/strong> Lage drempel en diverse varianten van het openen van de vleugels voor meer functionaliteit.<\/li>\n<\/ol>\n<p>&nbsp;<\/p>\n<h4>Waarom kiezen voor MasterLine 8?<\/h4>\n<p>&nbsp;<\/p>\n<p>Dit systeem is bovenal een perfecte combinatie van technologische innovatie en esthetiek. Dankzij de veelzijdigheid, energie-effici\u00ebntie en het elegante ontwerp werkt het goed in zowel moderne als klassieke ontwerpen, waardoor de normen voor comfort en isolatie in elk gebouw worden verhoogd.<\/p>\n<p>&nbsp;<\/p>\n<h4><strong><a href=\"https:\/\/bertrand.pl\/nl\/kleur\/\">Kleuren van ramen en deuren<\/a><\/strong><\/h4>","protected":false},"excerpt":{"rendered":"<p><strong>GEMAAKT VOOR KAMPIOENEN<\/strong><\/p>\n<p>MasterLine 8 is een uniek raamsysteem dat talloze ontwerpmogelijkheden en uitstekende parameters biedt op het gebied van thermische isolatie, luchtdoorlatendheid, waterdichtheid en weerstand tegen windbelasting. De nieuwe generatie innovatieve raamoplossingen weerspiegelt de huidige trends in de architectuur, die tot doel hebben het gebruik van daglicht te maximaliseren en tegelijkertijd het hoogste niveau van thermische isolatie te behouden.<\/p>","protected":false},"featured_media":973,"template":"","meta":{"site-sidebar-layout":"default","site-content-layout":"","ast-site-content-layout":"default","site-content-style":"default","site-sidebar-style":"default","ast-global-header-display":"","ast-banner-title-visibility":"","ast-main-header-display":"","ast-hfb-above-header-display":"","ast-hfb-below-header-display":"","ast-hfb-mobile-header-display":"","site-post-title":"","ast-breadcrumbs-content":"","ast-featured-img":"","footer-sml-layout":"","ast-disable-related-posts":"","theme-transparent-header-meta":"default","adv-header-id-meta":"","stick-header-meta":"","header-above-stick-meta":"","header-main-stick-meta":"","header-below-stick-meta":"","astra-migrate-meta-layouts":"set","ast-page-background-enabled":"default","ast-page-background-meta":{"desktop":{"background-color":"var(--ast-global-color-4)","background-image":"","background-repeat":"repeat","background-position":"center center","background-size":"auto","background-attachment":"scroll","background-type":"","background-media":"","overlay-type":"","overlay-color":"","overlay-opacity":"","overlay-gradient":""},"tablet":{"background-color":"","background-image":"","background-repeat":"repeat","background-position":"center center","background-size":"auto","background-attachment":"scroll","background-type":"","background-media":"","overlay-type":"","overlay-color":"","overlay-opacity":"","overlay-gradient":""},"mobile":{"background-color":"","background-image":"","background-repeat":"repeat","background-position":"center center","background-size":"auto","background-attachment":"scroll","background-type":"","background-media":"","overlay-type":"","overlay-color":"","overlay-opacity":"","overlay-gradient":""}},"ast-content-background-meta":{"desktop":{"background-color":"var(--ast-global-color-5)","background-image":"","background-repeat":"repeat","background-position":"center center","background-size":"auto","background-attachment":"scroll","background-type":"","background-media":"","overlay-type":"","overlay-color":"","overlay-opacity":"","overlay-gradient":""},"tablet":{"background-color":"var(--ast-global-color-5)","background-image":"","background-repeat":"repeat","background-position":"center center","background-size":"auto","background-attachment":"scroll","background-type":"","background-media":"","overlay-type":"","overlay-color":"","overlay-opacity":"","overlay-gradient":""},"mobile":{"background-color":"var(--ast-global-color-5)","background-image":"","background-repeat":"repeat","background-position":"center center","background-size":"auto","background-attachment":"scroll","background-type":"","background-media":"","overlay-type":"","overlay-color":"","overlay-opacity":"","overlay-gradient":""}}},"product_brand":[],"product_cat":[28],"product_tag":[316,193,168,360,326,367,368,339,352,414,345,344,346,408,453,370,389,398,405,361,366,454,455,323,315,324,447,169,362,348],"class_list":{"0":"post-971","1":"product","2":"type-product","3":"status-publish","4":"has-post-thumbnail","6":"product_cat-okna-aluminiowe","7":"product_tag-aluminiowe-okno","8":"product_tag-aluminium","9":"product_tag-bertrand","10":"product_tag-bezpieczenstwo","11":"product_tag-budowa-domu","12":"product_tag-budownictwo","13":"product_tag-budownictwo-pasywne","14":"product_tag-design","15":"product_tag-dobreokna","16":"product_tag-doskonala-izolacja-termiczna","17":"product_tag-drzwi-balkonowe","18":"product_tag-duze-okna","19":"product_tag-duze-przestrzenie","20":"product_tag-duze-przeszklenia","21":"product_tag-energooszczednosc","22":"product_tag-idealne-okna-do-domu","23":"product_tag-izolacja-akustyczna","24":"product_tag-izolacja-cieplna","25":"product_tag-izolacja-termiczna","26":"product_tag-jakosc","27":"product_tag-komfort","28":"product_tag-masterline","29":"product_tag-masterline-8","30":"product_tag-okna-z-polski","31":"product_tag-okno-aluminiowe","32":"product_tag-okno-dla-domu","33":"product_tag-oszczednosc","34":"product_tag-produkt","35":"product_tag-quality","36":"product_tag-windows","37":"desktop-align-left","38":"tablet-align-left","39":"mobile-align-left","41":"first","42":"instock","43":"shipping-taxable","44":"product-type-simple"},"yoast_head":"<!-- This site is optimized with the Yoast SEO Premium plugin v27.2 (Yoast SEO v27.2) - https:\/\/yoast.com\/product\/yoast-seo-premium-wordpress\/ -->\n<title>MASTERLINE 8 - Bertrand. Najwy\u017cszej jako\u015bci okna i drzwi. Certyfikowany producent od 1969 roku.<\/title>\n<meta name=\"description\" content=\"MasterLine 8 \u2013 system o trzech poziomach izolacyjno\u015bci, idealny do budynk\u00f3w pasywnych i energooszcz\u0119dnych. Nowoczesny design i szerokie opcje konfiguracji.\" \/>\n<meta name=\"robots\" content=\"index, follow, max-snippet:-1, max-image-preview:large, max-video-preview:-1\" \/>\n<link rel=\"canonical\" href=\"https:\/\/bertrand.pl\/nl\/product-2\/meesterlijn-8\/\" \/>\n<meta property=\"og:locale\" content=\"nl_NL\" \/>\n<meta property=\"og:type\" content=\"article\" \/>\n<meta property=\"og:title\" content=\"MASTERLINE 8\" \/>\n<meta property=\"og:description\" content=\"MasterLine 8 \u2013 system o trzech poziomach izolacyjno\u015bci, idealny do budynk\u00f3w pasywnych i energooszcz\u0119dnych. Nowoczesny design i szerokie opcje konfiguracji.\" \/>\n<meta property=\"og:url\" content=\"https:\/\/bertrand.pl\/nl\/product-2\/meesterlijn-8\/\" \/>\n<meta property=\"og:site_name\" content=\"Bertrand. Najwy\u017cszej jako\u015bci okna i drzwi. Certyfikowany producent od 1969 roku.\" \/>\n<meta property=\"article:publisher\" content=\"https:\/\/www.facebook.com\/bertrandpolska\/\" \/>\n<meta property=\"article:modified_time\" content=\"2025-08-06T09:46:30+00:00\" \/>\n<meta property=\"og:image\" content=\"https:\/\/bertrand.pl\/wp-content\/uploads\/2023\/12\/masterline-8.png\" \/>\n\t<meta property=\"og:image:width\" content=\"750\" \/>\n\t<meta property=\"og:image:height\" content=\"750\" \/>\n\t<meta property=\"og:image:type\" content=\"image\/png\" \/>\n<meta name=\"twitter:card\" content=\"summary_large_image\" \/>\n<meta name=\"twitter:label1\" content=\"Geschatte leestijd\" \/>\n\t<meta name=\"twitter:data1\" content=\"2 minuten\" \/>\n<script type=\"application\/ld+json\" class=\"yoast-schema-graph\">{\"@context\":\"https:\/\/schema.org\",\"@graph\":[{\"@type\":\"WebPage\",\"@id\":\"https:\/\/bertrand.pl\/produkt\/masterline-8\/\",\"url\":\"https:\/\/bertrand.pl\/produkt\/masterline-8\/\",\"name\":\"MASTERLINE 8 - Bertrand. Najwy\u017cszej jako\u015bci okna i drzwi. Certyfikowany producent od 1969 roku.\",\"isPartOf\":{\"@id\":\"https:\/\/bertrand.pl\/#website\"},\"primaryImageOfPage\":{\"@id\":\"https:\/\/bertrand.pl\/produkt\/masterline-8\/#primaryimage\"},\"image\":{\"@id\":\"https:\/\/bertrand.pl\/produkt\/masterline-8\/#primaryimage\"},\"thumbnailUrl\":\"https:\/\/bertrand.pl\/wp-content\/uploads\/2023\/12\/masterline-8.png\",\"datePublished\":\"2023-12-13T08:18:10+00:00\",\"dateModified\":\"2025-08-06T09:46:30+00:00\",\"description\":\"MasterLine 8 \u2013 system o trzech poziomach izolacyjno\u015bci, idealny do budynk\u00f3w pasywnych i energooszcz\u0119dnych. Nowoczesny design i szerokie opcje konfiguracji.\",\"breadcrumb\":{\"@id\":\"https:\/\/bertrand.pl\/produkt\/masterline-8\/#breadcrumb\"},\"inLanguage\":\"nl-NL\",\"potentialAction\":[{\"@type\":\"ReadAction\",\"target\":[\"https:\/\/bertrand.pl\/produkt\/masterline-8\/\"]}]},{\"@type\":\"ImageObject\",\"inLanguage\":\"nl-NL\",\"@id\":\"https:\/\/bertrand.pl\/produkt\/masterline-8\/#primaryimage\",\"url\":\"https:\/\/bertrand.pl\/wp-content\/uploads\/2023\/12\/masterline-8.png\",\"contentUrl\":\"https:\/\/bertrand.pl\/wp-content\/uploads\/2023\/12\/masterline-8.png\",\"width\":750,\"height\":750},{\"@type\":\"BreadcrumbList\",\"@id\":\"https:\/\/bertrand.pl\/produkt\/masterline-8\/#breadcrumb\",\"itemListElement\":[{\"@type\":\"ListItem\",\"position\":1,\"name\":\"Strona g\u0142\u00f3wna\",\"item\":\"https:\/\/bertrand.pl\/\"},{\"@type\":\"ListItem\",\"position\":2,\"name\":\"Produits\",\"item\":\"https:\/\/bertrand.pl\/fr\/shop\/\"},{\"@type\":\"ListItem\",\"position\":3,\"name\":\"MASTERLINE 8\"}]},{\"@type\":\"WebSite\",\"@id\":\"https:\/\/bertrand.pl\/#website\",\"url\":\"https:\/\/bertrand.pl\/\",\"name\":\"Bertrand.pl\",\"description\":\"Firma Bertrand to certyfikowany i uznany producent najwy\u017cszej jako\u015bci okien z PVC, z drewna lub aluminium. Produkcja drzwi, rolet i bram gara\u017cowych.\",\"publisher\":{\"@id\":\"https:\/\/bertrand.pl\/#organization\"},\"potentialAction\":[{\"@type\":\"SearchAction\",\"target\":{\"@type\":\"EntryPoint\",\"urlTemplate\":\"https:\/\/bertrand.pl\/?s={search_term_string}\"},\"query-input\":{\"@type\":\"PropertyValueSpecification\",\"valueRequired\":true,\"valueName\":\"search_term_string\"}}],\"inLanguage\":\"nl-NL\"},{\"@type\":\"Organization\",\"@id\":\"https:\/\/bertrand.pl\/#organization\",\"name\":\"Bertrand.pl\",\"url\":\"https:\/\/bertrand.pl\/\",\"logo\":{\"@type\":\"ImageObject\",\"inLanguage\":\"nl-NL\",\"@id\":\"https:\/\/bertrand.pl\/#\/schema\/logo\/image\/\",\"url\":\"https:\/\/bertrand.pl\/wp-content\/uploads\/2024\/12\/logo_BB_TM_PL_black.png\",\"contentUrl\":\"https:\/\/bertrand.pl\/wp-content\/uploads\/2024\/12\/logo_BB_TM_PL_black.png\",\"width\":1831,\"height\":1831,\"caption\":\"Bertrand.pl\"},\"image\":{\"@id\":\"https:\/\/bertrand.pl\/#\/schema\/logo\/image\/\"},\"sameAs\":[\"https:\/\/www.facebook.com\/bertrandpolska\/\",\"https:\/\/www.instagram.com\/bertrand_okna_i_drzwi\/\",\"https:\/\/www.linkedin.com\/company\/bertrand\/\",\"https:\/\/www.tiktok.com\/@bertrand_okna_drzwi\"]}]}<\/script>\n<!-- \/ Yoast SEO Premium plugin. -->","yoast_head_json":{"title":"MASTERLINE 8 - Bertrand. Najwy\u017cszej jako\u015bci okna i drzwi. Certyfikowany producent od 1969 roku.","description":"MasterLine 8 \u2013 een systeem met drie isolatieniveaus, ideaal voor passieve en energiezuinige gebouwen. Modern design en ruime configuratiemogelijkheden.","robots":{"index":"index","follow":"follow","max-snippet":"max-snippet:-1","max-image-preview":"max-image-preview:large","max-video-preview":"max-video-preview:-1"},"canonical":"https:\/\/bertrand.pl\/nl\/product-2\/meesterlijn-8\/","og_locale":"nl_NL","og_type":"article","og_title":"MASTERLINE 8","og_description":"MasterLine 8 \u2013 system o trzech poziomach izolacyjno\u015bci, idealny do budynk\u00f3w pasywnych i energooszcz\u0119dnych. Nowoczesny design i szerokie opcje konfiguracji.","og_url":"https:\/\/bertrand.pl\/nl\/product-2\/meesterlijn-8\/","og_site_name":"Bertrand. Najwy\u017cszej jako\u015bci okna i drzwi. Certyfikowany producent od 1969 roku.","article_publisher":"https:\/\/www.facebook.com\/bertrandpolska\/","article_modified_time":"2025-08-06T09:46:30+00:00","og_image":[{"width":750,"height":750,"url":"https:\/\/bertrand.pl\/wp-content\/uploads\/2023\/12\/masterline-8.png","type":"image\/png"}],"twitter_card":"summary_large_image","twitter_misc":{"Geschatte leestijd":"2 minuten"},"schema":{"@context":"https:\/\/schema.org","@graph":[{"@type":"WebPage","@id":"https:\/\/bertrand.pl\/produkt\/masterline-8\/","url":"https:\/\/bertrand.pl\/produkt\/masterline-8\/","name":"MASTERLINE 8 - Bertrand. Najwy\u017cszej jako\u015bci okna i drzwi. Certyfikowany producent od 1969 roku.","isPartOf":{"@id":"https:\/\/bertrand.pl\/#website"},"primaryImageOfPage":{"@id":"https:\/\/bertrand.pl\/produkt\/masterline-8\/#primaryimage"},"image":{"@id":"https:\/\/bertrand.pl\/produkt\/masterline-8\/#primaryimage"},"thumbnailUrl":"https:\/\/bertrand.pl\/wp-content\/uploads\/2023\/12\/masterline-8.png","datePublished":"2023-12-13T08:18:10+00:00","dateModified":"2025-08-06T09:46:30+00:00","description":"MasterLine 8 \u2013 een systeem met drie isolatieniveaus, ideaal voor passieve en energiezuinige gebouwen. Modern design en ruime configuratiemogelijkheden.","breadcrumb":{"@id":"https:\/\/bertrand.pl\/produkt\/masterline-8\/#breadcrumb"},"inLanguage":"nl-NL","potentialAction":[{"@type":"ReadAction","target":["https:\/\/bertrand.pl\/produkt\/masterline-8\/"]}]},{"@type":"ImageObject","inLanguage":"nl-NL","@id":"https:\/\/bertrand.pl\/produkt\/masterline-8\/#primaryimage","url":"https:\/\/bertrand.pl\/wp-content\/uploads\/2023\/12\/masterline-8.png","contentUrl":"https:\/\/bertrand.pl\/wp-content\/uploads\/2023\/12\/masterline-8.png","width":750,"height":750},{"@type":"BreadcrumbList","@id":"https:\/\/bertrand.pl\/produkt\/masterline-8\/#breadcrumb","itemListElement":[{"@type":"ListItem","position":1,"name":"Strona g\u0142\u00f3wna","item":"https:\/\/bertrand.pl\/"},{"@type":"ListItem","position":2,"name":"Produits","item":"https:\/\/bertrand.pl\/fr\/shop\/"},{"@type":"ListItem","position":3,"name":"MASTERLINE 8"}]},{"@type":"WebSite","@id":"https:\/\/bertrand.pl\/#website","url":"https:\/\/bertrand.pl\/","name":"Bertrand.pl","description":"Firma Bertrand to certyfikowany i uznany producent najwy\u017cszej jako\u015bci okien z PVC, z drewna lub aluminium. Produkcja drzwi, rolet i bram gara\u017cowych.","publisher":{"@id":"https:\/\/bertrand.pl\/#organization"},"potentialAction":[{"@type":"SearchAction","target":{"@type":"EntryPoint","urlTemplate":"https:\/\/bertrand.pl\/?s={search_term_string}"},"query-input":{"@type":"PropertyValueSpecification","valueRequired":true,"valueName":"search_term_string"}}],"inLanguage":"nl-NL"},{"@type":"Organization","@id":"https:\/\/bertrand.pl\/#organization","name":"Bertrand.pl","url":"https:\/\/bertrand.pl\/","logo":{"@type":"ImageObject","inLanguage":"nl-NL","@id":"https:\/\/bertrand.pl\/#\/schema\/logo\/image\/","url":"https:\/\/bertrand.pl\/wp-content\/uploads\/2024\/12\/logo_BB_TM_PL_black.png","contentUrl":"https:\/\/bertrand.pl\/wp-content\/uploads\/2024\/12\/logo_BB_TM_PL_black.png","width":1831,"height":1831,"caption":"Bertrand.pl"},"image":{"@id":"https:\/\/bertrand.pl\/#\/schema\/logo\/image\/"},"sameAs":["https:\/\/www.facebook.com\/bertrandpolska\/","https:\/\/www.instagram.com\/bertrand_okna_i_drzwi\/","https:\/\/www.linkedin.com\/company\/bertrand\/","https:\/\/www.tiktok.com\/@bertrand_okna_drzwi"]}]}},"_links":{"self":[{"href":"https:\/\/bertrand.pl\/nl\/wp-json\/wp\/v2\/product\/971","targetHints":{"allow":["GET"]}}],"collection":[{"href":"https:\/\/bertrand.pl\/nl\/wp-json\/wp\/v2\/product"}],"about":[{"href":"https:\/\/bertrand.pl\/nl\/wp-json\/wp\/v2\/types\/product"}],"wp:featuredmedia":[{"embeddable":true,"href":"https:\/\/bertrand.pl\/nl\/wp-json\/wp\/v2\/media\/973"}],"wp:attachment":[{"href":"https:\/\/bertrand.pl\/nl\/wp-json\/wp\/v2\/media?parent=971"}],"wp:term":[{"taxonomy":"product_brand","embeddable":true,"href":"https:\/\/bertrand.pl\/nl\/wp-json\/wp\/v2\/product_brand?post=971"},{"taxonomy":"product_cat","embeddable":true,"href":"https:\/\/bertrand.pl\/nl\/wp-json\/wp\/v2\/product_cat?post=971"},{"taxonomy":"product_tag","embeddable":true,"href":"https:\/\/bertrand.pl\/nl\/wp-json\/wp\/v2\/product_tag?post=971"}],"curies":[{"name":"wp","href":"https:\/\/api.w.org\/{rel}","templated":true}]}}