{"id":978,"date":"2023-12-13T09:28:33","date_gmt":"2023-12-13T08:28:33","guid":{"rendered":"https:\/\/bertrand.pl\/?post_type=product&#038;p=978"},"modified":"2025-03-06T15:26:44","modified_gmt":"2025-03-06T14:26:44","slug":"infrarood","status":"publish","type":"product","link":"https:\/\/bertrand.pl\/nl\/produkt\/infratherm\/","title":{"rendered":"INFRATHERM"},"content":{"rendered":"<p><img decoding=\"async\" class=\"wp-image-3361 aligncenter\" src=\"https:\/\/bertrand.pl\/wp-content\/uploads\/2023\/12\/best_of_ibs-420x420.png\" alt=\"\" width=\"130\" height=\"130\" srcset=\"https:\/\/bertrand.pl\/wp-content\/uploads\/2023\/12\/best_of_ibs-420x420.png 420w, https:\/\/bertrand.pl\/wp-content\/uploads\/2023\/12\/best_of_ibs-12x12.png 12w, https:\/\/bertrand.pl\/wp-content\/uploads\/2023\/12\/best_of_ibs-300x300.png 300w, https:\/\/bertrand.pl\/wp-content\/uploads\/2023\/12\/best_of_ibs-600x600.png 600w, https:\/\/bertrand.pl\/wp-content\/uploads\/2023\/12\/best_of_ibs-100x100.png 100w, https:\/\/bertrand.pl\/wp-content\/uploads\/2023\/12\/best_of_ibs.png 702w\" sizes=\"(max-width: 130px) 100vw, 130px\" \/><\/p>\n<p>&nbsp;<\/p>\n<p>Raam <strong><a href=\"https:\/\/bertrand.pl\/nl\/product-2\/mb-79n\/\">MB79N<\/a> met geavanceerde Infratherm-technologie<\/strong>werd unaniem erkend als winnaar in de prestigieuze categorie <strong>Beste thuistechnologieproduct<\/strong>tijdens wereldtentoonstellingen<strong>IBS 2024 <\/strong>In<strong> Las Vegas!<\/strong><\/p>\n<p>&nbsp;<\/p>\n<p>Infratherm ramen kenmerken zich door een innovatieve oplossing in de vorm van elektronisch gestuurd ge\u00efsoleerd of gelaagd glas dat warmte afgeeft. Hierdoor zorgen ze niet alleen voor de transparantie van het glas, maar ook voor het thermisch comfort in gebouwen, wat cruciaal is voor gebruikers in verschillende klimaatzones.<\/p>\n<p>&nbsp;<\/p>\n<p>Bovendien technologie <strong>Infratherm<\/strong> lost effectief het probleem van waterdampcondensatie of vorst op, wat het gebruik van moeilijk bereikbare oppervlakken vaak bemoeilijkt. Hierdoor garanderen uw ramen met Infratherm het hele jaar door een aangename temperatuur in elke ruimte.<\/p>\n<p>&nbsp;<\/p>\n<h4>Voor wie is deze oplossing bedoeld?<\/h4>\n<p>&nbsp;<\/p>\n<p>Of u nu in een warm of koel klimaat leeft, deze technologie voorkomt dat waterdamp uw uitzicht naar buiten belemmert. Bovendien zal het aantal dagen dat u kunt genieten van mooi, natuurlijk daglicht aanzienlijk toenemen. En zoals we weten is dit niet alleen gunstig voor ons welzijn, maar ook voor onze gezondheid. Bovendien adviseren onze experts u graag hoe u het Infratherm-systeem bij u thuis het beste en meest effectief kunt inzetten.<\/p>\n<p><strong>Infratherm<\/strong> het kan zowel als hoofdverwarmingssysteem als in combinatie met bestaande installaties worden gebruikt. Aanvankelijk ontwikkeld voor Scandinavische landen en regio&#039;s met een koud klimaat, wordt het nu in de meeste klimaatzones ter wereld gebruikt. Dit is een bijzonder aantrekkelijke oplossing voor moderne architectuur-, woning- en commerci\u00eble projecten met grote beglazing. Belangrijk is dat deze technologie uitstekend werkt op plaatsen die niet permanent bewoond zijn en een snelle verwarming vereisen, zoals vakantiehuizen of seizoensfaciliteiten.<\/p>\n<p>&nbsp;<\/p>\n<p><img fetchpriority=\"high\" decoding=\"async\" class=\"aligncenter wp-image-3187\" src=\"https:\/\/bertrand.pl\/wp-content\/uploads\/2023\/12\/infratherm2-scaled.jpg\" alt=\"\" width=\"682\" height=\"455\" srcset=\"https:\/\/bertrand.pl\/wp-content\/uploads\/2023\/12\/infratherm2-scaled.jpg 2560w, https:\/\/bertrand.pl\/wp-content\/uploads\/2023\/12\/infratherm2-420x280.jpg 420w, https:\/\/bertrand.pl\/wp-content\/uploads\/2023\/12\/infratherm2-1360x907.jpg 1360w, https:\/\/bertrand.pl\/wp-content\/uploads\/2023\/12\/infratherm2-768x512.jpg 768w, https:\/\/bertrand.pl\/wp-content\/uploads\/2023\/12\/infratherm2-1536x1024.jpg 1536w, https:\/\/bertrand.pl\/wp-content\/uploads\/2023\/12\/infratherm2-2048x1365.jpg 2048w, https:\/\/bertrand.pl\/wp-content\/uploads\/2023\/12\/infratherm2-18x12.jpg 18w, https:\/\/bertrand.pl\/wp-content\/uploads\/2023\/12\/infratherm2-600x400.jpg 600w\" sizes=\"(max-width: 682px) 100vw, 682px\" \/><\/p>\n<p>&nbsp;<\/p>\n<h4><strong>Voorbeelden van toepassingen van het Infratherm systeem:<\/strong><\/h4>\n<p>&nbsp;<\/p>\n<ul>\n<li>Verwarming van woongebouwen<\/li>\n<li>Wintertuinen<\/li>\n<li>Overdekte zwembaden (verwarming en condensafvoer)<\/li>\n<li>Ziekenhuizen, klinieken, wachtkamers<\/li>\n<li>Vakantiewoningen (gezond, schone warmte, geen tocht)<\/li>\n<li>Restaurants (hoofdverwarming en verhoogd comfort nabij beglazing)<\/li>\n<li>Kantoren<\/li>\n<\/ul>\n<p><img decoding=\"async\" class=\"size-medium wp-image-980 aligncenter\" style=\"font-weight: inherit;\" src=\"https:\/\/bertrand.pl\/wp-content\/uploads\/2023\/12\/infratherm_okna_grzewcze_okno-420x315.jpg\" alt=\"\" width=\"420\" height=\"315\" srcset=\"https:\/\/bertrand.pl\/wp-content\/uploads\/2023\/12\/infratherm_okna_grzewcze_okno-420x315.jpg 420w, https:\/\/bertrand.pl\/wp-content\/uploads\/2023\/12\/infratherm_okna_grzewcze_okno.jpg 600w\" sizes=\"(max-width: 420px) 100vw, 420px\" \/><\/p>\n<p>&nbsp;<\/p>\n<h4><strong>De belangrijkste voordelen van het Infratherm systeem:<\/strong><\/h4>\n<p>&nbsp;<\/p>\n<ul>\n<li>Onzichtbaar, transparant en esthetisch, net als hoogwaardig isolatieglas<\/li>\n<li>Vereist geen extra installatieruimte<\/li>\n<li>Gemakkelijk schoon te houden en geen onderhoud nodig<\/li>\n<li>Gezonde, stralingswarmte die het \u2018koude muur\u2019-effect elimineert<\/li>\n<li>Onmiddellijk gevoel van thermisch comfort<\/li>\n<li>Constante, gelijkmatige temperatuur in de kamer zonder luchtbeweging<\/li>\n<li>Energie-effici\u00ebntie en besparing op verwarmingskosten<\/li>\n<li>Snelle verwarming van kamers, zelfs op koude dagen<\/li>\n<\/ul>\n<p><strong>Infratherm<\/strong> is een technologie die niet alleen het levenscomfort verbetert, maar ook de energie-effici\u00ebntie van gebouwen aanzienlijk verhoogt. Door voor deze oplossing te kiezen, investeert u dus in moderniteit, besparingen en de gezondheid van uw gezin.<\/p>\n<p>&nbsp;<\/p>\n<h4><strong><a href=\"https:\/\/bertrand.pl\/nl\/kleur\/\">Kleuren van ramen en deuren<\/a><\/strong><\/h4>","protected":false},"excerpt":{"rendered":"<p><strong>STEL U VOOR dat uw ramen een verwarmingsbron worden<\/strong><\/p>\n<p>INFRATHERM zorgt voor warmte die uit het glas stroomt, waardoor het thermisch comfort in het gebouw wordt verbeterd. INFRATHERM is een moderne verwarmingsoplossing die thermisch comfort in kamers garandeert en tocht en een koud gevoel elimineert.<\/p>","protected":false},"featured_media":3369,"template":"","meta":{"site-sidebar-layout":"default","site-content-layout":"","ast-site-content-layout":"default","site-content-style":"default","site-sidebar-style":"default","ast-global-header-display":"","ast-banner-title-visibility":"","ast-main-header-display":"","ast-hfb-above-header-display":"","ast-hfb-below-header-display":"","ast-hfb-mobile-header-display":"","site-post-title":"","ast-breadcrumbs-content":"","ast-featured-img":"","footer-sml-layout":"","ast-disable-related-posts":"","theme-transparent-header-meta":"default","adv-header-id-meta":"","stick-header-meta":"","header-above-stick-meta":"","header-main-stick-meta":"","header-below-stick-meta":"","astra-migrate-meta-layouts":"set","ast-page-background-enabled":"default","ast-page-background-meta":{"desktop":{"background-color":"var(--ast-global-color-4)","background-image":"","background-repeat":"repeat","background-position":"center center","background-size":"auto","background-attachment":"scroll","background-type":"","background-media":"","overlay-type":"","overlay-color":"","overlay-opacity":"","overlay-gradient":""},"tablet":{"background-color":"","background-image":"","background-repeat":"repeat","background-position":"center center","background-size":"auto","background-attachment":"scroll","background-type":"","background-media":"","overlay-type":"","overlay-color":"","overlay-opacity":"","overlay-gradient":""},"mobile":{"background-color":"","background-image":"","background-repeat":"repeat","background-position":"center center","background-size":"auto","background-attachment":"scroll","background-type":"","background-media":"","overlay-type":"","overlay-color":"","overlay-opacity":"","overlay-gradient":""}},"ast-content-background-meta":{"desktop":{"background-color":"var(--ast-global-color-5)","background-image":"","background-repeat":"repeat","background-position":"center center","background-size":"auto","background-attachment":"scroll","background-type":"","background-media":"","overlay-type":"","overlay-color":"","overlay-opacity":"","overlay-gradient":""},"tablet":{"background-color":"var(--ast-global-color-5)","background-image":"","background-repeat":"repeat","background-position":"center center","background-size":"auto","background-attachment":"scroll","background-type":"","background-media":"","overlay-type":"","overlay-color":"","overlay-opacity":"","overlay-gradient":""},"mobile":{"background-color":"var(--ast-global-color-5)","background-image":"","background-repeat":"repeat","background-position":"center center","background-size":"auto","background-attachment":"scroll","background-type":"","background-media":"","overlay-type":"","overlay-color":"","overlay-opacity":"","overlay-gradient":""}}},"product_brand":[],"product_cat":[29],"product_tag":[352,420,327,346,408,448,370,444,450,446,451,452,449,174,441,442,443,447,445],"class_list":{"0":"post-978","1":"product","2":"type-product","3":"status-publish","4":"has-post-thumbnail","6":"product_cat-okna-grzewcze","7":"product_tag-dobreokna","8":"product_tag-duza-powierzchnia-szkla","9":"product_tag-duza-powierzchnia-szklenia","10":"product_tag-duze-przestrzenie","11":"product_tag-duze-przeszklenia","12":"product_tag-elektryczna-szyba","13":"product_tag-idealne-okna-do-domu","14":"product_tag-infratherm","15":"product_tag-ogrody-zimowe","16":"product_tag-ogrzewanie","17":"product_tag-ogrzewanie-budynkow","18":"product_tag-ogrzewanie-budynku","19":"product_tag-ogrzewanie-domu","20":"product_tag-okna","21":"product_tag-okna-grzewcze","22":"product_tag-okno-grzewcze","23":"product_tag-oknogrzewcze","24":"product_tag-oszczednosc","25":"product_tag-technologie","26":"desktop-align-left","27":"tablet-align-left","28":"mobile-align-left","30":"first","31":"instock","32":"shipping-taxable","33":"product-type-simple"},"yoast_head":"<!-- This site is optimized with the Yoast SEO Premium plugin v27.2 (Yoast SEO v27.2) - https:\/\/yoast.com\/product\/yoast-seo-premium-wordpress\/ -->\n<title>INFRATHERM - Bertrand. Najwy\u017cszej jako\u015bci okna i drzwi. Certyfikowany producent od 1969 roku.<\/title>\n<meta name=\"description\" content=\"Okno MB79N z technologi\u0105 Infratherm \u2013 nagrodzone za innowacyjno\u015b\u0107 na IBS 2024! Komfort cieplny, eliminacja kondensacji i efektywne ogrzewanie.\" \/>\n<meta name=\"robots\" content=\"index, follow, max-snippet:-1, max-image-preview:large, max-video-preview:-1\" \/>\n<link rel=\"canonical\" href=\"https:\/\/bertrand.pl\/nl\/product-2\/infrarood\/\" \/>\n<meta property=\"og:locale\" content=\"nl_NL\" \/>\n<meta property=\"og:type\" content=\"article\" \/>\n<meta property=\"og:title\" content=\"INFRATHERM\" \/>\n<meta property=\"og:description\" content=\"Okno MB79N z technologi\u0105 Infratherm \u2013 nagrodzone za innowacyjno\u015b\u0107 na IBS 2024! Komfort cieplny, eliminacja kondensacji i efektywne ogrzewanie.\" \/>\n<meta property=\"og:url\" content=\"https:\/\/bertrand.pl\/nl\/product-2\/infrarood\/\" \/>\n<meta property=\"og:site_name\" content=\"Bertrand. Najwy\u017cszej jako\u015bci okna i drzwi. Certyfikowany producent od 1969 roku.\" \/>\n<meta property=\"article:publisher\" content=\"https:\/\/www.facebook.com\/bertrandpolska\/\" \/>\n<meta property=\"article:modified_time\" content=\"2025-03-06T14:26:44+00:00\" \/>\n<meta property=\"og:image\" content=\"https:\/\/bertrand.pl\/wp-content\/uploads\/2023\/12\/infratherm_www-scaled.jpg\" \/>\n\t<meta property=\"og:image:width\" content=\"2560\" \/>\n\t<meta property=\"og:image:height\" content=\"2560\" \/>\n\t<meta property=\"og:image:type\" content=\"image\/jpeg\" \/>\n<meta name=\"twitter:card\" content=\"summary_large_image\" \/>\n<meta name=\"twitter:label1\" content=\"Geschatte leestijd\" \/>\n\t<meta name=\"twitter:data1\" content=\"4 minuten\" \/>\n<script type=\"application\/ld+json\" class=\"yoast-schema-graph\">{\"@context\":\"https:\/\/schema.org\",\"@graph\":[{\"@type\":\"WebPage\",\"@id\":\"https:\/\/bertrand.pl\/produkt\/infratherm\/\",\"url\":\"https:\/\/bertrand.pl\/produkt\/infratherm\/\",\"name\":\"INFRATHERM - Bertrand. Najwy\u017cszej jako\u015bci okna i drzwi. Certyfikowany producent od 1969 roku.\",\"isPartOf\":{\"@id\":\"https:\/\/bertrand.pl\/#website\"},\"primaryImageOfPage\":{\"@id\":\"https:\/\/bertrand.pl\/produkt\/infratherm\/#primaryimage\"},\"image\":{\"@id\":\"https:\/\/bertrand.pl\/produkt\/infratherm\/#primaryimage\"},\"thumbnailUrl\":\"https:\/\/bertrand.pl\/wp-content\/uploads\/2023\/12\/infratherm_www-scaled.jpg\",\"datePublished\":\"2023-12-13T08:28:33+00:00\",\"dateModified\":\"2025-03-06T14:26:44+00:00\",\"description\":\"Okno MB79N z technologi\u0105 Infratherm \u2013 nagrodzone za innowacyjno\u015b\u0107 na IBS 2024! Komfort cieplny, eliminacja kondensacji i efektywne ogrzewanie.\",\"breadcrumb\":{\"@id\":\"https:\/\/bertrand.pl\/produkt\/infratherm\/#breadcrumb\"},\"inLanguage\":\"nl-NL\",\"potentialAction\":[{\"@type\":\"ReadAction\",\"target\":[\"https:\/\/bertrand.pl\/produkt\/infratherm\/\"]}]},{\"@type\":\"ImageObject\",\"inLanguage\":\"nl-NL\",\"@id\":\"https:\/\/bertrand.pl\/produkt\/infratherm\/#primaryimage\",\"url\":\"https:\/\/bertrand.pl\/wp-content\/uploads\/2023\/12\/infratherm_www-scaled.jpg\",\"contentUrl\":\"https:\/\/bertrand.pl\/wp-content\/uploads\/2023\/12\/infratherm_www-scaled.jpg\",\"width\":2560,\"height\":2560},{\"@type\":\"BreadcrumbList\",\"@id\":\"https:\/\/bertrand.pl\/produkt\/infratherm\/#breadcrumb\",\"itemListElement\":[{\"@type\":\"ListItem\",\"position\":1,\"name\":\"Strona g\u0142\u00f3wna\",\"item\":\"https:\/\/bertrand.pl\/\"},{\"@type\":\"ListItem\",\"position\":2,\"name\":\"Produits\",\"item\":\"https:\/\/bertrand.pl\/fr\/shop\/\"},{\"@type\":\"ListItem\",\"position\":3,\"name\":\"INFRATHERM\"}]},{\"@type\":\"WebSite\",\"@id\":\"https:\/\/bertrand.pl\/#website\",\"url\":\"https:\/\/bertrand.pl\/\",\"name\":\"Bertrand.pl\",\"description\":\"Firma Bertrand to certyfikowany i uznany producent najwy\u017cszej jako\u015bci okien z PVC, z drewna lub aluminium. Produkcja drzwi, rolet i bram gara\u017cowych.\",\"publisher\":{\"@id\":\"https:\/\/bertrand.pl\/#organization\"},\"potentialAction\":[{\"@type\":\"SearchAction\",\"target\":{\"@type\":\"EntryPoint\",\"urlTemplate\":\"https:\/\/bertrand.pl\/?s={search_term_string}\"},\"query-input\":{\"@type\":\"PropertyValueSpecification\",\"valueRequired\":true,\"valueName\":\"search_term_string\"}}],\"inLanguage\":\"nl-NL\"},{\"@type\":\"Organization\",\"@id\":\"https:\/\/bertrand.pl\/#organization\",\"name\":\"Bertrand.pl\",\"url\":\"https:\/\/bertrand.pl\/\",\"logo\":{\"@type\":\"ImageObject\",\"inLanguage\":\"nl-NL\",\"@id\":\"https:\/\/bertrand.pl\/#\/schema\/logo\/image\/\",\"url\":\"https:\/\/bertrand.pl\/wp-content\/uploads\/2024\/12\/logo_BB_TM_PL_black.png\",\"contentUrl\":\"https:\/\/bertrand.pl\/wp-content\/uploads\/2024\/12\/logo_BB_TM_PL_black.png\",\"width\":1831,\"height\":1831,\"caption\":\"Bertrand.pl\"},\"image\":{\"@id\":\"https:\/\/bertrand.pl\/#\/schema\/logo\/image\/\"},\"sameAs\":[\"https:\/\/www.facebook.com\/bertrandpolska\/\",\"https:\/\/www.instagram.com\/bertrand_okna_i_drzwi\/\",\"https:\/\/www.linkedin.com\/company\/bertrand\/\",\"https:\/\/www.tiktok.com\/@bertrand_okna_drzwi\"]}]}<\/script>\n<!-- \/ Yoast SEO Premium plugin. -->","yoast_head_json":{"title":"INFRATHERM - Bertrand. Najwy\u017cszej jako\u015bci okna i drzwi. Certyfikowany producent od 1969 roku.","description":"MB79N-raam met Infratherm-technologie \u2013 bekroond voor innovatie op IBS 2024! Thermisch comfort, eliminatie van condensatie en effectieve verwarming.","robots":{"index":"index","follow":"follow","max-snippet":"max-snippet:-1","max-image-preview":"max-image-preview:large","max-video-preview":"max-video-preview:-1"},"canonical":"https:\/\/bertrand.pl\/nl\/product-2\/infrarood\/","og_locale":"nl_NL","og_type":"article","og_title":"INFRATHERM","og_description":"Okno MB79N z technologi\u0105 Infratherm \u2013 nagrodzone za innowacyjno\u015b\u0107 na IBS 2024! Komfort cieplny, eliminacja kondensacji i efektywne ogrzewanie.","og_url":"https:\/\/bertrand.pl\/nl\/product-2\/infrarood\/","og_site_name":"Bertrand. Najwy\u017cszej jako\u015bci okna i drzwi. Certyfikowany producent od 1969 roku.","article_publisher":"https:\/\/www.facebook.com\/bertrandpolska\/","article_modified_time":"2025-03-06T14:26:44+00:00","og_image":[{"width":2560,"height":2560,"url":"https:\/\/bertrand.pl\/wp-content\/uploads\/2023\/12\/infratherm_www-scaled.jpg","type":"image\/jpeg"}],"twitter_card":"summary_large_image","twitter_misc":{"Geschatte leestijd":"4 minuten"},"schema":{"@context":"https:\/\/schema.org","@graph":[{"@type":"WebPage","@id":"https:\/\/bertrand.pl\/produkt\/infratherm\/","url":"https:\/\/bertrand.pl\/produkt\/infratherm\/","name":"INFRATHERM - Bertrand. Najwy\u017cszej jako\u015bci okna i drzwi. Certyfikowany producent od 1969 roku.","isPartOf":{"@id":"https:\/\/bertrand.pl\/#website"},"primaryImageOfPage":{"@id":"https:\/\/bertrand.pl\/produkt\/infratherm\/#primaryimage"},"image":{"@id":"https:\/\/bertrand.pl\/produkt\/infratherm\/#primaryimage"},"thumbnailUrl":"https:\/\/bertrand.pl\/wp-content\/uploads\/2023\/12\/infratherm_www-scaled.jpg","datePublished":"2023-12-13T08:28:33+00:00","dateModified":"2025-03-06T14:26:44+00:00","description":"MB79N-raam met Infratherm-technologie \u2013 bekroond voor innovatie op IBS 2024! Thermisch comfort, eliminatie van condensatie en effectieve verwarming.","breadcrumb":{"@id":"https:\/\/bertrand.pl\/produkt\/infratherm\/#breadcrumb"},"inLanguage":"nl-NL","potentialAction":[{"@type":"ReadAction","target":["https:\/\/bertrand.pl\/produkt\/infratherm\/"]}]},{"@type":"ImageObject","inLanguage":"nl-NL","@id":"https:\/\/bertrand.pl\/produkt\/infratherm\/#primaryimage","url":"https:\/\/bertrand.pl\/wp-content\/uploads\/2023\/12\/infratherm_www-scaled.jpg","contentUrl":"https:\/\/bertrand.pl\/wp-content\/uploads\/2023\/12\/infratherm_www-scaled.jpg","width":2560,"height":2560},{"@type":"BreadcrumbList","@id":"https:\/\/bertrand.pl\/produkt\/infratherm\/#breadcrumb","itemListElement":[{"@type":"ListItem","position":1,"name":"Strona g\u0142\u00f3wna","item":"https:\/\/bertrand.pl\/"},{"@type":"ListItem","position":2,"name":"Produits","item":"https:\/\/bertrand.pl\/fr\/shop\/"},{"@type":"ListItem","position":3,"name":"INFRATHERM"}]},{"@type":"WebSite","@id":"https:\/\/bertrand.pl\/#website","url":"https:\/\/bertrand.pl\/","name":"Bertrand.pl","description":"Firma Bertrand to certyfikowany i uznany producent najwy\u017cszej jako\u015bci okien z PVC, z drewna lub aluminium. Produkcja drzwi, rolet i bram gara\u017cowych.","publisher":{"@id":"https:\/\/bertrand.pl\/#organization"},"potentialAction":[{"@type":"SearchAction","target":{"@type":"EntryPoint","urlTemplate":"https:\/\/bertrand.pl\/?s={search_term_string}"},"query-input":{"@type":"PropertyValueSpecification","valueRequired":true,"valueName":"search_term_string"}}],"inLanguage":"nl-NL"},{"@type":"Organization","@id":"https:\/\/bertrand.pl\/#organization","name":"Bertrand.pl","url":"https:\/\/bertrand.pl\/","logo":{"@type":"ImageObject","inLanguage":"nl-NL","@id":"https:\/\/bertrand.pl\/#\/schema\/logo\/image\/","url":"https:\/\/bertrand.pl\/wp-content\/uploads\/2024\/12\/logo_BB_TM_PL_black.png","contentUrl":"https:\/\/bertrand.pl\/wp-content\/uploads\/2024\/12\/logo_BB_TM_PL_black.png","width":1831,"height":1831,"caption":"Bertrand.pl"},"image":{"@id":"https:\/\/bertrand.pl\/#\/schema\/logo\/image\/"},"sameAs":["https:\/\/www.facebook.com\/bertrandpolska\/","https:\/\/www.instagram.com\/bertrand_okna_i_drzwi\/","https:\/\/www.linkedin.com\/company\/bertrand\/","https:\/\/www.tiktok.com\/@bertrand_okna_drzwi"]}]}},"_links":{"self":[{"href":"https:\/\/bertrand.pl\/nl\/wp-json\/wp\/v2\/product\/978","targetHints":{"allow":["GET"]}}],"collection":[{"href":"https:\/\/bertrand.pl\/nl\/wp-json\/wp\/v2\/product"}],"about":[{"href":"https:\/\/bertrand.pl\/nl\/wp-json\/wp\/v2\/types\/product"}],"wp:featuredmedia":[{"embeddable":true,"href":"https:\/\/bertrand.pl\/nl\/wp-json\/wp\/v2\/media\/3369"}],"wp:attachment":[{"href":"https:\/\/bertrand.pl\/nl\/wp-json\/wp\/v2\/media?parent=978"}],"wp:term":[{"taxonomy":"product_brand","embeddable":true,"href":"https:\/\/bertrand.pl\/nl\/wp-json\/wp\/v2\/product_brand?post=978"},{"taxonomy":"product_cat","embeddable":true,"href":"https:\/\/bertrand.pl\/nl\/wp-json\/wp\/v2\/product_cat?post=978"},{"taxonomy":"product_tag","embeddable":true,"href":"https:\/\/bertrand.pl\/nl\/wp-json\/wp\/v2\/product_tag?post=978"}],"curies":[{"name":"wp","href":"https:\/\/api.w.org\/{rel}","templated":true}]}}