{"id":982,"date":"2024-06-30T09:41:32","date_gmt":"2024-06-30T07:41:32","guid":{"rendered":"https:\/\/bertrand.pl\/?post_type=product&#038;p=982"},"modified":"2024-12-13T13:59:05","modified_gmt":"2024-12-13T12:59:05","slug":"bertrand-toegangsdeur","status":"publish","type":"product","link":"https:\/\/bertrand.pl\/nl\/produkt\/drzwi-wejsciowe-bertrand\/","title":{"rendered":"Toegangsdeur"},"content":{"rendered":"<h1><strong>Voordeuren \u2013 kies voor de perfecte combinatie van functionaliteit en stijl<\/strong><\/h1>\n<p>&nbsp;<\/p>\n<p>De voordeur is niet alleen een etalage van uw woning, maar ook een sleutelelement dat zorgt voor veiligheid, thermische en akoestische isolatie. Het kiezen van het juiste materiaal is uiterst belangrijk omdat het zowel de duurzaamheid als de esthetiek be\u00efnvloedt.<\/p>\n<p>&nbsp;<\/p>\n<hr \/>\n<h3><strong>PVC-deuren \u2013 praktisch en betaalbaar<\/strong><\/h3>\n<p>Deuren gemaakt van PVC, d.w.z. polyvinylchloride, zijn enorm populair. Waarom? Vooral vanwege hun duurzaamheid en weerstand tegen verschillende weersomstandigheden. Bovendien is PVC een gemakkelijk te onderhouden materiaal: het vereist geen ingewikkeld onderhoud. Dankzij moderne technologie\u00ebn zijn PVC-deuren verkrijgbaar in vele kleuren en stijlen, waarbij vaak andere materialen zoals hout worden ge\u00efmiteerd. Bovendien helpen hun uitstekende isolerende eigenschappen de optimale temperatuur in huis te behouden, wat het thermische comfort van de bewoners be\u00efnvloedt.<\/p>\n<hr \/>\n<h3><strong>Aluminium deuren \u2013 moderniteit en duurzaamheid in \u00e9\u00e9n<\/strong><\/h3>\n<p>Voor liefhebbers van modern design zijn aluminium deuren de perfecte keuze. Aluminium is uitzonderlijk licht en duurzaam, waardoor deuren van dit materiaal bestand zijn tegen corrosie en mechanische schade. Bovendien zorgt het gebruik van moderne thermische onderbrekingen in aluminium deuren voor uitstekende isolerende eigenschappen. De slanke, elegante profielen van deze deuren passen perfect bij minimalistische architectonische ontwerpen, waardoor gebouwen een prestigieus karakter krijgen.<\/p>\n<hr \/>\n<h3><strong>Houten deuren \u2013 warmte en klassieke elegantie<\/strong><\/h3>\n<p>Houten deuren worden al jaren geassocieerd met luxe en natuurlijke schoonheid. Hout brengt warmte in huis en de unieke nerven maken elke deur uniek. Moderne houten deuren combineren esthetiek met functionaliteit dankzij geavanceerde verwerkingstechnologie\u00ebn die hun weerstand tegen weersomstandigheden vergroten. Bovendien zorgt hout voor een uitstekende thermische en akoestische isolatie, waardoor deze keuze zowel praktisch als stijlvol is.<\/p>\n<p><a href=\"https:\/\/www.youtube.com\/watch?v=HrJnbzId9FI\">Geborsteld hout in Bertrand ramen en deuren<\/a><\/p>\n<p>&nbsp;<\/p>\n<hr \/>\n<h3><strong>Comfort, veiligheid en moderne technologie\u00ebn<\/strong><\/h3>\n<p>BERTRAND deuren zijn een voorbeeld van het combineren van moderne technologie\u00ebn met functionaliteit. Het gebruik van oplossingen zoals LED-verlichting in het handvat, vingerafdrukscanners of digitale zoekers verhoogt het gebruiksgemak. Daarnaast kunnen deurpanelen worden voorzien van intercoms en video-intercoms, wat zorgt voor meer veiligheid voor de bewoners.<\/p>\n<hr \/>\n<h3><strong>Ontwerp geschikt voor elke stijl<\/strong><\/h3>\n<p>Door de gevarieerde vormgeving van de deuren kunnen ze perfect worden afgestemd op het karakter van de woning. Nauwkeurig gemaakte details voegen elegantie en prestige toe, waardoor BERTRAND-deuren een decoratie van elke gevel zijn.<\/p>\n<hr \/>\n<h3><strong>Waarom is het de moeite waard om voor BERTRAND deuren te kiezen?<\/strong><\/h3>\n<p>&nbsp;<\/p>\n<ol>\n<li><strong>Materialen van hoge kwaliteit<\/strong> \u2013 PVC, aluminium en hout die voldoen aan de hoogste normen.<\/li>\n<li><strong>Moderne technologie\u00ebn<\/strong> \u2013 vingerafdrukscanners, video-intercoms en digitale zoekers.<\/li>\n<li><strong>Esthetiek en functionaliteit<\/strong> \u2013 deuren op maat van elk architectonisch ontwerp.<\/li>\n<li><strong>Perfecte isolatie<\/strong> \u2013 thermisch en akoestisch, waardoor comfortabel wonen verzekerd is.<\/li>\n<\/ol>\n<hr \/>\n<h3><\/h3>\n<p>De voordeur is een belangrijk onderdeel van uw woning. Of u nu kiest voor duurzame PVC deuren, moderne aluminium deuren of klassieke houten deuren, het merk BERTRAND staat garant voor kwaliteit, functionaliteit en elegantie. Investeer in deuren die zowel een etalage van uw huis zijn als een garantie voor veiligheid en comfort.<\/p>\n<p><strong>Ontdek BERTRAND deuren en cre\u00eber een unieke entree in je huis! <\/strong><\/p>\n<p><strong><a href=\"https:\/\/bertrand.pl\/nl\/houten-deuren-traditie-en-kwaliteit-sinds-1969\/\">Lees meer over Bertrand-deuren op onze blog: Houten deuren \u2013 Traditie en kwaliteit sinds 1969 \u2013 Bertrand.pl<\/a><\/strong><\/p>\n<figure id=\"attachment_984\" aria-describedby=\"caption-attachment-984\" style=\"width: 1920px\" class=\"wp-caption alignnone\"><img fetchpriority=\"high\" decoding=\"async\" class=\"wp-image-984 size-full\" title=\"Toegangsdeur\" src=\"https:\/\/bertrand.pl\/wp-content\/uploads\/2023\/12\/klasyczne-drzwi-zewntrzne.png\" alt=\"Bertrand-toegangsdeur. Decoratie van uw huis! \" width=\"1920\" height=\"600\" srcset=\"https:\/\/bertrand.pl\/wp-content\/uploads\/2023\/12\/klasyczne-drzwi-zewntrzne.png 1920w, https:\/\/bertrand.pl\/wp-content\/uploads\/2023\/12\/klasyczne-drzwi-zewntrzne-420x131.png 420w, https:\/\/bertrand.pl\/wp-content\/uploads\/2023\/12\/klasyczne-drzwi-zewntrzne-1360x425.png 1360w, https:\/\/bertrand.pl\/wp-content\/uploads\/2023\/12\/klasyczne-drzwi-zewntrzne-768x240.png 768w, https:\/\/bertrand.pl\/wp-content\/uploads\/2023\/12\/klasyczne-drzwi-zewntrzne-1536x480.png 1536w, https:\/\/bertrand.pl\/wp-content\/uploads\/2023\/12\/klasyczne-drzwi-zewntrzne-600x188.png 600w\" sizes=\"(max-width: 1920px) 100vw, 1920px\" \/><figcaption id=\"caption-attachment-984\" class=\"wp-caption-text\">Toegangsdeur<\/figcaption><\/figure>\n<h3><\/h3>\n<h3><img decoding=\"async\" class=\"wp-image-4163 aligncenter\" src=\"https:\/\/bertrand.pl\/wp-content\/uploads\/2024\/06\/3873060771543238855-128.png\" alt=\"\" width=\"50\" height=\"50\" srcset=\"https:\/\/bertrand.pl\/wp-content\/uploads\/2024\/06\/3873060771543238855-128.png 128w, https:\/\/bertrand.pl\/wp-content\/uploads\/2024\/06\/3873060771543238855-128-12x12.png 12w, https:\/\/bertrand.pl\/wp-content\/uploads\/2024\/06\/3873060771543238855-128-100x100.png 100w\" sizes=\"(max-width: 50px) 100vw, 50px\" \/><\/h3>\n<h3 style=\"text-align: center;\"><a href=\"https:\/\/bertrand-en.traumtuer-konfigurator.de\/?conf=361b0875\"><strong>Klik hier en configureer uw droomdeur!<\/strong><\/a><\/h3>\n<h3><img decoding=\"async\" class=\"wp-image-4162 aligncenter\" src=\"https:\/\/bertrand.pl\/wp-content\/uploads\/2024\/06\/16637225141543238859-128.png\" alt=\"\" width=\"50\" height=\"50\" srcset=\"https:\/\/bertrand.pl\/wp-content\/uploads\/2024\/06\/16637225141543238859-128.png 128w, https:\/\/bertrand.pl\/wp-content\/uploads\/2024\/06\/16637225141543238859-128-12x12.png 12w, https:\/\/bertrand.pl\/wp-content\/uploads\/2024\/06\/16637225141543238859-128-100x100.png 100w\" sizes=\"(max-width: 50px) 100vw, 50px\" \/><\/h3>\n<p>&nbsp;<\/p>\n<p>&nbsp;<\/p>\n<h3 style=\"text-align: center;\">Moderne accessoires<\/h3>\n<p>&nbsp;<\/p>\n<div id='gallery-1' class='gallery galleryid-982 gallery-columns-3 gallery-size-thumbnail'><figure class='gallery-item'>\n\t\t\t<div class='gallery-icon landscape'>\n\t\t\t\t<a href='https:\/\/bertrand.pl\/nl\/?attachment_id=987'><img loading=\"lazy\" decoding=\"async\" width=\"360\" height=\"250\" src=\"https:\/\/bertrand.pl\/wp-content\/uploads\/2023\/12\/accessories5-360x250.jpg\" class=\"attachment-thumbnail size-thumbnail\" alt=\"\" aria-describedby=\"gallery-1-987\" \/><\/a>\n\t\t\t<\/div>\n\t\t\t\t<figcaption class='wp-caption-text gallery-caption' id='gallery-1-987'>\n\t\t\t\tHANDVAT MET GE\u00cfNTEGREERDE VINGERSCANNER\n\t\t\t\t<\/figcaption><\/figure><figure class='gallery-item'>\n\t\t\t<div class='gallery-icon landscape'>\n\t\t\t\t<a href='https:\/\/bertrand.pl\/nl\/?attachment_id=986'><img loading=\"lazy\" decoding=\"async\" width=\"360\" height=\"250\" src=\"https:\/\/bertrand.pl\/wp-content\/uploads\/2023\/12\/accessories2-360x250.jpg\" class=\"attachment-thumbnail size-thumbnail\" alt=\"\" aria-describedby=\"gallery-1-986\" \/><\/a>\n\t\t\t<\/div>\n\t\t\t\t<figcaption class='wp-caption-text gallery-caption' id='gallery-1-986'>\n\t\t\t\tHANDVAT MET GE\u00cfNTEGREERDE DIGITALE ZOEKER\n\t\t\t\t<\/figcaption><\/figure><figure class='gallery-item'>\n\t\t\t<div class='gallery-icon landscape'>\n\t\t\t\t<a href='https:\/\/bertrand.pl\/nl\/?attachment_id=985'><img loading=\"lazy\" decoding=\"async\" width=\"360\" height=\"250\" src=\"https:\/\/bertrand.pl\/wp-content\/uploads\/2023\/12\/accessories1-360x250.jpg\" class=\"attachment-thumbnail size-thumbnail\" alt=\"\" aria-describedby=\"gallery-1-985\" \/><\/a>\n\t\t\t<\/div>\n\t\t\t\t<figcaption class='wp-caption-text gallery-caption' id='gallery-1-985'>\n\t\t\t\tHANDGREEP MET GE\u00cfNTEGREERDE LED-VERLICHTING\n\t\t\t\t<\/figcaption><\/figure>\n\t\t<\/div>\n\n<p>&nbsp;<\/p>\n<p>&nbsp;<\/p>\n<p style=\"text-align: center;\">","protected":false},"excerpt":{"rendered":"<p>UNIEK ONTWERP<\/p>\n<p>Als fabrikant van ramen en deuren met ruime ervaring in de branche bieden wij een aantal bewezen oplossingen. Het aanbod van Bertrand omvat stalen, aluminium, houten en PVC buitendeuren - al deze varianten worden gekenmerkt door hoogwaardige productie, het gebruik van duurzame materialen en functionaliteit. Er zijn veel ontwerpen, technische oplossingen en accessoires waaruit u kunt kiezen die van invloed zijn op de esthetiek, de veiligheid en het gebruikscomfort.<\/p>","protected":false},"featured_media":4733,"template":"","meta":{"site-sidebar-layout":"default","site-content-layout":"","ast-site-content-layout":"default","site-content-style":"default","site-sidebar-style":"default","ast-global-header-display":"","ast-banner-title-visibility":"","ast-main-header-display":"","ast-hfb-above-header-display":"","ast-hfb-below-header-display":"","ast-hfb-mobile-header-display":"","site-post-title":"","ast-breadcrumbs-content":"","ast-featured-img":"","footer-sml-layout":"","ast-disable-related-posts":"","theme-transparent-header-meta":"default","adv-header-id-meta":"","stick-header-meta":"","header-above-stick-meta":"","header-main-stick-meta":"","header-below-stick-meta":"","astra-migrate-meta-layouts":"set","ast-page-background-enabled":"default","ast-page-background-meta":{"desktop":{"background-color":"var(--ast-global-color-4)","background-image":"","background-repeat":"repeat","background-position":"center center","background-size":"auto","background-attachment":"scroll","background-type":"","background-media":"","overlay-type":"","overlay-color":"","overlay-opacity":"","overlay-gradient":""},"tablet":{"background-color":"","background-image":"","background-repeat":"repeat","background-position":"center center","background-size":"auto","background-attachment":"scroll","background-type":"","background-media":"","overlay-type":"","overlay-color":"","overlay-opacity":"","overlay-gradient":""},"mobile":{"background-color":"","background-image":"","background-repeat":"repeat","background-position":"center center","background-size":"auto","background-attachment":"scroll","background-type":"","background-media":"","overlay-type":"","overlay-color":"","overlay-opacity":"","overlay-gradient":""}},"ast-content-background-meta":{"desktop":{"background-color":"var(--ast-global-color-5)","background-image":"","background-repeat":"repeat","background-position":"center center","background-size":"auto","background-attachment":"scroll","background-type":"","background-media":"","overlay-type":"","overlay-color":"","overlay-opacity":"","overlay-gradient":""},"tablet":{"background-color":"var(--ast-global-color-5)","background-image":"","background-repeat":"repeat","background-position":"center center","background-size":"auto","background-attachment":"scroll","background-type":"","background-media":"","overlay-type":"","overlay-color":"","overlay-opacity":"","overlay-gradient":""},"mobile":{"background-color":"var(--ast-global-color-5)","background-image":"","background-repeat":"repeat","background-position":"center center","background-size":"auto","background-attachment":"scroll","background-type":"","background-media":"","overlay-type":"","overlay-color":"","overlay-opacity":"","overlay-gradient":""}}},"product_brand":[],"product_cat":[38],"product_tag":[168,360,326,367,368,339,377,175,195,400,460,343,383,1006,1195,1200,1201,1196,1197,1186,342,1202,1199,1191,458,1194,1198,1189,1188,361,366,459,1187,169,362,1192,1190,1193],"class_list":{"0":"post-982","1":"product","2":"type-product","3":"status-publish","4":"has-post-thumbnail","6":"product_cat-drzwi-zewnetrzne","7":"product_tag-bertrand","8":"product_tag-bezpieczenstwo","9":"product_tag-budowa-domu","10":"product_tag-budownictwo","11":"product_tag-budownictwo-pasywne","12":"product_tag-design","13":"product_tag-dobre-drzwi","14":"product_tag-drzwi","15":"product_tag-drzwi-aluminiowe","16":"product_tag-drzwi-antywlamaniowe","17":"product_tag-drzwi-bertrand","18":"product_tag-drzwi-do-domu","19":"product_tag-drzwi-drewniane","20":"product_tag-drzwi-energooszczedne","21":"product_tag-drzwi-klasyczne","22":"product_tag-drzwi-minimalistyczne","23":"product_tag-drzwi-na-wymiar","24":"product_tag-drzwi-nowoczesne","25":"product_tag-drzwi-odporne-na-warunki-atmosferyczne","26":"product_tag-drzwi-pvc","27":"product_tag-drzwi-wejsciowe","28":"product_tag-drzwi-wejsciowe-do-domu","29":"product_tag-drzwi-z-naturalnego-drewna","30":"product_tag-drzwi-z-pochwytem-led","31":"product_tag-drzwi-zewnetrzne","32":"product_tag-eleganckie-drzwi-wejsciowe","33":"product_tag-estetyczne-drzwi-zewnetrzne","34":"product_tag-izolacja-akustyczna-drzwi","35":"product_tag-izolacja-termiczna-drzwi","36":"product_tag-jakosc","37":"product_tag-komfort","38":"product_tag-nowoczesne-drzwi","39":"product_tag-nowoczesne-drzwi-wejsciowe","40":"product_tag-produkt","41":"product_tag-quality","42":"product_tag-skanery-linii-papilarnych-w-drzwiach","43":"product_tag-trwale-drzwi-wejsciowe","44":"product_tag-wideodomofony-w-drzwiach","45":"desktop-align-left","46":"tablet-align-left","47":"mobile-align-left","49":"first","50":"instock","51":"shipping-taxable","52":"product-type-simple"},"yoast_head":"<!-- This site is optimized with the Yoast SEO Premium plugin v27.2 (Yoast SEO v27.2) - https:\/\/yoast.com\/product\/yoast-seo-premium-wordpress\/ -->\n<title>Drzwi wej\u015bciowe - Bertrand. Najwy\u017cszej jako\u015bci okna i drzwi. Certyfikowany producent od 1969 roku.<\/title>\n<meta name=\"description\" content=\"Drzwi wej\u015bciowe Bertrand stanowi\u0105 to wizyt\u00f3wka Twojego domu. To gwarancja estetyki, bezpiecze\u0144stwa oraz komfortu. Sprawd\u017a nasz\u0105 ofert\u0119!\" \/>\n<meta name=\"robots\" content=\"index, follow, max-snippet:-1, max-image-preview:large, max-video-preview:-1\" \/>\n<link rel=\"canonical\" href=\"https:\/\/bertrand.pl\/nl\/product-2\/bertrand-toegangsdeur\/\" \/>\n<meta property=\"og:locale\" content=\"nl_NL\" \/>\n<meta property=\"og:type\" content=\"article\" \/>\n<meta property=\"og:title\" content=\"Drzwi wej\u015bciowe\" \/>\n<meta property=\"og:description\" content=\"Drzwi wej\u015bciowe Bertrand stanowi\u0105 to wizyt\u00f3wka Twojego domu. To gwarancja estetyki, bezpiecze\u0144stwa oraz komfortu. Sprawd\u017a nasz\u0105 ofert\u0119!\" \/>\n<meta property=\"og:url\" content=\"https:\/\/bertrand.pl\/nl\/product-2\/bertrand-toegangsdeur\/\" \/>\n<meta property=\"og:site_name\" content=\"Bertrand. Najwy\u017cszej jako\u015bci okna i drzwi. Certyfikowany producent od 1969 roku.\" \/>\n<meta property=\"article:publisher\" content=\"https:\/\/www.facebook.com\/bertrandpolska\/\" \/>\n<meta property=\"article:modified_time\" content=\"2024-12-13T12:59:05+00:00\" \/>\n<meta property=\"og:image\" content=\"https:\/\/bertrand.pl\/wp-content\/uploads\/2024\/06\/20201103_Bertrand_Lignum_PL_1.jpg\" \/>\n\t<meta property=\"og:image:width\" content=\"1311\" \/>\n\t<meta property=\"og:image:height\" content=\"2460\" \/>\n\t<meta property=\"og:image:type\" content=\"image\/jpeg\" \/>\n<meta name=\"twitter:card\" content=\"summary_large_image\" \/>\n<meta name=\"twitter:label1\" content=\"Geschatte leestijd\" \/>\n\t<meta name=\"twitter:data1\" content=\"4 minuten\" \/>\n<script type=\"application\/ld+json\" class=\"yoast-schema-graph\">{\"@context\":\"https:\/\/schema.org\",\"@graph\":[{\"@type\":\"WebPage\",\"@id\":\"https:\/\/bertrand.pl\/produkt\/drzwi-wejsciowe-bertrand\/\",\"url\":\"https:\/\/bertrand.pl\/produkt\/drzwi-wejsciowe-bertrand\/\",\"name\":\"Drzwi wej\u015bciowe - Bertrand. Najwy\u017cszej jako\u015bci okna i drzwi. Certyfikowany producent od 1969 roku.\",\"isPartOf\":{\"@id\":\"https:\/\/bertrand.pl\/#website\"},\"primaryImageOfPage\":{\"@id\":\"https:\/\/bertrand.pl\/produkt\/drzwi-wejsciowe-bertrand\/#primaryimage\"},\"image\":{\"@id\":\"https:\/\/bertrand.pl\/produkt\/drzwi-wejsciowe-bertrand\/#primaryimage\"},\"thumbnailUrl\":\"https:\/\/bertrand.pl\/wp-content\/uploads\/2024\/06\/20201103_Bertrand_Lignum_PL_1.jpg\",\"datePublished\":\"2024-06-30T07:41:32+00:00\",\"dateModified\":\"2024-12-13T12:59:05+00:00\",\"description\":\"Drzwi wej\u015bciowe Bertrand stanowi\u0105 to wizyt\u00f3wka Twojego domu. To gwarancja estetyki, bezpiecze\u0144stwa oraz komfortu. Sprawd\u017a nasz\u0105 ofert\u0119!\",\"breadcrumb\":{\"@id\":\"https:\/\/bertrand.pl\/produkt\/drzwi-wejsciowe-bertrand\/#breadcrumb\"},\"inLanguage\":\"nl-NL\",\"potentialAction\":[{\"@type\":\"ReadAction\",\"target\":[\"https:\/\/bertrand.pl\/produkt\/drzwi-wejsciowe-bertrand\/\"]}]},{\"@type\":\"ImageObject\",\"inLanguage\":\"nl-NL\",\"@id\":\"https:\/\/bertrand.pl\/produkt\/drzwi-wejsciowe-bertrand\/#primaryimage\",\"url\":\"https:\/\/bertrand.pl\/wp-content\/uploads\/2024\/06\/20201103_Bertrand_Lignum_PL_1.jpg\",\"contentUrl\":\"https:\/\/bertrand.pl\/wp-content\/uploads\/2024\/06\/20201103_Bertrand_Lignum_PL_1.jpg\",\"width\":1311,\"height\":2460,\"caption\":\"Drzwi zewn\u0119trzne Bertrand Lignum.\"},{\"@type\":\"BreadcrumbList\",\"@id\":\"https:\/\/bertrand.pl\/produkt\/drzwi-wejsciowe-bertrand\/#breadcrumb\",\"itemListElement\":[{\"@type\":\"ListItem\",\"position\":1,\"name\":\"Strona g\u0142\u00f3wna\",\"item\":\"https:\/\/bertrand.pl\/\"},{\"@type\":\"ListItem\",\"position\":2,\"name\":\"Produits\",\"item\":\"https:\/\/bertrand.pl\/fr\/shop\/\"},{\"@type\":\"ListItem\",\"position\":3,\"name\":\"Drzwi wej\u015bciowe\"}]},{\"@type\":\"WebSite\",\"@id\":\"https:\/\/bertrand.pl\/#website\",\"url\":\"https:\/\/bertrand.pl\/\",\"name\":\"Bertrand.pl\",\"description\":\"Firma Bertrand to certyfikowany i uznany producent najwy\u017cszej jako\u015bci okien z PVC, z drewna lub aluminium. Produkcja drzwi, rolet i bram gara\u017cowych.\",\"publisher\":{\"@id\":\"https:\/\/bertrand.pl\/#organization\"},\"potentialAction\":[{\"@type\":\"SearchAction\",\"target\":{\"@type\":\"EntryPoint\",\"urlTemplate\":\"https:\/\/bertrand.pl\/?s={search_term_string}\"},\"query-input\":{\"@type\":\"PropertyValueSpecification\",\"valueRequired\":true,\"valueName\":\"search_term_string\"}}],\"inLanguage\":\"nl-NL\"},{\"@type\":\"Organization\",\"@id\":\"https:\/\/bertrand.pl\/#organization\",\"name\":\"Bertrand.pl\",\"url\":\"https:\/\/bertrand.pl\/\",\"logo\":{\"@type\":\"ImageObject\",\"inLanguage\":\"nl-NL\",\"@id\":\"https:\/\/bertrand.pl\/#\/schema\/logo\/image\/\",\"url\":\"https:\/\/bertrand.pl\/wp-content\/uploads\/2024\/12\/logo_BB_TM_PL_black.png\",\"contentUrl\":\"https:\/\/bertrand.pl\/wp-content\/uploads\/2024\/12\/logo_BB_TM_PL_black.png\",\"width\":1831,\"height\":1831,\"caption\":\"Bertrand.pl\"},\"image\":{\"@id\":\"https:\/\/bertrand.pl\/#\/schema\/logo\/image\/\"},\"sameAs\":[\"https:\/\/www.facebook.com\/bertrandpolska\/\",\"https:\/\/www.instagram.com\/bertrand_okna_i_drzwi\/\",\"https:\/\/www.linkedin.com\/company\/bertrand\/\",\"https:\/\/www.tiktok.com\/@bertrand_okna_drzwi\"]}]}<\/script>\n<!-- \/ Yoast SEO Premium plugin. -->","yoast_head_json":{"title":"Drzwi wej\u015bciowe - Bertrand. Najwy\u017cszej jako\u015bci okna i drzwi. Certyfikowany producent od 1969 roku.","description":"Bertrand voordeuren zijn de etalage van uw woning. Dit is een garantie voor esthetiek, veiligheid en comfort. Bekijk ons aanbod!","robots":{"index":"index","follow":"follow","max-snippet":"max-snippet:-1","max-image-preview":"max-image-preview:large","max-video-preview":"max-video-preview:-1"},"canonical":"https:\/\/bertrand.pl\/nl\/product-2\/bertrand-toegangsdeur\/","og_locale":"nl_NL","og_type":"article","og_title":"Drzwi wej\u015bciowe","og_description":"Drzwi wej\u015bciowe Bertrand stanowi\u0105 to wizyt\u00f3wka Twojego domu. To gwarancja estetyki, bezpiecze\u0144stwa oraz komfortu. Sprawd\u017a nasz\u0105 ofert\u0119!","og_url":"https:\/\/bertrand.pl\/nl\/product-2\/bertrand-toegangsdeur\/","og_site_name":"Bertrand. Najwy\u017cszej jako\u015bci okna i drzwi. Certyfikowany producent od 1969 roku.","article_publisher":"https:\/\/www.facebook.com\/bertrandpolska\/","article_modified_time":"2024-12-13T12:59:05+00:00","og_image":[{"width":1311,"height":2460,"url":"https:\/\/bertrand.pl\/wp-content\/uploads\/2024\/06\/20201103_Bertrand_Lignum_PL_1.jpg","type":"image\/jpeg"}],"twitter_card":"summary_large_image","twitter_misc":{"Geschatte leestijd":"4 minuten"},"schema":{"@context":"https:\/\/schema.org","@graph":[{"@type":"WebPage","@id":"https:\/\/bertrand.pl\/produkt\/drzwi-wejsciowe-bertrand\/","url":"https:\/\/bertrand.pl\/produkt\/drzwi-wejsciowe-bertrand\/","name":"Drzwi wej\u015bciowe - Bertrand. Najwy\u017cszej jako\u015bci okna i drzwi. Certyfikowany producent od 1969 roku.","isPartOf":{"@id":"https:\/\/bertrand.pl\/#website"},"primaryImageOfPage":{"@id":"https:\/\/bertrand.pl\/produkt\/drzwi-wejsciowe-bertrand\/#primaryimage"},"image":{"@id":"https:\/\/bertrand.pl\/produkt\/drzwi-wejsciowe-bertrand\/#primaryimage"},"thumbnailUrl":"https:\/\/bertrand.pl\/wp-content\/uploads\/2024\/06\/20201103_Bertrand_Lignum_PL_1.jpg","datePublished":"2024-06-30T07:41:32+00:00","dateModified":"2024-12-13T12:59:05+00:00","description":"Bertrand voordeuren zijn de etalage van uw woning. Dit is een garantie voor esthetiek, veiligheid en comfort. Bekijk ons aanbod!","breadcrumb":{"@id":"https:\/\/bertrand.pl\/produkt\/drzwi-wejsciowe-bertrand\/#breadcrumb"},"inLanguage":"nl-NL","potentialAction":[{"@type":"ReadAction","target":["https:\/\/bertrand.pl\/produkt\/drzwi-wejsciowe-bertrand\/"]}]},{"@type":"ImageObject","inLanguage":"nl-NL","@id":"https:\/\/bertrand.pl\/produkt\/drzwi-wejsciowe-bertrand\/#primaryimage","url":"https:\/\/bertrand.pl\/wp-content\/uploads\/2024\/06\/20201103_Bertrand_Lignum_PL_1.jpg","contentUrl":"https:\/\/bertrand.pl\/wp-content\/uploads\/2024\/06\/20201103_Bertrand_Lignum_PL_1.jpg","width":1311,"height":2460,"caption":"Drzwi zewn\u0119trzne Bertrand Lignum."},{"@type":"BreadcrumbList","@id":"https:\/\/bertrand.pl\/produkt\/drzwi-wejsciowe-bertrand\/#breadcrumb","itemListElement":[{"@type":"ListItem","position":1,"name":"Strona g\u0142\u00f3wna","item":"https:\/\/bertrand.pl\/"},{"@type":"ListItem","position":2,"name":"Produits","item":"https:\/\/bertrand.pl\/fr\/shop\/"},{"@type":"ListItem","position":3,"name":"Drzwi wej\u015bciowe"}]},{"@type":"WebSite","@id":"https:\/\/bertrand.pl\/#website","url":"https:\/\/bertrand.pl\/","name":"Bertrand.pl","description":"Firma Bertrand to certyfikowany i uznany producent najwy\u017cszej jako\u015bci okien z PVC, z drewna lub aluminium. Produkcja drzwi, rolet i bram gara\u017cowych.","publisher":{"@id":"https:\/\/bertrand.pl\/#organization"},"potentialAction":[{"@type":"SearchAction","target":{"@type":"EntryPoint","urlTemplate":"https:\/\/bertrand.pl\/?s={search_term_string}"},"query-input":{"@type":"PropertyValueSpecification","valueRequired":true,"valueName":"search_term_string"}}],"inLanguage":"nl-NL"},{"@type":"Organization","@id":"https:\/\/bertrand.pl\/#organization","name":"Bertrand.pl","url":"https:\/\/bertrand.pl\/","logo":{"@type":"ImageObject","inLanguage":"nl-NL","@id":"https:\/\/bertrand.pl\/#\/schema\/logo\/image\/","url":"https:\/\/bertrand.pl\/wp-content\/uploads\/2024\/12\/logo_BB_TM_PL_black.png","contentUrl":"https:\/\/bertrand.pl\/wp-content\/uploads\/2024\/12\/logo_BB_TM_PL_black.png","width":1831,"height":1831,"caption":"Bertrand.pl"},"image":{"@id":"https:\/\/bertrand.pl\/#\/schema\/logo\/image\/"},"sameAs":["https:\/\/www.facebook.com\/bertrandpolska\/","https:\/\/www.instagram.com\/bertrand_okna_i_drzwi\/","https:\/\/www.linkedin.com\/company\/bertrand\/","https:\/\/www.tiktok.com\/@bertrand_okna_drzwi"]}]}},"_links":{"self":[{"href":"https:\/\/bertrand.pl\/nl\/wp-json\/wp\/v2\/product\/982","targetHints":{"allow":["GET"]}}],"collection":[{"href":"https:\/\/bertrand.pl\/nl\/wp-json\/wp\/v2\/product"}],"about":[{"href":"https:\/\/bertrand.pl\/nl\/wp-json\/wp\/v2\/types\/product"}],"wp:featuredmedia":[{"embeddable":true,"href":"https:\/\/bertrand.pl\/nl\/wp-json\/wp\/v2\/media\/4733"}],"wp:attachment":[{"href":"https:\/\/bertrand.pl\/nl\/wp-json\/wp\/v2\/media?parent=982"}],"wp:term":[{"taxonomy":"product_brand","embeddable":true,"href":"https:\/\/bertrand.pl\/nl\/wp-json\/wp\/v2\/product_brand?post=982"},{"taxonomy":"product_cat","embeddable":true,"href":"https:\/\/bertrand.pl\/nl\/wp-json\/wp\/v2\/product_cat?post=982"},{"taxonomy":"product_tag","embeddable":true,"href":"https:\/\/bertrand.pl\/nl\/wp-json\/wp\/v2\/product_tag?post=982"}],"curies":[{"name":"wp","href":"https:\/\/api.w.org\/{rel}","templated":true}]}}